{"id":8362,"date":"2019-03-11T17:11:30","date_gmt":"2019-03-11T16:11:30","guid":{"rendered":"https:\/\/www.pronal.com\/produit\/uncategorized\/parachutes-sous-marin-psm\/"},"modified":"2024-02-20T11:45:37","modified_gmt":"2024-02-20T10:45:37","slug":"psm-underwater-parachutes","status":"publish","type":"product","link":"https:\/\/www.pronal.com\/en\/produit\/lifting-units\/psm-underwater-parachutes\/","title":{"rendered":"PSM underwater parachutes"},"content":{"rendered":"<p>PSM underwater parachutes are designed to provide extra buoyancy and for raising or lifting loads to the surface. They can be used at any depth for:<\/p>\n<ul>\n<li><span style=\"color: #00a7e1;\"><strong>stabilizing underwater loads<\/strong><\/span><\/li>\n<li><span style=\"color: #00a7e1;\"><strong>refloating objects<\/strong><\/span><\/li>\n<li><span style=\"color: #00a7e1;\"><strong>sea rescue operations<\/strong><\/span><\/li>\n<li><span style=\"color: #00a7e1;\"><strong>securing loads during offshore maintenance or installation operations<\/strong><\/span><\/li>\n<li><span style=\"color: #00a7e1;\"><strong>providing extra buoyancy in cooling ponds.<\/strong><\/span><\/li>\n<\/ul>\n<p>Their strength guarantees <strong><span style=\"color: #00a7e1;\">the efficiency<\/span><\/strong> and <strong><span style=\"color: #00a7e1;\">success<\/span><\/strong> of your operation. These inflatable marine lifting bags can also be coupled to <strong><span style=\"color: #00a7e1;\">increase the potential lifting capacity<\/span><\/strong>.<\/p>\n","protected":false},"excerpt":{"rendered":"<p>Standard lifting up to 5 tons &#8211; Tailor-made possible<\/p>\n","protected":false},"featured_media":32328,"template":"","meta":{"_acf_changed":false,"inline_featured_image":false},"product_brand":[],"product_cat":[278,44,504,279,519],"product_tag":[468,469,421,418,434,430],"class_list":{"0":"post-8362","1":"product","2":"type-product","3":"status-publish","4":"has-post-thumbnail","6":"product_cat-flotadores","7":"product_cat-flotteurs","8":"product_cat-parachute-de-levage","9":"product_cat-lifting-units","10":"product_cat-underwater-parachutes","11":"product_tag-gas-de-petroleo","12":"product_tag-levantar","13":"product_tag-lever","14":"product_tag-offshore","15":"product_tag-oilgas","16":"product_tag-to-lift","18":"first","19":"instock","20":"shipping-taxable","21":"product-type-simple"},"acf":[],"yoast_head":"<!-- This site is optimized with the Yoast SEO plugin v25.8 - https:\/\/yoast.com\/wordpress\/plugins\/seo\/ -->\n<title>PSM Underwater parachutes - Lift balloons\/bags | Pronal<\/title>\n<meta name=\"description\" content=\"PSM underwater parachutes are designed to provide extra buoyancy, and can be used for refloating objects or for salvage operations at all depths.\" \/>\n<meta name=\"robots\" content=\"index, follow, max-snippet:-1, max-image-preview:large, max-video-preview:-1\" \/>\n<link rel=\"canonical\" href=\"https:\/\/www.pronal.com\/en\/produit\/lifting-units\/psm-underwater-parachutes\/\" \/>\n<meta property=\"og:locale\" content=\"en_US\" \/>\n<meta property=\"og:type\" content=\"article\" \/>\n<meta property=\"og:title\" content=\"PSM Underwater parachutes - Lift balloons\/bags | Pronal\" \/>\n<meta property=\"og:description\" content=\"PSM underwater parachutes are designed to provide extra buoyancy, and can be used for refloating objects or for salvage operations at all depths.\" \/>\n<meta property=\"og:url\" content=\"https:\/\/www.pronal.com\/en\/produit\/lifting-units\/psm-underwater-parachutes\/\" \/>\n<meta property=\"og:site_name\" content=\"Pronal - Conception et fabrication de structure flexible\" \/>\n<meta property=\"article:modified_time\" content=\"2024-02-20T10:45:37+00:00\" \/>\n<meta property=\"og:image\" content=\"https:\/\/www.pronal.com\/wp-content\/uploads\/2019\/03\/ALB-1-768x576-1.jpg\" \/>\n\t<meta property=\"og:image:width\" content=\"768\" \/>\n\t<meta property=\"og:image:height\" content=\"576\" \/>\n\t<meta property=\"og:image:type\" content=\"image\/jpeg\" \/>\n<meta name=\"twitter:card\" content=\"summary_large_image\" \/>\n<script type=\"application\/ld+json\" class=\"yoast-schema-graph\">{\"@context\":\"https:\/\/schema.org\",\"@graph\":[{\"@type\":\"WebPage\",\"@id\":\"https:\/\/www.pronal.com\/en\/produit\/lifting-units\/psm-underwater-parachutes\/\",\"url\":\"https:\/\/www.pronal.com\/en\/produit\/lifting-units\/psm-underwater-parachutes\/\",\"name\":\"PSM Underwater parachutes - Lift balloons\/bags | Pronal\",\"isPartOf\":{\"@id\":\"https:\/\/www.pronal.com\/en\/#website\"},\"primaryImageOfPage\":{\"@id\":\"https:\/\/www.pronal.com\/en\/produit\/lifting-units\/psm-underwater-parachutes\/#primaryimage\"},\"image\":{\"@id\":\"https:\/\/www.pronal.com\/en\/produit\/lifting-units\/psm-underwater-parachutes\/#primaryimage\"},\"thumbnailUrl\":\"https:\/\/www.pronal.com\/wp-content\/uploads\/2019\/03\/ALB-1-768x576-1.jpg\",\"datePublished\":\"2019-03-11T16:11:30+00:00\",\"dateModified\":\"2024-02-20T10:45:37+00:00\",\"description\":\"PSM underwater parachutes are designed to provide extra buoyancy, and can be used for refloating objects or for salvage operations at all depths.\",\"breadcrumb\":{\"@id\":\"https:\/\/www.pronal.com\/en\/produit\/lifting-units\/psm-underwater-parachutes\/#breadcrumb\"},\"inLanguage\":\"en-US\",\"potentialAction\":[{\"@type\":\"ReadAction\",\"target\":[\"https:\/\/www.pronal.com\/en\/produit\/lifting-units\/psm-underwater-parachutes\/\"]}]},{\"@type\":\"ImageObject\",\"inLanguage\":\"en-US\",\"@id\":\"https:\/\/www.pronal.com\/en\/produit\/lifting-units\/psm-underwater-parachutes\/#primaryimage\",\"url\":\"https:\/\/www.pronal.com\/wp-content\/uploads\/2019\/03\/ALB-1-768x576-1.jpg\",\"contentUrl\":\"https:\/\/www.pronal.com\/wp-content\/uploads\/2019\/03\/ALB-1-768x576-1.jpg\",\"width\":768,\"height\":576,\"caption\":\"Parachute sous-marin PSM Pronal utilis\u00e9 pour le levage et la manutention sous-marine, attach\u00e9 \u00e0 un navire en pleine mer. Flotteur gonflable de levage pour op\u00e9rations offshore et r\u00e9cup\u00e9ration d'\u00e9paves.\"},{\"@type\":\"BreadcrumbList\",\"@id\":\"https:\/\/www.pronal.com\/en\/produit\/lifting-units\/psm-underwater-parachutes\/#breadcrumb\",\"itemListElement\":[{\"@type\":\"ListItem\",\"position\":1,\"name\":\"Products\",\"item\":\"https:\/\/www.pronal.com\/en\/pronal-products\/\"},{\"@type\":\"ListItem\",\"position\":2,\"name\":\"PSM underwater parachutes\"}]},{\"@type\":\"WebSite\",\"@id\":\"https:\/\/www.pronal.com\/en\/#website\",\"url\":\"https:\/\/www.pronal.com\/en\/\",\"name\":\"Pronal - Conception et fabrication de structure flexible\",\"description\":\"Pronal - Conception et fabrication de structure flexible\",\"publisher\":{\"@id\":\"https:\/\/www.pronal.com\/en\/#organization\"},\"potentialAction\":[{\"@type\":\"SearchAction\",\"target\":{\"@type\":\"EntryPoint\",\"urlTemplate\":\"https:\/\/www.pronal.com\/en\/?s={search_term_string}\"},\"query-input\":{\"@type\":\"PropertyValueSpecification\",\"valueRequired\":true,\"valueName\":\"search_term_string\"}}],\"inLanguage\":\"en-US\"},{\"@type\":\"Organization\",\"@id\":\"https:\/\/www.pronal.com\/en\/#organization\",\"name\":\"Pronal\",\"url\":\"https:\/\/www.pronal.com\/en\/\",\"logo\":{\"@type\":\"ImageObject\",\"inLanguage\":\"en-US\",\"@id\":\"https:\/\/www.pronal.com\/en\/#\/schema\/logo\/image\/\",\"url\":\"https:\/\/www.pronal.com\/wp-content\/uploads\/2019\/06\/logo-pronal.png\",\"contentUrl\":\"https:\/\/www.pronal.com\/wp-content\/uploads\/2019\/06\/logo-pronal.png\",\"width\":504,\"height\":80,\"caption\":\"Pronal\"},\"image\":{\"@id\":\"https:\/\/www.pronal.com\/en\/#\/schema\/logo\/image\/\"}}]}<\/script>\n<!-- \/ Yoast SEO plugin. -->","yoast_head_json":{"title":"PSM Underwater parachutes - Lift balloons\/bags | Pronal","description":"PSM underwater parachutes are designed to provide extra buoyancy, and can be used for refloating objects or for salvage operations at all depths.","robots":{"index":"index","follow":"follow","max-snippet":"max-snippet:-1","max-image-preview":"max-image-preview:large","max-video-preview":"max-video-preview:-1"},"canonical":"https:\/\/www.pronal.com\/en\/produit\/lifting-units\/psm-underwater-parachutes\/","og_locale":"en_US","og_type":"article","og_title":"PSM Underwater parachutes - Lift balloons\/bags | Pronal","og_description":"PSM underwater parachutes are designed to provide extra buoyancy, and can be used for refloating objects or for salvage operations at all depths.","og_url":"https:\/\/www.pronal.com\/en\/produit\/lifting-units\/psm-underwater-parachutes\/","og_site_name":"Pronal - Conception et fabrication de structure flexible","article_modified_time":"2024-02-20T10:45:37+00:00","og_image":[{"width":768,"height":576,"url":"https:\/\/www.pronal.com\/wp-content\/uploads\/2019\/03\/ALB-1-768x576-1.jpg","type":"image\/jpeg"}],"twitter_card":"summary_large_image","schema":{"@context":"https:\/\/schema.org","@graph":[{"@type":"WebPage","@id":"https:\/\/www.pronal.com\/en\/produit\/lifting-units\/psm-underwater-parachutes\/","url":"https:\/\/www.pronal.com\/en\/produit\/lifting-units\/psm-underwater-parachutes\/","name":"PSM Underwater parachutes - Lift balloons\/bags | Pronal","isPartOf":{"@id":"https:\/\/www.pronal.com\/en\/#website"},"primaryImageOfPage":{"@id":"https:\/\/www.pronal.com\/en\/produit\/lifting-units\/psm-underwater-parachutes\/#primaryimage"},"image":{"@id":"https:\/\/www.pronal.com\/en\/produit\/lifting-units\/psm-underwater-parachutes\/#primaryimage"},"thumbnailUrl":"https:\/\/www.pronal.com\/wp-content\/uploads\/2019\/03\/ALB-1-768x576-1.jpg","datePublished":"2019-03-11T16:11:30+00:00","dateModified":"2024-02-20T10:45:37+00:00","description":"PSM underwater parachutes are designed to provide extra buoyancy, and can be used for refloating objects or for salvage operations at all depths.","breadcrumb":{"@id":"https:\/\/www.pronal.com\/en\/produit\/lifting-units\/psm-underwater-parachutes\/#breadcrumb"},"inLanguage":"en-US","potentialAction":[{"@type":"ReadAction","target":["https:\/\/www.pronal.com\/en\/produit\/lifting-units\/psm-underwater-parachutes\/"]}]},{"@type":"ImageObject","inLanguage":"en-US","@id":"https:\/\/www.pronal.com\/en\/produit\/lifting-units\/psm-underwater-parachutes\/#primaryimage","url":"https:\/\/www.pronal.com\/wp-content\/uploads\/2019\/03\/ALB-1-768x576-1.jpg","contentUrl":"https:\/\/www.pronal.com\/wp-content\/uploads\/2019\/03\/ALB-1-768x576-1.jpg","width":768,"height":576,"caption":"Parachute sous-marin PSM Pronal utilis\u00e9 pour le levage et la manutention sous-marine, attach\u00e9 \u00e0 un navire en pleine mer. Flotteur gonflable de levage pour op\u00e9rations offshore et r\u00e9cup\u00e9ration d'\u00e9paves."},{"@type":"BreadcrumbList","@id":"https:\/\/www.pronal.com\/en\/produit\/lifting-units\/psm-underwater-parachutes\/#breadcrumb","itemListElement":[{"@type":"ListItem","position":1,"name":"Products","item":"https:\/\/www.pronal.com\/en\/pronal-products\/"},{"@type":"ListItem","position":2,"name":"PSM underwater parachutes"}]},{"@type":"WebSite","@id":"https:\/\/www.pronal.com\/en\/#website","url":"https:\/\/www.pronal.com\/en\/","name":"Pronal - Conception et fabrication de structure flexible","description":"Pronal - Conception et fabrication de structure flexible","publisher":{"@id":"https:\/\/www.pronal.com\/en\/#organization"},"potentialAction":[{"@type":"SearchAction","target":{"@type":"EntryPoint","urlTemplate":"https:\/\/www.pronal.com\/en\/?s={search_term_string}"},"query-input":{"@type":"PropertyValueSpecification","valueRequired":true,"valueName":"search_term_string"}}],"inLanguage":"en-US"},{"@type":"Organization","@id":"https:\/\/www.pronal.com\/en\/#organization","name":"Pronal","url":"https:\/\/www.pronal.com\/en\/","logo":{"@type":"ImageObject","inLanguage":"en-US","@id":"https:\/\/www.pronal.com\/en\/#\/schema\/logo\/image\/","url":"https:\/\/www.pronal.com\/wp-content\/uploads\/2019\/06\/logo-pronal.png","contentUrl":"https:\/\/www.pronal.com\/wp-content\/uploads\/2019\/06\/logo-pronal.png","width":504,"height":80,"caption":"Pronal"},"image":{"@id":"https:\/\/www.pronal.com\/en\/#\/schema\/logo\/image\/"}}]}},"_links":{"self":[{"href":"https:\/\/www.pronal.com\/en\/wp-json\/wp\/v2\/product\/8362","targetHints":{"allow":["GET"]}}],"collection":[{"href":"https:\/\/www.pronal.com\/en\/wp-json\/wp\/v2\/product"}],"about":[{"href":"https:\/\/www.pronal.com\/en\/wp-json\/wp\/v2\/types\/product"}],"wp:featuredmedia":[{"embeddable":true,"href":"https:\/\/www.pronal.com\/en\/wp-json\/wp\/v2\/media\/32328"}],"wp:attachment":[{"href":"https:\/\/www.pronal.com\/en\/wp-json\/wp\/v2\/media?parent=8362"}],"wp:term":[{"taxonomy":"product_brand","embeddable":true,"href":"https:\/\/www.pronal.com\/en\/wp-json\/wp\/v2\/product_brand?post=8362"},{"taxonomy":"product_cat","embeddable":true,"href":"https:\/\/www.pronal.com\/en\/wp-json\/wp\/v2\/product_cat?post=8362"},{"taxonomy":"product_tag","embeddable":true,"href":"https:\/\/www.pronal.com\/en\/wp-json\/wp\/v2\/product_tag?post=8362"}],"curies":[{"name":"wp","href":"https:\/\/api.w.org\/{rel}","templated":true}]}}