{"id":3078,"date":"2018-12-18T14:26:19","date_gmt":"2018-12-18T13:26:19","guid":{"rendered":"https:\/\/www.pronal.com\/aeronautique\/"},"modified":"2026-03-19T14:23:53","modified_gmt":"2026-03-19T13:23:53","slug":"aeronautica-civil-y-militar","status":"publish","type":"page","link":"https:\/\/www.pronal.com\/es\/sectores-de-actividad-pronal\/aeronautica-civil-y-militar\/","title":{"rendered":"Aeron\u00e1utica"},"content":{"rendered":"<div class=\"wpb-content-wrapper\"><p>[vc_row][vc_column][vc_pr_pres_domaines title=\u00bbAeron\u00e1utica civil y militar\u00bb gallery=\u00bb219,4274,5316,7680&#8243; info=\u00bbtrue\u00bb]Pronal est\u00e1 especializado desde hace m\u00e1s de 50 a\u00f1os en los mercados de la industria aeron\u00e1utica y aeroportuaria.<\/p>\n<p>Dise\u00f1amos sistemas de elevaci\u00f3n de aviones mediante <a href=\"https:\/\/www.pronal.com\/es\/producto\/cojines-de-elevacion\/cojines-inflables-para-elevacion-de-aviones-parc\/\"><strong>cojines neum\u00e1ticos<\/strong><\/a> destinados a los aeropuertos y las compa\u00f1\u00edas a\u00e9reas, una soluci\u00f3n flexible que permite <span style=\"color: #00afe9;\"><strong>levantar los aviones inmovilizados<\/strong><\/span> por un accidente y tambi\u00e9n se utilizan para tareas de mantenimiento.<\/p>\n<p>Pronal realiza adem\u00e1s <span style=\"color: #00afe9;\"><strong>tanques embarcados o adicionales de elast\u00f3mero<\/strong><\/span>. Estos materiales, calificados seg\u00fan las <span style=\"color: #00afe9;\"><strong>normas MIL y TSO<\/strong><\/span>, permiten responder a los problemas de suministro de combustible.<\/p>\n<p>Ofrecemos tambi\u00e9n sistemas completos de suministro de combustible para el reabastecimiento de combustible. Estas unidades de distribuci\u00f3n de combustible est\u00e1n compuestas por <span style=\"color: #00afe9;\"><strong><a href=\"https:\/\/www.pronal.com\/es\/producto\/cisternas-flexibles-de-almacenamiento\/grupos-motobomba\/\">grupos motobombas<\/a> (bomba y filtraci\u00f3n)<\/strong><\/span> y se pueden conectar a nuestros <a href=\"https:\/\/www.pronal.com\/es\/producto\/cisternas-flexibles-de-almacenamiento\/tanque-flexible-de-almacenamiento-de-hidrocarburos\/\"><strong>tanques flexibles<\/strong><\/a>. Desplegados en el suelo, permiten llenar r\u00e1pidamente de combustible aviones y helic\u00f3pteros.<\/p>\n<p>Todas estas soluciones son<span style=\"color: #00afe9;\"><strong> temporales<\/strong><\/span> y <strong><span style=\"color: #00afe9;\">f\u00e1ciles de instalar<\/span><\/strong> en caso de emergencia.[\/vc_pr_pres_domaines][\/vc_column][\/vc_row][vc_row full_width=\u00bbstretch_row_content_no_spaces\u00bb][vc_column][vc_pr_int_domaines background=\u00bb1331&#8243;][\/vc_column][\/vc_row][vc_row][vc_column][vc_pr_block_products title=\u00bbproductos destacados\u00bb products=\u00bb9532,9630,9628,9500,9502,9633,9503,9634&#8243; field_name=\u00bbsize:all|order_by:menu_order|order:ASC|post_type:product|by_id:1857,1687,1649&#8243;][\/vc_column][\/vc_row][vc_row][vc_column][vc_pr_prod_tag_link prod_tag=\u00bb65&#8243;][\/vc_column][\/vc_row][vc_row full_width=\u00bbstretch_row_content_no_spaces\u00bb][vc_column][vc_pr_projects backgrey=\u00bbtrue\u00bb projects=\u00bb\u00bb][\/vc_column][\/vc_row]<\/p>\n<\/div>","protected":false},"excerpt":{"rendered":"<p>[vc_row][vc_column][vc_pr_pres_domaines title=\u00bbAeron\u00e1utica civil y militar\u00bb gallery=\u00bb219,4274,5316,7680&#8243; info=\u00bbtrue\u00bb]Pronal est\u00e1 especializado desde hace m\u00e1s de 50 a\u00f1os en los mercados de la industria aeron\u00e1utica y aeroportuaria. Dise\u00f1amos sistemas de elevaci\u00f3n de aviones&#8230;<\/p>\n","protected":false},"author":2,"featured_media":1335,"parent":3082,"menu_order":0,"comment_status":"closed","ping_status":"closed","template":"","meta":{"_acf_changed":false,"inline_featured_image":false,"footnotes":""},"class_list":["post-3078","page","type-page","status-publish","has-post-thumbnail","hentry"],"acf":[],"yoast_head":"<!-- This site is optimized with the Yoast SEO plugin v25.8 - https:\/\/yoast.com\/wordpress\/plugins\/seo\/ -->\n<title>Las soluciones flexibles\/inflables para la aeron\u00e1utica | Pronal<\/title>\n<meta name=\"description\" content=\"Descubra todos los productos flexibles Pronal para la aeron\u00e1utica: tanques embarcados, cojines de elevaci\u00f3n de aviones, cisternas de almacenamiento de combustible...\" \/>\n<meta name=\"robots\" content=\"index, follow, max-snippet:-1, max-image-preview:large, max-video-preview:-1\" \/>\n<link rel=\"canonical\" href=\"https:\/\/www.pronal.com\/es\/sectores-de-actividad-pronal\/aeronautica-civil-y-militar\/\" \/>\n<meta property=\"og:locale\" content=\"es_ES\" \/>\n<meta property=\"og:type\" content=\"article\" \/>\n<meta property=\"og:title\" content=\"Las soluciones flexibles\/inflables para la aeron\u00e1utica | Pronal\" \/>\n<meta property=\"og:description\" content=\"Descubra todos los productos flexibles Pronal para la aeron\u00e1utica: tanques embarcados, cojines de elevaci\u00f3n de aviones, cisternas de almacenamiento de combustible...\" \/>\n<meta property=\"og:url\" content=\"https:\/\/www.pronal.com\/es\/sectores-de-actividad-pronal\/aeronautica-civil-y-militar\/\" \/>\n<meta property=\"og:site_name\" content=\"Pronal - Conception et fabrication de structure flexible\" \/>\n<meta property=\"article:modified_time\" content=\"2026-03-19T13:23:53+00:00\" \/>\n<meta property=\"og:image\" content=\"https:\/\/www.pronal.com\/wp-content\/uploads\/2018\/12\/pronal-aeronautique-alt.jpg\" \/>\n\t<meta property=\"og:image:width\" content=\"1580\" \/>\n\t<meta property=\"og:image:height\" content=\"786\" \/>\n\t<meta property=\"og:image:type\" content=\"image\/jpeg\" \/>\n<meta name=\"twitter:card\" content=\"summary_large_image\" \/>\n<meta name=\"twitter:label1\" content=\"Tiempo de lectura\" \/>\n\t<meta name=\"twitter:data1\" content=\"2 minutos\" \/>\n<script type=\"application\/ld+json\" class=\"yoast-schema-graph\">{\"@context\":\"https:\/\/schema.org\",\"@graph\":[{\"@type\":\"WebPage\",\"@id\":\"https:\/\/www.pronal.com\/es\/sectores-de-actividad-pronal\/aeronautica-civil-y-militar\/\",\"url\":\"https:\/\/www.pronal.com\/es\/sectores-de-actividad-pronal\/aeronautica-civil-y-militar\/\",\"name\":\"Las soluciones flexibles\/inflables para la aeron\u00e1utica | Pronal\",\"isPartOf\":{\"@id\":\"https:\/\/www.pronal.com\/es\/#website\"},\"primaryImageOfPage\":{\"@id\":\"https:\/\/www.pronal.com\/es\/sectores-de-actividad-pronal\/aeronautica-civil-y-militar\/#primaryimage\"},\"image\":{\"@id\":\"https:\/\/www.pronal.com\/es\/sectores-de-actividad-pronal\/aeronautica-civil-y-militar\/#primaryimage\"},\"thumbnailUrl\":\"https:\/\/www.pronal.com\/wp-content\/uploads\/2018\/12\/pronal-aeronautique-alt.jpg\",\"datePublished\":\"2018-12-18T13:26:19+00:00\",\"dateModified\":\"2026-03-19T13:23:53+00:00\",\"description\":\"Descubra todos los productos flexibles Pronal para la aeron\u00e1utica: tanques embarcados, cojines de elevaci\u00f3n de aviones, cisternas de almacenamiento de combustible...\",\"breadcrumb\":{\"@id\":\"https:\/\/www.pronal.com\/es\/sectores-de-actividad-pronal\/aeronautica-civil-y-militar\/#breadcrumb\"},\"inLanguage\":\"es\",\"potentialAction\":[{\"@type\":\"ReadAction\",\"target\":[\"https:\/\/www.pronal.com\/es\/sectores-de-actividad-pronal\/aeronautica-civil-y-militar\/\"]}]},{\"@type\":\"ImageObject\",\"inLanguage\":\"es\",\"@id\":\"https:\/\/www.pronal.com\/es\/sectores-de-actividad-pronal\/aeronautica-civil-y-militar\/#primaryimage\",\"url\":\"https:\/\/www.pronal.com\/wp-content\/uploads\/2018\/12\/pronal-aeronautique-alt.jpg\",\"contentUrl\":\"https:\/\/www.pronal.com\/wp-content\/uploads\/2018\/12\/pronal-aeronautique-alt.jpg\",\"width\":1580,\"height\":786},{\"@type\":\"BreadcrumbList\",\"@id\":\"https:\/\/www.pronal.com\/es\/sectores-de-actividad-pronal\/aeronautica-civil-y-militar\/#breadcrumb\",\"itemListElement\":[{\"@type\":\"ListItem\",\"position\":1,\"name\":\"Sectores\",\"item\":\"https:\/\/www.pronal.com\/es\/sectores-de-actividad-pronal\/\"},{\"@type\":\"ListItem\",\"position\":2,\"name\":\"Aeron\u00e1utica\"}]},{\"@type\":\"WebSite\",\"@id\":\"https:\/\/www.pronal.com\/es\/#website\",\"url\":\"https:\/\/www.pronal.com\/es\/\",\"name\":\"Pronal - Conception et fabrication de structure flexible\",\"description\":\"Pronal - Conception et fabrication de structure flexible\",\"publisher\":{\"@id\":\"https:\/\/www.pronal.com\/es\/#organization\"},\"potentialAction\":[{\"@type\":\"SearchAction\",\"target\":{\"@type\":\"EntryPoint\",\"urlTemplate\":\"https:\/\/www.pronal.com\/es\/?s={search_term_string}\"},\"query-input\":{\"@type\":\"PropertyValueSpecification\",\"valueRequired\":true,\"valueName\":\"search_term_string\"}}],\"inLanguage\":\"es\"},{\"@type\":\"Organization\",\"@id\":\"https:\/\/www.pronal.com\/es\/#organization\",\"name\":\"Pronal\",\"url\":\"https:\/\/www.pronal.com\/es\/\",\"logo\":{\"@type\":\"ImageObject\",\"inLanguage\":\"es\",\"@id\":\"https:\/\/www.pronal.com\/es\/#\/schema\/logo\/image\/\",\"url\":\"https:\/\/www.pronal.com\/wp-content\/uploads\/2019\/06\/logo-pronal.png\",\"contentUrl\":\"https:\/\/www.pronal.com\/wp-content\/uploads\/2019\/06\/logo-pronal.png\",\"width\":504,\"height\":80,\"caption\":\"Pronal\"},\"image\":{\"@id\":\"https:\/\/www.pronal.com\/es\/#\/schema\/logo\/image\/\"}}]}<\/script>\n<!-- \/ Yoast SEO plugin. -->","yoast_head_json":{"title":"Las soluciones flexibles\/inflables para la aeron\u00e1utica | Pronal","description":"Descubra todos los productos flexibles Pronal para la aeron\u00e1utica: tanques embarcados, cojines de elevaci\u00f3n de aviones, cisternas de almacenamiento de combustible...","robots":{"index":"index","follow":"follow","max-snippet":"max-snippet:-1","max-image-preview":"max-image-preview:large","max-video-preview":"max-video-preview:-1"},"canonical":"https:\/\/www.pronal.com\/es\/sectores-de-actividad-pronal\/aeronautica-civil-y-militar\/","og_locale":"es_ES","og_type":"article","og_title":"Las soluciones flexibles\/inflables para la aeron\u00e1utica | Pronal","og_description":"Descubra todos los productos flexibles Pronal para la aeron\u00e1utica: tanques embarcados, cojines de elevaci\u00f3n de aviones, cisternas de almacenamiento de combustible...","og_url":"https:\/\/www.pronal.com\/es\/sectores-de-actividad-pronal\/aeronautica-civil-y-militar\/","og_site_name":"Pronal - Conception et fabrication de structure flexible","article_modified_time":"2026-03-19T13:23:53+00:00","og_image":[{"width":1580,"height":786,"url":"https:\/\/www.pronal.com\/wp-content\/uploads\/2018\/12\/pronal-aeronautique-alt.jpg","type":"image\/jpeg"}],"twitter_card":"summary_large_image","twitter_misc":{"Tiempo de lectura":"2 minutos"},"schema":{"@context":"https:\/\/schema.org","@graph":[{"@type":"WebPage","@id":"https:\/\/www.pronal.com\/es\/sectores-de-actividad-pronal\/aeronautica-civil-y-militar\/","url":"https:\/\/www.pronal.com\/es\/sectores-de-actividad-pronal\/aeronautica-civil-y-militar\/","name":"Las soluciones flexibles\/inflables para la aeron\u00e1utica | Pronal","isPartOf":{"@id":"https:\/\/www.pronal.com\/es\/#website"},"primaryImageOfPage":{"@id":"https:\/\/www.pronal.com\/es\/sectores-de-actividad-pronal\/aeronautica-civil-y-militar\/#primaryimage"},"image":{"@id":"https:\/\/www.pronal.com\/es\/sectores-de-actividad-pronal\/aeronautica-civil-y-militar\/#primaryimage"},"thumbnailUrl":"https:\/\/www.pronal.com\/wp-content\/uploads\/2018\/12\/pronal-aeronautique-alt.jpg","datePublished":"2018-12-18T13:26:19+00:00","dateModified":"2026-03-19T13:23:53+00:00","description":"Descubra todos los productos flexibles Pronal para la aeron\u00e1utica: tanques embarcados, cojines de elevaci\u00f3n de aviones, cisternas de almacenamiento de combustible...","breadcrumb":{"@id":"https:\/\/www.pronal.com\/es\/sectores-de-actividad-pronal\/aeronautica-civil-y-militar\/#breadcrumb"},"inLanguage":"es","potentialAction":[{"@type":"ReadAction","target":["https:\/\/www.pronal.com\/es\/sectores-de-actividad-pronal\/aeronautica-civil-y-militar\/"]}]},{"@type":"ImageObject","inLanguage":"es","@id":"https:\/\/www.pronal.com\/es\/sectores-de-actividad-pronal\/aeronautica-civil-y-militar\/#primaryimage","url":"https:\/\/www.pronal.com\/wp-content\/uploads\/2018\/12\/pronal-aeronautique-alt.jpg","contentUrl":"https:\/\/www.pronal.com\/wp-content\/uploads\/2018\/12\/pronal-aeronautique-alt.jpg","width":1580,"height":786},{"@type":"BreadcrumbList","@id":"https:\/\/www.pronal.com\/es\/sectores-de-actividad-pronal\/aeronautica-civil-y-militar\/#breadcrumb","itemListElement":[{"@type":"ListItem","position":1,"name":"Sectores","item":"https:\/\/www.pronal.com\/es\/sectores-de-actividad-pronal\/"},{"@type":"ListItem","position":2,"name":"Aeron\u00e1utica"}]},{"@type":"WebSite","@id":"https:\/\/www.pronal.com\/es\/#website","url":"https:\/\/www.pronal.com\/es\/","name":"Pronal - Conception et fabrication de structure flexible","description":"Pronal - Conception et fabrication de structure flexible","publisher":{"@id":"https:\/\/www.pronal.com\/es\/#organization"},"potentialAction":[{"@type":"SearchAction","target":{"@type":"EntryPoint","urlTemplate":"https:\/\/www.pronal.com\/es\/?s={search_term_string}"},"query-input":{"@type":"PropertyValueSpecification","valueRequired":true,"valueName":"search_term_string"}}],"inLanguage":"es"},{"@type":"Organization","@id":"https:\/\/www.pronal.com\/es\/#organization","name":"Pronal","url":"https:\/\/www.pronal.com\/es\/","logo":{"@type":"ImageObject","inLanguage":"es","@id":"https:\/\/www.pronal.com\/es\/#\/schema\/logo\/image\/","url":"https:\/\/www.pronal.com\/wp-content\/uploads\/2019\/06\/logo-pronal.png","contentUrl":"https:\/\/www.pronal.com\/wp-content\/uploads\/2019\/06\/logo-pronal.png","width":504,"height":80,"caption":"Pronal"},"image":{"@id":"https:\/\/www.pronal.com\/es\/#\/schema\/logo\/image\/"}}]}},"_links":{"self":[{"href":"https:\/\/www.pronal.com\/es\/wp-json\/wp\/v2\/pages\/3078","targetHints":{"allow":["GET"]}}],"collection":[{"href":"https:\/\/www.pronal.com\/es\/wp-json\/wp\/v2\/pages"}],"about":[{"href":"https:\/\/www.pronal.com\/es\/wp-json\/wp\/v2\/types\/page"}],"author":[{"embeddable":true,"href":"https:\/\/www.pronal.com\/es\/wp-json\/wp\/v2\/users\/2"}],"replies":[{"embeddable":true,"href":"https:\/\/www.pronal.com\/es\/wp-json\/wp\/v2\/comments?post=3078"}],"version-history":[{"count":10,"href":"https:\/\/www.pronal.com\/es\/wp-json\/wp\/v2\/pages\/3078\/revisions"}],"predecessor-version":[{"id":11110,"href":"https:\/\/www.pronal.com\/es\/wp-json\/wp\/v2\/pages\/3078\/revisions\/11110"}],"up":[{"embeddable":true,"href":"https:\/\/www.pronal.com\/es\/wp-json\/wp\/v2\/pages\/3082"}],"wp:featuredmedia":[{"embeddable":true,"href":"https:\/\/www.pronal.com\/es\/wp-json\/wp\/v2\/media\/1335"}],"wp:attachment":[{"href":"https:\/\/www.pronal.com\/es\/wp-json\/wp\/v2\/media?parent=3078"}],"curies":[{"name":"wp","href":"https:\/\/api.w.org\/{rel}","templated":true}]}}