{"id":3090,"date":"2018-12-18T14:23:26","date_gmt":"2018-12-18T13:23:26","guid":{"rendered":"https:\/\/www.pronal.com\/domaines\/energie\/"},"modified":"2020-10-15T16:05:05","modified_gmt":"2020-10-15T14:05:05","slug":"transformador","status":"publish","type":"page","link":"https:\/\/www.pronal.com\/es\/sectores-de-actividad-pronal\/transformador\/","title":{"rendered":"Transformador"},"content":{"rendered":"<div class=\"wpb-content-wrapper\"><p>[vc_row][vc_column][vc_pr_pres_domaines title=\u00bbPronal le acompa\u00f1a en cada etapa de vida de su transformador\u00bb gallery=\u00bb6212,3714,5499,5534&#8243;]En la industria de los transformadores de potencia, desarrollamos y fabricamos soluciones flexibles dedicadas a las diferentes etapas de la vida \u00fatil del transformador.<\/p>\n<p><span style=\"color: #00afec;\"><strong>FABRICACI\u00d3N<\/strong><\/span><\/p>\n<p>Somos el proveedor hist\u00f3rico de <a href=\"https:\/\/www.pronal.com\/es\/categorias-de-productos\/compensadores-inflables\/\"><strong>vejigas inflables<\/strong><\/a> que compensan la variaci\u00f3n del volumen de aceite en el conservador. <strong><span style=\"color: #00afec;\">Protegen el aceite del aire<\/span><\/strong> para evitar la contaminaci\u00f3n del exterior. Est\u00e1n fabricadas a medida, con formas, dimensiones, materiales y equipos espec\u00edficos como detector de ruptura o de humedad. En el sector de bobinado, fabricamos para los equipos de <strong><a href=\"https:\/\/www.pronal.com\/es\/categorias-de-productos\/cilindros-inflables\/\">sistemas de elevaci\u00f3n inflables<\/a><\/strong>. Se utilizan entre los niveles de la bobina y permiten <strong><span style=\"color: #00afec;\">ajustar la posici\u00f3n y la altura de las cu\u00f1as<\/span><\/strong>.<\/p>\n<p><strong><span style=\"color: #00afec;\">PUESTA EN MARCHA Y MANTENIMIENTO<\/span><\/strong><\/p>\n<p>Proporcionamos a los equipos de intervenci\u00f3n y de servicio sistemas de <a href=\"https:\/\/www.pronal.com\/es\/producto\/cisternas-flexibles-de-almacenamiento\/tanque-de-almacenamiento-de-aceite\/\"><strong>almacenamiento flexible de aceite diel\u00e9ctrico<\/strong><\/a> para las operaciones de puesta en marcha y de mantenimiento de los transformadores. Permiten almacenar el aceite directamente in situ sin necesidad de traer camiones o tanques met\u00e1licos. Estos tanques <strong><span style=\"color: #00afec;\">son f\u00e1ciles de transportar<\/span><\/strong> y <span style=\"color: #00afec;\"><strong>manejar<\/strong><\/span> sin necesidad de equipos espec\u00edficos.[\/vc_pr_pres_domaines][\/vc_column][\/vc_row][vc_row full_width=\u00bbstretch_row_content_no_spaces\u00bb][vc_column][vc_pr_int_domaines][\/vc_column][\/vc_row][vc_row][vc_column][vc_pr_block_products title=\u00bbproductos destacados\u00bb products=\u00bb9474,9503,9524,9522,9523,9590,9636,\u00bb][\/vc_column][\/vc_row][vc_row][vc_column][vc_pr_prod_tag_link][\/vc_column][\/vc_row][vc_row full_width=\u00bbstretch_row_content_no_spaces\u00bb][vc_column][vc_pr_projects backgrey=\u00bbtrue\u00bb][\/vc_column][\/vc_row][vc_row][vc_column][vc_pr_news post_tag=\u00bb\u00e9nergie\u00bb][\/vc_column][\/vc_row]<\/p>\n<\/div>","protected":false},"excerpt":{"rendered":"<p>[vc_row][vc_column][vc_pr_pres_domaines title=\u00bbPronal le acompa\u00f1a en cada etapa de vida de su transformador\u00bb gallery=\u00bb6212,3714,5499,5534&#8243;]En la industria de los transformadores de potencia, desarrollamos y fabricamos soluciones flexibles dedicadas a las diferentes etapas&#8230;<\/p>\n","protected":false},"author":2,"featured_media":6216,"parent":3082,"menu_order":12,"comment_status":"closed","ping_status":"closed","template":"","meta":{"_acf_changed":false,"inline_featured_image":false,"footnotes":""},"class_list":["post-3090","page","type-page","status-publish","has-post-thumbnail","hentry"],"acf":[],"yoast_head":"<!-- This site is optimized with the Yoast SEO plugin v25.8 - https:\/\/yoast.com\/wordpress\/plugins\/seo\/ -->\n<title>Soluciones flexibles dedicadas a los transformadores de energ\u00eda | Pronal<\/title>\n<meta name=\"description\" content=\"Pronal fabrica productos flexibles dedicados a los transformadores: almacenamiento de aceite diel\u00e9ctrico, mantenimiento de bobinas, compensaci\u00f3n de aceite, etc.\" \/>\n<meta name=\"robots\" content=\"index, follow, max-snippet:-1, max-image-preview:large, max-video-preview:-1\" \/>\n<link rel=\"canonical\" href=\"https:\/\/www.pronal.com\/es\/sectores-de-actividad-pronal\/transformador\/\" \/>\n<meta property=\"og:locale\" content=\"es_ES\" \/>\n<meta property=\"og:type\" content=\"article\" \/>\n<meta property=\"og:title\" content=\"Soluciones flexibles dedicadas a los transformadores de energ\u00eda | Pronal\" \/>\n<meta property=\"og:description\" content=\"Pronal fabrica productos flexibles dedicados a los transformadores: almacenamiento de aceite diel\u00e9ctrico, mantenimiento de bobinas, compensaci\u00f3n de aceite, etc.\" \/>\n<meta property=\"og:url\" content=\"https:\/\/www.pronal.com\/es\/sectores-de-actividad-pronal\/transformador\/\" \/>\n<meta property=\"og:site_name\" content=\"Pronal - Conception et fabrication de structure flexible\" \/>\n<meta property=\"article:modified_time\" content=\"2020-10-15T14:05:05+00:00\" \/>\n<meta property=\"og:image\" content=\"https:\/\/www.pronal.com\/wp-content\/uploads\/2019\/08\/Transformateur.jpg\" \/>\n\t<meta property=\"og:image:width\" content=\"656\" \/>\n\t<meta property=\"og:image:height\" content=\"521\" \/>\n\t<meta property=\"og:image:type\" content=\"image\/jpeg\" \/>\n<meta name=\"twitter:card\" content=\"summary_large_image\" \/>\n<meta name=\"twitter:label1\" content=\"Tiempo de lectura\" \/>\n\t<meta name=\"twitter:data1\" content=\"1 minuto\" \/>\n<script type=\"application\/ld+json\" class=\"yoast-schema-graph\">{\"@context\":\"https:\/\/schema.org\",\"@graph\":[{\"@type\":\"WebPage\",\"@id\":\"https:\/\/www.pronal.com\/es\/sectores-de-actividad-pronal\/transformador\/\",\"url\":\"https:\/\/www.pronal.com\/es\/sectores-de-actividad-pronal\/transformador\/\",\"name\":\"Soluciones flexibles dedicadas a los transformadores de energ\u00eda | Pronal\",\"isPartOf\":{\"@id\":\"https:\/\/www.pronal.com\/es\/#website\"},\"primaryImageOfPage\":{\"@id\":\"https:\/\/www.pronal.com\/es\/sectores-de-actividad-pronal\/transformador\/#primaryimage\"},\"image\":{\"@id\":\"https:\/\/www.pronal.com\/es\/sectores-de-actividad-pronal\/transformador\/#primaryimage\"},\"thumbnailUrl\":\"https:\/\/www.pronal.com\/wp-content\/uploads\/2019\/08\/Transformateur.jpg\",\"datePublished\":\"2018-12-18T13:23:26+00:00\",\"dateModified\":\"2020-10-15T14:05:05+00:00\",\"description\":\"Pronal fabrica productos flexibles dedicados a los transformadores: almacenamiento de aceite diel\u00e9ctrico, mantenimiento de bobinas, compensaci\u00f3n de aceite, etc.\",\"breadcrumb\":{\"@id\":\"https:\/\/www.pronal.com\/es\/sectores-de-actividad-pronal\/transformador\/#breadcrumb\"},\"inLanguage\":\"es\",\"potentialAction\":[{\"@type\":\"ReadAction\",\"target\":[\"https:\/\/www.pronal.com\/es\/sectores-de-actividad-pronal\/transformador\/\"]}]},{\"@type\":\"ImageObject\",\"inLanguage\":\"es\",\"@id\":\"https:\/\/www.pronal.com\/es\/sectores-de-actividad-pronal\/transformador\/#primaryimage\",\"url\":\"https:\/\/www.pronal.com\/wp-content\/uploads\/2019\/08\/Transformateur.jpg\",\"contentUrl\":\"https:\/\/www.pronal.com\/wp-content\/uploads\/2019\/08\/Transformateur.jpg\",\"width\":656,\"height\":521,\"caption\":\"Transformateur de puissance\"},{\"@type\":\"BreadcrumbList\",\"@id\":\"https:\/\/www.pronal.com\/es\/sectores-de-actividad-pronal\/transformador\/#breadcrumb\",\"itemListElement\":[{\"@type\":\"ListItem\",\"position\":1,\"name\":\"Sectores\",\"item\":\"https:\/\/www.pronal.com\/es\/sectores-de-actividad-pronal\/\"},{\"@type\":\"ListItem\",\"position\":2,\"name\":\"Transformador\"}]},{\"@type\":\"WebSite\",\"@id\":\"https:\/\/www.pronal.com\/es\/#website\",\"url\":\"https:\/\/www.pronal.com\/es\/\",\"name\":\"Pronal - Conception et fabrication de structure flexible\",\"description\":\"Pronal - Conception et fabrication de structure flexible\",\"publisher\":{\"@id\":\"https:\/\/www.pronal.com\/es\/#organization\"},\"potentialAction\":[{\"@type\":\"SearchAction\",\"target\":{\"@type\":\"EntryPoint\",\"urlTemplate\":\"https:\/\/www.pronal.com\/es\/?s={search_term_string}\"},\"query-input\":{\"@type\":\"PropertyValueSpecification\",\"valueRequired\":true,\"valueName\":\"search_term_string\"}}],\"inLanguage\":\"es\"},{\"@type\":\"Organization\",\"@id\":\"https:\/\/www.pronal.com\/es\/#organization\",\"name\":\"Pronal\",\"url\":\"https:\/\/www.pronal.com\/es\/\",\"logo\":{\"@type\":\"ImageObject\",\"inLanguage\":\"es\",\"@id\":\"https:\/\/www.pronal.com\/es\/#\/schema\/logo\/image\/\",\"url\":\"https:\/\/www.pronal.com\/wp-content\/uploads\/2019\/06\/logo-pronal.png\",\"contentUrl\":\"https:\/\/www.pronal.com\/wp-content\/uploads\/2019\/06\/logo-pronal.png\",\"width\":504,\"height\":80,\"caption\":\"Pronal\"},\"image\":{\"@id\":\"https:\/\/www.pronal.com\/es\/#\/schema\/logo\/image\/\"}}]}<\/script>\n<!-- \/ Yoast SEO plugin. -->","yoast_head_json":{"title":"Soluciones flexibles dedicadas a los transformadores de energ\u00eda | Pronal","description":"Pronal fabrica productos flexibles dedicados a los transformadores: almacenamiento de aceite diel\u00e9ctrico, mantenimiento de bobinas, compensaci\u00f3n de aceite, etc.","robots":{"index":"index","follow":"follow","max-snippet":"max-snippet:-1","max-image-preview":"max-image-preview:large","max-video-preview":"max-video-preview:-1"},"canonical":"https:\/\/www.pronal.com\/es\/sectores-de-actividad-pronal\/transformador\/","og_locale":"es_ES","og_type":"article","og_title":"Soluciones flexibles dedicadas a los transformadores de energ\u00eda | Pronal","og_description":"Pronal fabrica productos flexibles dedicados a los transformadores: almacenamiento de aceite diel\u00e9ctrico, mantenimiento de bobinas, compensaci\u00f3n de aceite, etc.","og_url":"https:\/\/www.pronal.com\/es\/sectores-de-actividad-pronal\/transformador\/","og_site_name":"Pronal - Conception et fabrication de structure flexible","article_modified_time":"2020-10-15T14:05:05+00:00","og_image":[{"width":656,"height":521,"url":"https:\/\/www.pronal.com\/wp-content\/uploads\/2019\/08\/Transformateur.jpg","type":"image\/jpeg"}],"twitter_card":"summary_large_image","twitter_misc":{"Tiempo de lectura":"1 minuto"},"schema":{"@context":"https:\/\/schema.org","@graph":[{"@type":"WebPage","@id":"https:\/\/www.pronal.com\/es\/sectores-de-actividad-pronal\/transformador\/","url":"https:\/\/www.pronal.com\/es\/sectores-de-actividad-pronal\/transformador\/","name":"Soluciones flexibles dedicadas a los transformadores de energ\u00eda | Pronal","isPartOf":{"@id":"https:\/\/www.pronal.com\/es\/#website"},"primaryImageOfPage":{"@id":"https:\/\/www.pronal.com\/es\/sectores-de-actividad-pronal\/transformador\/#primaryimage"},"image":{"@id":"https:\/\/www.pronal.com\/es\/sectores-de-actividad-pronal\/transformador\/#primaryimage"},"thumbnailUrl":"https:\/\/www.pronal.com\/wp-content\/uploads\/2019\/08\/Transformateur.jpg","datePublished":"2018-12-18T13:23:26+00:00","dateModified":"2020-10-15T14:05:05+00:00","description":"Pronal fabrica productos flexibles dedicados a los transformadores: almacenamiento de aceite diel\u00e9ctrico, mantenimiento de bobinas, compensaci\u00f3n de aceite, etc.","breadcrumb":{"@id":"https:\/\/www.pronal.com\/es\/sectores-de-actividad-pronal\/transformador\/#breadcrumb"},"inLanguage":"es","potentialAction":[{"@type":"ReadAction","target":["https:\/\/www.pronal.com\/es\/sectores-de-actividad-pronal\/transformador\/"]}]},{"@type":"ImageObject","inLanguage":"es","@id":"https:\/\/www.pronal.com\/es\/sectores-de-actividad-pronal\/transformador\/#primaryimage","url":"https:\/\/www.pronal.com\/wp-content\/uploads\/2019\/08\/Transformateur.jpg","contentUrl":"https:\/\/www.pronal.com\/wp-content\/uploads\/2019\/08\/Transformateur.jpg","width":656,"height":521,"caption":"Transformateur de puissance"},{"@type":"BreadcrumbList","@id":"https:\/\/www.pronal.com\/es\/sectores-de-actividad-pronal\/transformador\/#breadcrumb","itemListElement":[{"@type":"ListItem","position":1,"name":"Sectores","item":"https:\/\/www.pronal.com\/es\/sectores-de-actividad-pronal\/"},{"@type":"ListItem","position":2,"name":"Transformador"}]},{"@type":"WebSite","@id":"https:\/\/www.pronal.com\/es\/#website","url":"https:\/\/www.pronal.com\/es\/","name":"Pronal - Conception et fabrication de structure flexible","description":"Pronal - Conception et fabrication de structure flexible","publisher":{"@id":"https:\/\/www.pronal.com\/es\/#organization"},"potentialAction":[{"@type":"SearchAction","target":{"@type":"EntryPoint","urlTemplate":"https:\/\/www.pronal.com\/es\/?s={search_term_string}"},"query-input":{"@type":"PropertyValueSpecification","valueRequired":true,"valueName":"search_term_string"}}],"inLanguage":"es"},{"@type":"Organization","@id":"https:\/\/www.pronal.com\/es\/#organization","name":"Pronal","url":"https:\/\/www.pronal.com\/es\/","logo":{"@type":"ImageObject","inLanguage":"es","@id":"https:\/\/www.pronal.com\/es\/#\/schema\/logo\/image\/","url":"https:\/\/www.pronal.com\/wp-content\/uploads\/2019\/06\/logo-pronal.png","contentUrl":"https:\/\/www.pronal.com\/wp-content\/uploads\/2019\/06\/logo-pronal.png","width":504,"height":80,"caption":"Pronal"},"image":{"@id":"https:\/\/www.pronal.com\/es\/#\/schema\/logo\/image\/"}}]}},"_links":{"self":[{"href":"https:\/\/www.pronal.com\/es\/wp-json\/wp\/v2\/pages\/3090","targetHints":{"allow":["GET"]}}],"collection":[{"href":"https:\/\/www.pronal.com\/es\/wp-json\/wp\/v2\/pages"}],"about":[{"href":"https:\/\/www.pronal.com\/es\/wp-json\/wp\/v2\/types\/page"}],"author":[{"embeddable":true,"href":"https:\/\/www.pronal.com\/es\/wp-json\/wp\/v2\/users\/2"}],"replies":[{"embeddable":true,"href":"https:\/\/www.pronal.com\/es\/wp-json\/wp\/v2\/comments?post=3090"}],"version-history":[{"count":11,"href":"https:\/\/www.pronal.com\/es\/wp-json\/wp\/v2\/pages\/3090\/revisions"}],"predecessor-version":[{"id":11107,"href":"https:\/\/www.pronal.com\/es\/wp-json\/wp\/v2\/pages\/3090\/revisions\/11107"}],"up":[{"embeddable":true,"href":"https:\/\/www.pronal.com\/es\/wp-json\/wp\/v2\/pages\/3082"}],"wp:featuredmedia":[{"embeddable":true,"href":"https:\/\/www.pronal.com\/es\/wp-json\/wp\/v2\/media\/6216"}],"wp:attachment":[{"href":"https:\/\/www.pronal.com\/es\/wp-json\/wp\/v2\/media?parent=3090"}],"curies":[{"name":"wp","href":"https:\/\/api.w.org\/{rel}","templated":true}]}}