{"id":3091,"date":"2018-12-18T14:11:23","date_gmt":"2018-12-18T13:11:23","guid":{"rendered":"https:\/\/www.pronal.com\/domaines\/environnement\/"},"modified":"2026-03-19T14:28:21","modified_gmt":"2026-03-19T13:28:21","slug":"medio-ambiente","status":"publish","type":"page","link":"https:\/\/www.pronal.com\/es\/sectores-de-actividad-pronal\/medio-ambiente\/","title":{"rendered":"Medio ambiente"},"content":{"rendered":"<div class=\"wpb-content-wrapper\"><p>[vc_row][vc_column][vc_pr_pres_domaines title=\u00bbSoluciones flexibles para la prevenci\u00f3n de riesgos ambientales\u00bb gallery=\u00bb5019,7327,5161,5692,5104&#8243;]Para proteger el medio ambiente, Pronal ofrece <span style=\"color: #00afe9;\"><strong>soluciones innovadoras dedicadas a la prevenci\u00f3n de riesgos<\/strong><\/span>. En caso de emergencia y gracias a materiales especialmente dise\u00f1ados, las intervenciones son <span style=\"color: #00afe9;\"><strong>r\u00e1pidas, eficaces y seguras<\/strong><\/span>.<\/p>\n<p>Proponemos una amplia gama de productos para el almacenamiento (cisternas flexibles), la <span style=\"color: #00afe9;\"><strong>obturaci\u00f3n<\/strong><\/span> (obturadores inflables), la <span style=\"color: #00afe9;\"><strong>retenci\u00f3n<\/strong><\/span> y <span style=\"color: #00afe9;\"><strong>sistemas anticontaminaci\u00f3n<\/strong><\/span> (barreras antinundaci\u00f3n y anticontaminaci\u00f3n, obturadores permanentes, tanques flotantes para recuperaci\u00f3n de hidrocarburos).<\/p>\n<p>En PRONAL ofrecemos asimismo material de intervenci\u00f3n r\u00e1pida para la <span style=\"color: #00afe9;\"><strong>protecci\u00f3n neum\u00e1tica de excavaci\u00f3n<\/strong><\/span> de tipo cojines inflables.<\/p>\n<p>Contamos tambi\u00e9n con <strong><span style=\"color: #00afe9;\">dispositivos de elevaci\u00f3n y paraca\u00eddas submarinos<\/span><\/strong> utilizados en particular para transportar cargas por el agua y para operaciones de reflotamiento (-4000 metros).[\/vc_pr_pres_domaines][\/vc_column][\/vc_row][vc_row full_width=\u00bbstretch_row_content_no_spaces\u00bb][vc_column][vc_pr_int_domaines][\/vc_column][\/vc_row][vc_row][vc_column][vc_pr_block_products title=\u00bbproductos destacados\u00bb products=\u00bb9492,9502,9500,9494,9630,9547,9546,9589,9585,9586,9587&#8243;][\/vc_column][\/vc_row][vc_row][vc_column][vc_pr_prod_tag_link][\/vc_column][\/vc_row][vc_row full_width=\u00bbstretch_row_content_no_spaces\u00bb][vc_column][vc_pr_projects backgrey=\u00bbtrue\u00bb][\/vc_column][\/vc_row][vc_row][vc_column][vc_pr_news post_tag=\u00bbenvironnement\u00bb][\/vc_column][\/vc_row]<\/p>\n<\/div>","protected":false},"excerpt":{"rendered":"<p>[vc_row][vc_column][vc_pr_pres_domaines title=\u00bbSoluciones flexibles para la prevenci\u00f3n de riesgos ambientales\u00bb gallery=\u00bb5019,7327,5161,5692,5104&#8243;]Para proteger el medio ambiente, Pronal ofrece soluciones innovadoras dedicadas a la prevenci\u00f3n de riesgos. En caso de emergencia y gracias&#8230;<\/p>\n","protected":false},"author":2,"featured_media":1213,"parent":3082,"menu_order":5,"comment_status":"closed","ping_status":"closed","template":"","meta":{"_acf_changed":false,"inline_featured_image":false,"footnotes":""},"class_list":["post-3091","page","type-page","status-publish","has-post-thumbnail","hentry"],"acf":[],"yoast_head":"<!-- This site is optimized with the Yoast SEO plugin v25.8 - https:\/\/yoast.com\/wordpress\/plugins\/seo\/ -->\n<title>Las soluciones flexibles\/inflables para el medio ambiente | Pronal<\/title>\n<meta name=\"description\" content=\"Productos Pronal para el medio ambiente: cisterna de agua pluvial, cisterna de agua potable, barreras anticontaminaci\u00f3n, obturadores anticontaminaci\u00f3n, etc.\" \/>\n<meta name=\"robots\" content=\"index, follow, max-snippet:-1, max-image-preview:large, max-video-preview:-1\" \/>\n<link rel=\"canonical\" href=\"https:\/\/www.pronal.com\/es\/sectores-de-actividad-pronal\/medio-ambiente\/\" \/>\n<meta property=\"og:locale\" content=\"es_ES\" \/>\n<meta property=\"og:type\" content=\"article\" \/>\n<meta property=\"og:title\" content=\"Las soluciones flexibles\/inflables para el medio ambiente | Pronal\" \/>\n<meta property=\"og:description\" content=\"Productos Pronal para el medio ambiente: cisterna de agua pluvial, cisterna de agua potable, barreras anticontaminaci\u00f3n, obturadores anticontaminaci\u00f3n, etc.\" \/>\n<meta property=\"og:url\" content=\"https:\/\/www.pronal.com\/es\/sectores-de-actividad-pronal\/medio-ambiente\/\" \/>\n<meta property=\"og:site_name\" content=\"Pronal - Conception et fabrication de structure flexible\" \/>\n<meta property=\"article:modified_time\" content=\"2026-03-19T13:28:21+00:00\" \/>\n<meta property=\"og:image\" content=\"https:\/\/www.pronal.com\/wp-content\/uploads\/2018\/12\/pronal-environnement.jpg\" \/>\n\t<meta property=\"og:image:width\" content=\"1080\" \/>\n\t<meta property=\"og:image:height\" content=\"683\" \/>\n\t<meta property=\"og:image:type\" content=\"image\/jpeg\" \/>\n<meta name=\"twitter:card\" content=\"summary_large_image\" \/>\n<meta name=\"twitter:label1\" content=\"Tiempo de lectura\" \/>\n\t<meta name=\"twitter:data1\" content=\"2 minutos\" \/>\n<script type=\"application\/ld+json\" class=\"yoast-schema-graph\">{\"@context\":\"https:\/\/schema.org\",\"@graph\":[{\"@type\":\"WebPage\",\"@id\":\"https:\/\/www.pronal.com\/es\/sectores-de-actividad-pronal\/medio-ambiente\/\",\"url\":\"https:\/\/www.pronal.com\/es\/sectores-de-actividad-pronal\/medio-ambiente\/\",\"name\":\"Las soluciones flexibles\/inflables para el medio ambiente | Pronal\",\"isPartOf\":{\"@id\":\"https:\/\/www.pronal.com\/es\/#website\"},\"primaryImageOfPage\":{\"@id\":\"https:\/\/www.pronal.com\/es\/sectores-de-actividad-pronal\/medio-ambiente\/#primaryimage\"},\"image\":{\"@id\":\"https:\/\/www.pronal.com\/es\/sectores-de-actividad-pronal\/medio-ambiente\/#primaryimage\"},\"thumbnailUrl\":\"https:\/\/www.pronal.com\/wp-content\/uploads\/2018\/12\/pronal-environnement.jpg\",\"datePublished\":\"2018-12-18T13:11:23+00:00\",\"dateModified\":\"2026-03-19T13:28:21+00:00\",\"description\":\"Productos Pronal para el medio ambiente: cisterna de agua pluvial, cisterna de agua potable, barreras anticontaminaci\u00f3n, obturadores anticontaminaci\u00f3n, etc.\",\"breadcrumb\":{\"@id\":\"https:\/\/www.pronal.com\/es\/sectores-de-actividad-pronal\/medio-ambiente\/#breadcrumb\"},\"inLanguage\":\"es\",\"potentialAction\":[{\"@type\":\"ReadAction\",\"target\":[\"https:\/\/www.pronal.com\/es\/sectores-de-actividad-pronal\/medio-ambiente\/\"]}]},{\"@type\":\"ImageObject\",\"inLanguage\":\"es\",\"@id\":\"https:\/\/www.pronal.com\/es\/sectores-de-actividad-pronal\/medio-ambiente\/#primaryimage\",\"url\":\"https:\/\/www.pronal.com\/wp-content\/uploads\/2018\/12\/pronal-environnement.jpg\",\"contentUrl\":\"https:\/\/www.pronal.com\/wp-content\/uploads\/2018\/12\/pronal-environnement.jpg\",\"width\":1080,\"height\":683,\"caption\":\"Pronal Medio ambiente\"},{\"@type\":\"BreadcrumbList\",\"@id\":\"https:\/\/www.pronal.com\/es\/sectores-de-actividad-pronal\/medio-ambiente\/#breadcrumb\",\"itemListElement\":[{\"@type\":\"ListItem\",\"position\":1,\"name\":\"Sectores\",\"item\":\"https:\/\/www.pronal.com\/es\/sectores-de-actividad-pronal\/\"},{\"@type\":\"ListItem\",\"position\":2,\"name\":\"Medio ambiente\"}]},{\"@type\":\"WebSite\",\"@id\":\"https:\/\/www.pronal.com\/es\/#website\",\"url\":\"https:\/\/www.pronal.com\/es\/\",\"name\":\"Pronal - Conception et fabrication de structure flexible\",\"description\":\"Pronal - Conception et fabrication de structure flexible\",\"publisher\":{\"@id\":\"https:\/\/www.pronal.com\/es\/#organization\"},\"potentialAction\":[{\"@type\":\"SearchAction\",\"target\":{\"@type\":\"EntryPoint\",\"urlTemplate\":\"https:\/\/www.pronal.com\/es\/?s={search_term_string}\"},\"query-input\":{\"@type\":\"PropertyValueSpecification\",\"valueRequired\":true,\"valueName\":\"search_term_string\"}}],\"inLanguage\":\"es\"},{\"@type\":\"Organization\",\"@id\":\"https:\/\/www.pronal.com\/es\/#organization\",\"name\":\"Pronal\",\"url\":\"https:\/\/www.pronal.com\/es\/\",\"logo\":{\"@type\":\"ImageObject\",\"inLanguage\":\"es\",\"@id\":\"https:\/\/www.pronal.com\/es\/#\/schema\/logo\/image\/\",\"url\":\"https:\/\/www.pronal.com\/wp-content\/uploads\/2019\/06\/logo-pronal.png\",\"contentUrl\":\"https:\/\/www.pronal.com\/wp-content\/uploads\/2019\/06\/logo-pronal.png\",\"width\":504,\"height\":80,\"caption\":\"Pronal\"},\"image\":{\"@id\":\"https:\/\/www.pronal.com\/es\/#\/schema\/logo\/image\/\"}}]}<\/script>\n<!-- \/ Yoast SEO plugin. -->","yoast_head_json":{"title":"Las soluciones flexibles\/inflables para el medio ambiente | Pronal","description":"Productos Pronal para el medio ambiente: cisterna de agua pluvial, cisterna de agua potable, barreras anticontaminaci\u00f3n, obturadores anticontaminaci\u00f3n, etc.","robots":{"index":"index","follow":"follow","max-snippet":"max-snippet:-1","max-image-preview":"max-image-preview:large","max-video-preview":"max-video-preview:-1"},"canonical":"https:\/\/www.pronal.com\/es\/sectores-de-actividad-pronal\/medio-ambiente\/","og_locale":"es_ES","og_type":"article","og_title":"Las soluciones flexibles\/inflables para el medio ambiente | Pronal","og_description":"Productos Pronal para el medio ambiente: cisterna de agua pluvial, cisterna de agua potable, barreras anticontaminaci\u00f3n, obturadores anticontaminaci\u00f3n, etc.","og_url":"https:\/\/www.pronal.com\/es\/sectores-de-actividad-pronal\/medio-ambiente\/","og_site_name":"Pronal - Conception et fabrication de structure flexible","article_modified_time":"2026-03-19T13:28:21+00:00","og_image":[{"width":1080,"height":683,"url":"https:\/\/www.pronal.com\/wp-content\/uploads\/2018\/12\/pronal-environnement.jpg","type":"image\/jpeg"}],"twitter_card":"summary_large_image","twitter_misc":{"Tiempo de lectura":"2 minutos"},"schema":{"@context":"https:\/\/schema.org","@graph":[{"@type":"WebPage","@id":"https:\/\/www.pronal.com\/es\/sectores-de-actividad-pronal\/medio-ambiente\/","url":"https:\/\/www.pronal.com\/es\/sectores-de-actividad-pronal\/medio-ambiente\/","name":"Las soluciones flexibles\/inflables para el medio ambiente | Pronal","isPartOf":{"@id":"https:\/\/www.pronal.com\/es\/#website"},"primaryImageOfPage":{"@id":"https:\/\/www.pronal.com\/es\/sectores-de-actividad-pronal\/medio-ambiente\/#primaryimage"},"image":{"@id":"https:\/\/www.pronal.com\/es\/sectores-de-actividad-pronal\/medio-ambiente\/#primaryimage"},"thumbnailUrl":"https:\/\/www.pronal.com\/wp-content\/uploads\/2018\/12\/pronal-environnement.jpg","datePublished":"2018-12-18T13:11:23+00:00","dateModified":"2026-03-19T13:28:21+00:00","description":"Productos Pronal para el medio ambiente: cisterna de agua pluvial, cisterna de agua potable, barreras anticontaminaci\u00f3n, obturadores anticontaminaci\u00f3n, etc.","breadcrumb":{"@id":"https:\/\/www.pronal.com\/es\/sectores-de-actividad-pronal\/medio-ambiente\/#breadcrumb"},"inLanguage":"es","potentialAction":[{"@type":"ReadAction","target":["https:\/\/www.pronal.com\/es\/sectores-de-actividad-pronal\/medio-ambiente\/"]}]},{"@type":"ImageObject","inLanguage":"es","@id":"https:\/\/www.pronal.com\/es\/sectores-de-actividad-pronal\/medio-ambiente\/#primaryimage","url":"https:\/\/www.pronal.com\/wp-content\/uploads\/2018\/12\/pronal-environnement.jpg","contentUrl":"https:\/\/www.pronal.com\/wp-content\/uploads\/2018\/12\/pronal-environnement.jpg","width":1080,"height":683,"caption":"Pronal Medio ambiente"},{"@type":"BreadcrumbList","@id":"https:\/\/www.pronal.com\/es\/sectores-de-actividad-pronal\/medio-ambiente\/#breadcrumb","itemListElement":[{"@type":"ListItem","position":1,"name":"Sectores","item":"https:\/\/www.pronal.com\/es\/sectores-de-actividad-pronal\/"},{"@type":"ListItem","position":2,"name":"Medio ambiente"}]},{"@type":"WebSite","@id":"https:\/\/www.pronal.com\/es\/#website","url":"https:\/\/www.pronal.com\/es\/","name":"Pronal - Conception et fabrication de structure flexible","description":"Pronal - Conception et fabrication de structure flexible","publisher":{"@id":"https:\/\/www.pronal.com\/es\/#organization"},"potentialAction":[{"@type":"SearchAction","target":{"@type":"EntryPoint","urlTemplate":"https:\/\/www.pronal.com\/es\/?s={search_term_string}"},"query-input":{"@type":"PropertyValueSpecification","valueRequired":true,"valueName":"search_term_string"}}],"inLanguage":"es"},{"@type":"Organization","@id":"https:\/\/www.pronal.com\/es\/#organization","name":"Pronal","url":"https:\/\/www.pronal.com\/es\/","logo":{"@type":"ImageObject","inLanguage":"es","@id":"https:\/\/www.pronal.com\/es\/#\/schema\/logo\/image\/","url":"https:\/\/www.pronal.com\/wp-content\/uploads\/2019\/06\/logo-pronal.png","contentUrl":"https:\/\/www.pronal.com\/wp-content\/uploads\/2019\/06\/logo-pronal.png","width":504,"height":80,"caption":"Pronal"},"image":{"@id":"https:\/\/www.pronal.com\/es\/#\/schema\/logo\/image\/"}}]}},"_links":{"self":[{"href":"https:\/\/www.pronal.com\/es\/wp-json\/wp\/v2\/pages\/3091","targetHints":{"allow":["GET"]}}],"collection":[{"href":"https:\/\/www.pronal.com\/es\/wp-json\/wp\/v2\/pages"}],"about":[{"href":"https:\/\/www.pronal.com\/es\/wp-json\/wp\/v2\/types\/page"}],"author":[{"embeddable":true,"href":"https:\/\/www.pronal.com\/es\/wp-json\/wp\/v2\/users\/2"}],"replies":[{"embeddable":true,"href":"https:\/\/www.pronal.com\/es\/wp-json\/wp\/v2\/comments?post=3091"}],"version-history":[{"count":11,"href":"https:\/\/www.pronal.com\/es\/wp-json\/wp\/v2\/pages\/3091\/revisions"}],"predecessor-version":[{"id":22687,"href":"https:\/\/www.pronal.com\/es\/wp-json\/wp\/v2\/pages\/3091\/revisions\/22687"}],"up":[{"embeddable":true,"href":"https:\/\/www.pronal.com\/es\/wp-json\/wp\/v2\/pages\/3082"}],"wp:featuredmedia":[{"embeddable":true,"href":"https:\/\/www.pronal.com\/es\/wp-json\/wp\/v2\/media\/1213"}],"wp:attachment":[{"href":"https:\/\/www.pronal.com\/es\/wp-json\/wp\/v2\/media?parent=3091"}],"curies":[{"name":"wp","href":"https:\/\/api.w.org\/{rel}","templated":true}]}}