{"id":3094,"date":"2018-12-18T14:24:39","date_gmt":"2018-12-18T13:24:39","guid":{"rendered":"https:\/\/www.pronal.com\/domaines\/defense\/"},"modified":"2026-02-06T15:36:28","modified_gmt":"2026-02-06T14:36:28","slug":"defensa","status":"publish","type":"page","link":"https:\/\/www.pronal.com\/es\/sectores-de-actividad-pronal\/defensa\/","title":{"rendered":"Defensa"},"content":{"rendered":"<div class=\"wpb-content-wrapper\"><p>[vc_row][vc_column][vc_pr_pres_domaines title=\u00bbPronal junto a las Fuerzas Armadas\u00bb gallery=\u00bb993,5357,5306,5259,5514,6014,8223,5347,5372&#8243;]Con <strong><span style=\"color: #00afec;\">m\u00e1s de 50 a\u00f1os de experiencia<\/span><\/strong> junto a las Fuerzas Armadas, Pronal dise\u00f1a soluciones perfectamente adaptadas para la log\u00edstica del petr\u00f3leo y del agua potable, como sus tanques flexibles de elast\u00f3mero. Estas soluciones de almacenamiento se pueden instalar r\u00e1pidamente in situ. Estas soluciones se pueden transportar sobre la plataforma de un cami\u00f3n, colgadas de helic\u00f3pteros o remolcadas detr\u00e1s de un veh\u00edculo. Estos sistemas de almacenamiento se adaptan perfectamente a diversos medios de transporte: terrestre, mar\u00edtimo o a\u00e9reo.<\/p>\n<p>Pronal ofrece asimismo una <strong><span style=\"color: #00afec;\">cadena completa de suministro de combustible<\/span><\/strong> y de <span style=\"color: #00afec;\"><strong>sistemas de potabilizaci\u00f3n de agua<\/strong><\/span>. Entre los diversos accesorios para los tanques flexibles encontramos <strong>motobombas<\/strong>, sistemas de filtraci\u00f3n de agua, medidores, tuber\u00edas y pistolas.<\/p>\n<p><span style=\"color: #00afec;\"><strong>M\u00e1s de 50 pa\u00edses utilizan nuestros tanques flexibles<\/strong><\/span>. Tenemos entre los principales usuarios al ej\u00e9rcito franc\u00e9s con <strong>el Service des Essences des Arm\u00e9es, a los ej\u00e9rcitos extranjeros de m\u00faltiples pa\u00edses y a ciertas administraciones paramilitares.<\/strong>[\/vc_pr_pres_domaines][\/vc_column][\/vc_row][vc_row full_width=\u00bbstretch_row_content_no_spaces\u00bb][vc_column][vc_pr_int_domaines][\/vc_column][\/vc_row][vc_row][vc_column][vc_pr_block_products title=\u00bbproductos destacados\u00bb products=\u00bb9629,9630,9633,9628,9631,9632,9634,9494,9492,9503,9635,9636,9531,9528,9529&#8243;][\/vc_column][\/vc_row][vc_row][vc_column][vc_pr_prod_tag_link][\/vc_column][\/vc_row][vc_row full_width=\u00bbstretch_row_content_no_spaces\u00bb][vc_column][vc_pr_projects backgrey=\u00bbtrue\u00bb][\/vc_column][\/vc_row][vc_row][vc_column][vc_pr_news][\/vc_column][\/vc_row]<\/p>\n<\/div>","protected":false},"excerpt":{"rendered":"<p>[vc_row][vc_column][vc_pr_pres_domaines title=\u00bbPronal junto a las Fuerzas Armadas\u00bb gallery=\u00bb993,5357,5306,5259,5514,6014,8223,5347,5372&#8243;]Con m\u00e1s de 50 a\u00f1os de experiencia junto a las Fuerzas Armadas, Pronal dise\u00f1a soluciones perfectamente adaptadas para la log\u00edstica del petr\u00f3leo y&#8230;<\/p>\n","protected":false},"author":2,"featured_media":5361,"parent":3082,"menu_order":3,"comment_status":"closed","ping_status":"closed","template":"","meta":{"_acf_changed":false,"inline_featured_image":false,"footnotes":""},"class_list":["post-3094","page","type-page","status-publish","has-post-thumbnail","hentry"],"acf":[],"yoast_head":"<!-- This site is optimized with the Yoast SEO plugin v25.8 - https:\/\/yoast.com\/wordpress\/plugins\/seo\/ -->\n<title>Las soluciones flexibles\/inflables para la defensa | Pronal<\/title>\n<meta name=\"description\" content=\"Descubra todos los productos Pronal para la defensa, el ej\u00e9rcito y las fuerzas armadas: tanque de combustible flexible, cisterna de transporte, base de vida, etc.\" \/>\n<meta name=\"robots\" content=\"index, follow, max-snippet:-1, max-image-preview:large, max-video-preview:-1\" \/>\n<link rel=\"canonical\" href=\"https:\/\/www.pronal.com\/es\/sectores-de-actividad-pronal\/defensa\/\" \/>\n<meta property=\"og:locale\" content=\"es_ES\" \/>\n<meta property=\"og:type\" content=\"article\" \/>\n<meta property=\"og:title\" content=\"Las soluciones flexibles\/inflables para la defensa | Pronal\" \/>\n<meta property=\"og:description\" content=\"Descubra todos los productos Pronal para la defensa, el ej\u00e9rcito y las fuerzas armadas: tanque de combustible flexible, cisterna de transporte, base de vida, etc.\" \/>\n<meta property=\"og:url\" content=\"https:\/\/www.pronal.com\/es\/sectores-de-actividad-pronal\/defensa\/\" \/>\n<meta property=\"og:site_name\" content=\"Pronal - Conception et fabrication de structure flexible\" \/>\n<meta property=\"article:modified_time\" content=\"2026-02-06T14:36:28+00:00\" \/>\n<meta property=\"og:image\" content=\"https:\/\/www.pronal.com\/wp-content\/uploads\/2019\/03\/reservoir-souple-tractable-helitransportable5.jpg\" \/>\n\t<meta property=\"og:image:width\" content=\"656\" \/>\n\t<meta property=\"og:image:height\" content=\"521\" \/>\n\t<meta property=\"og:image:type\" content=\"image\/jpeg\" \/>\n<meta name=\"twitter:card\" content=\"summary_large_image\" \/>\n<meta name=\"twitter:label1\" content=\"Tiempo de lectura\" \/>\n\t<meta name=\"twitter:data1\" content=\"2 minutos\" \/>\n<script type=\"application\/ld+json\" class=\"yoast-schema-graph\">{\"@context\":\"https:\/\/schema.org\",\"@graph\":[{\"@type\":\"WebPage\",\"@id\":\"https:\/\/www.pronal.com\/es\/sectores-de-actividad-pronal\/defensa\/\",\"url\":\"https:\/\/www.pronal.com\/es\/sectores-de-actividad-pronal\/defensa\/\",\"name\":\"Las soluciones flexibles\/inflables para la defensa | Pronal\",\"isPartOf\":{\"@id\":\"https:\/\/www.pronal.com\/es\/#website\"},\"primaryImageOfPage\":{\"@id\":\"https:\/\/www.pronal.com\/es\/sectores-de-actividad-pronal\/defensa\/#primaryimage\"},\"image\":{\"@id\":\"https:\/\/www.pronal.com\/es\/sectores-de-actividad-pronal\/defensa\/#primaryimage\"},\"thumbnailUrl\":\"https:\/\/www.pronal.com\/wp-content\/uploads\/2019\/03\/reservoir-souple-tractable-helitransportable5.jpg\",\"datePublished\":\"2018-12-18T13:24:39+00:00\",\"dateModified\":\"2026-02-06T14:36:28+00:00\",\"description\":\"Descubra todos los productos Pronal para la defensa, el ej\u00e9rcito y las fuerzas armadas: tanque de combustible flexible, cisterna de transporte, base de vida, etc.\",\"breadcrumb\":{\"@id\":\"https:\/\/www.pronal.com\/es\/sectores-de-actividad-pronal\/defensa\/#breadcrumb\"},\"inLanguage\":\"es\",\"potentialAction\":[{\"@type\":\"ReadAction\",\"target\":[\"https:\/\/www.pronal.com\/es\/sectores-de-actividad-pronal\/defensa\/\"]}]},{\"@type\":\"ImageObject\",\"inLanguage\":\"es\",\"@id\":\"https:\/\/www.pronal.com\/es\/sectores-de-actividad-pronal\/defensa\/#primaryimage\",\"url\":\"https:\/\/www.pronal.com\/wp-content\/uploads\/2019\/03\/reservoir-souple-tractable-helitransportable5.jpg\",\"contentUrl\":\"https:\/\/www.pronal.com\/wp-content\/uploads\/2019\/03\/reservoir-souple-tractable-helitransportable5.jpg\",\"width\":656,\"height\":521,\"caption\":\"R\u00e9servoir souple tractable pour carburant\"},{\"@type\":\"BreadcrumbList\",\"@id\":\"https:\/\/www.pronal.com\/es\/sectores-de-actividad-pronal\/defensa\/#breadcrumb\",\"itemListElement\":[{\"@type\":\"ListItem\",\"position\":1,\"name\":\"Sectores\",\"item\":\"https:\/\/www.pronal.com\/es\/sectores-de-actividad-pronal\/\"},{\"@type\":\"ListItem\",\"position\":2,\"name\":\"Defensa\"}]},{\"@type\":\"WebSite\",\"@id\":\"https:\/\/www.pronal.com\/es\/#website\",\"url\":\"https:\/\/www.pronal.com\/es\/\",\"name\":\"Pronal - Conception et fabrication de structure flexible\",\"description\":\"Pronal - Conception et fabrication de structure flexible\",\"publisher\":{\"@id\":\"https:\/\/www.pronal.com\/es\/#organization\"},\"potentialAction\":[{\"@type\":\"SearchAction\",\"target\":{\"@type\":\"EntryPoint\",\"urlTemplate\":\"https:\/\/www.pronal.com\/es\/?s={search_term_string}\"},\"query-input\":{\"@type\":\"PropertyValueSpecification\",\"valueRequired\":true,\"valueName\":\"search_term_string\"}}],\"inLanguage\":\"es\"},{\"@type\":\"Organization\",\"@id\":\"https:\/\/www.pronal.com\/es\/#organization\",\"name\":\"Pronal\",\"url\":\"https:\/\/www.pronal.com\/es\/\",\"logo\":{\"@type\":\"ImageObject\",\"inLanguage\":\"es\",\"@id\":\"https:\/\/www.pronal.com\/es\/#\/schema\/logo\/image\/\",\"url\":\"https:\/\/www.pronal.com\/wp-content\/uploads\/2019\/06\/logo-pronal.png\",\"contentUrl\":\"https:\/\/www.pronal.com\/wp-content\/uploads\/2019\/06\/logo-pronal.png\",\"width\":504,\"height\":80,\"caption\":\"Pronal\"},\"image\":{\"@id\":\"https:\/\/www.pronal.com\/es\/#\/schema\/logo\/image\/\"}}]}<\/script>\n<!-- \/ Yoast SEO plugin. -->","yoast_head_json":{"title":"Las soluciones flexibles\/inflables para la defensa | Pronal","description":"Descubra todos los productos Pronal para la defensa, el ej\u00e9rcito y las fuerzas armadas: tanque de combustible flexible, cisterna de transporte, base de vida, etc.","robots":{"index":"index","follow":"follow","max-snippet":"max-snippet:-1","max-image-preview":"max-image-preview:large","max-video-preview":"max-video-preview:-1"},"canonical":"https:\/\/www.pronal.com\/es\/sectores-de-actividad-pronal\/defensa\/","og_locale":"es_ES","og_type":"article","og_title":"Las soluciones flexibles\/inflables para la defensa | Pronal","og_description":"Descubra todos los productos Pronal para la defensa, el ej\u00e9rcito y las fuerzas armadas: tanque de combustible flexible, cisterna de transporte, base de vida, etc.","og_url":"https:\/\/www.pronal.com\/es\/sectores-de-actividad-pronal\/defensa\/","og_site_name":"Pronal - Conception et fabrication de structure flexible","article_modified_time":"2026-02-06T14:36:28+00:00","og_image":[{"width":656,"height":521,"url":"https:\/\/www.pronal.com\/wp-content\/uploads\/2019\/03\/reservoir-souple-tractable-helitransportable5.jpg","type":"image\/jpeg"}],"twitter_card":"summary_large_image","twitter_misc":{"Tiempo de lectura":"2 minutos"},"schema":{"@context":"https:\/\/schema.org","@graph":[{"@type":"WebPage","@id":"https:\/\/www.pronal.com\/es\/sectores-de-actividad-pronal\/defensa\/","url":"https:\/\/www.pronal.com\/es\/sectores-de-actividad-pronal\/defensa\/","name":"Las soluciones flexibles\/inflables para la defensa | Pronal","isPartOf":{"@id":"https:\/\/www.pronal.com\/es\/#website"},"primaryImageOfPage":{"@id":"https:\/\/www.pronal.com\/es\/sectores-de-actividad-pronal\/defensa\/#primaryimage"},"image":{"@id":"https:\/\/www.pronal.com\/es\/sectores-de-actividad-pronal\/defensa\/#primaryimage"},"thumbnailUrl":"https:\/\/www.pronal.com\/wp-content\/uploads\/2019\/03\/reservoir-souple-tractable-helitransportable5.jpg","datePublished":"2018-12-18T13:24:39+00:00","dateModified":"2026-02-06T14:36:28+00:00","description":"Descubra todos los productos Pronal para la defensa, el ej\u00e9rcito y las fuerzas armadas: tanque de combustible flexible, cisterna de transporte, base de vida, etc.","breadcrumb":{"@id":"https:\/\/www.pronal.com\/es\/sectores-de-actividad-pronal\/defensa\/#breadcrumb"},"inLanguage":"es","potentialAction":[{"@type":"ReadAction","target":["https:\/\/www.pronal.com\/es\/sectores-de-actividad-pronal\/defensa\/"]}]},{"@type":"ImageObject","inLanguage":"es","@id":"https:\/\/www.pronal.com\/es\/sectores-de-actividad-pronal\/defensa\/#primaryimage","url":"https:\/\/www.pronal.com\/wp-content\/uploads\/2019\/03\/reservoir-souple-tractable-helitransportable5.jpg","contentUrl":"https:\/\/www.pronal.com\/wp-content\/uploads\/2019\/03\/reservoir-souple-tractable-helitransportable5.jpg","width":656,"height":521,"caption":"R\u00e9servoir souple tractable pour carburant"},{"@type":"BreadcrumbList","@id":"https:\/\/www.pronal.com\/es\/sectores-de-actividad-pronal\/defensa\/#breadcrumb","itemListElement":[{"@type":"ListItem","position":1,"name":"Sectores","item":"https:\/\/www.pronal.com\/es\/sectores-de-actividad-pronal\/"},{"@type":"ListItem","position":2,"name":"Defensa"}]},{"@type":"WebSite","@id":"https:\/\/www.pronal.com\/es\/#website","url":"https:\/\/www.pronal.com\/es\/","name":"Pronal - Conception et fabrication de structure flexible","description":"Pronal - Conception et fabrication de structure flexible","publisher":{"@id":"https:\/\/www.pronal.com\/es\/#organization"},"potentialAction":[{"@type":"SearchAction","target":{"@type":"EntryPoint","urlTemplate":"https:\/\/www.pronal.com\/es\/?s={search_term_string}"},"query-input":{"@type":"PropertyValueSpecification","valueRequired":true,"valueName":"search_term_string"}}],"inLanguage":"es"},{"@type":"Organization","@id":"https:\/\/www.pronal.com\/es\/#organization","name":"Pronal","url":"https:\/\/www.pronal.com\/es\/","logo":{"@type":"ImageObject","inLanguage":"es","@id":"https:\/\/www.pronal.com\/es\/#\/schema\/logo\/image\/","url":"https:\/\/www.pronal.com\/wp-content\/uploads\/2019\/06\/logo-pronal.png","contentUrl":"https:\/\/www.pronal.com\/wp-content\/uploads\/2019\/06\/logo-pronal.png","width":504,"height":80,"caption":"Pronal"},"image":{"@id":"https:\/\/www.pronal.com\/es\/#\/schema\/logo\/image\/"}}]}},"_links":{"self":[{"href":"https:\/\/www.pronal.com\/es\/wp-json\/wp\/v2\/pages\/3094","targetHints":{"allow":["GET"]}}],"collection":[{"href":"https:\/\/www.pronal.com\/es\/wp-json\/wp\/v2\/pages"}],"about":[{"href":"https:\/\/www.pronal.com\/es\/wp-json\/wp\/v2\/types\/page"}],"author":[{"embeddable":true,"href":"https:\/\/www.pronal.com\/es\/wp-json\/wp\/v2\/users\/2"}],"replies":[{"embeddable":true,"href":"https:\/\/www.pronal.com\/es\/wp-json\/wp\/v2\/comments?post=3094"}],"version-history":[{"count":11,"href":"https:\/\/www.pronal.com\/es\/wp-json\/wp\/v2\/pages\/3094\/revisions"}],"predecessor-version":[{"id":36179,"href":"https:\/\/www.pronal.com\/es\/wp-json\/wp\/v2\/pages\/3094\/revisions\/36179"}],"up":[{"embeddable":true,"href":"https:\/\/www.pronal.com\/es\/wp-json\/wp\/v2\/pages\/3082"}],"wp:featuredmedia":[{"embeddable":true,"href":"https:\/\/www.pronal.com\/es\/wp-json\/wp\/v2\/media\/5361"}],"wp:attachment":[{"href":"https:\/\/www.pronal.com\/es\/wp-json\/wp\/v2\/media?parent=3094"}],"curies":[{"name":"wp","href":"https:\/\/api.w.org\/{rel}","templated":true}]}}