{"id":3102,"date":"2018-12-18T14:07:00","date_gmt":"2018-12-18T13:07:00","guid":{"rendered":"https:\/\/www.pronal.com\/domaines\/mecanique\/"},"modified":"2020-10-15T15:56:02","modified_gmt":"2020-10-15T13:56:02","slug":"industrias","status":"publish","type":"page","link":"https:\/\/www.pronal.com\/es\/sectores-de-actividad-pronal\/industrias\/","title":{"rendered":"Industrias"},"content":{"rendered":"<div class=\"wpb-content-wrapper\"><p>[vc_row][vc_column][vc_pr_pres_domaines title=\u00bbAl servicio de las industrias de construcci\u00f3n mec\u00e1nica\u00bb gallery=\u00bb192,4701,5964,6460,4523,4644,4624,4508,4513&#8243; info=\u00bbtrue\u00bb]Pronal desarrolla para las industrias soluciones innovadoras en m\u00faltiples sectores de actividad y para una amplia gama de aplicaciones.<\/p>\n<p>Dise\u00f1amos<a href=\"https:\/\/www.pronal.com\/es\/producto\/cilindros-inflables\/cilindros-inflables-especiales\/\"><strong> cilindros neum\u00e1ticos flexibles est\u00e1ndares<\/strong><\/a> o <strong>a medida<\/strong> que se adaptan perfectamente al tama\u00f1o y las condiciones de uso previstas y se usan como actuadores para funciones tales como presionar, empujar, guiar, apretar o sellar. Estos actuadores neum\u00e1ticos se integran en m\u00faltiples conjuntos mec\u00e1nicos. Tambi\u00e9n fabricamos<a href=\"https:\/\/www.pronal.com\/es\/producto\/cojines-de-elevacion\/cojin-de-elevacion-neumatico-clt\/\"><strong> cojines neum\u00e1ticos<\/strong><\/a> para la<strong> elevaci\u00f3n de m\u00e1quinas, bloques de piedra y veh\u00edculos<\/strong>.<\/p>\n<p>Adem\u00e1s, fabricamos <strong>compensadores hidr\u00e1ulicos<\/strong> que absorben la variaci\u00f3n del volumen de aceite debida al calentamiento y a\u00edslan el aceite de la contaminaci\u00f3n externa (humedad, polvo, etc.). Tambi\u00e9n se pueden instalar en los <a href=\"https:\/\/www.pronal.com\/es\/producto\/compensadores-inflables\/membrana-de-compensacion-antigolpe-de-ariete-mab\/\"><strong>dep\u00f3sitos antiariete<\/strong><\/a>. Fabricamos estos sistemas hidr\u00e1ulicos de manera est\u00e1ndar o personalizada.<\/p>\n<p>Finalmente, nuestras <a href=\"https:\/\/www.pronal.com\/es\/producto\/pinzas-neumaticas\/pinzas-inflables-para-botellas-mcs\/\"><strong>pinzas neum\u00e1ticas<\/strong><\/a> permiten <strong>paletizar y despaletizar botellas<\/strong> en las f\u00e1bricas de vidrio y plantas embotelladoras. Las diferentes gamas se definen en funci\u00f3n de la forma y del volumen de las botellas.<\/p>\n<p><strong>M\u00e1s de 100 000 clientes<\/strong> ya conf\u00edan en nosotros. \u00bfY usted?[\/vc_pr_pres_domaines][\/vc_column][\/vc_row][vc_row full_width=\u00bbstretch_row_content_no_spaces\u00bb][vc_column][vc_pr_int_domaines][\/vc_column][\/vc_row][vc_row][vc_column][vc_pr_block_products title=\u00bbProduits phares\u00bb products=\u00bb9529,9528,9530,9531,9591,9592,9593,9594,9492,9500,9477,9478,9630,9548,9547,9546,9526,9525,9582,9581,9589&#8243;][\/vc_column][\/vc_row][vc_row][vc_column][vc_pr_prod_tag_link][\/vc_column][\/vc_row][vc_row full_width=\u00bbstretch_row_content_no_spaces\u00bb][vc_column][vc_pr_projects backgrey=\u00bbtrue\u00bb][\/vc_column][\/vc_row][vc_row][vc_column][vc_pr_news][\/vc_column][\/vc_row]<\/p>\n<\/div>","protected":false},"excerpt":{"rendered":"<p>[vc_row][vc_column][vc_pr_pres_domaines title=\u00bbAl servicio de las industrias de construcci\u00f3n mec\u00e1nica\u00bb gallery=\u00bb192,4701,5964,6460,4523,4644,4624,4508,4513&#8243; info=\u00bbtrue\u00bb]Pronal desarrolla para las industrias soluciones innovadoras en m\u00faltiples sectores de actividad y para una amplia gama de aplicaciones. Dise\u00f1amos&#8230;<\/p>\n","protected":false},"author":2,"featured_media":1228,"parent":3082,"menu_order":8,"comment_status":"closed","ping_status":"closed","template":"","meta":{"_acf_changed":false,"inline_featured_image":false,"footnotes":""},"class_list":["post-3102","page","type-page","status-publish","has-post-thumbnail","hentry"],"acf":[],"yoast_head":"<!-- This site is optimized with the Yoast SEO plugin v25.8 - https:\/\/yoast.com\/wordpress\/plugins\/seo\/ -->\n<title>Las soluciones flexibles\/inflables para la industria | Pronal<\/title>\n<meta name=\"description\" content=\"Descubra los productos Pronal dedicados a las industrias: textiles, autom\u00f3viles, farmac\u00e9uticos, alimentarios, de cristaler\u00eda, etc.\" \/>\n<meta name=\"robots\" content=\"index, follow, max-snippet:-1, max-image-preview:large, max-video-preview:-1\" \/>\n<link rel=\"canonical\" href=\"https:\/\/www.pronal.com\/es\/sectores-de-actividad-pronal\/industrias\/\" \/>\n<meta property=\"og:locale\" content=\"es_ES\" \/>\n<meta property=\"og:type\" content=\"article\" \/>\n<meta property=\"og:title\" content=\"Las soluciones flexibles\/inflables para la industria | Pronal\" \/>\n<meta property=\"og:description\" content=\"Descubra los productos Pronal dedicados a las industrias: textiles, autom\u00f3viles, farmac\u00e9uticos, alimentarios, de cristaler\u00eda, etc.\" \/>\n<meta property=\"og:url\" content=\"https:\/\/www.pronal.com\/es\/sectores-de-actividad-pronal\/industrias\/\" \/>\n<meta property=\"og:site_name\" content=\"Pronal - Conception et fabrication de structure flexible\" \/>\n<meta property=\"article:modified_time\" content=\"2020-10-15T13:56:02+00:00\" \/>\n<meta property=\"og:image\" content=\"https:\/\/www.pronal.com\/wp-content\/uploads\/2018\/12\/pronal-mecanique.jpg\" \/>\n\t<meta property=\"og:image:width\" content=\"1080\" \/>\n\t<meta property=\"og:image:height\" content=\"683\" \/>\n\t<meta property=\"og:image:type\" content=\"image\/jpeg\" \/>\n<meta name=\"twitter:card\" content=\"summary_large_image\" \/>\n<meta name=\"twitter:label1\" content=\"Tiempo de lectura\" \/>\n\t<meta name=\"twitter:data1\" content=\"1 minuto\" \/>\n<script type=\"application\/ld+json\" class=\"yoast-schema-graph\">{\"@context\":\"https:\/\/schema.org\",\"@graph\":[{\"@type\":\"WebPage\",\"@id\":\"https:\/\/www.pronal.com\/es\/sectores-de-actividad-pronal\/industrias\/\",\"url\":\"https:\/\/www.pronal.com\/es\/sectores-de-actividad-pronal\/industrias\/\",\"name\":\"Las soluciones flexibles\/inflables para la industria | Pronal\",\"isPartOf\":{\"@id\":\"https:\/\/www.pronal.com\/es\/#website\"},\"primaryImageOfPage\":{\"@id\":\"https:\/\/www.pronal.com\/es\/sectores-de-actividad-pronal\/industrias\/#primaryimage\"},\"image\":{\"@id\":\"https:\/\/www.pronal.com\/es\/sectores-de-actividad-pronal\/industrias\/#primaryimage\"},\"thumbnailUrl\":\"https:\/\/www.pronal.com\/wp-content\/uploads\/2018\/12\/pronal-mecanique.jpg\",\"datePublished\":\"2018-12-18T13:07:00+00:00\",\"dateModified\":\"2020-10-15T13:56:02+00:00\",\"description\":\"Descubra los productos Pronal dedicados a las industrias: textiles, autom\u00f3viles, farmac\u00e9uticos, alimentarios, de cristaler\u00eda, etc.\",\"breadcrumb\":{\"@id\":\"https:\/\/www.pronal.com\/es\/sectores-de-actividad-pronal\/industrias\/#breadcrumb\"},\"inLanguage\":\"es\",\"potentialAction\":[{\"@type\":\"ReadAction\",\"target\":[\"https:\/\/www.pronal.com\/es\/sectores-de-actividad-pronal\/industrias\/\"]}]},{\"@type\":\"ImageObject\",\"inLanguage\":\"es\",\"@id\":\"https:\/\/www.pronal.com\/es\/sectores-de-actividad-pronal\/industrias\/#primaryimage\",\"url\":\"https:\/\/www.pronal.com\/wp-content\/uploads\/2018\/12\/pronal-mecanique.jpg\",\"contentUrl\":\"https:\/\/www.pronal.com\/wp-content\/uploads\/2018\/12\/pronal-mecanique.jpg\",\"width\":1080,\"height\":683,\"caption\":\"Pronal Industrie\"},{\"@type\":\"BreadcrumbList\",\"@id\":\"https:\/\/www.pronal.com\/es\/sectores-de-actividad-pronal\/industrias\/#breadcrumb\",\"itemListElement\":[{\"@type\":\"ListItem\",\"position\":1,\"name\":\"Sectores\",\"item\":\"https:\/\/www.pronal.com\/es\/sectores-de-actividad-pronal\/\"},{\"@type\":\"ListItem\",\"position\":2,\"name\":\"Industrias\"}]},{\"@type\":\"WebSite\",\"@id\":\"https:\/\/www.pronal.com\/es\/#website\",\"url\":\"https:\/\/www.pronal.com\/es\/\",\"name\":\"Pronal - Conception et fabrication de structure flexible\",\"description\":\"Pronal - Conception et fabrication de structure flexible\",\"publisher\":{\"@id\":\"https:\/\/www.pronal.com\/es\/#organization\"},\"potentialAction\":[{\"@type\":\"SearchAction\",\"target\":{\"@type\":\"EntryPoint\",\"urlTemplate\":\"https:\/\/www.pronal.com\/es\/?s={search_term_string}\"},\"query-input\":{\"@type\":\"PropertyValueSpecification\",\"valueRequired\":true,\"valueName\":\"search_term_string\"}}],\"inLanguage\":\"es\"},{\"@type\":\"Organization\",\"@id\":\"https:\/\/www.pronal.com\/es\/#organization\",\"name\":\"Pronal\",\"url\":\"https:\/\/www.pronal.com\/es\/\",\"logo\":{\"@type\":\"ImageObject\",\"inLanguage\":\"es\",\"@id\":\"https:\/\/www.pronal.com\/es\/#\/schema\/logo\/image\/\",\"url\":\"https:\/\/www.pronal.com\/wp-content\/uploads\/2019\/06\/logo-pronal.png\",\"contentUrl\":\"https:\/\/www.pronal.com\/wp-content\/uploads\/2019\/06\/logo-pronal.png\",\"width\":504,\"height\":80,\"caption\":\"Pronal\"},\"image\":{\"@id\":\"https:\/\/www.pronal.com\/es\/#\/schema\/logo\/image\/\"}}]}<\/script>\n<!-- \/ Yoast SEO plugin. -->","yoast_head_json":{"title":"Las soluciones flexibles\/inflables para la industria | Pronal","description":"Descubra los productos Pronal dedicados a las industrias: textiles, autom\u00f3viles, farmac\u00e9uticos, alimentarios, de cristaler\u00eda, etc.","robots":{"index":"index","follow":"follow","max-snippet":"max-snippet:-1","max-image-preview":"max-image-preview:large","max-video-preview":"max-video-preview:-1"},"canonical":"https:\/\/www.pronal.com\/es\/sectores-de-actividad-pronal\/industrias\/","og_locale":"es_ES","og_type":"article","og_title":"Las soluciones flexibles\/inflables para la industria | Pronal","og_description":"Descubra los productos Pronal dedicados a las industrias: textiles, autom\u00f3viles, farmac\u00e9uticos, alimentarios, de cristaler\u00eda, etc.","og_url":"https:\/\/www.pronal.com\/es\/sectores-de-actividad-pronal\/industrias\/","og_site_name":"Pronal - Conception et fabrication de structure flexible","article_modified_time":"2020-10-15T13:56:02+00:00","og_image":[{"width":1080,"height":683,"url":"https:\/\/www.pronal.com\/wp-content\/uploads\/2018\/12\/pronal-mecanique.jpg","type":"image\/jpeg"}],"twitter_card":"summary_large_image","twitter_misc":{"Tiempo de lectura":"1 minuto"},"schema":{"@context":"https:\/\/schema.org","@graph":[{"@type":"WebPage","@id":"https:\/\/www.pronal.com\/es\/sectores-de-actividad-pronal\/industrias\/","url":"https:\/\/www.pronal.com\/es\/sectores-de-actividad-pronal\/industrias\/","name":"Las soluciones flexibles\/inflables para la industria | Pronal","isPartOf":{"@id":"https:\/\/www.pronal.com\/es\/#website"},"primaryImageOfPage":{"@id":"https:\/\/www.pronal.com\/es\/sectores-de-actividad-pronal\/industrias\/#primaryimage"},"image":{"@id":"https:\/\/www.pronal.com\/es\/sectores-de-actividad-pronal\/industrias\/#primaryimage"},"thumbnailUrl":"https:\/\/www.pronal.com\/wp-content\/uploads\/2018\/12\/pronal-mecanique.jpg","datePublished":"2018-12-18T13:07:00+00:00","dateModified":"2020-10-15T13:56:02+00:00","description":"Descubra los productos Pronal dedicados a las industrias: textiles, autom\u00f3viles, farmac\u00e9uticos, alimentarios, de cristaler\u00eda, etc.","breadcrumb":{"@id":"https:\/\/www.pronal.com\/es\/sectores-de-actividad-pronal\/industrias\/#breadcrumb"},"inLanguage":"es","potentialAction":[{"@type":"ReadAction","target":["https:\/\/www.pronal.com\/es\/sectores-de-actividad-pronal\/industrias\/"]}]},{"@type":"ImageObject","inLanguage":"es","@id":"https:\/\/www.pronal.com\/es\/sectores-de-actividad-pronal\/industrias\/#primaryimage","url":"https:\/\/www.pronal.com\/wp-content\/uploads\/2018\/12\/pronal-mecanique.jpg","contentUrl":"https:\/\/www.pronal.com\/wp-content\/uploads\/2018\/12\/pronal-mecanique.jpg","width":1080,"height":683,"caption":"Pronal Industrie"},{"@type":"BreadcrumbList","@id":"https:\/\/www.pronal.com\/es\/sectores-de-actividad-pronal\/industrias\/#breadcrumb","itemListElement":[{"@type":"ListItem","position":1,"name":"Sectores","item":"https:\/\/www.pronal.com\/es\/sectores-de-actividad-pronal\/"},{"@type":"ListItem","position":2,"name":"Industrias"}]},{"@type":"WebSite","@id":"https:\/\/www.pronal.com\/es\/#website","url":"https:\/\/www.pronal.com\/es\/","name":"Pronal - Conception et fabrication de structure flexible","description":"Pronal - Conception et fabrication de structure flexible","publisher":{"@id":"https:\/\/www.pronal.com\/es\/#organization"},"potentialAction":[{"@type":"SearchAction","target":{"@type":"EntryPoint","urlTemplate":"https:\/\/www.pronal.com\/es\/?s={search_term_string}"},"query-input":{"@type":"PropertyValueSpecification","valueRequired":true,"valueName":"search_term_string"}}],"inLanguage":"es"},{"@type":"Organization","@id":"https:\/\/www.pronal.com\/es\/#organization","name":"Pronal","url":"https:\/\/www.pronal.com\/es\/","logo":{"@type":"ImageObject","inLanguage":"es","@id":"https:\/\/www.pronal.com\/es\/#\/schema\/logo\/image\/","url":"https:\/\/www.pronal.com\/wp-content\/uploads\/2019\/06\/logo-pronal.png","contentUrl":"https:\/\/www.pronal.com\/wp-content\/uploads\/2019\/06\/logo-pronal.png","width":504,"height":80,"caption":"Pronal"},"image":{"@id":"https:\/\/www.pronal.com\/es\/#\/schema\/logo\/image\/"}}]}},"_links":{"self":[{"href":"https:\/\/www.pronal.com\/es\/wp-json\/wp\/v2\/pages\/3102","targetHints":{"allow":["GET"]}}],"collection":[{"href":"https:\/\/www.pronal.com\/es\/wp-json\/wp\/v2\/pages"}],"about":[{"href":"https:\/\/www.pronal.com\/es\/wp-json\/wp\/v2\/types\/page"}],"author":[{"embeddable":true,"href":"https:\/\/www.pronal.com\/es\/wp-json\/wp\/v2\/users\/2"}],"replies":[{"embeddable":true,"href":"https:\/\/www.pronal.com\/es\/wp-json\/wp\/v2\/comments?post=3102"}],"version-history":[{"count":10,"href":"https:\/\/www.pronal.com\/es\/wp-json\/wp\/v2\/pages\/3102\/revisions"}],"predecessor-version":[{"id":11104,"href":"https:\/\/www.pronal.com\/es\/wp-json\/wp\/v2\/pages\/3102\/revisions\/11104"}],"up":[{"embeddable":true,"href":"https:\/\/www.pronal.com\/es\/wp-json\/wp\/v2\/pages\/3082"}],"wp:featuredmedia":[{"embeddable":true,"href":"https:\/\/www.pronal.com\/es\/wp-json\/wp\/v2\/media\/1228"}],"wp:attachment":[{"href":"https:\/\/www.pronal.com\/es\/wp-json\/wp\/v2\/media?parent=3102"}],"curies":[{"name":"wp","href":"https:\/\/api.w.org\/{rel}","templated":true}]}}