{"id":3110,"date":"2018-12-18T14:16:48","date_gmt":"2018-12-18T13:16:48","guid":{"rendered":"https:\/\/www.pronal.com\/domaines\/offshore\/"},"modified":"2020-10-15T17:22:58","modified_gmt":"2020-10-15T15:22:58","slug":"petroleo-y-gas","status":"publish","type":"page","link":"https:\/\/www.pronal.com\/es\/sectores-de-actividad-pronal\/petroleo-y-gas\/","title":{"rendered":"Petr\u00f3leo y gas"},"content":{"rendered":"<div class=\"wpb-content-wrapper\"><p>[vc_row][vc_column][vc_pr_pres_domaines title=\u00bbPronal acompa\u00f1a en cada etapa de la cadena de suministro de petr\u00f3leo y de gas\u00bb gallery=\u00bb7803,7818,7828,7843,7833,5873,5831,7848,5810&#8243; info=\u00bbtrue\u00bb]Gracias a su experiencia y sus conocimientos, Pronal interviene en cada etapa de la cadena de suministro de petr\u00f3leo y de gas. Intervenimos <span style=\"color: #00afe9;\"><strong>upstream y downstream<\/strong> <\/span>(ver <strong>p\u00e1gina Combustibles<\/strong>).<\/p>\n<p>Primero, ofrecemos soluciones flexibles para ayudar a la <strong><span style=\"color: #00afe9;\">flotabilidad y al anclaje en mar de las plataformas off-shore<\/span><\/strong>. Nuestros equipos garantizan la estanqueidad y sujeci\u00f3n de la columna de hormig\u00f3n durante las operaciones de cementaci\u00f3n en una plataforma fija.<\/p>\n<p>Asimismo, dise\u00f1amos productos flexibles como obturadores inflables para <strong><span style=\"color: #00afe9;\">tareas de mantenimiento en el medio submarino<\/span><\/strong>, <strong><span style=\"color: #00afe9;\">soldaduras<\/span><\/strong> y <span style=\"color: #00afe9;\"><strong>reflotamientos<\/strong><\/span>. Adem\u00e1s, Pronal suministra <span style=\"color: #00afe9;\"><strong>sistemas de elevaci\u00f3n<\/strong><\/span> y <span style=\"color: #00afe9;\"><strong>calaje<\/strong> <\/span>para tuber\u00edas submarinas, as\u00ed como juntas inflables como parte del <strong><span style=\"color: #00afe9;\">proyecto EHTF<\/span><\/strong>.<\/p>\n<p>Podemos supervisar la instalaci\u00f3n y la puesta en marcha de nuestros productos on-shore y off-shore. Nuestro equipo t\u00e9cnico, que cuenta con los<strong><span style=\"color: #00afe9;\"> certificados HUET y BOSIET<\/span><\/strong>, le brindar\u00e1 toda la asistencia necesaria en cualquier parte del mundo. Pronal forma parte adem\u00e1s de la <strong><span style=\"color: #00afe9;\">red francesa Windustry<\/span><\/strong>, una red de empresas que ofrecen servicios en el mercado e\u00f3lico off-shore.[\/vc_pr_pres_domaines][\/vc_column][\/vc_row][vc_row full_width=\u00bbstretch_row_content_no_spaces\u00bb][vc_column][vc_pr_int_domaines][\/vc_column][\/vc_row][vc_row][vc_column][vc_pr_block_products title=\u00bbproductos destacados\u00bb products=\u00bb8354,8355,8356,8357,8358,8359,8360,9552,9548,9629,9630,9632,9633,9634,9503,9635,9636,9531,9528,9529&#8243;][\/vc_column][\/vc_row][vc_row][vc_column][vc_pr_prod_tag_link][\/vc_column][\/vc_row][vc_row full_width=\u00bbstretch_row_content_no_spaces\u00bb][vc_column][vc_pr_projects backgrey=\u00bbtrue\u00bb][\/vc_column][\/vc_row][vc_row][vc_column][vc_pr_news][\/vc_column][\/vc_row]<\/p>\n<\/div>","protected":false},"excerpt":{"rendered":"<p>[vc_row][vc_column][vc_pr_pres_domaines title=\u00bbPronal acompa\u00f1a en cada etapa de la cadena de suministro de petr\u00f3leo y de gas\u00bb gallery=\u00bb7803,7818,7828,7843,7833,5873,5831,7848,5810&#8243; info=\u00bbtrue\u00bb]Gracias a su experiencia y sus conocimientos, Pronal interviene en cada etapa de&#8230;<\/p>\n","protected":false},"author":2,"featured_media":201,"parent":3082,"menu_order":9,"comment_status":"closed","ping_status":"closed","template":"","meta":{"_acf_changed":false,"inline_featured_image":false,"footnotes":""},"class_list":["post-3110","page","type-page","status-publish","has-post-thumbnail","hentry"],"acf":[],"yoast_head":"<!-- This site is optimized with the Yoast SEO plugin v25.8 - https:\/\/yoast.com\/wordpress\/plugins\/seo\/ -->\n<title>Las soluciones flexibles\/inflables para el petr\u00f3leo y el gas | Pronal<\/title>\n<meta name=\"description\" content=\"Descubra los productos Pronal para petr\u00f3leo y gas, upstream y downstream: flotabilidad de las plataformas, almacenamiento de combustible...\" \/>\n<meta name=\"robots\" content=\"index, follow, max-snippet:-1, max-image-preview:large, max-video-preview:-1\" \/>\n<link rel=\"canonical\" href=\"https:\/\/www.pronal.com\/es\/sectores-de-actividad-pronal\/petroleo-y-gas\/\" \/>\n<meta property=\"og:locale\" content=\"es_ES\" \/>\n<meta property=\"og:type\" content=\"article\" \/>\n<meta property=\"og:title\" content=\"Las soluciones flexibles\/inflables para el petr\u00f3leo y el gas | Pronal\" \/>\n<meta property=\"og:description\" content=\"Descubra los productos Pronal para petr\u00f3leo y gas, upstream y downstream: flotabilidad de las plataformas, almacenamiento de combustible...\" \/>\n<meta property=\"og:url\" content=\"https:\/\/www.pronal.com\/es\/sectores-de-actividad-pronal\/petroleo-y-gas\/\" \/>\n<meta property=\"og:site_name\" content=\"Pronal - Conception et fabrication de structure flexible\" \/>\n<meta property=\"article:modified_time\" content=\"2020-10-15T15:22:58+00:00\" \/>\n<meta property=\"og:image\" content=\"https:\/\/www.pronal.com\/wp-content\/uploads\/2018\/11\/pronal-offshore.jpg\" \/>\n\t<meta property=\"og:image:width\" content=\"1920\" \/>\n\t<meta property=\"og:image:height\" content=\"1214\" \/>\n\t<meta property=\"og:image:type\" content=\"image\/jpeg\" \/>\n<meta name=\"twitter:card\" content=\"summary_large_image\" \/>\n<meta name=\"twitter:label1\" content=\"Tiempo de lectura\" \/>\n\t<meta name=\"twitter:data1\" content=\"1 minuto\" \/>\n<script type=\"application\/ld+json\" class=\"yoast-schema-graph\">{\"@context\":\"https:\/\/schema.org\",\"@graph\":[{\"@type\":\"WebPage\",\"@id\":\"https:\/\/www.pronal.com\/es\/sectores-de-actividad-pronal\/petroleo-y-gas\/\",\"url\":\"https:\/\/www.pronal.com\/es\/sectores-de-actividad-pronal\/petroleo-y-gas\/\",\"name\":\"Las soluciones flexibles\/inflables para el petr\u00f3leo y el gas | Pronal\",\"isPartOf\":{\"@id\":\"https:\/\/www.pronal.com\/es\/#website\"},\"primaryImageOfPage\":{\"@id\":\"https:\/\/www.pronal.com\/es\/sectores-de-actividad-pronal\/petroleo-y-gas\/#primaryimage\"},\"image\":{\"@id\":\"https:\/\/www.pronal.com\/es\/sectores-de-actividad-pronal\/petroleo-y-gas\/#primaryimage\"},\"thumbnailUrl\":\"https:\/\/www.pronal.com\/wp-content\/uploads\/2018\/11\/pronal-offshore.jpg\",\"datePublished\":\"2018-12-18T13:16:48+00:00\",\"dateModified\":\"2020-10-15T15:22:58+00:00\",\"description\":\"Descubra los productos Pronal para petr\u00f3leo y gas, upstream y downstream: flotabilidad de las plataformas, almacenamiento de combustible...\",\"breadcrumb\":{\"@id\":\"https:\/\/www.pronal.com\/es\/sectores-de-actividad-pronal\/petroleo-y-gas\/#breadcrumb\"},\"inLanguage\":\"es\",\"potentialAction\":[{\"@type\":\"ReadAction\",\"target\":[\"https:\/\/www.pronal.com\/es\/sectores-de-actividad-pronal\/petroleo-y-gas\/\"]}]},{\"@type\":\"ImageObject\",\"inLanguage\":\"es\",\"@id\":\"https:\/\/www.pronal.com\/es\/sectores-de-actividad-pronal\/petroleo-y-gas\/#primaryimage\",\"url\":\"https:\/\/www.pronal.com\/wp-content\/uploads\/2018\/11\/pronal-offshore.jpg\",\"contentUrl\":\"https:\/\/www.pronal.com\/wp-content\/uploads\/2018\/11\/pronal-offshore.jpg\",\"width\":1920,\"height\":1214,\"caption\":\"Offshore\"},{\"@type\":\"BreadcrumbList\",\"@id\":\"https:\/\/www.pronal.com\/es\/sectores-de-actividad-pronal\/petroleo-y-gas\/#breadcrumb\",\"itemListElement\":[{\"@type\":\"ListItem\",\"position\":1,\"name\":\"Sectores\",\"item\":\"https:\/\/www.pronal.com\/es\/sectores-de-actividad-pronal\/\"},{\"@type\":\"ListItem\",\"position\":2,\"name\":\"Petr\u00f3leo y gas\"}]},{\"@type\":\"WebSite\",\"@id\":\"https:\/\/www.pronal.com\/es\/#website\",\"url\":\"https:\/\/www.pronal.com\/es\/\",\"name\":\"Pronal - Conception et fabrication de structure flexible\",\"description\":\"Pronal - Conception et fabrication de structure flexible\",\"publisher\":{\"@id\":\"https:\/\/www.pronal.com\/es\/#organization\"},\"potentialAction\":[{\"@type\":\"SearchAction\",\"target\":{\"@type\":\"EntryPoint\",\"urlTemplate\":\"https:\/\/www.pronal.com\/es\/?s={search_term_string}\"},\"query-input\":{\"@type\":\"PropertyValueSpecification\",\"valueRequired\":true,\"valueName\":\"search_term_string\"}}],\"inLanguage\":\"es\"},{\"@type\":\"Organization\",\"@id\":\"https:\/\/www.pronal.com\/es\/#organization\",\"name\":\"Pronal\",\"url\":\"https:\/\/www.pronal.com\/es\/\",\"logo\":{\"@type\":\"ImageObject\",\"inLanguage\":\"es\",\"@id\":\"https:\/\/www.pronal.com\/es\/#\/schema\/logo\/image\/\",\"url\":\"https:\/\/www.pronal.com\/wp-content\/uploads\/2019\/06\/logo-pronal.png\",\"contentUrl\":\"https:\/\/www.pronal.com\/wp-content\/uploads\/2019\/06\/logo-pronal.png\",\"width\":504,\"height\":80,\"caption\":\"Pronal\"},\"image\":{\"@id\":\"https:\/\/www.pronal.com\/es\/#\/schema\/logo\/image\/\"}}]}<\/script>\n<!-- \/ Yoast SEO plugin. -->","yoast_head_json":{"title":"Las soluciones flexibles\/inflables para el petr\u00f3leo y el gas | Pronal","description":"Descubra los productos Pronal para petr\u00f3leo y gas, upstream y downstream: flotabilidad de las plataformas, almacenamiento de combustible...","robots":{"index":"index","follow":"follow","max-snippet":"max-snippet:-1","max-image-preview":"max-image-preview:large","max-video-preview":"max-video-preview:-1"},"canonical":"https:\/\/www.pronal.com\/es\/sectores-de-actividad-pronal\/petroleo-y-gas\/","og_locale":"es_ES","og_type":"article","og_title":"Las soluciones flexibles\/inflables para el petr\u00f3leo y el gas | Pronal","og_description":"Descubra los productos Pronal para petr\u00f3leo y gas, upstream y downstream: flotabilidad de las plataformas, almacenamiento de combustible...","og_url":"https:\/\/www.pronal.com\/es\/sectores-de-actividad-pronal\/petroleo-y-gas\/","og_site_name":"Pronal - Conception et fabrication de structure flexible","article_modified_time":"2020-10-15T15:22:58+00:00","og_image":[{"width":1920,"height":1214,"url":"https:\/\/www.pronal.com\/wp-content\/uploads\/2018\/11\/pronal-offshore.jpg","type":"image\/jpeg"}],"twitter_card":"summary_large_image","twitter_misc":{"Tiempo de lectura":"1 minuto"},"schema":{"@context":"https:\/\/schema.org","@graph":[{"@type":"WebPage","@id":"https:\/\/www.pronal.com\/es\/sectores-de-actividad-pronal\/petroleo-y-gas\/","url":"https:\/\/www.pronal.com\/es\/sectores-de-actividad-pronal\/petroleo-y-gas\/","name":"Las soluciones flexibles\/inflables para el petr\u00f3leo y el gas | Pronal","isPartOf":{"@id":"https:\/\/www.pronal.com\/es\/#website"},"primaryImageOfPage":{"@id":"https:\/\/www.pronal.com\/es\/sectores-de-actividad-pronal\/petroleo-y-gas\/#primaryimage"},"image":{"@id":"https:\/\/www.pronal.com\/es\/sectores-de-actividad-pronal\/petroleo-y-gas\/#primaryimage"},"thumbnailUrl":"https:\/\/www.pronal.com\/wp-content\/uploads\/2018\/11\/pronal-offshore.jpg","datePublished":"2018-12-18T13:16:48+00:00","dateModified":"2020-10-15T15:22:58+00:00","description":"Descubra los productos Pronal para petr\u00f3leo y gas, upstream y downstream: flotabilidad de las plataformas, almacenamiento de combustible...","breadcrumb":{"@id":"https:\/\/www.pronal.com\/es\/sectores-de-actividad-pronal\/petroleo-y-gas\/#breadcrumb"},"inLanguage":"es","potentialAction":[{"@type":"ReadAction","target":["https:\/\/www.pronal.com\/es\/sectores-de-actividad-pronal\/petroleo-y-gas\/"]}]},{"@type":"ImageObject","inLanguage":"es","@id":"https:\/\/www.pronal.com\/es\/sectores-de-actividad-pronal\/petroleo-y-gas\/#primaryimage","url":"https:\/\/www.pronal.com\/wp-content\/uploads\/2018\/11\/pronal-offshore.jpg","contentUrl":"https:\/\/www.pronal.com\/wp-content\/uploads\/2018\/11\/pronal-offshore.jpg","width":1920,"height":1214,"caption":"Offshore"},{"@type":"BreadcrumbList","@id":"https:\/\/www.pronal.com\/es\/sectores-de-actividad-pronal\/petroleo-y-gas\/#breadcrumb","itemListElement":[{"@type":"ListItem","position":1,"name":"Sectores","item":"https:\/\/www.pronal.com\/es\/sectores-de-actividad-pronal\/"},{"@type":"ListItem","position":2,"name":"Petr\u00f3leo y gas"}]},{"@type":"WebSite","@id":"https:\/\/www.pronal.com\/es\/#website","url":"https:\/\/www.pronal.com\/es\/","name":"Pronal - Conception et fabrication de structure flexible","description":"Pronal - Conception et fabrication de structure flexible","publisher":{"@id":"https:\/\/www.pronal.com\/es\/#organization"},"potentialAction":[{"@type":"SearchAction","target":{"@type":"EntryPoint","urlTemplate":"https:\/\/www.pronal.com\/es\/?s={search_term_string}"},"query-input":{"@type":"PropertyValueSpecification","valueRequired":true,"valueName":"search_term_string"}}],"inLanguage":"es"},{"@type":"Organization","@id":"https:\/\/www.pronal.com\/es\/#organization","name":"Pronal","url":"https:\/\/www.pronal.com\/es\/","logo":{"@type":"ImageObject","inLanguage":"es","@id":"https:\/\/www.pronal.com\/es\/#\/schema\/logo\/image\/","url":"https:\/\/www.pronal.com\/wp-content\/uploads\/2019\/06\/logo-pronal.png","contentUrl":"https:\/\/www.pronal.com\/wp-content\/uploads\/2019\/06\/logo-pronal.png","width":504,"height":80,"caption":"Pronal"},"image":{"@id":"https:\/\/www.pronal.com\/es\/#\/schema\/logo\/image\/"}}]}},"_links":{"self":[{"href":"https:\/\/www.pronal.com\/es\/wp-json\/wp\/v2\/pages\/3110","targetHints":{"allow":["GET"]}}],"collection":[{"href":"https:\/\/www.pronal.com\/es\/wp-json\/wp\/v2\/pages"}],"about":[{"href":"https:\/\/www.pronal.com\/es\/wp-json\/wp\/v2\/types\/page"}],"author":[{"embeddable":true,"href":"https:\/\/www.pronal.com\/es\/wp-json\/wp\/v2\/users\/2"}],"replies":[{"embeddable":true,"href":"https:\/\/www.pronal.com\/es\/wp-json\/wp\/v2\/comments?post=3110"}],"version-history":[{"count":10,"href":"https:\/\/www.pronal.com\/es\/wp-json\/wp\/v2\/pages\/3110\/revisions"}],"predecessor-version":[{"id":11113,"href":"https:\/\/www.pronal.com\/es\/wp-json\/wp\/v2\/pages\/3110\/revisions\/11113"}],"up":[{"embeddable":true,"href":"https:\/\/www.pronal.com\/es\/wp-json\/wp\/v2\/pages\/3082"}],"wp:featuredmedia":[{"embeddable":true,"href":"https:\/\/www.pronal.com\/es\/wp-json\/wp\/v2\/media\/201"}],"wp:attachment":[{"href":"https:\/\/www.pronal.com\/es\/wp-json\/wp\/v2\/media?parent=3110"}],"curies":[{"name":"wp","href":"https:\/\/api.w.org\/{rel}","templated":true}]}}