{"id":3114,"date":"2018-12-18T13:58:48","date_gmt":"2018-12-18T12:58:48","guid":{"rendered":"https:\/\/www.pronal.com\/domaines\/securite\/"},"modified":"2020-10-15T17:31:13","modified_gmt":"2020-10-15T15:31:13","slug":"primeros-auxilios","status":"publish","type":"page","link":"https:\/\/www.pronal.com\/es\/sectores-de-actividad-pronal\/primeros-auxilios\/","title":{"rendered":"Primeros auxilios"},"content":{"rendered":"<div class=\"wpb-content-wrapper\"><p>[vc_row][vc_column][vc_pr_pres_domaines title=\u00bbPara intervenciones r\u00e1pidas y eficaces con total seguridad\u00bb gallery=\u00bb3610,5564,5964,5140&#8243; info=\u00bbtrue\u00bb]En colaboraci\u00f3n con el cuerpo de bomberos, Pronal ha dise\u00f1ado soluciones flexibles para los servicios de emergencia, quienes las utilizan en caso de cat\u00e1strofes naturales, accidentes de tr\u00e1fico o incendios.<\/p>\n<p>Entre estas soluciones encontramos nuestros <a href=\"https:\/\/www.pronal.com\/es\/producto\/cojines-de-elevacion\/cojin-de-elevacion-neumatico-clt\/\"><strong>cojines de elevaci\u00f3n neum\u00e1ticos<\/strong><\/a>, que permiten <span style=\"color: #00afe9;\"><strong>extraer a personas o animales<\/strong><\/span> atrapados o bloqueados bajo cargas pesadas. Los cojines inflables pueden levantar hasta <strong><span style=\"color: #00afe9;\">89 T<\/span> <\/strong>en funci\u00f3n de la gama (CLT, CPF, CLC&#8230;).<\/p>\n<p>Nuestras <a href=\"https:\/\/www.pronal.com\/es\/producto\/cisternas-flexibles-de-almacenamiento\/reserva-de-agua-flexible-contra-incendios\/\"><strong>cisternas de almacenamiento de agua contra incendios<\/strong><\/a>, con salidas enterradas o de superficie, permiten a los bomberos disponer de un punto de agua en cualquier lugar (zona agr\u00edcola, naves industriales, centros comerciales&#8230;). Cumplen con las normas del servicio de invendio de cada pa\u00eds \/ regi\u00f3n y est\u00e1n siempre accesibles para los servicios de emergencia.<\/p>\n<p>Para las inundaciones hemos dise\u00f1ado tambi\u00e9n <a href=\"https:\/\/www.pronal.com\/es\/producto\/barreras-anticontaminacion-y-antinundacion\/barrera-inflable-antinundacion-protecflood\/\"><strong><span style=\"color: #00afe9;\">barreras antinundaci\u00f3n<\/span><\/strong><\/a> que permiten proteger a los ribere\u00f1os, los pol\u00edgonos industriales y las colectividades.[\/vc_pr_pres_domaines][\/vc_column][\/vc_row][vc_row full_width=\u00bbstretch_row_content_no_spaces\u00bb][vc_column][vc_pr_int_domaines][\/vc_column][\/vc_row][vc_row][vc_column][vc_pr_block_products title=\u00bbproductos destacados\u00bb products=\u00bb9529,9528,9500,9502,9589,9586,9585,9587&#8243;][\/vc_column][\/vc_row][vc_row][vc_column][vc_pr_prod_tag_link][\/vc_column][\/vc_row][vc_row full_width=\u00bbstretch_row_content_no_spaces\u00bb][vc_column][vc_pr_projects backgrey=\u00bbtrue\u00bb][\/vc_column][\/vc_row][vc_row][vc_column][vc_pr_news][\/vc_column][\/vc_row]<\/p>\n<\/div>","protected":false},"excerpt":{"rendered":"<p>[vc_row][vc_column][vc_pr_pres_domaines title=\u00bbPara intervenciones r\u00e1pidas y eficaces con total seguridad\u00bb gallery=\u00bb3610,5564,5964,5140&#8243; info=\u00bbtrue\u00bb]En colaboraci\u00f3n con el cuerpo de bomberos, Pronal ha dise\u00f1ado soluciones flexibles para los servicios de emergencia, quienes las utilizan&#8230;<\/p>\n","protected":false},"author":2,"featured_media":1346,"parent":3082,"menu_order":11,"comment_status":"closed","ping_status":"closed","template":"","meta":{"_acf_changed":false,"inline_featured_image":false,"footnotes":""},"class_list":["post-3114","page","type-page","status-publish","has-post-thumbnail","hentry"],"acf":[],"yoast_head":"<!-- This site is optimized with the Yoast SEO plugin v25.8 - https:\/\/yoast.com\/wordpress\/plugins\/seo\/ -->\n<title>Las soluciones flexibles\/inflables para los primeros auxilios | Pronal<\/title>\n<meta name=\"description\" content=\"Descubra todos nuestros productos flexibles dedicados a los servicios de emergencia, bomberos, rescatistas y servicios p\u00fablicos: cisterna contra incendios, cojines para extracci\u00f3n\" \/>\n<meta name=\"robots\" content=\"index, follow, max-snippet:-1, max-image-preview:large, max-video-preview:-1\" \/>\n<link rel=\"canonical\" href=\"https:\/\/www.pronal.com\/es\/sectores-de-actividad-pronal\/primeros-auxilios\/\" \/>\n<meta property=\"og:locale\" content=\"es_ES\" \/>\n<meta property=\"og:type\" content=\"article\" \/>\n<meta property=\"og:title\" content=\"Las soluciones flexibles\/inflables para los primeros auxilios | Pronal\" \/>\n<meta property=\"og:description\" content=\"Descubra todos nuestros productos flexibles dedicados a los servicios de emergencia, bomberos, rescatistas y servicios p\u00fablicos: cisterna contra incendios, cojines para extracci\u00f3n\" \/>\n<meta property=\"og:url\" content=\"https:\/\/www.pronal.com\/es\/sectores-de-actividad-pronal\/primeros-auxilios\/\" \/>\n<meta property=\"og:site_name\" content=\"Pronal - Conception et fabrication de structure flexible\" \/>\n<meta property=\"article:modified_time\" content=\"2020-10-15T15:31:13+00:00\" \/>\n<meta property=\"og:image\" content=\"https:\/\/www.pronal.com\/wp-content\/uploads\/2018\/12\/pronal-securite-alt.jpg\" \/>\n\t<meta property=\"og:image:width\" content=\"1080\" \/>\n\t<meta property=\"og:image:height\" content=\"459\" \/>\n\t<meta property=\"og:image:type\" content=\"image\/jpeg\" \/>\n<meta name=\"twitter:card\" content=\"summary_large_image\" \/>\n<meta name=\"twitter:label1\" content=\"Tiempo de lectura\" \/>\n\t<meta name=\"twitter:data1\" content=\"1 minuto\" \/>\n<script type=\"application\/ld+json\" class=\"yoast-schema-graph\">{\"@context\":\"https:\/\/schema.org\",\"@graph\":[{\"@type\":\"WebPage\",\"@id\":\"https:\/\/www.pronal.com\/es\/sectores-de-actividad-pronal\/primeros-auxilios\/\",\"url\":\"https:\/\/www.pronal.com\/es\/sectores-de-actividad-pronal\/primeros-auxilios\/\",\"name\":\"Las soluciones flexibles\/inflables para los primeros auxilios | Pronal\",\"isPartOf\":{\"@id\":\"https:\/\/www.pronal.com\/es\/#website\"},\"primaryImageOfPage\":{\"@id\":\"https:\/\/www.pronal.com\/es\/sectores-de-actividad-pronal\/primeros-auxilios\/#primaryimage\"},\"image\":{\"@id\":\"https:\/\/www.pronal.com\/es\/sectores-de-actividad-pronal\/primeros-auxilios\/#primaryimage\"},\"thumbnailUrl\":\"https:\/\/www.pronal.com\/wp-content\/uploads\/2018\/12\/pronal-securite-alt.jpg\",\"datePublished\":\"2018-12-18T12:58:48+00:00\",\"dateModified\":\"2020-10-15T15:31:13+00:00\",\"description\":\"Descubra todos nuestros productos flexibles dedicados a los servicios de emergencia, bomberos, rescatistas y servicios p\u00fablicos: cisterna contra incendios, cojines para extracci\u00f3n\",\"breadcrumb\":{\"@id\":\"https:\/\/www.pronal.com\/es\/sectores-de-actividad-pronal\/primeros-auxilios\/#breadcrumb\"},\"inLanguage\":\"es\",\"potentialAction\":[{\"@type\":\"ReadAction\",\"target\":[\"https:\/\/www.pronal.com\/es\/sectores-de-actividad-pronal\/primeros-auxilios\/\"]}]},{\"@type\":\"ImageObject\",\"inLanguage\":\"es\",\"@id\":\"https:\/\/www.pronal.com\/es\/sectores-de-actividad-pronal\/primeros-auxilios\/#primaryimage\",\"url\":\"https:\/\/www.pronal.com\/wp-content\/uploads\/2018\/12\/pronal-securite-alt.jpg\",\"contentUrl\":\"https:\/\/www.pronal.com\/wp-content\/uploads\/2018\/12\/pronal-securite-alt.jpg\",\"width\":1080,\"height\":459,\"caption\":\"Pronal S\u00e9curit\u00e9\"},{\"@type\":\"BreadcrumbList\",\"@id\":\"https:\/\/www.pronal.com\/es\/sectores-de-actividad-pronal\/primeros-auxilios\/#breadcrumb\",\"itemListElement\":[{\"@type\":\"ListItem\",\"position\":1,\"name\":\"Sectores\",\"item\":\"https:\/\/www.pronal.com\/es\/sectores-de-actividad-pronal\/\"},{\"@type\":\"ListItem\",\"position\":2,\"name\":\"Primeros auxilios\"}]},{\"@type\":\"WebSite\",\"@id\":\"https:\/\/www.pronal.com\/es\/#website\",\"url\":\"https:\/\/www.pronal.com\/es\/\",\"name\":\"Pronal - Conception et fabrication de structure flexible\",\"description\":\"Pronal - Conception et fabrication de structure flexible\",\"publisher\":{\"@id\":\"https:\/\/www.pronal.com\/es\/#organization\"},\"potentialAction\":[{\"@type\":\"SearchAction\",\"target\":{\"@type\":\"EntryPoint\",\"urlTemplate\":\"https:\/\/www.pronal.com\/es\/?s={search_term_string}\"},\"query-input\":{\"@type\":\"PropertyValueSpecification\",\"valueRequired\":true,\"valueName\":\"search_term_string\"}}],\"inLanguage\":\"es\"},{\"@type\":\"Organization\",\"@id\":\"https:\/\/www.pronal.com\/es\/#organization\",\"name\":\"Pronal\",\"url\":\"https:\/\/www.pronal.com\/es\/\",\"logo\":{\"@type\":\"ImageObject\",\"inLanguage\":\"es\",\"@id\":\"https:\/\/www.pronal.com\/es\/#\/schema\/logo\/image\/\",\"url\":\"https:\/\/www.pronal.com\/wp-content\/uploads\/2019\/06\/logo-pronal.png\",\"contentUrl\":\"https:\/\/www.pronal.com\/wp-content\/uploads\/2019\/06\/logo-pronal.png\",\"width\":504,\"height\":80,\"caption\":\"Pronal\"},\"image\":{\"@id\":\"https:\/\/www.pronal.com\/es\/#\/schema\/logo\/image\/\"}}]}<\/script>\n<!-- \/ Yoast SEO plugin. -->","yoast_head_json":{"title":"Las soluciones flexibles\/inflables para los primeros auxilios | Pronal","description":"Descubra todos nuestros productos flexibles dedicados a los servicios de emergencia, bomberos, rescatistas y servicios p\u00fablicos: cisterna contra incendios, cojines para extracci\u00f3n","robots":{"index":"index","follow":"follow","max-snippet":"max-snippet:-1","max-image-preview":"max-image-preview:large","max-video-preview":"max-video-preview:-1"},"canonical":"https:\/\/www.pronal.com\/es\/sectores-de-actividad-pronal\/primeros-auxilios\/","og_locale":"es_ES","og_type":"article","og_title":"Las soluciones flexibles\/inflables para los primeros auxilios | Pronal","og_description":"Descubra todos nuestros productos flexibles dedicados a los servicios de emergencia, bomberos, rescatistas y servicios p\u00fablicos: cisterna contra incendios, cojines para extracci\u00f3n","og_url":"https:\/\/www.pronal.com\/es\/sectores-de-actividad-pronal\/primeros-auxilios\/","og_site_name":"Pronal - Conception et fabrication de structure flexible","article_modified_time":"2020-10-15T15:31:13+00:00","og_image":[{"width":1080,"height":459,"url":"https:\/\/www.pronal.com\/wp-content\/uploads\/2018\/12\/pronal-securite-alt.jpg","type":"image\/jpeg"}],"twitter_card":"summary_large_image","twitter_misc":{"Tiempo de lectura":"1 minuto"},"schema":{"@context":"https:\/\/schema.org","@graph":[{"@type":"WebPage","@id":"https:\/\/www.pronal.com\/es\/sectores-de-actividad-pronal\/primeros-auxilios\/","url":"https:\/\/www.pronal.com\/es\/sectores-de-actividad-pronal\/primeros-auxilios\/","name":"Las soluciones flexibles\/inflables para los primeros auxilios | Pronal","isPartOf":{"@id":"https:\/\/www.pronal.com\/es\/#website"},"primaryImageOfPage":{"@id":"https:\/\/www.pronal.com\/es\/sectores-de-actividad-pronal\/primeros-auxilios\/#primaryimage"},"image":{"@id":"https:\/\/www.pronal.com\/es\/sectores-de-actividad-pronal\/primeros-auxilios\/#primaryimage"},"thumbnailUrl":"https:\/\/www.pronal.com\/wp-content\/uploads\/2018\/12\/pronal-securite-alt.jpg","datePublished":"2018-12-18T12:58:48+00:00","dateModified":"2020-10-15T15:31:13+00:00","description":"Descubra todos nuestros productos flexibles dedicados a los servicios de emergencia, bomberos, rescatistas y servicios p\u00fablicos: cisterna contra incendios, cojines para extracci\u00f3n","breadcrumb":{"@id":"https:\/\/www.pronal.com\/es\/sectores-de-actividad-pronal\/primeros-auxilios\/#breadcrumb"},"inLanguage":"es","potentialAction":[{"@type":"ReadAction","target":["https:\/\/www.pronal.com\/es\/sectores-de-actividad-pronal\/primeros-auxilios\/"]}]},{"@type":"ImageObject","inLanguage":"es","@id":"https:\/\/www.pronal.com\/es\/sectores-de-actividad-pronal\/primeros-auxilios\/#primaryimage","url":"https:\/\/www.pronal.com\/wp-content\/uploads\/2018\/12\/pronal-securite-alt.jpg","contentUrl":"https:\/\/www.pronal.com\/wp-content\/uploads\/2018\/12\/pronal-securite-alt.jpg","width":1080,"height":459,"caption":"Pronal S\u00e9curit\u00e9"},{"@type":"BreadcrumbList","@id":"https:\/\/www.pronal.com\/es\/sectores-de-actividad-pronal\/primeros-auxilios\/#breadcrumb","itemListElement":[{"@type":"ListItem","position":1,"name":"Sectores","item":"https:\/\/www.pronal.com\/es\/sectores-de-actividad-pronal\/"},{"@type":"ListItem","position":2,"name":"Primeros auxilios"}]},{"@type":"WebSite","@id":"https:\/\/www.pronal.com\/es\/#website","url":"https:\/\/www.pronal.com\/es\/","name":"Pronal - Conception et fabrication de structure flexible","description":"Pronal - Conception et fabrication de structure flexible","publisher":{"@id":"https:\/\/www.pronal.com\/es\/#organization"},"potentialAction":[{"@type":"SearchAction","target":{"@type":"EntryPoint","urlTemplate":"https:\/\/www.pronal.com\/es\/?s={search_term_string}"},"query-input":{"@type":"PropertyValueSpecification","valueRequired":true,"valueName":"search_term_string"}}],"inLanguage":"es"},{"@type":"Organization","@id":"https:\/\/www.pronal.com\/es\/#organization","name":"Pronal","url":"https:\/\/www.pronal.com\/es\/","logo":{"@type":"ImageObject","inLanguage":"es","@id":"https:\/\/www.pronal.com\/es\/#\/schema\/logo\/image\/","url":"https:\/\/www.pronal.com\/wp-content\/uploads\/2019\/06\/logo-pronal.png","contentUrl":"https:\/\/www.pronal.com\/wp-content\/uploads\/2019\/06\/logo-pronal.png","width":504,"height":80,"caption":"Pronal"},"image":{"@id":"https:\/\/www.pronal.com\/es\/#\/schema\/logo\/image\/"}}]}},"_links":{"self":[{"href":"https:\/\/www.pronal.com\/es\/wp-json\/wp\/v2\/pages\/3114","targetHints":{"allow":["GET"]}}],"collection":[{"href":"https:\/\/www.pronal.com\/es\/wp-json\/wp\/v2\/pages"}],"about":[{"href":"https:\/\/www.pronal.com\/es\/wp-json\/wp\/v2\/types\/page"}],"author":[{"embeddable":true,"href":"https:\/\/www.pronal.com\/es\/wp-json\/wp\/v2\/users\/2"}],"replies":[{"embeddable":true,"href":"https:\/\/www.pronal.com\/es\/wp-json\/wp\/v2\/comments?post=3114"}],"version-history":[{"count":10,"href":"https:\/\/www.pronal.com\/es\/wp-json\/wp\/v2\/pages\/3114\/revisions"}],"predecessor-version":[{"id":11115,"href":"https:\/\/www.pronal.com\/es\/wp-json\/wp\/v2\/pages\/3114\/revisions\/11115"}],"up":[{"embeddable":true,"href":"https:\/\/www.pronal.com\/es\/wp-json\/wp\/v2\/pages\/3082"}],"wp:featuredmedia":[{"embeddable":true,"href":"https:\/\/www.pronal.com\/es\/wp-json\/wp\/v2\/media\/1346"}],"wp:attachment":[{"href":"https:\/\/www.pronal.com\/es\/wp-json\/wp\/v2\/media?parent=3114"}],"curies":[{"name":"wp","href":"https:\/\/api.w.org\/{rel}","templated":true}]}}