{"id":3123,"date":"2019-04-12T09:45:39","date_gmt":"2019-04-12T07:45:39","guid":{"rendered":"https:\/\/www.pronal.com\/foire-aux-questions\/"},"modified":"2020-06-05T12:07:56","modified_gmt":"2020-06-05T10:07:56","slug":"preguntas-mas-frecuentes","status":"publish","type":"page","link":"https:\/\/www.pronal.com\/es\/preguntas-mas-frecuentes\/","title":{"rendered":"Preguntas m\u00e1s frecuentes"},"content":{"rendered":"<div class=\"wpb-content-wrapper\"><p>[vc_row][vc_column][vc_column_text]Bienvenido a nuestra p\u00e1gina de preguntas frecuentes. Aqu\u00ed encontrar\u00e1 todas las respuestas a sus preguntas. Si tiene que enviarnos una nueva pregunta, inf\u00f3rmenos envi\u00e1ndola a nuestra direcci\u00f3n de correo electr\u00f3nico <a href=\"mailto:contact@pronal.com\"><strong><span style=\"color: #00a7e1;\">contact@pronal.com<\/span><\/strong><\/a>.[\/vc_column_text][vc_faq faq_question=\u00bb\u00bfExisten kits de reparaci\u00f3n para los productos ?\u00bb]La mayor parte de los productos Pronal se entregan con un kit de reparaci\u00f3n. En caso de duda, llamar nos al +33 3 20 99 75 00 ou sur <a href=\"mailto:contact@pronal.com\">contact@pronal.com<\/a>[\/vc_faq][vc_faq faq_question=\u00bb\u00bf Tienen un equipo de intervenci\u00f3n \/ servicio en Pronal?\u00bb]Si, tenemos un equipo de t\u00e9cnicos que se ocupa de varios proyectos en distintas partes del mundo.[\/vc_faq][vc_faq faq_question=\u00bbSi tengo un problema, \u00bfcon qui\u00e9n hablo? \u00bfHay un servicio post-venta?\u00bb]En caso de pregunta, duda acerca de nuestros productos, por favor contactar nos al +33 3 20 99 75 00, o en <a href=\"mailto:contact@pronal.com\">contact@pronal.com<\/a>. Para poder proporcionarle el asesoramiento apropiado, le pedimos en numero de producto \/ Referencia visible en el producto[\/vc_faq][vc_faq faq_question=\u00bb\u00bfA qu\u00e9 hora puedo contactar les?\u00bb]Del lunes al viernes; de las 8h30 a las 17h30, tambi\u00e9n, al trav\u00e9s de nuestro correo <a href=\"mailto:contact@pronal.com\">contact@pronal.com<\/a>, Le contestaremos a la mayor brevedad posible. [\/vc_faq][vc_faq faq_question=\u00bb\u00bf C\u00f3mo contactar Pronal desde el extranjero ?\u00bb]Tenemos equipos en cada continente, no dude enviar un e-mail at <a href=\"mailto:contact@pronal.com\">contact@pronal.com<\/a> para identificar vuestro interlocutor.[\/vc_faq][vc_faq faq_question=\u00bb\u00bfA qui\u00e9n puedo dirigirme para solicitar un puesto de trabajo?\u00bb]Puede enviar su solicitud al trav\u00e9s del <a href=\"mailto:contact@pronal.com\">contact@pronal.com<\/a>. y tambi\u00e9n descubrir nuestras ofertas en la pagina <strong><span style=\"color: #00a7e1;\"><a style=\"color: #00a7e1;\" href=\"https:\/\/www.linkedin.com\/company\/pronal\/\">Linkedin<\/a><\/span><\/strong> de Pronal.[\/vc_faq][\/vc_column][\/vc_row]<\/p>\n<\/div>","protected":false},"excerpt":{"rendered":"<p>[vc_row][vc_column][vc_column_text]Bienvenido a nuestra p\u00e1gina de preguntas frecuentes. Aqu\u00ed encontrar\u00e1 todas las respuestas a sus preguntas. Si tiene que enviarnos una nueva pregunta, inf\u00f3rmenos envi\u00e1ndola a nuestra direcci\u00f3n de correo electr\u00f3nico&#8230;<\/p>\n","protected":false},"author":2,"featured_media":0,"parent":0,"menu_order":0,"comment_status":"closed","ping_status":"closed","template":"","meta":{"_acf_changed":false,"inline_featured_image":false,"footnotes":""},"class_list":["post-3123","page","type-page","status-publish","hentry"],"acf":[],"yoast_head":"<!-- This site is optimized with the Yoast SEO plugin v25.8 - https:\/\/yoast.com\/wordpress\/plugins\/seo\/ -->\n<title>Preguntas m\u00e1s frecuentes - FAQ | Pronal<\/title>\n<meta name=\"description\" content=\"\u00a1Encuentre en esta p\u00e1gina las preguntas frecuentes, todas las respuestas a sus preguntas sobre nuestros productos, sus proyectos y nuestra empresa!\" \/>\n<meta name=\"robots\" content=\"index, follow, max-snippet:-1, max-image-preview:large, max-video-preview:-1\" \/>\n<link rel=\"canonical\" href=\"https:\/\/www.pronal.com\/es\/preguntas-mas-frecuentes\/\" \/>\n<meta property=\"og:locale\" content=\"es_ES\" \/>\n<meta property=\"og:type\" content=\"article\" \/>\n<meta property=\"og:title\" content=\"Preguntas m\u00e1s frecuentes - FAQ | Pronal\" \/>\n<meta property=\"og:description\" content=\"\u00a1Encuentre en esta p\u00e1gina las preguntas frecuentes, todas las respuestas a sus preguntas sobre nuestros productos, sus proyectos y nuestra empresa!\" \/>\n<meta property=\"og:url\" content=\"https:\/\/www.pronal.com\/es\/preguntas-mas-frecuentes\/\" \/>\n<meta property=\"og:site_name\" content=\"Pronal - Conception et fabrication de structure flexible\" \/>\n<meta property=\"article:modified_time\" content=\"2020-06-05T10:07:56+00:00\" \/>\n<meta name=\"twitter:card\" content=\"summary_large_image\" \/>\n<meta name=\"twitter:label1\" content=\"Tiempo de lectura\" \/>\n\t<meta name=\"twitter:data1\" content=\"1 minuto\" \/>\n<script type=\"application\/ld+json\" class=\"yoast-schema-graph\">{\"@context\":\"https:\/\/schema.org\",\"@graph\":[{\"@type\":\"WebPage\",\"@id\":\"https:\/\/www.pronal.com\/es\/preguntas-mas-frecuentes\/\",\"url\":\"https:\/\/www.pronal.com\/es\/preguntas-mas-frecuentes\/\",\"name\":\"Preguntas m\u00e1s frecuentes - FAQ | Pronal\",\"isPartOf\":{\"@id\":\"https:\/\/www.pronal.com\/es\/#website\"},\"datePublished\":\"2019-04-12T07:45:39+00:00\",\"dateModified\":\"2020-06-05T10:07:56+00:00\",\"description\":\"\u00a1Encuentre en esta p\u00e1gina las preguntas frecuentes, todas las respuestas a sus preguntas sobre nuestros productos, sus proyectos y nuestra empresa!\",\"inLanguage\":\"es\",\"potentialAction\":[{\"@type\":\"ReadAction\",\"target\":[\"https:\/\/www.pronal.com\/es\/preguntas-mas-frecuentes\/\"]}]},{\"@type\":\"WebSite\",\"@id\":\"https:\/\/www.pronal.com\/es\/#website\",\"url\":\"https:\/\/www.pronal.com\/es\/\",\"name\":\"Pronal - Conception et fabrication de structure flexible\",\"description\":\"Pronal - Conception et fabrication de structure flexible\",\"publisher\":{\"@id\":\"https:\/\/www.pronal.com\/es\/#organization\"},\"potentialAction\":[{\"@type\":\"SearchAction\",\"target\":{\"@type\":\"EntryPoint\",\"urlTemplate\":\"https:\/\/www.pronal.com\/es\/?s={search_term_string}\"},\"query-input\":{\"@type\":\"PropertyValueSpecification\",\"valueRequired\":true,\"valueName\":\"search_term_string\"}}],\"inLanguage\":\"es\"},{\"@type\":\"Organization\",\"@id\":\"https:\/\/www.pronal.com\/es\/#organization\",\"name\":\"Pronal\",\"url\":\"https:\/\/www.pronal.com\/es\/\",\"logo\":{\"@type\":\"ImageObject\",\"inLanguage\":\"es\",\"@id\":\"https:\/\/www.pronal.com\/es\/#\/schema\/logo\/image\/\",\"url\":\"https:\/\/www.pronal.com\/wp-content\/uploads\/2019\/06\/logo-pronal.png\",\"contentUrl\":\"https:\/\/www.pronal.com\/wp-content\/uploads\/2019\/06\/logo-pronal.png\",\"width\":504,\"height\":80,\"caption\":\"Pronal\"},\"image\":{\"@id\":\"https:\/\/www.pronal.com\/es\/#\/schema\/logo\/image\/\"}}]}<\/script>\n<!-- \/ Yoast SEO plugin. -->","yoast_head_json":{"title":"Preguntas m\u00e1s frecuentes - FAQ | Pronal","description":"\u00a1Encuentre en esta p\u00e1gina las preguntas frecuentes, todas las respuestas a sus preguntas sobre nuestros productos, sus proyectos y nuestra empresa!","robots":{"index":"index","follow":"follow","max-snippet":"max-snippet:-1","max-image-preview":"max-image-preview:large","max-video-preview":"max-video-preview:-1"},"canonical":"https:\/\/www.pronal.com\/es\/preguntas-mas-frecuentes\/","og_locale":"es_ES","og_type":"article","og_title":"Preguntas m\u00e1s frecuentes - FAQ | Pronal","og_description":"\u00a1Encuentre en esta p\u00e1gina las preguntas frecuentes, todas las respuestas a sus preguntas sobre nuestros productos, sus proyectos y nuestra empresa!","og_url":"https:\/\/www.pronal.com\/es\/preguntas-mas-frecuentes\/","og_site_name":"Pronal - Conception et fabrication de structure flexible","article_modified_time":"2020-06-05T10:07:56+00:00","twitter_card":"summary_large_image","twitter_misc":{"Tiempo de lectura":"1 minuto"},"schema":{"@context":"https:\/\/schema.org","@graph":[{"@type":"WebPage","@id":"https:\/\/www.pronal.com\/es\/preguntas-mas-frecuentes\/","url":"https:\/\/www.pronal.com\/es\/preguntas-mas-frecuentes\/","name":"Preguntas m\u00e1s frecuentes - FAQ | Pronal","isPartOf":{"@id":"https:\/\/www.pronal.com\/es\/#website"},"datePublished":"2019-04-12T07:45:39+00:00","dateModified":"2020-06-05T10:07:56+00:00","description":"\u00a1Encuentre en esta p\u00e1gina las preguntas frecuentes, todas las respuestas a sus preguntas sobre nuestros productos, sus proyectos y nuestra empresa!","inLanguage":"es","potentialAction":[{"@type":"ReadAction","target":["https:\/\/www.pronal.com\/es\/preguntas-mas-frecuentes\/"]}]},{"@type":"WebSite","@id":"https:\/\/www.pronal.com\/es\/#website","url":"https:\/\/www.pronal.com\/es\/","name":"Pronal - Conception et fabrication de structure flexible","description":"Pronal - Conception et fabrication de structure flexible","publisher":{"@id":"https:\/\/www.pronal.com\/es\/#organization"},"potentialAction":[{"@type":"SearchAction","target":{"@type":"EntryPoint","urlTemplate":"https:\/\/www.pronal.com\/es\/?s={search_term_string}"},"query-input":{"@type":"PropertyValueSpecification","valueRequired":true,"valueName":"search_term_string"}}],"inLanguage":"es"},{"@type":"Organization","@id":"https:\/\/www.pronal.com\/es\/#organization","name":"Pronal","url":"https:\/\/www.pronal.com\/es\/","logo":{"@type":"ImageObject","inLanguage":"es","@id":"https:\/\/www.pronal.com\/es\/#\/schema\/logo\/image\/","url":"https:\/\/www.pronal.com\/wp-content\/uploads\/2019\/06\/logo-pronal.png","contentUrl":"https:\/\/www.pronal.com\/wp-content\/uploads\/2019\/06\/logo-pronal.png","width":504,"height":80,"caption":"Pronal"},"image":{"@id":"https:\/\/www.pronal.com\/es\/#\/schema\/logo\/image\/"}}]}},"_links":{"self":[{"href":"https:\/\/www.pronal.com\/es\/wp-json\/wp\/v2\/pages\/3123","targetHints":{"allow":["GET"]}}],"collection":[{"href":"https:\/\/www.pronal.com\/es\/wp-json\/wp\/v2\/pages"}],"about":[{"href":"https:\/\/www.pronal.com\/es\/wp-json\/wp\/v2\/types\/page"}],"author":[{"embeddable":true,"href":"https:\/\/www.pronal.com\/es\/wp-json\/wp\/v2\/users\/2"}],"replies":[{"embeddable":true,"href":"https:\/\/www.pronal.com\/es\/wp-json\/wp\/v2\/comments?post=3123"}],"version-history":[{"count":9,"href":"https:\/\/www.pronal.com\/es\/wp-json\/wp\/v2\/pages\/3123\/revisions"}],"predecessor-version":[{"id":10154,"href":"https:\/\/www.pronal.com\/es\/wp-json\/wp\/v2\/pages\/3123\/revisions\/10154"}],"wp:attachment":[{"href":"https:\/\/www.pronal.com\/es\/wp-json\/wp\/v2\/media?parent=3123"}],"curies":[{"name":"wp","href":"https:\/\/api.w.org\/{rel}","templated":true}]}}