{"id":3140,"date":"2018-11-07T16:52:33","date_gmt":"2018-11-07T15:52:33","guid":{"rendered":"https:\/\/www.pronal.com\/qui-sommes-nous\/"},"modified":"2026-04-02T09:44:08","modified_gmt":"2026-04-02T07:44:08","slug":"quienes-somos","status":"publish","type":"page","link":"https:\/\/www.pronal.com\/es\/quienes-somos\/","title":{"rendered":"\u00bfQui\u00e9nes somos?"},"content":{"rendered":"<div class=\"wpb-content-wrapper\"><p>[vc_row full_width=\u00bbstretch_row_content_no_spaces\u00bb css=\u00bb.vc_custom_1555491214093{margin-top: -2rem !important;}\u00bb][vc_column][vc_pr_chronos][vc_pr_chronos_item date=\u00bb1961&#8243; title=\u00bbCreaci\u00f3n de Pronal France\u00bb desc=\u00bbpor: el sr. PROvost y el sr. NALpas.\u00bb][vc_pr_chronos_item date=\u00bb1991&#8243; title=\u00bbCambio de domicilio social\u00bb desc=\u00bbImplantaci\u00f3n en el pol\u00edgono industrial de Lerrs Francia. La empresa se diversifica y afronta su desarrollo.\u00bb][vc_pr_chronos_item date=\u00bb2006&#8243; title=\u00bbModernizaci\u00f3n de las instalaciones industriales.\u00bb desc=\u00bbAdquisici\u00f3n del autoclave m\u00e1s grande de Europa para la vulcanizaci\u00f3n de productos flexibles.\u00bb][vc_pr_chronos_item date=\u00bb2010&#8243; title=\u00bbCreaci\u00f3n de la filial Pronal Malaisie\u00bb][vc_pr_chronos_item date=\u00bb2012&#8243; title=\u00bbCreaci\u00f3n de la filial Pronal USA\u00bb][vc_pr_chronos_item date=\u00bb2015&#8243; title=\u00bbCreaci\u00f3n de una planta de producci\u00f3n en Portugal\u00bb][\/vc_pr_chronos][\/vc_column][\/vc_row][vc_row full_width=\u00bbstretch_row_content_no_spaces\u00bb content_placement=\u00bbmiddle\u00bb][vc_column][vc_row_inner el_class=\u00bbcontainer m-auto\u00bb][vc_column_inner][vc_column_text]<\/p>\n<h2 class=\"blue-topline\">Nuestra experiencia\/Nuestros conocimientos:<\/h2>\n<p>[\/vc_column_text][\/vc_column_inner][\/vc_row_inner][vc_row_inner equal_height=\u00bbyes\u00bb el_class=\u00bbcontainer m-auto aos-fade-right\u00bb][vc_column_inner width=\u00bb1\/3&#8243;][vc_single_image image=\u00bb4417&#8243; img_size=\u00bblarge\u00bb alignment=\u00bbcenter\u00bb css=\u00bb.vc_custom_1560868298842{padding-right: 35px !important;}\u00bb][\/vc_column_inner][vc_column_inner width=\u00bb2\/3&#8243;][vc_column_text]Pronal es una empresa fundada en <strong><span style=\"color: #00a7e1;\">1961 por dos ingenieros textiles oriundos del norte de Francia<\/span><\/strong>. Una vasta experiencia que nos ha permitido adquirir un conocimiento \u00fanico en la vulcanizaci\u00f3n en caliente y al vac\u00edo de m\u00faltiples tipos de elast\u00f3meros.<\/p>\n<p><strong><span style=\"color: #00a7e1;\">Mejoramos continuamente nuestros productos<\/span><\/strong> (dimensiones, rendimiento, seguridad, etc.) gracias a la proximidad con nuestros clientes y a nuestras constantes colaboraciones. Un conocimiento \u00fanico que hemos exportado y se ha convertido en un aut\u00e9ntico escaparate del \u00e9xito internacional.<\/p>\n<p>Muchos clientes franceses e internacionales de distintos sectores de actividad nos conf\u00edan sus proyectos para que les ayudemos a encontrar la soluci\u00f3n m\u00e1s id\u00f3nea. <span style=\"color: #00a7e1;\"><strong>\u00a1Y les estamos inmensamente agradecidos por ello!<\/strong><\/span>[\/vc_column_text][\/vc_column_inner][\/vc_row_inner][\/vc_column][\/vc_row][vc_row full_width=\u00bbstretch_row_content_no_spaces\u00bb][vc_column][vc_pr_numbers][vc_pr_numbers_item number=\u00bbM\u00e1s de 160&#8243; description=\u00bbColaboradores\u00bb]forman parte de la gran familia Pronal en todo el mundo<br \/>\n[\/vc_pr_numbers_item][vc_pr_numbers_item number=\u00bb65 a\u00f1os\u00bb description=\u00bbde experiencia\u00bb]en soluciones flexibles[\/vc_pr_numbers_item][vc_pr_numbers_item number=\u00bb6&#8243; description=\u00bbentidades Pronal\u00bb]para reforzar la proximidad con nuestros clientes<br \/>\n[\/vc_pr_numbers_item][vc_pr_numbers_item number=\u00bbM\u00e1s de un 65 %\u00bb description=\u00bbde exportaci\u00f3n\u00bb]en todos los sectores de actividad<br \/>\n[\/vc_pr_numbers_item][vc_pr_numbers_item number=\u00bbM\u00e1s de 3000&#8243; description=\u00bbclientes activos\u00bb]conf\u00edan en nosotros[\/vc_pr_numbers_item][\/vc_pr_numbers][\/vc_column][\/vc_row][vc_row full_width=\u00bbstretch_row_content_no_spaces\u00bb equal_height=\u00bbyes\u00bb content_placement=\u00bbmiddle\u00bb css=\u00bb.vc_custom_1555491407773{padding-top: 30px !important;}\u00bb][vc_column][vc_row_inner el_class=\u00bbcontainer m-auto\u00bb][vc_column_inner width=\u00bb2\/3&#8243;][vc_column_text]<\/p>\n<h2 class=\"blue-topline\">Nuestra misi\u00f3n<\/h2>\n<p>[\/vc_column_text][vc_column_text css_animation=\u00bbleft-to-right\u00bb]Todos nuestros equipos est\u00e1n impulsados por la misma misi\u00f3n articulada en torno a <strong>3 ejes principales<\/strong>:<\/p>\n<ul>\n<li><strong><span style=\"color: #00a7e1;\">Proporcionarle productos est\u00e1ndares<\/span><\/strong> que respondan de manera simple, clara y r\u00e1pida a sus necesidades operativas diarias<\/li>\n<li><strong><span style=\"color: #00a7e1;\">Desarrollar soluciones \u00fanicas y personalizadas<\/span><\/strong> considerando sus experiencias, sus limitaciones, sus entornos&#8230;<\/li>\n<li><strong><span style=\"color: #00a7e1;\">Ofrecerle proyectos llave en mano<\/span><\/strong> integrando todo el equipo necesario para su correcto funcionamiento<\/li>\n<\/ul>\n<p>[\/vc_column_text][\/vc_column_inner][vc_column_inner width=\u00bb1\/3&#8243;][vc_single_image image=\u00bb4422&#8243; img_size=\u00bblarge\u00bb alignment=\u00bbcenter\u00bb css_animation=\u00bbleft-to-right\u00bb css=\u00bb.vc_custom_1579621224856{padding-left: 35px !important;}\u00bb][\/vc_column_inner][\/vc_row_inner][\/vc_column][\/vc_row][vc_row full_width=\u00bbstretch_row_content_no_spaces\u00bb equal_height=\u00bbyes\u00bb content_placement=\u00bbmiddle\u00bb css=\u00bb.vc_custom_1555504011804{background-color: #f7f7f7 !important;}\u00bb][vc_column][vc_row_inner el_class=\u00bbcontainer m-auto\u00bb][vc_column_inner][vc_column_text]<\/p>\n<h2 class=\"blue-topline\">Nuestro equipo t\u00e9cnico y de producci\u00f3n<\/h2>\n<p>[\/vc_column_text][\/vc_column_inner][\/vc_row_inner][vc_row_inner equal_height=\u00bbyes\u00bb content_placement=\u00bbmiddle\u00bb el_class=\u00bbcontainer m-auto aos-fade-right\u00bb][vc_column_inner width=\u00bb1\/3&#8243;][vc_single_image image=\u00bb1373&#8243; img_size=\u00bblarge\u00bb alignment=\u00bbcenter\u00bb css=\u00bb.vc_custom_1568281682270{padding-right: 35px !important;}\u00bb][\/vc_column_inner][vc_column_inner width=\u00bb2\/3&#8243;][vc_column_text]\u00bfNo encuentra el producto est\u00e1ndar que responda a sus necesidades? \u00a1Seguro que tenemos una soluci\u00f3n para usted!<\/p>\n<p>Nuestros equipos t\u00e9cnicos (jefe de proyecto, t\u00e9cnicos de laboratorio, m\u00e9todo, producci\u00f3n, servicios in situ, etc.) <strong><span style=\"color: #00a7e1;\">colaboran con usted<\/span><\/strong> para imaginar y proponerle <strong><span style=\"color: #00a7e1;\">la mejor soluci\u00f3n<\/span><\/strong>. Se configura un equipo de proyecto para cada proyecto y poder as\u00ed emplear todas las habilidades necesarias para ayudarle.<\/p>\n<p>Utilizando recursos de investigaci\u00f3n y desarrollo de alto rendimiento (software 2D, 3D SOLIDWORKS, Creo, etc.) y de control (laboratorio de pruebas, banco de pruebas, etc.), PRONAL dise\u00f1a productos con un alto valor a\u00f1adido t\u00e9cnico. Para la fabricaci\u00f3n de productos de elast\u00f3mero, utilizamos medios de producci\u00f3n espec\u00edficos como la vulcanizaci\u00f3n al vac\u00edo a alta temperatura. Varios <strong><span style=\"color: #00a7e1;\">autoclaves grandes<\/span><\/strong> permiten fabricar productos vulcanizados en caliente. Las f\u00e1bricas disponen de los equipos necesarios para ensamblar termopl\u00e1sticos y <strong><span style=\"color: #00a7e1;\">sistemas autom\u00e1ticos de corte de material<\/span><\/strong>.[\/vc_column_text][\/vc_column_inner][\/vc_row_inner][\/vc_column][\/vc_row][vc_row full_width=\u00bbstretch_row_content_no_spaces\u00bb content_placement=\u00bbmiddle\u00bb][vc_column][vc_row_inner el_class=\u00bbcontainer m-auto\u00bb][vc_column_inner][vc_column_text]<\/p>\n<h2 class=\"blue-topline\">Nuestras certificaciones<\/h2>\n<p>[\/vc_column_text][\/vc_column_inner][\/vc_row_inner][vc_row_inner equal_height=\u00bbyes\u00bb content_placement=\u00bbmiddle\u00bb el_class=\u00bbcontainer m-auto aos-fade-right\u00bb][vc_column_inner width=\u00bb2\/3&#8243;][vc_column_text]<strong><span style=\"color: #00a7e1;\">El control de calidad<\/span> <\/strong> est\u00e1 inscrito en el ADN de PRONAL: \u00a1sus exigencias nos ayudan a mejorarnos d\u00eda a d\u00eda! Empleamos los mismos medios para garantizar su satisfacci\u00f3n, tanto para productos utilizados en un entorno muy exigente como para aplicaciones menos sensibles.<\/p>\n<p>Contamos con las certificaciones <strong><span style=\"color: #00a7e1;\">ISO 9001v y 140001v 2015, 45001v2018,19443v2024,<\/span><\/strong>\u00a0as\u00ed como QUALIANOR y UTO para aplicaciones y servicios en entorno nuclear, <strong><span style=\"color: #00a7e1;\">PART145 y 21G<\/span><\/strong> para el suministro y mantenimiento de piezas aeron\u00e1uticas, DCSEA para la calificaci\u00f3n de materiales destinados al almacenamiento de hidrocarburos.[\/vc_column_text][\/vc_column_inner][vc_column_inner width=\u00bb1\/3&#8243;][vc_single_image image=\u00bb29800&#8243; img_size=\u00bblarge\u00bb css_animation=\u00bbleft-to-right\u00bb][\/vc_column_inner][\/vc_row_inner][\/vc_column][\/vc_row][vc_row full_width=\u00bbstretch_row_content_no_spaces\u00bb][vc_column][vc_pr_map][\/vc_column][\/vc_row][vc_row][vc_column][vc_pr_testimonials][\/vc_column][\/vc_row]<\/p>\n<\/div>","protected":false},"excerpt":{"rendered":"<p>[vc_row full_width=\u00bbstretch_row_content_no_spaces\u00bb css=\u00bb.vc_custom_1555491214093{margin-top: -2rem !important;}\u00bb][vc_column][vc_pr_chronos][vc_pr_chronos_item date=\u00bb1961&#8243; title=\u00bbCreaci\u00f3n de Pronal France\u00bb desc=\u00bbpor: el sr. PROvost y el sr. NALpas.\u00bb][vc_pr_chronos_item date=\u00bb1991&#8243; title=\u00bbCambio de domicilio social\u00bb desc=\u00bbImplantaci\u00f3n en el pol\u00edgono industrial de Lerrs&#8230;<\/p>\n","protected":false},"author":2,"featured_media":0,"parent":0,"menu_order":0,"comment_status":"closed","ping_status":"closed","template":"","meta":{"_acf_changed":false,"inline_featured_image":false,"footnotes":""},"class_list":["post-3140","page","type-page","status-publish","hentry"],"acf":[],"yoast_head":"<!-- This site is optimized with the Yoast SEO plugin v25.8 - https:\/\/yoast.com\/wordpress\/plugins\/seo\/ -->\n<title>Acerca del grupo internacional Pronal - \u00bfQui\u00e9nes somos? | Pronal<\/title>\n<meta name=\"description\" content=\"Pronal es una empresa francesa que destaca desde 1961 en el suministro y desarrollo de soluciones flexibles\/inflables en todo el mundo.\" \/>\n<meta name=\"robots\" content=\"index, follow, max-snippet:-1, max-image-preview:large, max-video-preview:-1\" \/>\n<link rel=\"canonical\" href=\"https:\/\/www.pronal.com\/es\/quienes-somos\/\" \/>\n<meta property=\"og:locale\" content=\"es_ES\" \/>\n<meta property=\"og:type\" content=\"article\" \/>\n<meta property=\"og:title\" content=\"Acerca del grupo internacional Pronal - \u00bfQui\u00e9nes somos? | Pronal\" \/>\n<meta property=\"og:description\" content=\"Pronal es una empresa francesa que destaca desde 1961 en el suministro y desarrollo de soluciones flexibles\/inflables en todo el mundo.\" \/>\n<meta property=\"og:url\" content=\"https:\/\/www.pronal.com\/es\/quienes-somos\/\" \/>\n<meta property=\"og:site_name\" content=\"Pronal - Conception et fabrication de structure flexible\" \/>\n<meta property=\"article:modified_time\" content=\"2026-04-02T07:44:08+00:00\" \/>\n<meta name=\"twitter:card\" content=\"summary_large_image\" \/>\n<meta name=\"twitter:label1\" content=\"Tiempo de lectura\" \/>\n\t<meta name=\"twitter:data1\" content=\"4 minutos\" \/>\n<script type=\"application\/ld+json\" class=\"yoast-schema-graph\">{\"@context\":\"https:\/\/schema.org\",\"@graph\":[{\"@type\":\"WebPage\",\"@id\":\"https:\/\/www.pronal.com\/es\/quienes-somos\/\",\"url\":\"https:\/\/www.pronal.com\/es\/quienes-somos\/\",\"name\":\"Acerca del grupo internacional Pronal - \u00bfQui\u00e9nes somos? | Pronal\",\"isPartOf\":{\"@id\":\"https:\/\/www.pronal.com\/es\/#website\"},\"datePublished\":\"2018-11-07T15:52:33+00:00\",\"dateModified\":\"2026-04-02T07:44:08+00:00\",\"description\":\"Pronal es una empresa francesa que destaca desde 1961 en el suministro y desarrollo de soluciones flexibles\/inflables en todo el mundo.\",\"inLanguage\":\"es\",\"potentialAction\":[{\"@type\":\"ReadAction\",\"target\":[\"https:\/\/www.pronal.com\/es\/quienes-somos\/\"]}]},{\"@type\":\"WebSite\",\"@id\":\"https:\/\/www.pronal.com\/es\/#website\",\"url\":\"https:\/\/www.pronal.com\/es\/\",\"name\":\"Pronal - Conception et fabrication de structure flexible\",\"description\":\"Pronal - Conception et fabrication de structure flexible\",\"publisher\":{\"@id\":\"https:\/\/www.pronal.com\/es\/#organization\"},\"potentialAction\":[{\"@type\":\"SearchAction\",\"target\":{\"@type\":\"EntryPoint\",\"urlTemplate\":\"https:\/\/www.pronal.com\/es\/?s={search_term_string}\"},\"query-input\":{\"@type\":\"PropertyValueSpecification\",\"valueRequired\":true,\"valueName\":\"search_term_string\"}}],\"inLanguage\":\"es\"},{\"@type\":\"Organization\",\"@id\":\"https:\/\/www.pronal.com\/es\/#organization\",\"name\":\"Pronal\",\"url\":\"https:\/\/www.pronal.com\/es\/\",\"logo\":{\"@type\":\"ImageObject\",\"inLanguage\":\"es\",\"@id\":\"https:\/\/www.pronal.com\/es\/#\/schema\/logo\/image\/\",\"url\":\"https:\/\/www.pronal.com\/wp-content\/uploads\/2019\/06\/logo-pronal.png\",\"contentUrl\":\"https:\/\/www.pronal.com\/wp-content\/uploads\/2019\/06\/logo-pronal.png\",\"width\":504,\"height\":80,\"caption\":\"Pronal\"},\"image\":{\"@id\":\"https:\/\/www.pronal.com\/es\/#\/schema\/logo\/image\/\"}}]}<\/script>\n<!-- \/ Yoast SEO plugin. -->","yoast_head_json":{"title":"Acerca del grupo internacional Pronal - \u00bfQui\u00e9nes somos? | Pronal","description":"Pronal es una empresa francesa que destaca desde 1961 en el suministro y desarrollo de soluciones flexibles\/inflables en todo el mundo.","robots":{"index":"index","follow":"follow","max-snippet":"max-snippet:-1","max-image-preview":"max-image-preview:large","max-video-preview":"max-video-preview:-1"},"canonical":"https:\/\/www.pronal.com\/es\/quienes-somos\/","og_locale":"es_ES","og_type":"article","og_title":"Acerca del grupo internacional Pronal - \u00bfQui\u00e9nes somos? | Pronal","og_description":"Pronal es una empresa francesa que destaca desde 1961 en el suministro y desarrollo de soluciones flexibles\/inflables en todo el mundo.","og_url":"https:\/\/www.pronal.com\/es\/quienes-somos\/","og_site_name":"Pronal - Conception et fabrication de structure flexible","article_modified_time":"2026-04-02T07:44:08+00:00","twitter_card":"summary_large_image","twitter_misc":{"Tiempo de lectura":"4 minutos"},"schema":{"@context":"https:\/\/schema.org","@graph":[{"@type":"WebPage","@id":"https:\/\/www.pronal.com\/es\/quienes-somos\/","url":"https:\/\/www.pronal.com\/es\/quienes-somos\/","name":"Acerca del grupo internacional Pronal - \u00bfQui\u00e9nes somos? | Pronal","isPartOf":{"@id":"https:\/\/www.pronal.com\/es\/#website"},"datePublished":"2018-11-07T15:52:33+00:00","dateModified":"2026-04-02T07:44:08+00:00","description":"Pronal es una empresa francesa que destaca desde 1961 en el suministro y desarrollo de soluciones flexibles\/inflables en todo el mundo.","inLanguage":"es","potentialAction":[{"@type":"ReadAction","target":["https:\/\/www.pronal.com\/es\/quienes-somos\/"]}]},{"@type":"WebSite","@id":"https:\/\/www.pronal.com\/es\/#website","url":"https:\/\/www.pronal.com\/es\/","name":"Pronal - Conception et fabrication de structure flexible","description":"Pronal - Conception et fabrication de structure flexible","publisher":{"@id":"https:\/\/www.pronal.com\/es\/#organization"},"potentialAction":[{"@type":"SearchAction","target":{"@type":"EntryPoint","urlTemplate":"https:\/\/www.pronal.com\/es\/?s={search_term_string}"},"query-input":{"@type":"PropertyValueSpecification","valueRequired":true,"valueName":"search_term_string"}}],"inLanguage":"es"},{"@type":"Organization","@id":"https:\/\/www.pronal.com\/es\/#organization","name":"Pronal","url":"https:\/\/www.pronal.com\/es\/","logo":{"@type":"ImageObject","inLanguage":"es","@id":"https:\/\/www.pronal.com\/es\/#\/schema\/logo\/image\/","url":"https:\/\/www.pronal.com\/wp-content\/uploads\/2019\/06\/logo-pronal.png","contentUrl":"https:\/\/www.pronal.com\/wp-content\/uploads\/2019\/06\/logo-pronal.png","width":504,"height":80,"caption":"Pronal"},"image":{"@id":"https:\/\/www.pronal.com\/es\/#\/schema\/logo\/image\/"}}]}},"_links":{"self":[{"href":"https:\/\/www.pronal.com\/es\/wp-json\/wp\/v2\/pages\/3140","targetHints":{"allow":["GET"]}}],"collection":[{"href":"https:\/\/www.pronal.com\/es\/wp-json\/wp\/v2\/pages"}],"about":[{"href":"https:\/\/www.pronal.com\/es\/wp-json\/wp\/v2\/types\/page"}],"author":[{"embeddable":true,"href":"https:\/\/www.pronal.com\/es\/wp-json\/wp\/v2\/users\/2"}],"replies":[{"embeddable":true,"href":"https:\/\/www.pronal.com\/es\/wp-json\/wp\/v2\/comments?post=3140"}],"version-history":[{"count":10,"href":"https:\/\/www.pronal.com\/es\/wp-json\/wp\/v2\/pages\/3140\/revisions"}],"predecessor-version":[{"id":36809,"href":"https:\/\/www.pronal.com\/es\/wp-json\/wp\/v2\/pages\/3140\/revisions\/36809"}],"wp:attachment":[{"href":"https:\/\/www.pronal.com\/es\/wp-json\/wp\/v2\/media?parent=3140"}],"curies":[{"name":"wp","href":"https:\/\/api.w.org\/{rel}","templated":true}]}}