{"id":33434,"date":"2025-04-18T11:58:12","date_gmt":"2025-04-18T09:58:12","guid":{"rendered":"https:\/\/www.pronal.com\/bureau-etudes-ingenierie-sur-mesure-pronal\/"},"modified":"2026-04-02T09:45:19","modified_gmt":"2026-04-02T07:45:19","slug":"departamento-ingenieria-soluciones-medida-pronal","status":"publish","type":"page","link":"https:\/\/www.pronal.com\/es\/bureau-etudes-ingenierie-sur-mesure-pronal\/","title":{"rendered":"Ingenier\u00eda"},"content":{"rendered":"<div class=\"wpb-content-wrapper\"><p>[vc_row full_width=\u00bbstretch_row_content_no_spaces\u00bb equal_height=\u00bbyes\u00bb][vc_column][vc_pr_chronos][vc_pr_chronos_item date=\u00bb1965&#8243; title=\u00bbCreaci\u00f3n de la primera cisterna flexible\u00bb desc=\u00bbPresentaci\u00f3n de los tanques flexibles Pronal en Par\u00eds\u00bb][vc_pr_chronos_item date=\u00bb1971&#8243; title=\u00bbCreaci\u00f3n del primer cilindros Pronal y del primer obturador Pronal\u00bb desc=\u00bbActuadores neum\u00e1ticos flexibles para el guiado de rodillos y obturador inflable dedicado a la industria\u00bb][vc_pr_chronos_item date=\u00bb1982&#8243; title=\u00bbPuesta en marcha del primer paletizador\u00bb desc=\u00bbPrensor inflable montado en una m\u00e1quina paletizadora de botellas\u00bb][vc_pr_chronos_item date=\u00bb1993&#8243; title=\u00bbDise\u00f1o de boyas y embarcaciones para parques de atracciones en Europa\u00bb desc=\u00bbBoya de protecci\u00f3n para barco de r\u00edo r\u00e1pido\u00bb][vc_pr_chronos_item date=\u00bb1998&#8243; title=\u00bbRescate del mayor elemento del Titanic\u00bb desc=\u00bbExpedici\u00f3n Ifremer realizada con los tanques Pronal\u00bb][vc_pr_chronos_item date=\u00bb2000&#8243; title=\u00bbCr\u00e9ation d&#8217;une gamme de coussins de relevage d&#8217;avions\u00bb desc=\u00bbAssure le levage des appareils sur piste en cas d&#8217;avarie\u00bb][vc_pr_chronos_item date=\u00bb2016&#8243; title=\u00bbCreaci\u00f3n de una nueva generaci\u00f3n de cisternas flexibles\u00bb desc=\u00bbNacimiento del tanque de hidrocarburos atornillado\u00bb][vc_pr_chronos_item date=\u00bb2023&#8243; title=\u00bbCreaci\u00f3n de una c\u00e9lula de I+D interna en nuestro departamento de ingenier\u00eda\u00bb desc=\u00bbSe cre\u00f3 una c\u00e9lula de I+D dentro de nuestro departamento de ingenier\u00eda para acelerar la innovaci\u00f3n y el desarrollo de nuevas soluciones.\u00bb][vc_pr_chronos_item date=\u00bb2024&#8243; title=\u00bbCreaci\u00f3n del sensor de nivel\u00bb desc=\u00bbPermite medir y controlar el nivel de l\u00edquido en una cisterna flexible.\u00bb][\/vc_pr_chronos][\/vc_column][\/vc_row][vc_row][vc_column][vc_empty_space height=\u00bb28px\u00bb][vc_column_text css_animation=\u00bbfadeInLeft\u00bb]<\/p>\n<h2><strong>Una evoluci\u00f3n continua al servicio del rendimiento<\/strong><\/h2>\n<p>[\/vc_column_text][vc_row_inner][vc_column_inner width=\u00bb1\/2&#8243;][vc_empty_space height=\u00bb20px\u00bb][vc_column_text css_animation=\u00bbfadeInLeft\u00bb css=\u00bb\u00bb]<\/p>\n<p class=\"\" data-start=\"0\" data-end=\"168\">En <a href=\"https:\/\/www.pronal.com\/es\/\"><strong>Pronal<\/strong><\/a>, nuestro <strong>departamento de ingenier\u00eda<\/strong> est\u00e1 en el coraz\u00f3n de la innovaci\u00f3n. Interviene desde las primeras fases de dise\u00f1o hasta el seguimiento de la fabricaci\u00f3n.<\/p>\n<p class=\"\" data-start=\"170\" data-end=\"406\">Gracias a un equipo multidisciplinario compuesto por <strong>2 delineantes proyectistas<\/strong>,<strong> 4 jefes de proyecto<\/strong> y un <strong>equipo de ingenieros en Malasia<\/strong>, desarrollamos soluciones a medida perfectamente adaptadas a las necesidades de nuestros clientes.<\/p>\n<p class=\"\" data-start=\"408\" data-end=\"615\">Nuestro enfoque se basa en <strong>una s\u00f3lida experiencia t\u00e9cnica<\/strong> y en una estrecha colaboraci\u00f3n entre los distintos departamentos, para garantizar productos eficaces, seguros y duraderos, y esto desde hace<strong> 65 a\u00f1os<\/strong>.<\/p>\n<p>[\/vc_column_text][\/vc_column_inner][vc_column_inner width=\u00bb1\/2&#8243;][vc_empty_space height=\u00bb12px\u00bb][vc_single_image image=\u00bb33375&#8243; img_size=\u00bblarge\u00bb css_animation=\u00bbfadeInRight\u00bb][\/vc_column_inner][\/vc_row_inner][\/vc_column][\/vc_row][vc_row full_width=\u00bbstretch_row\u00bb css=\u00bb.vc_custom_1744273932306{background-color: #f7f7f7 !important;}\u00bb][vc_column][vc_empty_space height=\u00bb20px\u00bb][vc_row_inner][vc_column_inner width=\u00bb1\/2&#8243;][vc_single_image image=\u00bb33387&#8243; img_size=\u00bblarge\u00bb css_animation=\u00bbfadeInLeft\u00bb][\/vc_column_inner][vc_column_inner width=\u00bb1\/2&#8243;][vc_column_text css_animation=\u00bbfadeInRight\u00bb]<\/p>\n<h2 style=\"text-align: center;\"><strong>Nuestros herramientas, precisi\u00f3n y fiabilidad est\u00e1n vinculadas a nuestro saber hacer.<\/strong><\/h2>\n<p>[\/vc_column_text][vc_empty_space height=\u00bb20px\u00bb][vc_column_text css_animation=\u00bbfadeInRight\u00bb]Nuestros ingenieros utilizan herramientas a la vanguardia de la tecnolog\u00eda :<\/p>\n<ul>\n<li><a href=\"https:\/\/www.ptc.com\/en\/products\/creo\"><strong data-start=\"77\" data-end=\"85\">Creo <\/strong><\/a>: dise\u00f1o param\u00e9trico avanzado para una modelaci\u00f3n precisa y evolutiva<\/li>\n<li><a href=\"https:\/\/www.solidworks.com\/es\"><strong data-start=\"157\" data-end=\"171\" data-is-only-node=\"\">Solidworks <\/strong><\/a>: modelado 3D intuitivo para una creaci\u00f3n r\u00e1pida de prototipos<\/li>\n<li><a href=\"https:\/\/www.3ds.com\/es\/products\/simulia\/abaqus\"><strong data-start=\"236\" data-end=\"246\">Abaqus <\/strong><\/a>: simulaci\u00f3n num\u00e9rica para garantizar la robustez y el rendimiento<\/li>\n<\/ul>\n<p>La elecci\u00f3n de estos programas se basa en su <strong>pertinencia t\u00e9cnica<\/strong>, su <strong>coste controlado<\/strong> y su <strong>compatibilidad con nuestros materiales<\/strong> espec\u00edficos.[\/vc_column_text][\/vc_column_inner][\/vc_row_inner][\/vc_column][\/vc_row][vc_row][vc_column][vc_empty_space height=\u00bb28px\u00bb][vc_column_text css_animation=\u00bbfadeInDown\u00bb]<\/p>\n<h2><strong>Una experiencia al servicio de proyectos de alto valor a\u00f1adido<\/strong><\/h2>\n<p>[\/vc_column_text][vc_row_inner][vc_column_inner width=\u00bb1\/2&#8243;][vc_empty_space height=\u00bb36px\u00bb][vc_column_text css_animation=\u00bbfadeInLeft\u00bb]<\/p>\n<p class=\"\" data-start=\"0\" data-end=\"307\">Pronal acompa\u00f1a proyectos de gran complejidad en sectores exigentes como la <strong><a href=\"https:\/\/www.pronal.com\/es\/sectores-de-actividad-pronal\/industrias\/\">industria<\/a>, <a href=\"https:\/\/www.pronal.com\/es\/sectores-de-actividad-pronal\/medio-ambiente\/\">el medio ambiente<\/a>, la energ\u00eda o<a href=\"https:\/\/www.pronal.com\/es\/sectores-de-actividad-pronal\/defensa\/\"> la defensa.<\/a><\/strong><br data-start=\"130\" data-end=\"133\" \/>Nuestros ingenieros trabajan en aplicaciones espec\u00edficas como los<a href=\"https:\/\/www.pronal.com\/es\/categorias-de-productos\/obturadores-inflables\/\"> sistemas de obturaci\u00f3n<\/a> de alta presi\u00f3n o las<a href=\"https:\/\/www.pronal.com\/es\/categorias-de-productos\/cojines-de-elevacion\/\"> soluciones de elevaci\u00f3n<\/a>, con un alto <strong>nivel de confidencialidad<\/strong>.<\/p>\n<p class=\"\" data-start=\"309\" data-end=\"471\">Cada proyecto se estructura seg\u00fan una l\u00f3gica de<strong> transferencia fluida entre dise\u00f1o, m\u00e9todos y producci\u00f3n, garantizando<\/strong> un alto nivel de trazabilidad y conformidad.<\/p>\n<p>[\/vc_column_text][\/vc_column_inner][vc_column_inner width=\u00bb1\/2&#8243;][vc_empty_space height=\u00bb12px\u00bb][vc_single_image image=\u00bb33131&#8243; img_size=\u00bblarge\u00bb css_animation=\u00bbfadeInRight\u00bb][\/vc_column_inner][\/vc_row_inner][\/vc_column][\/vc_row][vc_row full_width=\u00bbstretch_row\u00bb css=\u00bb.vc_custom_1744273932306{background-color: #f7f7f7 !important;}\u00bb][vc_column][vc_empty_space height=\u00bb28px\u00bb][vc_column_text css_animation=\u00bbfadeInDown\u00bb]<\/p>\n<h2 style=\"text-align: right;\"><strong>Validaci\u00f3n en condiciones reales en nuestros laboratorios de pruebas<\/strong><\/h2>\n<p>[\/vc_column_text][vc_row_inner][vc_column_inner width=\u00bb1\/2&#8243;][vc_empty_space height=\u00bb12px\u00bb][vc_single_image image=\u00bb33368&#8243; img_size=\u00bblarge\u00bb css_animation=\u00bbfadeInLeft\u00bb][\/vc_column_inner][vc_column_inner width=\u00bb1\/2&#8243;][vc_empty_space height=\u00bb36px\u00bb][vc_column_text css_animation=\u00bbfadeInRight\u00bb]<\/p>\n<p class=\"\" data-start=\"0\" data-end=\"82\"><strong>El laboratorio interno de Pronal<\/strong> permite realizar ensayos mec\u00e1nicos y ambientales:<\/p>\n<ul data-start=\"84\" data-end=\"171\">\n<li class=\"\" data-start=\"84\" data-end=\"107\">\n<p class=\"\" data-start=\"86\" data-end=\"107\">pruebas de presi\u00f3n,<\/p>\n<\/li>\n<li class=\"\" data-start=\"108\" data-end=\"138\">\n<p class=\"\" data-start=\"110\" data-end=\"138\">ensayos de envejecimiento,<\/p>\n<\/li>\n<li class=\"\" data-start=\"139\" data-end=\"171\">\n<p class=\"\" data-start=\"141\" data-end=\"171\">caracterizaci\u00f3n de materiales.<\/p>\n<\/li>\n<\/ul>\n<p class=\"\" data-start=\"173\" data-end=\"334\">Esta infraestructura garantiza <strong>la robustez y la fiabilidad<\/strong> de las soluciones desarrolladas, y contribuye a <strong>reforzar la confianza<\/strong> de nuestros socios industriales.<\/p>\n<p>[\/vc_column_text][\/vc_column_inner][\/vc_row_inner][\/vc_column][\/vc_row][vc_row][vc_column][vc_empty_space height=\u00bb28px\u00bb][vc_column_text css_animation=\u00bbfadeInDown\u00bb]<\/p>\n<h2><strong>Colaboraci\u00f3n y satisfacci\u00f3n del cliente, en una l\u00f3gica de co-construcci\u00f3n<\/strong><\/h2>\n<p>[\/vc_column_text][vc_row_inner][vc_column_inner width=\u00bb1\/2&#8243;][vc_empty_space height=\u00bb24px\u00bb][vc_column_text css_animation=\u00bbfadeInLeft\u00bb]<\/p>\n<p class=\"\" data-start=\"0\" data-end=\"139\">El departamento de ingenier\u00eda <strong>colabora estrechamente<\/strong> con los <strong>departamentos comercial, de marketing, de calidad, de m\u00e9todos<\/strong> y de <strong>producci\u00f3n<\/strong>.<\/p>\n<p class=\"\" data-start=\"141\" data-end=\"307\">Esta sinergia entre equipos permite combinar conocimientos especializados y construir una visi\u00f3n com\u00fan, coherente y alineada con los objetivos globales de la empresa.<\/p>\n<p class=\"\" data-start=\"309\" data-end=\"560\">Gracias a este <strong>enfoque transversal<\/strong>, el departamento de ingenier\u00eda goza de una gran capacidad de reacci\u00f3n y de adaptaci\u00f3n continua, teniendo en cuenta los comentarios del terreno, la evoluci\u00f3n del mercado y <strong>las expectativas espec\u00edficas de los clientes<\/strong>.<\/p>\n<p>[\/vc_column_text][\/vc_column_inner][vc_column_inner width=\u00bb1\/2&#8243;][vc_empty_space height=\u00bb12px\u00bb][vc_single_image image=\u00bb33414&#8243; img_size=\u00bblarge\u00bb css_animation=\u00bbfadeInRight\u00bb][\/vc_column_inner][\/vc_row_inner][\/vc_column][\/vc_row][vc_row full_width=\u00bbstretch_row\u00bb css=\u00bb.vc_custom_1744620342353{background-color: #f7f7f7 !important;}\u00bb][vc_column][vc_empty_space height=\u00bb28px\u00bb][vc_column_text css_animation=\u00bbfadeInDown\u00bb]<\/p>\n<h2 style=\"text-align: right;\"><strong>Una respuesta t\u00e9cnica a los pliegos de condiciones espec\u00edficos<\/strong><\/h2>\n<p>[\/vc_column_text][vc_row_inner][vc_column_inner width=\u00bb1\/4&#8243;][vc_single_image image=\u00bb33260&#8243; img_size=\u00bblarge\u00bb css_animation=\u00bbfadeInUp\u00bb][\/vc_column_inner][vc_column_inner width=\u00bb1\/4&#8243;][vc_empty_space height=\u00bb20px\u00bb][vc_single_image image=\u00bb11961&#8243; img_size=\u00bbmedium\u00bb style=\u00bbvc_box_outline_circle\u00bb css_animation=\u00bbfadeInUp\u00bb][\/vc_column_inner][vc_column_inner width=\u00bb1\/2&#8243;][vc_empty_space height=\u00bb28px\u00bb][vc_column_text css_animation=\u00bbfadeInUp\u00bb]<\/p>\n<p class=\"\" data-start=\"2454\" data-end=\"2669\">Cada solicitud del cliente se analiza con rigor. Cuando las necesidades superan el marco de las soluciones est\u00e1ndar, el departamento de ingenier\u00eda se moviliza para dise\u00f1ar una respuesta <strong>personalizada, funcional y segura<\/strong>.<\/p>\n<p class=\"\" data-start=\"2671\" data-end=\"2800\">Ejemplo : el <a href=\"https:\/\/www.pronal.com\/en\/pronal-products\/\"><strong>JB Qualifix<\/strong><\/a>, dise\u00f1ado para una necesidad espec\u00edfica en el terreno, ilustra nuestra capacidad de innovar m\u00e1s all\u00e1 del cat\u00e1logo.<\/p>\n<p>[\/vc_column_text][\/vc_column_inner][\/vc_row_inner][\/vc_column][\/vc_row][vc_row][vc_column][vc_empty_space height=\u00bb28px\u00bb][vc_column_text css_animation=\u00bbfadeInDown\u00bb]<\/p>\n<h2><strong>Reactividad, experiencia y agilidad industrial a nivel internacional<\/strong><\/h2>\n<p>[\/vc_column_text][vc_row_inner][vc_column_inner width=\u00bb1\/2&#8243;][vc_empty_space height=\u00bb42px\u00bb][vc_column_text css_animation=\u00bbfadeInLeft\u00bb]<\/p>\n<p class=\"\" data-start=\"0\" data-end=\"52\"><strong>\u00bfQu\u00e9 distingue a nuestro departamento de ingenier\u00eda?<\/strong><\/p>\n<p class=\"\" data-start=\"54\" data-end=\"198\">Una <strong>estructura \u00e1gil<\/strong>, un saber hacer \u00fanico en materiales flexibles y una capacidad para <strong>responder con eficacia a desaf\u00edos industriales complejos.<\/strong><\/p>\n<p class=\"\" data-start=\"200\" data-end=\"318\">Contribuimos plenamente a la misi\u00f3n de Pronal, que es <strong>dise\u00f1ar soluciones t\u00e9cnicas innovadoras, a medida y<\/strong><\/p>\n<p>[\/vc_column_text][\/vc_column_inner][vc_column_inner width=\u00bb1\/2&#8243;][vc_empty_space height=\u00bb12px\u00bb][vc_single_image image=\u00bb33358&#8243; img_size=\u00bblarge\u00bb css_animation=\u00bbfadeInRight\u00bb][\/vc_column_inner][\/vc_row_inner][\/vc_column][\/vc_row][vc_row full_width=\u00bbstretch_row\u00bb css=\u00bb.vc_custom_1744621303536{background-color: #f7f7f7 !important;}\u00bb][vc_column][vc_column_text css_animation=\u00bbfadeInUp\u00bb]<\/p>\n<h3><strong>\u00bfQuieres saber m\u00e1s?<\/strong><\/h3>\n<p><br data-start=\"138\" data-end=\"141\" \/>\u00a1No te pierdas el v\u00eddeo sobre la ingenier\u00eda en <strong>Pronal <\/strong>! Sum\u00e9rgete en los entresijos de nuestro saber hacer y descubre c\u00f3mo nuestros equipos transforman las ideas en soluciones concretas.[\/vc_column_text][vc_video link=\u00bbhttps:\/\/www.youtube.com\/watch?v=Q8hGR3kGstI&amp;t=6s\u00bb align=\u00bbcenter\u00bb css_animation=\u00bbfadeInUp\u00bb][\/vc_column][\/vc_row][vc_row full_width=\u00bbstretch_row\u00bb][vc_column][vc_column_text css_animation=\u00bbfadeInDown\u00bb]<\/p>\n<h3 style=\"text-align: center;\" data-start=\"0\" data-end=\"48\"><strong>Conf\u00eda en la experiencia de la ingenier\u00eda Pronal<\/strong><\/h3>\n<p>&nbsp;<\/p>\n<p class=\"\" style=\"text-align: center;\" data-start=\"50\" data-end=\"156\">\u00bfTienes un <strong>proyecto t\u00e9cnico exigente<\/strong>? \u00bfUna <strong>necesidad espec\u00edfica<\/strong> que se sale de los est\u00e1ndares del mercado ?<\/p>\n<p class=\"\" style=\"text-align: center;\" data-start=\"158\" data-end=\"261\">Nuestro <strong>departamento comercial<\/strong> y nuestro <strong>equipo de ingenier\u00eda<\/strong> est\u00e1n listos para <strong>asumir el reto contigo<\/strong>.<\/p>\n<p class=\"\" style=\"text-align: center;\" data-start=\"263\" data-end=\"455\">Gracias a nuestro enfoque a medida, nuestras herramientas de vanguardia y nuestro compromiso con la calidad y el rendimiento, dise\u00f1amos soluciones que responden exactamente a tus expectativas.<\/p>\n<p class=\"\" style=\"text-align: center;\" data-start=\"457\" data-end=\"520\"><strong>\u00a1\u00danete a los numerosos industriales que ya conf\u00edan en nosotros!<\/strong><\/p>\n<p class=\"\" style=\"text-align: center;\" data-start=\"522\" data-end=\"597\">\ud83d\udc49 <strong><a href=\"https:\/\/www.pronal.com\/es\/contacto-presupuesto-pronal\/\">Cont\u00e1ctanos hoy mismo<\/a> y transforma tus ideas en realizaciones concretas.<\/strong><\/p>\n<p>[\/vc_column_text][vc_btn title=\u00bbCONTACTO\u00bb align=\u00bbcenter\u00bb css_animation=\u00bbbounceInUp\u00bb link=\u00bburl:https%3A%2F%2Fwww.pronal.com%2Fes%2Fcontacto-presupuesto-pronal%2F|||\u00bb][\/vc_column][\/vc_row]<\/p>\n<\/div>","protected":false},"excerpt":{"rendered":"<p>[vc_row full_width=\u00bbstretch_row_content_no_spaces\u00bb equal_height=\u00bbyes\u00bb][vc_column][vc_pr_chronos][vc_pr_chronos_item date=\u00bb1965&#8243; title=\u00bbCreaci\u00f3n de la primera cisterna flexible\u00bb desc=\u00bbPresentaci\u00f3n de los tanques flexibles Pronal en Par\u00eds\u00bb][vc_pr_chronos_item date=\u00bb1971&#8243; title=\u00bbCreaci\u00f3n del primer cilindros Pronal y del primer obturador Pronal\u00bb desc=\u00bbActuadores&#8230;<\/p>\n","protected":false},"author":3,"featured_media":0,"parent":0,"menu_order":0,"comment_status":"closed","ping_status":"closed","template":"","meta":{"_acf_changed":false,"inline_featured_image":false,"footnotes":""},"class_list":["post-33434","page","type-page","status-publish","hentry"],"acf":[],"yoast_head":"<!-- This site is optimized with the Yoast SEO plugin v25.8 - https:\/\/yoast.com\/wordpress\/plugins\/seo\/ -->\n<title>Departamento de ingenier\u00eda Pronal \u2013 Precisi\u00f3n, innovaci\u00f3n, confianza<\/title>\n<meta name=\"description\" content=\"Descubre el departamento de ingenier\u00eda de Pronal: dise\u00f1o a medida, simulaci\u00f3n avanzada e innovaci\u00f3n al servicio de tus proyectos.\" \/>\n<meta name=\"robots\" content=\"index, follow, max-snippet:-1, max-image-preview:large, max-video-preview:-1\" \/>\n<link rel=\"canonical\" href=\"https:\/\/www.pronal.com\/es\/bureau-etudes-ingenierie-sur-mesure-pronal\/\" \/>\n<meta property=\"og:locale\" content=\"es_ES\" \/>\n<meta property=\"og:type\" content=\"article\" \/>\n<meta property=\"og:title\" content=\"Departamento de ingenier\u00eda Pronal \u2013 Precisi\u00f3n, innovaci\u00f3n, confianza\" \/>\n<meta property=\"og:description\" content=\"Descubre el departamento de ingenier\u00eda de Pronal: dise\u00f1o a medida, simulaci\u00f3n avanzada e innovaci\u00f3n al servicio de tus proyectos.\" \/>\n<meta property=\"og:url\" content=\"https:\/\/www.pronal.com\/es\/bureau-etudes-ingenierie-sur-mesure-pronal\/\" \/>\n<meta property=\"og:site_name\" content=\"Pronal - Conception et fabrication de structure flexible\" \/>\n<meta property=\"article:modified_time\" content=\"2026-04-02T07:45:19+00:00\" \/>\n<meta name=\"twitter:card\" content=\"summary_large_image\" \/>\n<meta name=\"twitter:label1\" content=\"Tiempo de lectura\" \/>\n\t<meta name=\"twitter:data1\" content=\"7 minutos\" \/>\n<script type=\"application\/ld+json\" class=\"yoast-schema-graph\">{\"@context\":\"https:\/\/schema.org\",\"@graph\":[{\"@type\":\"WebPage\",\"@id\":\"https:\/\/www.pronal.com\/es\/bureau-etudes-ingenierie-sur-mesure-pronal\/\",\"url\":\"https:\/\/www.pronal.com\/es\/bureau-etudes-ingenierie-sur-mesure-pronal\/\",\"name\":\"Departamento de ingenier\u00eda Pronal \u2013 Precisi\u00f3n, innovaci\u00f3n, confianza\",\"isPartOf\":{\"@id\":\"https:\/\/www.pronal.com\/es\/#website\"},\"datePublished\":\"2025-04-18T09:58:12+00:00\",\"dateModified\":\"2026-04-02T07:45:19+00:00\",\"description\":\"Descubre el departamento de ingenier\u00eda de Pronal: dise\u00f1o a medida, simulaci\u00f3n avanzada e innovaci\u00f3n al servicio de tus proyectos.\",\"inLanguage\":\"es\",\"potentialAction\":[{\"@type\":\"ReadAction\",\"target\":[\"https:\/\/www.pronal.com\/es\/bureau-etudes-ingenierie-sur-mesure-pronal\/\"]}]},{\"@type\":\"WebSite\",\"@id\":\"https:\/\/www.pronal.com\/es\/#website\",\"url\":\"https:\/\/www.pronal.com\/es\/\",\"name\":\"Pronal - Conception et fabrication de structure flexible\",\"description\":\"Pronal - Conception et fabrication de structure flexible\",\"publisher\":{\"@id\":\"https:\/\/www.pronal.com\/es\/#organization\"},\"potentialAction\":[{\"@type\":\"SearchAction\",\"target\":{\"@type\":\"EntryPoint\",\"urlTemplate\":\"https:\/\/www.pronal.com\/es\/?s={search_term_string}\"},\"query-input\":{\"@type\":\"PropertyValueSpecification\",\"valueRequired\":true,\"valueName\":\"search_term_string\"}}],\"inLanguage\":\"es\"},{\"@type\":\"Organization\",\"@id\":\"https:\/\/www.pronal.com\/es\/#organization\",\"name\":\"Pronal\",\"url\":\"https:\/\/www.pronal.com\/es\/\",\"logo\":{\"@type\":\"ImageObject\",\"inLanguage\":\"es\",\"@id\":\"https:\/\/www.pronal.com\/es\/#\/schema\/logo\/image\/\",\"url\":\"https:\/\/www.pronal.com\/wp-content\/uploads\/2019\/06\/logo-pronal.png\",\"contentUrl\":\"https:\/\/www.pronal.com\/wp-content\/uploads\/2019\/06\/logo-pronal.png\",\"width\":504,\"height\":80,\"caption\":\"Pronal\"},\"image\":{\"@id\":\"https:\/\/www.pronal.com\/es\/#\/schema\/logo\/image\/\"}}]}<\/script>\n<!-- \/ Yoast SEO plugin. -->","yoast_head_json":{"title":"Departamento de ingenier\u00eda Pronal \u2013 Precisi\u00f3n, innovaci\u00f3n, confianza","description":"Descubre el departamento de ingenier\u00eda de Pronal: dise\u00f1o a medida, simulaci\u00f3n avanzada e innovaci\u00f3n al servicio de tus proyectos.","robots":{"index":"index","follow":"follow","max-snippet":"max-snippet:-1","max-image-preview":"max-image-preview:large","max-video-preview":"max-video-preview:-1"},"canonical":"https:\/\/www.pronal.com\/es\/bureau-etudes-ingenierie-sur-mesure-pronal\/","og_locale":"es_ES","og_type":"article","og_title":"Departamento de ingenier\u00eda Pronal \u2013 Precisi\u00f3n, innovaci\u00f3n, confianza","og_description":"Descubre el departamento de ingenier\u00eda de Pronal: dise\u00f1o a medida, simulaci\u00f3n avanzada e innovaci\u00f3n al servicio de tus proyectos.","og_url":"https:\/\/www.pronal.com\/es\/bureau-etudes-ingenierie-sur-mesure-pronal\/","og_site_name":"Pronal - Conception et fabrication de structure flexible","article_modified_time":"2026-04-02T07:45:19+00:00","twitter_card":"summary_large_image","twitter_misc":{"Tiempo de lectura":"7 minutos"},"schema":{"@context":"https:\/\/schema.org","@graph":[{"@type":"WebPage","@id":"https:\/\/www.pronal.com\/es\/bureau-etudes-ingenierie-sur-mesure-pronal\/","url":"https:\/\/www.pronal.com\/es\/bureau-etudes-ingenierie-sur-mesure-pronal\/","name":"Departamento de ingenier\u00eda Pronal \u2013 Precisi\u00f3n, innovaci\u00f3n, confianza","isPartOf":{"@id":"https:\/\/www.pronal.com\/es\/#website"},"datePublished":"2025-04-18T09:58:12+00:00","dateModified":"2026-04-02T07:45:19+00:00","description":"Descubre el departamento de ingenier\u00eda de Pronal: dise\u00f1o a medida, simulaci\u00f3n avanzada e innovaci\u00f3n al servicio de tus proyectos.","inLanguage":"es","potentialAction":[{"@type":"ReadAction","target":["https:\/\/www.pronal.com\/es\/bureau-etudes-ingenierie-sur-mesure-pronal\/"]}]},{"@type":"WebSite","@id":"https:\/\/www.pronal.com\/es\/#website","url":"https:\/\/www.pronal.com\/es\/","name":"Pronal - Conception et fabrication de structure flexible","description":"Pronal - Conception et fabrication de structure flexible","publisher":{"@id":"https:\/\/www.pronal.com\/es\/#organization"},"potentialAction":[{"@type":"SearchAction","target":{"@type":"EntryPoint","urlTemplate":"https:\/\/www.pronal.com\/es\/?s={search_term_string}"},"query-input":{"@type":"PropertyValueSpecification","valueRequired":true,"valueName":"search_term_string"}}],"inLanguage":"es"},{"@type":"Organization","@id":"https:\/\/www.pronal.com\/es\/#organization","name":"Pronal","url":"https:\/\/www.pronal.com\/es\/","logo":{"@type":"ImageObject","inLanguage":"es","@id":"https:\/\/www.pronal.com\/es\/#\/schema\/logo\/image\/","url":"https:\/\/www.pronal.com\/wp-content\/uploads\/2019\/06\/logo-pronal.png","contentUrl":"https:\/\/www.pronal.com\/wp-content\/uploads\/2019\/06\/logo-pronal.png","width":504,"height":80,"caption":"Pronal"},"image":{"@id":"https:\/\/www.pronal.com\/es\/#\/schema\/logo\/image\/"}}]}},"_links":{"self":[{"href":"https:\/\/www.pronal.com\/es\/wp-json\/wp\/v2\/pages\/33434","targetHints":{"allow":["GET"]}}],"collection":[{"href":"https:\/\/www.pronal.com\/es\/wp-json\/wp\/v2\/pages"}],"about":[{"href":"https:\/\/www.pronal.com\/es\/wp-json\/wp\/v2\/types\/page"}],"author":[{"embeddable":true,"href":"https:\/\/www.pronal.com\/es\/wp-json\/wp\/v2\/users\/3"}],"replies":[{"embeddable":true,"href":"https:\/\/www.pronal.com\/es\/wp-json\/wp\/v2\/comments?post=33434"}],"version-history":[{"count":4,"href":"https:\/\/www.pronal.com\/es\/wp-json\/wp\/v2\/pages\/33434\/revisions"}],"predecessor-version":[{"id":36811,"href":"https:\/\/www.pronal.com\/es\/wp-json\/wp\/v2\/pages\/33434\/revisions\/36811"}],"wp:attachment":[{"href":"https:\/\/www.pronal.com\/es\/wp-json\/wp\/v2\/media?parent=33434"}],"curies":[{"name":"wp","href":"https:\/\/api.w.org\/{rel}","templated":true}]}}