{"id":36609,"date":"2026-03-19T11:18:00","date_gmt":"2026-03-19T10:18:00","guid":{"rendered":"https:\/\/www.pronal.com\/?page_id=36609"},"modified":"2026-03-20T09:27:50","modified_gmt":"2026-03-20T08:27:50","slug":"energia","status":"publish","type":"page","link":"https:\/\/www.pronal.com\/es\/sectores-de-actividad-pronal\/energia\/","title":{"rendered":"Energ\u00eda"},"content":{"rendered":"<div class=\"wpb-content-wrapper\"><p>[vc_row][vc_column][vc_pr_pres_domaines title=\u00bbPRONAL EN EL CORAZ\u00d3N DE TODAS LAS ENERGIAS\u00bb gallery=\u00bb19966,19333,19328&#8243;]<\/p>\n<p data-start=\"48\" data-end=\"116\">Existen dos tipos de fuentes de energ\u00eda: <strong>no renovables y renovables.<\/strong><\/p>\n<p data-start=\"118\" data-end=\"399\">En cuanto a las energ\u00edas no renovables, encontramos las energ\u00edas f\u00f3siles, que son residuos de materias vegetales que se transforman en hidrocarburos (petr\u00f3leo, gas natural, carb\u00f3n, etc.). En Pronal ofrecemos soluciones adaptadas a la energ\u00eda nuclear, as\u00ed como al sector de <strong><a href=\"https:\/\/www.pronal.com\/es\/sectores-de-actividad-pronal\/petroleo-y-gas\/\">oil&amp;gas.<\/a><\/strong><\/p>\n<p data-start=\"401\" data-end=\"749\">Sin embargo, Pronal est\u00e1 dando un nuevo giro. De hecho, hoy en d\u00eda, las nuevas energ\u00edas son indispensables. Permiten <strong>responder a la urgencia clim\u00e1tica<\/strong> reduciendo las emisiones de gases de efecto invernadero, tambi\u00e9n ayudan a disminuir la contaminaci\u00f3n y, por lo tanto, a proteger nuestra salud. Estas nuevas energ\u00edas tienen muchos otros beneficios.<\/p>\n<p data-start=\"751\" data-end=\"830\">Existen diversas fuentes de energ\u00edas renovables: solar, biog\u00e1s, geotermia, etc.<\/p>\n<p data-start=\"832\" data-end=\"917\"><strong>Pronal ha decidido aportar su granito de arena y adentrarse en estas nuevas energ\u00edas.<\/strong><\/p>\n<p data-start=\"919\" data-end=\"1202\">Pronal trabaja en dos objetivos: <strong>la producci\u00f3n de energ\u00eda y su almacenamiento<\/strong>. De hecho, estamos trabajando en un proyecto offshore de energ\u00eda solar flotante. Adem\u00e1s, nos interesamos en el almacenamiento de gas comprimido en el fondo marino y en el subsuelo para hidr\u00f3geno, CH4, CO2.<\/p>\n<p data-start=\"1204\" data-end=\"1563\" data-is-last-node=\"\" data-is-only-node=\"\">Gracias a nuestra oficina de estudios y a nuestro saber hacer de m\u00e1s de 60 a\u00f1os, hemos creado productos que permiten almacenar los gases contaminantes. Fabricado en elast\u00f3mero con un revestimiento espec\u00edfico para una impermeabilidad \u00f3ptima, <strong>el gas\u00f3metro<\/strong> permite un almacenamiento externo independiente. Asegura el acondicionamiento y la mezcla de estos gases.<\/p>\n<p>[\/vc_pr_pres_domaines][\/vc_column][\/vc_row][vc_row][vc_column][vc_pr_block_products title=\u00bbPRODUCTOS ESTRELLA\u00bb products=\u00bb36613&#8243;][\/vc_column][\/vc_row][vc_row][vc_column][vc_pr_prod_tag_link][\/vc_column][\/vc_row][vc_row][vc_column][vc_pr_projects][\/vc_column][\/vc_row][vc_row][vc_column][vc_pr_news][\/vc_column][\/vc_row]<\/p>\n<\/div>","protected":false},"excerpt":{"rendered":"<p>[vc_row][vc_column][vc_pr_pres_domaines title=\u00bbPRONAL EN EL CORAZ\u00d3N DE TODAS LAS ENERGIAS\u00bb gallery=\u00bb19966,19333,19328&#8243;] Existen dos tipos de fuentes de energ\u00eda: no renovables y renovables. En cuanto a las energ\u00edas no renovables, encontramos las&#8230;<\/p>\n","protected":false},"author":3,"featured_media":19966,"parent":3082,"menu_order":4,"comment_status":"closed","ping_status":"closed","template":"","meta":{"_acf_changed":false,"inline_featured_image":false,"footnotes":""},"class_list":["post-36609","page","type-page","status-publish","has-post-thumbnail","hentry"],"acf":[],"yoast_head":"<!-- This site is optimized with the Yoast SEO plugin v25.8 - https:\/\/yoast.com\/wordpress\/plugins\/seo\/ -->\n<title>Las Nuevas Energ\u00edas - Nuevo campo de actividad de PRONAL<\/title>\n<meta name=\"description\" content=\"Las nuevas energ\u00edas son hoy indispensables para hacer frente a la urgencia clim\u00e1tica. Pronal ha decidido aportar su granito de arena.\" \/>\n<meta name=\"robots\" content=\"index, follow, max-snippet:-1, max-image-preview:large, max-video-preview:-1\" \/>\n<link rel=\"canonical\" href=\"https:\/\/www.pronal.com\/es\/sectores-de-actividad-pronal\/energia\/\" \/>\n<meta property=\"og:locale\" content=\"es_ES\" \/>\n<meta property=\"og:type\" content=\"article\" \/>\n<meta property=\"og:title\" content=\"Las Nuevas Energ\u00edas - Nuevo campo de actividad de PRONAL\" \/>\n<meta property=\"og:description\" content=\"Las nuevas energ\u00edas son hoy indispensables para hacer frente a la urgencia clim\u00e1tica. Pronal ha decidido aportar su granito de arena.\" \/>\n<meta property=\"og:url\" content=\"https:\/\/www.pronal.com\/es\/sectores-de-actividad-pronal\/energia\/\" \/>\n<meta property=\"og:site_name\" content=\"Pronal - Conception et fabrication de structure flexible\" \/>\n<meta property=\"article:modified_time\" content=\"2026-03-20T08:27:50+00:00\" \/>\n<meta property=\"og:image\" content=\"https:\/\/www.pronal.com\/wp-content\/uploads\/2022\/12\/Photo-gazometre-atelier-compressed-1.jpg\" \/>\n\t<meta property=\"og:image:width\" content=\"1500\" \/>\n\t<meta property=\"og:image:height\" content=\"1171\" \/>\n\t<meta property=\"og:image:type\" content=\"image\/jpeg\" \/>\n<meta name=\"twitter:card\" content=\"summary_large_image\" \/>\n<meta name=\"twitter:label1\" content=\"Tiempo de lectura\" \/>\n\t<meta name=\"twitter:data1\" content=\"3 minutos\" \/>\n<script type=\"application\/ld+json\" class=\"yoast-schema-graph\">{\"@context\":\"https:\/\/schema.org\",\"@graph\":[{\"@type\":\"WebPage\",\"@id\":\"https:\/\/www.pronal.com\/es\/sectores-de-actividad-pronal\/energia\/\",\"url\":\"https:\/\/www.pronal.com\/es\/sectores-de-actividad-pronal\/energia\/\",\"name\":\"Las Nuevas Energ\u00edas - Nuevo campo de actividad de PRONAL\",\"isPartOf\":{\"@id\":\"https:\/\/www.pronal.com\/es\/#website\"},\"primaryImageOfPage\":{\"@id\":\"https:\/\/www.pronal.com\/es\/sectores-de-actividad-pronal\/energia\/#primaryimage\"},\"image\":{\"@id\":\"https:\/\/www.pronal.com\/es\/sectores-de-actividad-pronal\/energia\/#primaryimage\"},\"thumbnailUrl\":\"https:\/\/www.pronal.com\/wp-content\/uploads\/2022\/12\/Photo-gazometre-atelier-compressed-1.jpg\",\"datePublished\":\"2026-03-19T10:18:00+00:00\",\"dateModified\":\"2026-03-20T08:27:50+00:00\",\"description\":\"Las nuevas energ\u00edas son hoy indispensables para hacer frente a la urgencia clim\u00e1tica. Pronal ha decidido aportar su granito de arena.\",\"breadcrumb\":{\"@id\":\"https:\/\/www.pronal.com\/es\/sectores-de-actividad-pronal\/energia\/#breadcrumb\"},\"inLanguage\":\"es\",\"potentialAction\":[{\"@type\":\"ReadAction\",\"target\":[\"https:\/\/www.pronal.com\/es\/sectores-de-actividad-pronal\/energia\/\"]}]},{\"@type\":\"ImageObject\",\"inLanguage\":\"es\",\"@id\":\"https:\/\/www.pronal.com\/es\/sectores-de-actividad-pronal\/energia\/#primaryimage\",\"url\":\"https:\/\/www.pronal.com\/wp-content\/uploads\/2022\/12\/Photo-gazometre-atelier-compressed-1.jpg\",\"contentUrl\":\"https:\/\/www.pronal.com\/wp-content\/uploads\/2022\/12\/Photo-gazometre-atelier-compressed-1.jpg\",\"width\":1500,\"height\":1171,\"caption\":\"gazom\u00e8tre\"},{\"@type\":\"BreadcrumbList\",\"@id\":\"https:\/\/www.pronal.com\/es\/sectores-de-actividad-pronal\/energia\/#breadcrumb\",\"itemListElement\":[{\"@type\":\"ListItem\",\"position\":1,\"name\":\"Sectores\",\"item\":\"https:\/\/www.pronal.com\/es\/sectores-de-actividad-pronal\/\"},{\"@type\":\"ListItem\",\"position\":2,\"name\":\"Energ\u00eda\"}]},{\"@type\":\"WebSite\",\"@id\":\"https:\/\/www.pronal.com\/es\/#website\",\"url\":\"https:\/\/www.pronal.com\/es\/\",\"name\":\"Pronal - Conception et fabrication de structure flexible\",\"description\":\"Pronal - Conception et fabrication de structure flexible\",\"publisher\":{\"@id\":\"https:\/\/www.pronal.com\/es\/#organization\"},\"potentialAction\":[{\"@type\":\"SearchAction\",\"target\":{\"@type\":\"EntryPoint\",\"urlTemplate\":\"https:\/\/www.pronal.com\/es\/?s={search_term_string}\"},\"query-input\":{\"@type\":\"PropertyValueSpecification\",\"valueRequired\":true,\"valueName\":\"search_term_string\"}}],\"inLanguage\":\"es\"},{\"@type\":\"Organization\",\"@id\":\"https:\/\/www.pronal.com\/es\/#organization\",\"name\":\"Pronal\",\"url\":\"https:\/\/www.pronal.com\/es\/\",\"logo\":{\"@type\":\"ImageObject\",\"inLanguage\":\"es\",\"@id\":\"https:\/\/www.pronal.com\/es\/#\/schema\/logo\/image\/\",\"url\":\"https:\/\/www.pronal.com\/wp-content\/uploads\/2019\/06\/logo-pronal.png\",\"contentUrl\":\"https:\/\/www.pronal.com\/wp-content\/uploads\/2019\/06\/logo-pronal.png\",\"width\":504,\"height\":80,\"caption\":\"Pronal\"},\"image\":{\"@id\":\"https:\/\/www.pronal.com\/es\/#\/schema\/logo\/image\/\"}}]}<\/script>\n<!-- \/ Yoast SEO plugin. -->","yoast_head_json":{"title":"Las Nuevas Energ\u00edas - Nuevo campo de actividad de PRONAL","description":"Las nuevas energ\u00edas son hoy indispensables para hacer frente a la urgencia clim\u00e1tica. Pronal ha decidido aportar su granito de arena.","robots":{"index":"index","follow":"follow","max-snippet":"max-snippet:-1","max-image-preview":"max-image-preview:large","max-video-preview":"max-video-preview:-1"},"canonical":"https:\/\/www.pronal.com\/es\/sectores-de-actividad-pronal\/energia\/","og_locale":"es_ES","og_type":"article","og_title":"Las Nuevas Energ\u00edas - Nuevo campo de actividad de PRONAL","og_description":"Las nuevas energ\u00edas son hoy indispensables para hacer frente a la urgencia clim\u00e1tica. Pronal ha decidido aportar su granito de arena.","og_url":"https:\/\/www.pronal.com\/es\/sectores-de-actividad-pronal\/energia\/","og_site_name":"Pronal - Conception et fabrication de structure flexible","article_modified_time":"2026-03-20T08:27:50+00:00","og_image":[{"width":1500,"height":1171,"url":"https:\/\/www.pronal.com\/wp-content\/uploads\/2022\/12\/Photo-gazometre-atelier-compressed-1.jpg","type":"image\/jpeg"}],"twitter_card":"summary_large_image","twitter_misc":{"Tiempo de lectura":"3 minutos"},"schema":{"@context":"https:\/\/schema.org","@graph":[{"@type":"WebPage","@id":"https:\/\/www.pronal.com\/es\/sectores-de-actividad-pronal\/energia\/","url":"https:\/\/www.pronal.com\/es\/sectores-de-actividad-pronal\/energia\/","name":"Las Nuevas Energ\u00edas - Nuevo campo de actividad de PRONAL","isPartOf":{"@id":"https:\/\/www.pronal.com\/es\/#website"},"primaryImageOfPage":{"@id":"https:\/\/www.pronal.com\/es\/sectores-de-actividad-pronal\/energia\/#primaryimage"},"image":{"@id":"https:\/\/www.pronal.com\/es\/sectores-de-actividad-pronal\/energia\/#primaryimage"},"thumbnailUrl":"https:\/\/www.pronal.com\/wp-content\/uploads\/2022\/12\/Photo-gazometre-atelier-compressed-1.jpg","datePublished":"2026-03-19T10:18:00+00:00","dateModified":"2026-03-20T08:27:50+00:00","description":"Las nuevas energ\u00edas son hoy indispensables para hacer frente a la urgencia clim\u00e1tica. Pronal ha decidido aportar su granito de arena.","breadcrumb":{"@id":"https:\/\/www.pronal.com\/es\/sectores-de-actividad-pronal\/energia\/#breadcrumb"},"inLanguage":"es","potentialAction":[{"@type":"ReadAction","target":["https:\/\/www.pronal.com\/es\/sectores-de-actividad-pronal\/energia\/"]}]},{"@type":"ImageObject","inLanguage":"es","@id":"https:\/\/www.pronal.com\/es\/sectores-de-actividad-pronal\/energia\/#primaryimage","url":"https:\/\/www.pronal.com\/wp-content\/uploads\/2022\/12\/Photo-gazometre-atelier-compressed-1.jpg","contentUrl":"https:\/\/www.pronal.com\/wp-content\/uploads\/2022\/12\/Photo-gazometre-atelier-compressed-1.jpg","width":1500,"height":1171,"caption":"gazom\u00e8tre"},{"@type":"BreadcrumbList","@id":"https:\/\/www.pronal.com\/es\/sectores-de-actividad-pronal\/energia\/#breadcrumb","itemListElement":[{"@type":"ListItem","position":1,"name":"Sectores","item":"https:\/\/www.pronal.com\/es\/sectores-de-actividad-pronal\/"},{"@type":"ListItem","position":2,"name":"Energ\u00eda"}]},{"@type":"WebSite","@id":"https:\/\/www.pronal.com\/es\/#website","url":"https:\/\/www.pronal.com\/es\/","name":"Pronal - Conception et fabrication de structure flexible","description":"Pronal - Conception et fabrication de structure flexible","publisher":{"@id":"https:\/\/www.pronal.com\/es\/#organization"},"potentialAction":[{"@type":"SearchAction","target":{"@type":"EntryPoint","urlTemplate":"https:\/\/www.pronal.com\/es\/?s={search_term_string}"},"query-input":{"@type":"PropertyValueSpecification","valueRequired":true,"valueName":"search_term_string"}}],"inLanguage":"es"},{"@type":"Organization","@id":"https:\/\/www.pronal.com\/es\/#organization","name":"Pronal","url":"https:\/\/www.pronal.com\/es\/","logo":{"@type":"ImageObject","inLanguage":"es","@id":"https:\/\/www.pronal.com\/es\/#\/schema\/logo\/image\/","url":"https:\/\/www.pronal.com\/wp-content\/uploads\/2019\/06\/logo-pronal.png","contentUrl":"https:\/\/www.pronal.com\/wp-content\/uploads\/2019\/06\/logo-pronal.png","width":504,"height":80,"caption":"Pronal"},"image":{"@id":"https:\/\/www.pronal.com\/es\/#\/schema\/logo\/image\/"}}]}},"_links":{"self":[{"href":"https:\/\/www.pronal.com\/es\/wp-json\/wp\/v2\/pages\/36609","targetHints":{"allow":["GET"]}}],"collection":[{"href":"https:\/\/www.pronal.com\/es\/wp-json\/wp\/v2\/pages"}],"about":[{"href":"https:\/\/www.pronal.com\/es\/wp-json\/wp\/v2\/types\/page"}],"author":[{"embeddable":true,"href":"https:\/\/www.pronal.com\/es\/wp-json\/wp\/v2\/users\/3"}],"replies":[{"embeddable":true,"href":"https:\/\/www.pronal.com\/es\/wp-json\/wp\/v2\/comments?post=36609"}],"version-history":[{"count":6,"href":"https:\/\/www.pronal.com\/es\/wp-json\/wp\/v2\/pages\/36609\/revisions"}],"predecessor-version":[{"id":36660,"href":"https:\/\/www.pronal.com\/es\/wp-json\/wp\/v2\/pages\/36609\/revisions\/36660"}],"up":[{"embeddable":true,"href":"https:\/\/www.pronal.com\/es\/wp-json\/wp\/v2\/pages\/3082"}],"wp:featuredmedia":[{"embeddable":true,"href":"https:\/\/www.pronal.com\/es\/wp-json\/wp\/v2\/media\/19966"}],"wp:attachment":[{"href":"https:\/\/www.pronal.com\/es\/wp-json\/wp\/v2\/media?parent=36609"}],"curies":[{"name":"wp","href":"https:\/\/api.w.org\/{rel}","templated":true}]}}