{"id":36643,"date":"2026-03-19T12:38:27","date_gmt":"2026-03-19T11:38:27","guid":{"rendered":"https:\/\/www.pronal.com\/?page_id=36643"},"modified":"2026-03-20T09:31:27","modified_gmt":"2026-03-20T08:31:27","slug":"proteccion-y-seguridad","status":"publish","type":"page","link":"https:\/\/www.pronal.com\/es\/sectores-de-actividad-pronal\/proteccion-y-seguridad\/","title":{"rendered":"Protecci\u00f3n y Seguridad"},"content":{"rendered":"<div class=\"wpb-content-wrapper\"><p>[vc_row][vc_column][vc_pr_pres_domaines title=\u00bbGARANTIZAR LA SEGURIDAD DE LOS OPERARIOS\u00bb gallery=\u00bb36581,36625,36631,36636&#8243;]<\/p>\n<p data-start=\"0\" data-end=\"275\">Para garantizar la seguridad de los operarios, Pronal ofrece productos flexibles e innovadores. Ya sea en obras viales, para realizar mantenimientos en altura o trabajos en zanjas, tenemos las soluciones para asegurar la seguridad de los agentes.<\/p>\n<p data-start=\"277\" data-end=\"459\"><strong><a href=\"https:\/\/www.pronal.com\/es\/produit\/protecciones-de-excavacion\/relleno-inflable-de-huecos\/\">Las relleno inflable de huecos<\/a> <\/strong>son los productos ideales para mantenimientos en altura. Permiten llenar el espacio entre el veh\u00edculo y la pasarela, evitando la ca\u00edda de objetos y personas.<\/p>\n<p data-start=\"461\" data-end=\"609\">La <strong><a href=\"https:\/\/www.pronal.com\/es\/produit\/citernes-souples-de-stockage\/proteccion-de-excavacion-smartshore\/\">protecci\u00f3n de excavaci\u00f3n Smartshore\u00ae <\/a><\/strong>tambi\u00e9n asegura a los operarios, protegi\u00e9ndolos de deslizamientos de tierra y enterramientos durante trabajos en zanjas.<\/p>\n<p data-start=\"611\" data-end=\"814\">El <a href=\"https:\/\/www.pronal.com\/en\/produit\/protection-and-safety\/jb-qualifix-inflatable-formwork\/\"><strong data-start=\"614\" data-end=\"629\">JB Qualifix<\/strong><\/a>, el encofrado de registro inflable, permite realizar un encofrado de registro de forma cil\u00edndrica. Esto asegura a los trabajadores y evita la ca\u00edda de objetos en la c\u00e1mara de registro.<\/p>\n<p data-start=\"816\" data-end=\"1069\">Todas estas soluciones son inflables, lo que asegura una utilizaci\u00f3n r\u00e1pida y sencilla. Adem\u00e1s, pueden ser f\u00e1cilmente introducidas en espacios restringidos. Finalmente, cuando se inflan, se ajustan a las paredes exteriores e impiden cualquier desajuste.<\/p>\n<p data-start=\"1071\" data-end=\"1228\" data-is-last-node=\"\" data-is-only-node=\"\">Realizamos soluciones a medida para ofrecer productos adaptables a cada situaci\u00f3n. Esto permitir\u00e1 garantizar la seguridad de los operarios en cualquier obra.<\/p>\n<p>[\/vc_pr_pres_domaines][\/vc_column][\/vc_row][vc_row][vc_column][vc_pr_block_products title=\u00bbNUESTROS PRODUCTOS DESTACADOS\u00bb products=\u00bb9597,13228&#8243;][\/vc_column][\/vc_row][vc_row][vc_column][vc_pr_prod_tag_link][\/vc_column][\/vc_row][vc_row][vc_column][vc_pr_projects][\/vc_column][\/vc_row][vc_row][vc_column][vc_pr_news post_tag=\u00bbBTP\u00bb][\/vc_column][\/vc_row]<\/p>\n<\/div>","protected":false},"excerpt":{"rendered":"<p>[vc_row][vc_column][vc_pr_pres_domaines title=\u00bbGARANTIZAR LA SEGURIDAD DE LOS OPERARIOS\u00bb gallery=\u00bb36581,36625,36631,36636&#8243;] Para garantizar la seguridad de los operarios, Pronal ofrece productos flexibles e innovadores. Ya sea en obras viales, para realizar mantenimientos en&#8230;<\/p>\n","protected":false},"author":3,"featured_media":12309,"parent":3082,"menu_order":10,"comment_status":"closed","ping_status":"closed","template":"","meta":{"_acf_changed":false,"inline_featured_image":false,"footnotes":""},"class_list":["post-36643","page","type-page","status-publish","has-post-thumbnail","hentry"],"acf":[],"yoast_head":"<!-- This site is optimized with the Yoast SEO plugin v25.8 - https:\/\/yoast.com\/wordpress\/plugins\/seo\/ -->\n<title>Protecci\u00f3n y Seguridad - Pronal - Conception et fabrication de structure flexible<\/title>\n<meta name=\"robots\" content=\"index, follow, max-snippet:-1, max-image-preview:large, max-video-preview:-1\" \/>\n<link rel=\"canonical\" href=\"https:\/\/www.pronal.com\/es\/sectores-de-actividad-pronal\/proteccion-y-seguridad\/\" \/>\n<meta property=\"og:locale\" content=\"es_ES\" \/>\n<meta property=\"og:type\" content=\"article\" \/>\n<meta property=\"og:title\" content=\"Protecci\u00f3n y Seguridad - Pronal - Conception et fabrication de structure flexible\" \/>\n<meta property=\"og:description\" content=\"[vc_row][vc_column][vc_pr_pres_domaines title=\u00bbGARANTIZAR LA SEGURIDAD DE LOS OPERARIOS\u00bb gallery=\u00bb36581,36625,36631,36636&#8243;] Para garantizar la seguridad de los operarios, Pronal ofrece productos flexibles e innovadores. Ya sea en obras viales, para realizar mantenimientos en...\" \/>\n<meta property=\"og:url\" content=\"https:\/\/www.pronal.com\/es\/sectores-de-actividad-pronal\/proteccion-y-seguridad\/\" \/>\n<meta property=\"og:site_name\" content=\"Pronal - Conception et fabrication de structure flexible\" \/>\n<meta property=\"article:modified_time\" content=\"2026-03-20T08:31:27+00:00\" \/>\n<meta property=\"og:image\" content=\"https:\/\/www.pronal.com\/wp-content\/uploads\/2021\/03\/pompier.jpg\" \/>\n\t<meta property=\"og:image:width\" content=\"626\" \/>\n\t<meta property=\"og:image:height\" content=\"417\" \/>\n\t<meta property=\"og:image:type\" content=\"image\/jpeg\" \/>\n<meta name=\"twitter:card\" content=\"summary_large_image\" \/>\n<meta name=\"twitter:label1\" content=\"Tiempo de lectura\" \/>\n\t<meta name=\"twitter:data1\" content=\"2 minutos\" \/>\n<script type=\"application\/ld+json\" class=\"yoast-schema-graph\">{\"@context\":\"https:\/\/schema.org\",\"@graph\":[{\"@type\":\"WebPage\",\"@id\":\"https:\/\/www.pronal.com\/es\/sectores-de-actividad-pronal\/proteccion-y-seguridad\/\",\"url\":\"https:\/\/www.pronal.com\/es\/sectores-de-actividad-pronal\/proteccion-y-seguridad\/\",\"name\":\"Protecci\u00f3n y Seguridad - Pronal - Conception et fabrication de structure flexible\",\"isPartOf\":{\"@id\":\"https:\/\/www.pronal.com\/es\/#website\"},\"primaryImageOfPage\":{\"@id\":\"https:\/\/www.pronal.com\/es\/sectores-de-actividad-pronal\/proteccion-y-seguridad\/#primaryimage\"},\"image\":{\"@id\":\"https:\/\/www.pronal.com\/es\/sectores-de-actividad-pronal\/proteccion-y-seguridad\/#primaryimage\"},\"thumbnailUrl\":\"https:\/\/www.pronal.com\/wp-content\/uploads\/2021\/03\/pompier.jpg\",\"datePublished\":\"2026-03-19T11:38:27+00:00\",\"dateModified\":\"2026-03-20T08:31:27+00:00\",\"breadcrumb\":{\"@id\":\"https:\/\/www.pronal.com\/es\/sectores-de-actividad-pronal\/proteccion-y-seguridad\/#breadcrumb\"},\"inLanguage\":\"es\",\"potentialAction\":[{\"@type\":\"ReadAction\",\"target\":[\"https:\/\/www.pronal.com\/es\/sectores-de-actividad-pronal\/proteccion-y-seguridad\/\"]}]},{\"@type\":\"ImageObject\",\"inLanguage\":\"es\",\"@id\":\"https:\/\/www.pronal.com\/es\/sectores-de-actividad-pronal\/proteccion-y-seguridad\/#primaryimage\",\"url\":\"https:\/\/www.pronal.com\/wp-content\/uploads\/2021\/03\/pompier.jpg\",\"contentUrl\":\"https:\/\/www.pronal.com\/wp-content\/uploads\/2021\/03\/pompier.jpg\",\"width\":626,\"height\":417,\"caption\":\"Pompier\"},{\"@type\":\"BreadcrumbList\",\"@id\":\"https:\/\/www.pronal.com\/es\/sectores-de-actividad-pronal\/proteccion-y-seguridad\/#breadcrumb\",\"itemListElement\":[{\"@type\":\"ListItem\",\"position\":1,\"name\":\"Sectores\",\"item\":\"https:\/\/www.pronal.com\/es\/sectores-de-actividad-pronal\/\"},{\"@type\":\"ListItem\",\"position\":2,\"name\":\"Protecci\u00f3n y Seguridad\"}]},{\"@type\":\"WebSite\",\"@id\":\"https:\/\/www.pronal.com\/es\/#website\",\"url\":\"https:\/\/www.pronal.com\/es\/\",\"name\":\"Pronal - Conception et fabrication de structure flexible\",\"description\":\"Pronal - Conception et fabrication de structure flexible\",\"publisher\":{\"@id\":\"https:\/\/www.pronal.com\/es\/#organization\"},\"potentialAction\":[{\"@type\":\"SearchAction\",\"target\":{\"@type\":\"EntryPoint\",\"urlTemplate\":\"https:\/\/www.pronal.com\/es\/?s={search_term_string}\"},\"query-input\":{\"@type\":\"PropertyValueSpecification\",\"valueRequired\":true,\"valueName\":\"search_term_string\"}}],\"inLanguage\":\"es\"},{\"@type\":\"Organization\",\"@id\":\"https:\/\/www.pronal.com\/es\/#organization\",\"name\":\"Pronal\",\"url\":\"https:\/\/www.pronal.com\/es\/\",\"logo\":{\"@type\":\"ImageObject\",\"inLanguage\":\"es\",\"@id\":\"https:\/\/www.pronal.com\/es\/#\/schema\/logo\/image\/\",\"url\":\"https:\/\/www.pronal.com\/wp-content\/uploads\/2019\/06\/logo-pronal.png\",\"contentUrl\":\"https:\/\/www.pronal.com\/wp-content\/uploads\/2019\/06\/logo-pronal.png\",\"width\":504,\"height\":80,\"caption\":\"Pronal\"},\"image\":{\"@id\":\"https:\/\/www.pronal.com\/es\/#\/schema\/logo\/image\/\"}}]}<\/script>\n<!-- \/ Yoast SEO plugin. -->","yoast_head_json":{"title":"Protecci\u00f3n y Seguridad - Pronal - Conception et fabrication de structure flexible","robots":{"index":"index","follow":"follow","max-snippet":"max-snippet:-1","max-image-preview":"max-image-preview:large","max-video-preview":"max-video-preview:-1"},"canonical":"https:\/\/www.pronal.com\/es\/sectores-de-actividad-pronal\/proteccion-y-seguridad\/","og_locale":"es_ES","og_type":"article","og_title":"Protecci\u00f3n y Seguridad - Pronal - Conception et fabrication de structure flexible","og_description":"[vc_row][vc_column][vc_pr_pres_domaines title=\u00bbGARANTIZAR LA SEGURIDAD DE LOS OPERARIOS\u00bb gallery=\u00bb36581,36625,36631,36636&#8243;] Para garantizar la seguridad de los operarios, Pronal ofrece productos flexibles e innovadores. Ya sea en obras viales, para realizar mantenimientos en...","og_url":"https:\/\/www.pronal.com\/es\/sectores-de-actividad-pronal\/proteccion-y-seguridad\/","og_site_name":"Pronal - Conception et fabrication de structure flexible","article_modified_time":"2026-03-20T08:31:27+00:00","og_image":[{"width":626,"height":417,"url":"https:\/\/www.pronal.com\/wp-content\/uploads\/2021\/03\/pompier.jpg","type":"image\/jpeg"}],"twitter_card":"summary_large_image","twitter_misc":{"Tiempo de lectura":"2 minutos"},"schema":{"@context":"https:\/\/schema.org","@graph":[{"@type":"WebPage","@id":"https:\/\/www.pronal.com\/es\/sectores-de-actividad-pronal\/proteccion-y-seguridad\/","url":"https:\/\/www.pronal.com\/es\/sectores-de-actividad-pronal\/proteccion-y-seguridad\/","name":"Protecci\u00f3n y Seguridad - Pronal - Conception et fabrication de structure flexible","isPartOf":{"@id":"https:\/\/www.pronal.com\/es\/#website"},"primaryImageOfPage":{"@id":"https:\/\/www.pronal.com\/es\/sectores-de-actividad-pronal\/proteccion-y-seguridad\/#primaryimage"},"image":{"@id":"https:\/\/www.pronal.com\/es\/sectores-de-actividad-pronal\/proteccion-y-seguridad\/#primaryimage"},"thumbnailUrl":"https:\/\/www.pronal.com\/wp-content\/uploads\/2021\/03\/pompier.jpg","datePublished":"2026-03-19T11:38:27+00:00","dateModified":"2026-03-20T08:31:27+00:00","breadcrumb":{"@id":"https:\/\/www.pronal.com\/es\/sectores-de-actividad-pronal\/proteccion-y-seguridad\/#breadcrumb"},"inLanguage":"es","potentialAction":[{"@type":"ReadAction","target":["https:\/\/www.pronal.com\/es\/sectores-de-actividad-pronal\/proteccion-y-seguridad\/"]}]},{"@type":"ImageObject","inLanguage":"es","@id":"https:\/\/www.pronal.com\/es\/sectores-de-actividad-pronal\/proteccion-y-seguridad\/#primaryimage","url":"https:\/\/www.pronal.com\/wp-content\/uploads\/2021\/03\/pompier.jpg","contentUrl":"https:\/\/www.pronal.com\/wp-content\/uploads\/2021\/03\/pompier.jpg","width":626,"height":417,"caption":"Pompier"},{"@type":"BreadcrumbList","@id":"https:\/\/www.pronal.com\/es\/sectores-de-actividad-pronal\/proteccion-y-seguridad\/#breadcrumb","itemListElement":[{"@type":"ListItem","position":1,"name":"Sectores","item":"https:\/\/www.pronal.com\/es\/sectores-de-actividad-pronal\/"},{"@type":"ListItem","position":2,"name":"Protecci\u00f3n y Seguridad"}]},{"@type":"WebSite","@id":"https:\/\/www.pronal.com\/es\/#website","url":"https:\/\/www.pronal.com\/es\/","name":"Pronal - Conception et fabrication de structure flexible","description":"Pronal - Conception et fabrication de structure flexible","publisher":{"@id":"https:\/\/www.pronal.com\/es\/#organization"},"potentialAction":[{"@type":"SearchAction","target":{"@type":"EntryPoint","urlTemplate":"https:\/\/www.pronal.com\/es\/?s={search_term_string}"},"query-input":{"@type":"PropertyValueSpecification","valueRequired":true,"valueName":"search_term_string"}}],"inLanguage":"es"},{"@type":"Organization","@id":"https:\/\/www.pronal.com\/es\/#organization","name":"Pronal","url":"https:\/\/www.pronal.com\/es\/","logo":{"@type":"ImageObject","inLanguage":"es","@id":"https:\/\/www.pronal.com\/es\/#\/schema\/logo\/image\/","url":"https:\/\/www.pronal.com\/wp-content\/uploads\/2019\/06\/logo-pronal.png","contentUrl":"https:\/\/www.pronal.com\/wp-content\/uploads\/2019\/06\/logo-pronal.png","width":504,"height":80,"caption":"Pronal"},"image":{"@id":"https:\/\/www.pronal.com\/es\/#\/schema\/logo\/image\/"}}]}},"_links":{"self":[{"href":"https:\/\/www.pronal.com\/es\/wp-json\/wp\/v2\/pages\/36643","targetHints":{"allow":["GET"]}}],"collection":[{"href":"https:\/\/www.pronal.com\/es\/wp-json\/wp\/v2\/pages"}],"about":[{"href":"https:\/\/www.pronal.com\/es\/wp-json\/wp\/v2\/types\/page"}],"author":[{"embeddable":true,"href":"https:\/\/www.pronal.com\/es\/wp-json\/wp\/v2\/users\/3"}],"replies":[{"embeddable":true,"href":"https:\/\/www.pronal.com\/es\/wp-json\/wp\/v2\/comments?post=36643"}],"version-history":[{"count":3,"href":"https:\/\/www.pronal.com\/es\/wp-json\/wp\/v2\/pages\/36643\/revisions"}],"predecessor-version":[{"id":36661,"href":"https:\/\/www.pronal.com\/es\/wp-json\/wp\/v2\/pages\/36643\/revisions\/36661"}],"up":[{"embeddable":true,"href":"https:\/\/www.pronal.com\/es\/wp-json\/wp\/v2\/pages\/3082"}],"wp:featuredmedia":[{"embeddable":true,"href":"https:\/\/www.pronal.com\/es\/wp-json\/wp\/v2\/media\/12309"}],"wp:attachment":[{"href":"https:\/\/www.pronal.com\/es\/wp-json\/wp\/v2\/media?parent=36643"}],"curies":[{"name":"wp","href":"https:\/\/api.w.org\/{rel}","templated":true}]}}