{"id":9746,"date":"2019-09-12T16:31:03","date_gmt":"2019-09-12T14:31:03","guid":{"rendered":"https:\/\/www.pronal.com\/sectores-de-actividad-pronal\/agriculture\/"},"modified":"2020-06-05T11:33:40","modified_gmt":"2020-06-05T09:33:40","slug":"agricultura","status":"publish","type":"page","link":"https:\/\/www.pronal.com\/es\/sectores-de-actividad-pronal\/agricultura\/","title":{"rendered":"Agricultura"},"content":{"rendered":"<div class=\"wpb-content-wrapper\"><p>[vc_row][vc_column][vc_pr_pres_domaines title=\u00bbSoluciones flexibles para la agricultura\u00bb gallery=\u00bb5619,7017,5604,5104,5109&#8243;]La agricultura est\u00e1 en evoluci\u00f3n continua. Debe adaptarse a las nuevas normativas aplicables a las naves ganaderas y las instalaciones para el almacenamiento de paja o de efluentes. Atendiendo a esta realidad, Pronal dise\u00f1a soluciones para las distintas aplicaciones agr\u00edcolas.<\/p>\n<p><a href=\"https:\/\/www.pronal.com\/es\/producto\/cisternas-flexibles-de-almacenamiento\/cisterna-flexible-de-fertilizantes-liquidos\/\"><strong>Las cisternas flexibles Pronal<\/strong> <\/a>son la soluci\u00f3n ideal para cumplir con la <strong>normativa de las granjas agr\u00edcolas<\/strong>. Permiten almacenar y transportar <strong>fertilizantes l\u00edquidos o efluentes agr\u00edcolas y vin\u00edcolas<\/strong>. Los sistemas de retenci\u00f3n flexibles est\u00e1n dise\u00f1ados para proteger el medio ambiente en caso de accidente. Las cisternas flexibles tambi\u00e9n se pueden usar para<strong> la recuperaci\u00f3n de agua de lluvia y como reserva contra incendios<\/strong>.<\/p>\n<p>Ofrecemos soluciones adaptadas tanto en volumen como en accesorios. <strong>Los productos flexibles Pronal est\u00e1n reconocidos por los Servicios Departamentales de Incendios<span style=\"font-family: 'book antiqua', palatino, serif;\"> y Rescate de Francia (SDIS)<\/span><\/strong>, y se adaptan a las normas locales.<\/p>\n<p>Nuestros <a href=\"https:\/\/www.pronal.com\/es\/producto\/cojines-de-elevacion\/cojin-de-elevacion-neumatico-clt\/\"><strong>cojines de elevaci\u00f3n<\/strong><\/a> se usan tambi\u00e9n para otras aplicaciones, como levantar o sacar de la arena o del fango tractores, camiones y veh\u00edculos.[\/vc_pr_pres_domaines][\/vc_column][\/vc_row][vc_row full_width=\u00bbstretch_row_content_no_spaces\u00bb][vc_column][vc_pr_int_domaines][\/vc_column][\/vc_row][vc_row][vc_column][vc_pr_block_products title=\u00bbproductos destacados\u00bb products=\u00bb3554,2100,2099,2097,2096,2092,2088,2083,1687,2061,2116,2111&#8243;][\/vc_column][\/vc_row][vc_row][vc_column][vc_pr_prod_tag_link][\/vc_column][\/vc_row][vc_row full_width=\u00bbstretch_row_content_no_spaces\u00bb][vc_column][vc_pr_projects backgrey=\u00bbtrue\u00bb][\/vc_column][\/vc_row][vc_row][vc_column][vc_pr_news post_tag=\u00bbagriculture\u00bb][\/vc_column][\/vc_row]<\/p>\n<\/div>","protected":false},"excerpt":{"rendered":"<p>[vc_row][vc_column][vc_pr_pres_domaines title=\u00bbSoluciones flexibles para la agricultura\u00bb gallery=\u00bb5619,7017,5604,5104,5109&#8243;]La agricultura est\u00e1 en evoluci\u00f3n continua. Debe adaptarse a las nuevas normativas aplicables a las naves ganaderas y las instalaciones para el almacenamiento de&#8230;<\/p>\n","protected":false},"author":3,"featured_media":7026,"parent":3082,"menu_order":1,"comment_status":"closed","ping_status":"closed","template":"","meta":{"_acf_changed":false,"inline_featured_image":false,"footnotes":""},"class_list":["post-9746","page","type-page","status-publish","has-post-thumbnail","hentry"],"acf":[],"yoast_head":"<!-- This site is optimized with the Yoast SEO plugin v25.8 - https:\/\/yoast.com\/wordpress\/plugins\/seo\/ -->\n<title>Las soluciones flexibles\/inflables para la agricultura | Pronal<\/title>\n<meta name=\"description\" content=\"Descubra nuestros servicios y nuestras soluciones flexibles para agricultura: cisterna flexible de aguas pluviales, efluentes, fertilizantes l\u00edquidos, riego, abrevadero...\" \/>\n<meta name=\"robots\" content=\"index, follow, max-snippet:-1, max-image-preview:large, max-video-preview:-1\" \/>\n<link rel=\"canonical\" href=\"https:\/\/www.pronal.com\/es\/sectores-de-actividad-pronal\/agricultura\/\" \/>\n<meta property=\"og:locale\" content=\"es_ES\" \/>\n<meta property=\"og:type\" content=\"article\" \/>\n<meta property=\"og:title\" content=\"Las soluciones flexibles\/inflables para la agricultura | Pronal\" \/>\n<meta property=\"og:description\" content=\"Descubra nuestros servicios y nuestras soluciones flexibles para agricultura: cisterna flexible de aguas pluviales, efluentes, fertilizantes l\u00edquidos, riego, abrevadero...\" \/>\n<meta property=\"og:url\" content=\"https:\/\/www.pronal.com\/es\/sectores-de-actividad-pronal\/agricultura\/\" \/>\n<meta property=\"og:site_name\" content=\"Pronal - Conception et fabrication de structure flexible\" \/>\n<meta property=\"article:modified_time\" content=\"2020-06-05T09:33:40+00:00\" \/>\n<meta property=\"og:image\" content=\"https:\/\/www.pronal.com\/wp-content\/uploads\/2019\/09\/agriculture-bl\u00e9.jpg\" \/>\n\t<meta property=\"og:image:width\" content=\"656\" \/>\n\t<meta property=\"og:image:height\" content=\"521\" \/>\n\t<meta property=\"og:image:type\" content=\"image\/jpeg\" \/>\n<meta name=\"twitter:card\" content=\"summary_large_image\" \/>\n<meta name=\"twitter:label1\" content=\"Tiempo de lectura\" \/>\n\t<meta name=\"twitter:data1\" content=\"1 minuto\" \/>\n<script type=\"application\/ld+json\" class=\"yoast-schema-graph\">{\"@context\":\"https:\/\/schema.org\",\"@graph\":[{\"@type\":\"WebPage\",\"@id\":\"https:\/\/www.pronal.com\/es\/sectores-de-actividad-pronal\/agricultura\/\",\"url\":\"https:\/\/www.pronal.com\/es\/sectores-de-actividad-pronal\/agricultura\/\",\"name\":\"Las soluciones flexibles\/inflables para la agricultura | Pronal\",\"isPartOf\":{\"@id\":\"https:\/\/www.pronal.com\/es\/#website\"},\"primaryImageOfPage\":{\"@id\":\"https:\/\/www.pronal.com\/es\/sectores-de-actividad-pronal\/agricultura\/#primaryimage\"},\"image\":{\"@id\":\"https:\/\/www.pronal.com\/es\/sectores-de-actividad-pronal\/agricultura\/#primaryimage\"},\"thumbnailUrl\":\"https:\/\/www.pronal.com\/wp-content\/uploads\/2019\/09\/agriculture-bl\u00e9.jpg\",\"datePublished\":\"2019-09-12T14:31:03+00:00\",\"dateModified\":\"2020-06-05T09:33:40+00:00\",\"description\":\"Descubra nuestros servicios y nuestras soluciones flexibles para agricultura: cisterna flexible de aguas pluviales, efluentes, fertilizantes l\u00edquidos, riego, abrevadero...\",\"breadcrumb\":{\"@id\":\"https:\/\/www.pronal.com\/es\/sectores-de-actividad-pronal\/agricultura\/#breadcrumb\"},\"inLanguage\":\"es\",\"potentialAction\":[{\"@type\":\"ReadAction\",\"target\":[\"https:\/\/www.pronal.com\/es\/sectores-de-actividad-pronal\/agricultura\/\"]}]},{\"@type\":\"ImageObject\",\"inLanguage\":\"es\",\"@id\":\"https:\/\/www.pronal.com\/es\/sectores-de-actividad-pronal\/agricultura\/#primaryimage\",\"url\":\"https:\/\/www.pronal.com\/wp-content\/uploads\/2019\/09\/agriculture-bl\u00e9.jpg\",\"contentUrl\":\"https:\/\/www.pronal.com\/wp-content\/uploads\/2019\/09\/agriculture-bl\u00e9.jpg\",\"width\":656,\"height\":521,\"caption\":\"agriculture-bl\u00e9\"},{\"@type\":\"BreadcrumbList\",\"@id\":\"https:\/\/www.pronal.com\/es\/sectores-de-actividad-pronal\/agricultura\/#breadcrumb\",\"itemListElement\":[{\"@type\":\"ListItem\",\"position\":1,\"name\":\"Sectores\",\"item\":\"https:\/\/www.pronal.com\/es\/sectores-de-actividad-pronal\/\"},{\"@type\":\"ListItem\",\"position\":2,\"name\":\"Agricultura\"}]},{\"@type\":\"WebSite\",\"@id\":\"https:\/\/www.pronal.com\/es\/#website\",\"url\":\"https:\/\/www.pronal.com\/es\/\",\"name\":\"Pronal - Conception et fabrication de structure flexible\",\"description\":\"Pronal - Conception et fabrication de structure flexible\",\"publisher\":{\"@id\":\"https:\/\/www.pronal.com\/es\/#organization\"},\"potentialAction\":[{\"@type\":\"SearchAction\",\"target\":{\"@type\":\"EntryPoint\",\"urlTemplate\":\"https:\/\/www.pronal.com\/es\/?s={search_term_string}\"},\"query-input\":{\"@type\":\"PropertyValueSpecification\",\"valueRequired\":true,\"valueName\":\"search_term_string\"}}],\"inLanguage\":\"es\"},{\"@type\":\"Organization\",\"@id\":\"https:\/\/www.pronal.com\/es\/#organization\",\"name\":\"Pronal\",\"url\":\"https:\/\/www.pronal.com\/es\/\",\"logo\":{\"@type\":\"ImageObject\",\"inLanguage\":\"es\",\"@id\":\"https:\/\/www.pronal.com\/es\/#\/schema\/logo\/image\/\",\"url\":\"https:\/\/www.pronal.com\/wp-content\/uploads\/2019\/06\/logo-pronal.png\",\"contentUrl\":\"https:\/\/www.pronal.com\/wp-content\/uploads\/2019\/06\/logo-pronal.png\",\"width\":504,\"height\":80,\"caption\":\"Pronal\"},\"image\":{\"@id\":\"https:\/\/www.pronal.com\/es\/#\/schema\/logo\/image\/\"}}]}<\/script>\n<!-- \/ Yoast SEO plugin. -->","yoast_head_json":{"title":"Las soluciones flexibles\/inflables para la agricultura | Pronal","description":"Descubra nuestros servicios y nuestras soluciones flexibles para agricultura: cisterna flexible de aguas pluviales, efluentes, fertilizantes l\u00edquidos, riego, abrevadero...","robots":{"index":"index","follow":"follow","max-snippet":"max-snippet:-1","max-image-preview":"max-image-preview:large","max-video-preview":"max-video-preview:-1"},"canonical":"https:\/\/www.pronal.com\/es\/sectores-de-actividad-pronal\/agricultura\/","og_locale":"es_ES","og_type":"article","og_title":"Las soluciones flexibles\/inflables para la agricultura | Pronal","og_description":"Descubra nuestros servicios y nuestras soluciones flexibles para agricultura: cisterna flexible de aguas pluviales, efluentes, fertilizantes l\u00edquidos, riego, abrevadero...","og_url":"https:\/\/www.pronal.com\/es\/sectores-de-actividad-pronal\/agricultura\/","og_site_name":"Pronal - Conception et fabrication de structure flexible","article_modified_time":"2020-06-05T09:33:40+00:00","og_image":[{"width":656,"height":521,"url":"https:\/\/www.pronal.com\/wp-content\/uploads\/2019\/09\/agriculture-bl\u00e9.jpg","type":"image\/jpeg"}],"twitter_card":"summary_large_image","twitter_misc":{"Tiempo de lectura":"1 minuto"},"schema":{"@context":"https:\/\/schema.org","@graph":[{"@type":"WebPage","@id":"https:\/\/www.pronal.com\/es\/sectores-de-actividad-pronal\/agricultura\/","url":"https:\/\/www.pronal.com\/es\/sectores-de-actividad-pronal\/agricultura\/","name":"Las soluciones flexibles\/inflables para la agricultura | Pronal","isPartOf":{"@id":"https:\/\/www.pronal.com\/es\/#website"},"primaryImageOfPage":{"@id":"https:\/\/www.pronal.com\/es\/sectores-de-actividad-pronal\/agricultura\/#primaryimage"},"image":{"@id":"https:\/\/www.pronal.com\/es\/sectores-de-actividad-pronal\/agricultura\/#primaryimage"},"thumbnailUrl":"https:\/\/www.pronal.com\/wp-content\/uploads\/2019\/09\/agriculture-bl\u00e9.jpg","datePublished":"2019-09-12T14:31:03+00:00","dateModified":"2020-06-05T09:33:40+00:00","description":"Descubra nuestros servicios y nuestras soluciones flexibles para agricultura: cisterna flexible de aguas pluviales, efluentes, fertilizantes l\u00edquidos, riego, abrevadero...","breadcrumb":{"@id":"https:\/\/www.pronal.com\/es\/sectores-de-actividad-pronal\/agricultura\/#breadcrumb"},"inLanguage":"es","potentialAction":[{"@type":"ReadAction","target":["https:\/\/www.pronal.com\/es\/sectores-de-actividad-pronal\/agricultura\/"]}]},{"@type":"ImageObject","inLanguage":"es","@id":"https:\/\/www.pronal.com\/es\/sectores-de-actividad-pronal\/agricultura\/#primaryimage","url":"https:\/\/www.pronal.com\/wp-content\/uploads\/2019\/09\/agriculture-bl\u00e9.jpg","contentUrl":"https:\/\/www.pronal.com\/wp-content\/uploads\/2019\/09\/agriculture-bl\u00e9.jpg","width":656,"height":521,"caption":"agriculture-bl\u00e9"},{"@type":"BreadcrumbList","@id":"https:\/\/www.pronal.com\/es\/sectores-de-actividad-pronal\/agricultura\/#breadcrumb","itemListElement":[{"@type":"ListItem","position":1,"name":"Sectores","item":"https:\/\/www.pronal.com\/es\/sectores-de-actividad-pronal\/"},{"@type":"ListItem","position":2,"name":"Agricultura"}]},{"@type":"WebSite","@id":"https:\/\/www.pronal.com\/es\/#website","url":"https:\/\/www.pronal.com\/es\/","name":"Pronal - Conception et fabrication de structure flexible","description":"Pronal - Conception et fabrication de structure flexible","publisher":{"@id":"https:\/\/www.pronal.com\/es\/#organization"},"potentialAction":[{"@type":"SearchAction","target":{"@type":"EntryPoint","urlTemplate":"https:\/\/www.pronal.com\/es\/?s={search_term_string}"},"query-input":{"@type":"PropertyValueSpecification","valueRequired":true,"valueName":"search_term_string"}}],"inLanguage":"es"},{"@type":"Organization","@id":"https:\/\/www.pronal.com\/es\/#organization","name":"Pronal","url":"https:\/\/www.pronal.com\/es\/","logo":{"@type":"ImageObject","inLanguage":"es","@id":"https:\/\/www.pronal.com\/es\/#\/schema\/logo\/image\/","url":"https:\/\/www.pronal.com\/wp-content\/uploads\/2019\/06\/logo-pronal.png","contentUrl":"https:\/\/www.pronal.com\/wp-content\/uploads\/2019\/06\/logo-pronal.png","width":504,"height":80,"caption":"Pronal"},"image":{"@id":"https:\/\/www.pronal.com\/es\/#\/schema\/logo\/image\/"}}]}},"_links":{"self":[{"href":"https:\/\/www.pronal.com\/es\/wp-json\/wp\/v2\/pages\/9746","targetHints":{"allow":["GET"]}}],"collection":[{"href":"https:\/\/www.pronal.com\/es\/wp-json\/wp\/v2\/pages"}],"about":[{"href":"https:\/\/www.pronal.com\/es\/wp-json\/wp\/v2\/types\/page"}],"author":[{"embeddable":true,"href":"https:\/\/www.pronal.com\/es\/wp-json\/wp\/v2\/users\/3"}],"replies":[{"embeddable":true,"href":"https:\/\/www.pronal.com\/es\/wp-json\/wp\/v2\/comments?post=9746"}],"version-history":[{"count":5,"href":"https:\/\/www.pronal.com\/es\/wp-json\/wp\/v2\/pages\/9746\/revisions"}],"predecessor-version":[{"id":10149,"href":"https:\/\/www.pronal.com\/es\/wp-json\/wp\/v2\/pages\/9746\/revisions\/10149"}],"up":[{"embeddable":true,"href":"https:\/\/www.pronal.com\/es\/wp-json\/wp\/v2\/pages\/3082"}],"wp:featuredmedia":[{"embeddable":true,"href":"https:\/\/www.pronal.com\/es\/wp-json\/wp\/v2\/media\/7026"}],"wp:attachment":[{"href":"https:\/\/www.pronal.com\/es\/wp-json\/wp\/v2\/media?parent=9746"}],"curies":[{"name":"wp","href":"https:\/\/api.w.org\/{rel}","templated":true}]}}