{"id":13228,"date":"2021-07-05T14:15:37","date_gmt":"2021-07-05T12:15:37","guid":{"rendered":"https:\/\/www.pronal.com\/?post_type=product&#038;p=13228"},"modified":"2026-03-16T17:24:08","modified_gmt":"2026-03-16T16:24:08","slug":"relleno-inflable-de-huecos","status":"publish","type":"product","link":"https:\/\/www.pronal.com\/es\/produit\/protecciones-de-excavacion\/relleno-inflable-de-huecos\/","title":{"rendered":"Relleno inflable de huecos"},"content":{"rendered":"<p data-start=\"0\" data-end=\"412\">El <strong data-start=\"3\" data-end=\"33\">relleno inflable de huecos<\/strong> es una soluci\u00f3n inflable integrada en las pasarelas de acceso al techo de todo tipo de veh\u00edculos: tren, autob\u00fas, metro, tranv\u00eda o avi\u00f3n. Una vez inflado, permite rellenar el espacio entre el veh\u00edculo y la pasarela durante las operaciones de mantenimiento y\/o la fabricaci\u00f3n de veh\u00edculos. Garantiza la seguridad de los operarios al prevenir la ca\u00edda de personas y herramientas.<\/p>\n<p data-start=\"414\" data-end=\"726\">El <strong data-start=\"417\" data-end=\"447\">relleno inflable de huecos<\/strong> es un sistema innovador, f\u00e1cil y r\u00e1pido de instalar. Como alternativa a las soluciones r\u00edgidas, su material flexible se adapta perfectamente a la forma de cada g\u00e1libo de veh\u00edculo sin da\u00f1arlo. Lo fabricamos a medida seg\u00fan el espacio a ocupar y las dimensiones de sus pasarelas.<\/p>\n<p data-start=\"728\" data-end=\"807\">Seg\u00fan sus necesidades, existen dos tipos de <strong data-start=\"772\" data-end=\"804\">rellenos inflables de huecos<\/strong>:<\/p>\n<ul data-start=\"809\" data-end=\"1013\">\n<li data-section-id=\"lqe50u\" data-start=\"809\" data-end=\"867\">\n<p data-start=\"811\" data-end=\"867\">Un sistema con dos apoyos (el veh\u00edculo y la pasarela).<\/p>\n<\/li>\n<li data-section-id=\"vlpyn7\" data-start=\"868\" data-end=\"1013\">\n<p data-start=\"870\" data-end=\"1013\">Un sistema sin contacto con el veh\u00edculo (\u00fanicamente sobre la pasarela), cuya rigidez es suficiente para garantizar la seguridad del operario.<\/p>\n<\/li>\n<\/ul>\n<p data-start=\"1015\" data-end=\"1367\">El sistema se acciona mediante un cuadro de control que permite su alimentaci\u00f3n de aire. Nuestro servicio t\u00e9cnico se encarga de instalarlo en sus instalaciones. Tambi\u00e9n podemos a\u00f1adir otras opciones, como: detecci\u00f3n de ca\u00edda de presi\u00f3n, detecci\u00f3n de presencia del veh\u00edculo, medici\u00f3n del espacio entre veh\u00edculo y pasarela para ajustar el inflado, etc.<\/p>\n<p data-start=\"1369\" data-end=\"1530\">Adem\u00e1s de suministrar el <strong data-start=\"1394\" data-end=\"1424\">relleno inflable de huecos<\/strong> y su cuadro de control, tambi\u00e9n se pueden organizar formaciones de mantenimiento y de uso del producto.<\/p>\n<p data-start=\"1532\" data-end=\"1624\" data-is-last-node=\"\" data-is-only-node=\"\">Este sistema de inflado es una herramienta imprescindible para trabajar con total seguridad.<\/p>\n<p data-start=\"1532\" data-end=\"1624\" data-is-last-node=\"\" data-is-only-node=\"\"><iframe loading=\"lazy\" src=\"\/\/www.youtube.com\/embed\/sBPNOcb78nE\" width=\"560\" height=\"314\" allowfullscreen=\"allowfullscreen\"><\/iframe><\/p>\n","protected":false},"excerpt":{"rendered":"<p>El <strong data-start=\"3\" data-end=\"33\">relleno inflable de huecos<\/strong> es un sistema inflable instalado en las pasarelas de acceso al techo de veh\u00edculos (tren, autob\u00fas, metro, tranv\u00eda o avi\u00f3n) que rellena el espacio entre el veh\u00edculo y la pasarela para garantizar la seguridad de los operarios durante operaciones de mantenimiento o fabricaci\u00f3n. Flexible, fabricado a medida y f\u00e1cil de instalar, se controla mediante un cuadro de mando y puede incorporar diversas opciones de seguridad y detecci\u00f3n.<\/p>\n","protected":false},"featured_media":16009,"template":"","meta":{"_acf_changed":false,"inline_featured_image":false},"product_brand":[],"product_cat":[307],"product_tag":[450],"class_list":{"0":"post-13228","1":"product","2":"type-product","3":"status-publish","4":"has-post-thumbnail","6":"product_cat-protecciones-de-excavacion","7":"product_tag-industrias","9":"first","10":"instock","11":"shipping-taxable","12":"product-type-simple"},"acf":[],"yoast_head":"<!-- This site is optimized with the Yoast SEO plugin v25.8 - https:\/\/yoast.com\/wordpress\/plugins\/seo\/ -->\n<title>Relleno inflable de huecos para tren, metro, avi\u00f3n y tranv\u00eda<\/title>\n<meta name=\"description\" content=\"El relleno inflable de huecos o compensador de huecos protege a los operarios durante las operaciones de mantenimiento y fabricaci\u00f3n en altura sobre pasarelas.\" \/>\n<meta name=\"robots\" content=\"index, follow, max-snippet:-1, max-image-preview:large, max-video-preview:-1\" \/>\n<link rel=\"canonical\" href=\"https:\/\/www.pronal.com\/es\/produit\/protecciones-de-excavacion\/relleno-inflable-de-huecos\/\" \/>\n<meta property=\"og:locale\" content=\"es_ES\" \/>\n<meta property=\"og:type\" content=\"article\" \/>\n<meta property=\"og:title\" content=\"Relleno inflable de huecos para tren, metro, avi\u00f3n y tranv\u00eda\" \/>\n<meta property=\"og:description\" content=\"El relleno inflable de huecos o compensador de huecos protege a los operarios durante las operaciones de mantenimiento y fabricaci\u00f3n en altura sobre pasarelas.\" \/>\n<meta property=\"og:url\" content=\"https:\/\/www.pronal.com\/es\/produit\/protecciones-de-excavacion\/relleno-inflable-de-huecos\/\" \/>\n<meta property=\"og:site_name\" content=\"Pronal - Conception et fabrication de structure flexible\" \/>\n<meta property=\"article:modified_time\" content=\"2026-03-16T16:24:08+00:00\" \/>\n<meta property=\"og:image\" content=\"https:\/\/www.pronal.com\/wp-content\/uploads\/2021\/07\/SP_A0240.jpg\" \/>\n\t<meta property=\"og:image:width\" content=\"640\" \/>\n\t<meta property=\"og:image:height\" content=\"480\" \/>\n\t<meta property=\"og:image:type\" content=\"image\/jpeg\" \/>\n<meta name=\"twitter:card\" content=\"summary_large_image\" \/>\n<meta name=\"twitter:label1\" content=\"Tiempo de lectura\" \/>\n\t<meta name=\"twitter:data1\" content=\"2 minutos\" \/>\n<script type=\"application\/ld+json\" class=\"yoast-schema-graph\">{\"@context\":\"https:\/\/schema.org\",\"@graph\":[{\"@type\":\"WebPage\",\"@id\":\"https:\/\/www.pronal.com\/es\/produit\/protecciones-de-excavacion\/relleno-inflable-de-huecos\/\",\"url\":\"https:\/\/www.pronal.com\/es\/produit\/protecciones-de-excavacion\/relleno-inflable-de-huecos\/\",\"name\":\"Relleno inflable de huecos para tren, metro, avi\u00f3n y tranv\u00eda\",\"isPartOf\":{\"@id\":\"https:\/\/www.pronal.com\/es\/#website\"},\"primaryImageOfPage\":{\"@id\":\"https:\/\/www.pronal.com\/es\/produit\/protecciones-de-excavacion\/relleno-inflable-de-huecos\/#primaryimage\"},\"image\":{\"@id\":\"https:\/\/www.pronal.com\/es\/produit\/protecciones-de-excavacion\/relleno-inflable-de-huecos\/#primaryimage\"},\"thumbnailUrl\":\"https:\/\/www.pronal.com\/wp-content\/uploads\/2021\/07\/SP_A0240.jpg\",\"datePublished\":\"2021-07-05T12:15:37+00:00\",\"dateModified\":\"2026-03-16T16:24:08+00:00\",\"description\":\"El relleno inflable de huecos o compensador de huecos protege a los operarios durante las operaciones de mantenimiento y fabricaci\u00f3n en altura sobre pasarelas.\",\"breadcrumb\":{\"@id\":\"https:\/\/www.pronal.com\/es\/produit\/protecciones-de-excavacion\/relleno-inflable-de-huecos\/#breadcrumb\"},\"inLanguage\":\"es\",\"potentialAction\":[{\"@type\":\"ReadAction\",\"target\":[\"https:\/\/www.pronal.com\/es\/produit\/protecciones-de-excavacion\/relleno-inflable-de-huecos\/\"]}]},{\"@type\":\"ImageObject\",\"inLanguage\":\"es\",\"@id\":\"https:\/\/www.pronal.com\/es\/produit\/protecciones-de-excavacion\/relleno-inflable-de-huecos\/#primaryimage\",\"url\":\"https:\/\/www.pronal.com\/wp-content\/uploads\/2021\/07\/SP_A0240.jpg\",\"contentUrl\":\"https:\/\/www.pronal.com\/wp-content\/uploads\/2021\/07\/SP_A0240.jpg\",\"width\":640,\"height\":480,\"caption\":\"comble lacune\"},{\"@type\":\"BreadcrumbList\",\"@id\":\"https:\/\/www.pronal.com\/es\/produit\/protecciones-de-excavacion\/relleno-inflable-de-huecos\/#breadcrumb\",\"itemListElement\":[{\"@type\":\"ListItem\",\"position\":1,\"name\":\"Cat\u00e1logo de productos\",\"item\":\"https:\/\/www.pronal.com\/es\/catalogo-de-productos\/\"},{\"@type\":\"ListItem\",\"position\":2,\"name\":\"Relleno inflable de huecos\"}]},{\"@type\":\"WebSite\",\"@id\":\"https:\/\/www.pronal.com\/es\/#website\",\"url\":\"https:\/\/www.pronal.com\/es\/\",\"name\":\"Pronal - Conception et fabrication de structure flexible\",\"description\":\"Pronal - Conception et fabrication de structure flexible\",\"publisher\":{\"@id\":\"https:\/\/www.pronal.com\/es\/#organization\"},\"potentialAction\":[{\"@type\":\"SearchAction\",\"target\":{\"@type\":\"EntryPoint\",\"urlTemplate\":\"https:\/\/www.pronal.com\/es\/?s={search_term_string}\"},\"query-input\":{\"@type\":\"PropertyValueSpecification\",\"valueRequired\":true,\"valueName\":\"search_term_string\"}}],\"inLanguage\":\"es\"},{\"@type\":\"Organization\",\"@id\":\"https:\/\/www.pronal.com\/es\/#organization\",\"name\":\"Pronal\",\"url\":\"https:\/\/www.pronal.com\/es\/\",\"logo\":{\"@type\":\"ImageObject\",\"inLanguage\":\"es\",\"@id\":\"https:\/\/www.pronal.com\/es\/#\/schema\/logo\/image\/\",\"url\":\"https:\/\/www.pronal.com\/wp-content\/uploads\/2019\/06\/logo-pronal.png\",\"contentUrl\":\"https:\/\/www.pronal.com\/wp-content\/uploads\/2019\/06\/logo-pronal.png\",\"width\":504,\"height\":80,\"caption\":\"Pronal\"},\"image\":{\"@id\":\"https:\/\/www.pronal.com\/es\/#\/schema\/logo\/image\/\"}}]}<\/script>\n<!-- \/ Yoast SEO plugin. -->","yoast_head_json":{"title":"Relleno inflable de huecos para tren, metro, avi\u00f3n y tranv\u00eda","description":"El relleno inflable de huecos o compensador de huecos protege a los operarios durante las operaciones de mantenimiento y fabricaci\u00f3n en altura sobre pasarelas.","robots":{"index":"index","follow":"follow","max-snippet":"max-snippet:-1","max-image-preview":"max-image-preview:large","max-video-preview":"max-video-preview:-1"},"canonical":"https:\/\/www.pronal.com\/es\/produit\/protecciones-de-excavacion\/relleno-inflable-de-huecos\/","og_locale":"es_ES","og_type":"article","og_title":"Relleno inflable de huecos para tren, metro, avi\u00f3n y tranv\u00eda","og_description":"El relleno inflable de huecos o compensador de huecos protege a los operarios durante las operaciones de mantenimiento y fabricaci\u00f3n en altura sobre pasarelas.","og_url":"https:\/\/www.pronal.com\/es\/produit\/protecciones-de-excavacion\/relleno-inflable-de-huecos\/","og_site_name":"Pronal - Conception et fabrication de structure flexible","article_modified_time":"2026-03-16T16:24:08+00:00","og_image":[{"width":640,"height":480,"url":"https:\/\/www.pronal.com\/wp-content\/uploads\/2021\/07\/SP_A0240.jpg","type":"image\/jpeg"}],"twitter_card":"summary_large_image","twitter_misc":{"Tiempo de lectura":"2 minutos"},"schema":{"@context":"https:\/\/schema.org","@graph":[{"@type":"WebPage","@id":"https:\/\/www.pronal.com\/es\/produit\/protecciones-de-excavacion\/relleno-inflable-de-huecos\/","url":"https:\/\/www.pronal.com\/es\/produit\/protecciones-de-excavacion\/relleno-inflable-de-huecos\/","name":"Relleno inflable de huecos para tren, metro, avi\u00f3n y tranv\u00eda","isPartOf":{"@id":"https:\/\/www.pronal.com\/es\/#website"},"primaryImageOfPage":{"@id":"https:\/\/www.pronal.com\/es\/produit\/protecciones-de-excavacion\/relleno-inflable-de-huecos\/#primaryimage"},"image":{"@id":"https:\/\/www.pronal.com\/es\/produit\/protecciones-de-excavacion\/relleno-inflable-de-huecos\/#primaryimage"},"thumbnailUrl":"https:\/\/www.pronal.com\/wp-content\/uploads\/2021\/07\/SP_A0240.jpg","datePublished":"2021-07-05T12:15:37+00:00","dateModified":"2026-03-16T16:24:08+00:00","description":"El relleno inflable de huecos o compensador de huecos protege a los operarios durante las operaciones de mantenimiento y fabricaci\u00f3n en altura sobre pasarelas.","breadcrumb":{"@id":"https:\/\/www.pronal.com\/es\/produit\/protecciones-de-excavacion\/relleno-inflable-de-huecos\/#breadcrumb"},"inLanguage":"es","potentialAction":[{"@type":"ReadAction","target":["https:\/\/www.pronal.com\/es\/produit\/protecciones-de-excavacion\/relleno-inflable-de-huecos\/"]}]},{"@type":"ImageObject","inLanguage":"es","@id":"https:\/\/www.pronal.com\/es\/produit\/protecciones-de-excavacion\/relleno-inflable-de-huecos\/#primaryimage","url":"https:\/\/www.pronal.com\/wp-content\/uploads\/2021\/07\/SP_A0240.jpg","contentUrl":"https:\/\/www.pronal.com\/wp-content\/uploads\/2021\/07\/SP_A0240.jpg","width":640,"height":480,"caption":"comble lacune"},{"@type":"BreadcrumbList","@id":"https:\/\/www.pronal.com\/es\/produit\/protecciones-de-excavacion\/relleno-inflable-de-huecos\/#breadcrumb","itemListElement":[{"@type":"ListItem","position":1,"name":"Cat\u00e1logo de productos","item":"https:\/\/www.pronal.com\/es\/catalogo-de-productos\/"},{"@type":"ListItem","position":2,"name":"Relleno inflable de huecos"}]},{"@type":"WebSite","@id":"https:\/\/www.pronal.com\/es\/#website","url":"https:\/\/www.pronal.com\/es\/","name":"Pronal - Conception et fabrication de structure flexible","description":"Pronal - Conception et fabrication de structure flexible","publisher":{"@id":"https:\/\/www.pronal.com\/es\/#organization"},"potentialAction":[{"@type":"SearchAction","target":{"@type":"EntryPoint","urlTemplate":"https:\/\/www.pronal.com\/es\/?s={search_term_string}"},"query-input":{"@type":"PropertyValueSpecification","valueRequired":true,"valueName":"search_term_string"}}],"inLanguage":"es"},{"@type":"Organization","@id":"https:\/\/www.pronal.com\/es\/#organization","name":"Pronal","url":"https:\/\/www.pronal.com\/es\/","logo":{"@type":"ImageObject","inLanguage":"es","@id":"https:\/\/www.pronal.com\/es\/#\/schema\/logo\/image\/","url":"https:\/\/www.pronal.com\/wp-content\/uploads\/2019\/06\/logo-pronal.png","contentUrl":"https:\/\/www.pronal.com\/wp-content\/uploads\/2019\/06\/logo-pronal.png","width":504,"height":80,"caption":"Pronal"},"image":{"@id":"https:\/\/www.pronal.com\/es\/#\/schema\/logo\/image\/"}}]}},"_links":{"self":[{"href":"https:\/\/www.pronal.com\/es\/wp-json\/wp\/v2\/product\/13228","targetHints":{"allow":["GET"]}}],"collection":[{"href":"https:\/\/www.pronal.com\/es\/wp-json\/wp\/v2\/product"}],"about":[{"href":"https:\/\/www.pronal.com\/es\/wp-json\/wp\/v2\/types\/product"}],"wp:featuredmedia":[{"embeddable":true,"href":"https:\/\/www.pronal.com\/es\/wp-json\/wp\/v2\/media\/16009"}],"wp:attachment":[{"href":"https:\/\/www.pronal.com\/es\/wp-json\/wp\/v2\/media?parent=13228"}],"wp:term":[{"taxonomy":"product_brand","embeddable":true,"href":"https:\/\/www.pronal.com\/es\/wp-json\/wp\/v2\/product_brand?post=13228"},{"taxonomy":"product_cat","embeddable":true,"href":"https:\/\/www.pronal.com\/es\/wp-json\/wp\/v2\/product_cat?post=13228"},{"taxonomy":"product_tag","embeddable":true,"href":"https:\/\/www.pronal.com\/es\/wp-json\/wp\/v2\/product_tag?post=13228"}],"curies":[{"name":"wp","href":"https:\/\/api.w.org\/{rel}","templated":true}]}}