{"id":36613,"date":"2022-12-13T14:12:14","date_gmt":"2022-12-13T13:12:14","guid":{"rendered":"https:\/\/www.pronal.com\/produit\/sin%20categor\u00eda\/gazometre\/"},"modified":"2026-03-19T11:11:28","modified_gmt":"2026-03-19T10:11:28","slug":"gasometro","status":"publish","type":"product","link":"https:\/\/www.pronal.com\/es\/produit\/gazometre-es\/gasometro\/","title":{"rendered":"Gas\u00f3metro"},"content":{"rendered":"<p data-start=\"0\" data-end=\"247\">Nuestro gas\u00f3metro es un almacenamiento externo independiente. Permite el almacenamiento de gases con <strong>una impermeabilidad \u00f3ptima<\/strong>. De hecho, este producto est\u00e1 compuesto por una membrana de elast\u00f3mero con un recubrimiento espec\u00edfico.<\/p>\n<p data-start=\"249\" data-end=\"362\">Es capaz de almacenar varios tipos de gases como CH4, H2, CO2 y otros m\u00e1s. Asegura su acondicionamiento y mezcla.<\/p>\n<p data-start=\"364\" data-end=\"421\">El gas\u00f3metro puede ser utilizado en diversas actividades:<\/p>\n<ul data-start=\"423\" data-end=\"583\">\n<li data-section-id=\"na3jel\" data-start=\"423\" data-end=\"465\">\n<p data-start=\"425\" data-end=\"465\">Producci\u00f3n de hidr\u00f3geno por electr\u00f3lisis<\/p>\n<\/li>\n<li data-section-id=\"1jyp9qh\" data-start=\"466\" data-end=\"502\">\n<p data-start=\"468\" data-end=\"502\">Producci\u00f3n de syngas por pir\u00f3lisis<\/p>\n<\/li>\n<li data-section-id=\"4wjaqt\" data-start=\"503\" data-end=\"555\">\n<p data-start=\"505\" data-end=\"555\">Recuperaci\u00f3n de gases no condensados por pir\u00f3lisis<\/p>\n<\/li>\n<li data-section-id=\"9et3um\" data-start=\"556\" data-end=\"570\">\n<p data-start=\"558\" data-end=\"570\">Metanizaci\u00f3n<\/p>\n<\/li>\n<li data-section-id=\"1k2g1kd\" data-start=\"571\" data-end=\"583\">\n<p data-start=\"573\" data-end=\"583\">Metanaci\u00f3n<\/p>\n<\/li>\n<\/ul>\n<p data-start=\"585\" data-end=\"671\">Gracias a<strong><a href=\"https:\/\/www.pronal.com\/es\/bureau-etudes-ingenierie-sur-mesure-pronal\/\"> nuestro equipo de estudios<\/a><\/strong>, <a href=\"https:\/\/www.pronal.com\/es\/contacto-presupuesto-pronal\/\"><strong>podemos adaptarnos a su actividad y necesidades<\/strong><\/a>.<\/p>\n<p data-start=\"673\" data-end=\"891\">Dependiendo de los requerimientos y aplicaciones, podemos proporcionar diferentes tipos de gas\u00f3metros para ambientes interiores y exteriores. De hecho, <a href=\"https:\/\/www.pronal.com\/en\/projets\/a-gas-buffer-for-earthwake-entreprise\/\">el gas\u00f3metro es adaptable a contenedores y ambientes restringidos<\/a>.<\/p>\n<p data-start=\"893\" data-end=\"1010\">Adem\u00e1s, seg\u00fan la impermeabilidad deseada, podemos aplicar nuestro recubrimiento espec\u00edfico que limita la fuga de gas.<\/p>\n<p data-start=\"1012\" data-end=\"1334\">Finalmente, este producto tiene <strong>una ventaja ecol\u00f3gica real<\/strong>. Contribuye a la lucha contra el calentamiento global. De hecho, esta soluci\u00f3n de almacenamiento intermedio evita la liberaci\u00f3n de gases contaminantes en la atm\u00f3sfera. Estos gases se almacenan para ser modificados y, por lo tanto, mejor aprovechados en el futuro.<\/p>\n<p data-start=\"1336\" data-end=\"1496\" data-is-last-node=\"\" data-is-only-node=\"\">Contamos con equipos especializados en intervenciones en el terreno para supervisar la instalaci\u00f3n del gas\u00f3metro. Para m\u00e1s informaci\u00f3n, no dude en contactarnos.<\/p>\n","protected":false},"excerpt":{"rendered":"<p>Nuestro gas\u00f3metro es un almacenamiento externo independiente. Permite el almacenamiento de gases con una impermeabilidad \u00f3ptima. De hecho, este producto est\u00e1 compuesto por una membrana de elast\u00f3mero con un recubrimiento&#8230;<\/p>\n","protected":false},"featured_media":19333,"template":"","meta":{"_acf_changed":false,"inline_featured_image":false},"product_brand":[],"product_cat":[606],"product_tag":[],"class_list":{"0":"post-36613","1":"product","2":"type-product","3":"status-publish","4":"has-post-thumbnail","6":"product_cat-gazometre-es","8":"first","9":"instock","10":"shipping-taxable","11":"product-type-simple"},"acf":[],"yoast_head":"<!-- This site is optimized with the Yoast SEO plugin v25.8 - https:\/\/yoast.com\/wordpress\/plugins\/seo\/ -->\n<title>Gas\u00f3metro de elast\u00f3mero Hecho a Medida - Producto PRONAL<\/title>\n<meta name=\"description\" content=\"Nuestro gas\u00f3metro es un almacenamiento externo independiente. Permite el almacenamiento de varios tipos de gases con una impermeabilidad \u00f3ptima.\" \/>\n<meta name=\"robots\" content=\"index, follow, max-snippet:-1, max-image-preview:large, max-video-preview:-1\" \/>\n<link rel=\"canonical\" href=\"https:\/\/www.pronal.com\/es\/produit\/gazometre-es\/gasometro\/\" \/>\n<meta property=\"og:locale\" content=\"es_ES\" \/>\n<meta property=\"og:type\" content=\"article\" \/>\n<meta property=\"og:title\" content=\"Gas\u00f3metro de elast\u00f3mero Hecho a Medida - Producto PRONAL\" \/>\n<meta property=\"og:description\" content=\"Nuestro gas\u00f3metro es un almacenamiento externo independiente. Permite el almacenamiento de varios tipos de gases con una impermeabilidad \u00f3ptima.\" \/>\n<meta property=\"og:url\" content=\"https:\/\/www.pronal.com\/es\/produit\/gazometre-es\/gasometro\/\" \/>\n<meta property=\"og:site_name\" content=\"Pronal - Conception et fabrication de structure flexible\" \/>\n<meta property=\"article:modified_time\" content=\"2026-03-19T10:11:28+00:00\" \/>\n<meta property=\"og:image\" content=\"https:\/\/www.pronal.com\/wp-content\/uploads\/2022\/10\/image-2-compressed.jpg\" \/>\n\t<meta property=\"og:image:width\" content=\"960\" \/>\n\t<meta property=\"og:image:height\" content=\"1280\" \/>\n\t<meta property=\"og:image:type\" content=\"image\/jpeg\" \/>\n<meta name=\"twitter:card\" content=\"summary_large_image\" \/>\n<meta name=\"twitter:label1\" content=\"Tiempo de lectura\" \/>\n\t<meta name=\"twitter:data1\" content=\"2 minutos\" \/>\n<script type=\"application\/ld+json\" class=\"yoast-schema-graph\">{\"@context\":\"https:\/\/schema.org\",\"@graph\":[{\"@type\":\"WebPage\",\"@id\":\"https:\/\/www.pronal.com\/es\/produit\/gazometre-es\/gasometro\/\",\"url\":\"https:\/\/www.pronal.com\/es\/produit\/gazometre-es\/gasometro\/\",\"name\":\"Gas\u00f3metro de elast\u00f3mero Hecho a Medida - Producto PRONAL\",\"isPartOf\":{\"@id\":\"https:\/\/www.pronal.com\/es\/#website\"},\"primaryImageOfPage\":{\"@id\":\"https:\/\/www.pronal.com\/es\/produit\/gazometre-es\/gasometro\/#primaryimage\"},\"image\":{\"@id\":\"https:\/\/www.pronal.com\/es\/produit\/gazometre-es\/gasometro\/#primaryimage\"},\"thumbnailUrl\":\"https:\/\/www.pronal.com\/wp-content\/uploads\/2022\/10\/image-2-compressed.jpg\",\"datePublished\":\"2022-12-13T13:12:14+00:00\",\"dateModified\":\"2026-03-19T10:11:28+00:00\",\"description\":\"Nuestro gas\u00f3metro es un almacenamiento externo independiente. Permite el almacenamiento de varios tipos de gases con una impermeabilidad \u00f3ptima.\",\"breadcrumb\":{\"@id\":\"https:\/\/www.pronal.com\/es\/produit\/gazometre-es\/gasometro\/#breadcrumb\"},\"inLanguage\":\"es\",\"potentialAction\":[{\"@type\":\"ReadAction\",\"target\":[\"https:\/\/www.pronal.com\/es\/produit\/gazometre-es\/gasometro\/\"]}]},{\"@type\":\"ImageObject\",\"inLanguage\":\"es\",\"@id\":\"https:\/\/www.pronal.com\/es\/produit\/gazometre-es\/gasometro\/#primaryimage\",\"url\":\"https:\/\/www.pronal.com\/wp-content\/uploads\/2022\/10\/image-2-compressed.jpg\",\"contentUrl\":\"https:\/\/www.pronal.com\/wp-content\/uploads\/2022\/10\/image-2-compressed.jpg\",\"width\":960,\"height\":1280,\"caption\":\"gazom\u00e8tre rempli\"},{\"@type\":\"BreadcrumbList\",\"@id\":\"https:\/\/www.pronal.com\/es\/produit\/gazometre-es\/gasometro\/#breadcrumb\",\"itemListElement\":[{\"@type\":\"ListItem\",\"position\":1,\"name\":\"Cat\u00e1logo de productos\",\"item\":\"https:\/\/www.pronal.com\/es\/catalogo-de-productos\/\"},{\"@type\":\"ListItem\",\"position\":2,\"name\":\"Gas\u00f3metro\"}]},{\"@type\":\"WebSite\",\"@id\":\"https:\/\/www.pronal.com\/es\/#website\",\"url\":\"https:\/\/www.pronal.com\/es\/\",\"name\":\"Pronal - Conception et fabrication de structure flexible\",\"description\":\"Pronal - Conception et fabrication de structure flexible\",\"publisher\":{\"@id\":\"https:\/\/www.pronal.com\/es\/#organization\"},\"potentialAction\":[{\"@type\":\"SearchAction\",\"target\":{\"@type\":\"EntryPoint\",\"urlTemplate\":\"https:\/\/www.pronal.com\/es\/?s={search_term_string}\"},\"query-input\":{\"@type\":\"PropertyValueSpecification\",\"valueRequired\":true,\"valueName\":\"search_term_string\"}}],\"inLanguage\":\"es\"},{\"@type\":\"Organization\",\"@id\":\"https:\/\/www.pronal.com\/es\/#organization\",\"name\":\"Pronal\",\"url\":\"https:\/\/www.pronal.com\/es\/\",\"logo\":{\"@type\":\"ImageObject\",\"inLanguage\":\"es\",\"@id\":\"https:\/\/www.pronal.com\/es\/#\/schema\/logo\/image\/\",\"url\":\"https:\/\/www.pronal.com\/wp-content\/uploads\/2019\/06\/logo-pronal.png\",\"contentUrl\":\"https:\/\/www.pronal.com\/wp-content\/uploads\/2019\/06\/logo-pronal.png\",\"width\":504,\"height\":80,\"caption\":\"Pronal\"},\"image\":{\"@id\":\"https:\/\/www.pronal.com\/es\/#\/schema\/logo\/image\/\"}}]}<\/script>\n<!-- \/ Yoast SEO plugin. -->","yoast_head_json":{"title":"Gas\u00f3metro de elast\u00f3mero Hecho a Medida - Producto PRONAL","description":"Nuestro gas\u00f3metro es un almacenamiento externo independiente. Permite el almacenamiento de varios tipos de gases con una impermeabilidad \u00f3ptima.","robots":{"index":"index","follow":"follow","max-snippet":"max-snippet:-1","max-image-preview":"max-image-preview:large","max-video-preview":"max-video-preview:-1"},"canonical":"https:\/\/www.pronal.com\/es\/produit\/gazometre-es\/gasometro\/","og_locale":"es_ES","og_type":"article","og_title":"Gas\u00f3metro de elast\u00f3mero Hecho a Medida - Producto PRONAL","og_description":"Nuestro gas\u00f3metro es un almacenamiento externo independiente. Permite el almacenamiento de varios tipos de gases con una impermeabilidad \u00f3ptima.","og_url":"https:\/\/www.pronal.com\/es\/produit\/gazometre-es\/gasometro\/","og_site_name":"Pronal - Conception et fabrication de structure flexible","article_modified_time":"2026-03-19T10:11:28+00:00","og_image":[{"width":960,"height":1280,"url":"https:\/\/www.pronal.com\/wp-content\/uploads\/2022\/10\/image-2-compressed.jpg","type":"image\/jpeg"}],"twitter_card":"summary_large_image","twitter_misc":{"Tiempo de lectura":"2 minutos"},"schema":{"@context":"https:\/\/schema.org","@graph":[{"@type":"WebPage","@id":"https:\/\/www.pronal.com\/es\/produit\/gazometre-es\/gasometro\/","url":"https:\/\/www.pronal.com\/es\/produit\/gazometre-es\/gasometro\/","name":"Gas\u00f3metro de elast\u00f3mero Hecho a Medida - Producto PRONAL","isPartOf":{"@id":"https:\/\/www.pronal.com\/es\/#website"},"primaryImageOfPage":{"@id":"https:\/\/www.pronal.com\/es\/produit\/gazometre-es\/gasometro\/#primaryimage"},"image":{"@id":"https:\/\/www.pronal.com\/es\/produit\/gazometre-es\/gasometro\/#primaryimage"},"thumbnailUrl":"https:\/\/www.pronal.com\/wp-content\/uploads\/2022\/10\/image-2-compressed.jpg","datePublished":"2022-12-13T13:12:14+00:00","dateModified":"2026-03-19T10:11:28+00:00","description":"Nuestro gas\u00f3metro es un almacenamiento externo independiente. Permite el almacenamiento de varios tipos de gases con una impermeabilidad \u00f3ptima.","breadcrumb":{"@id":"https:\/\/www.pronal.com\/es\/produit\/gazometre-es\/gasometro\/#breadcrumb"},"inLanguage":"es","potentialAction":[{"@type":"ReadAction","target":["https:\/\/www.pronal.com\/es\/produit\/gazometre-es\/gasometro\/"]}]},{"@type":"ImageObject","inLanguage":"es","@id":"https:\/\/www.pronal.com\/es\/produit\/gazometre-es\/gasometro\/#primaryimage","url":"https:\/\/www.pronal.com\/wp-content\/uploads\/2022\/10\/image-2-compressed.jpg","contentUrl":"https:\/\/www.pronal.com\/wp-content\/uploads\/2022\/10\/image-2-compressed.jpg","width":960,"height":1280,"caption":"gazom\u00e8tre rempli"},{"@type":"BreadcrumbList","@id":"https:\/\/www.pronal.com\/es\/produit\/gazometre-es\/gasometro\/#breadcrumb","itemListElement":[{"@type":"ListItem","position":1,"name":"Cat\u00e1logo de productos","item":"https:\/\/www.pronal.com\/es\/catalogo-de-productos\/"},{"@type":"ListItem","position":2,"name":"Gas\u00f3metro"}]},{"@type":"WebSite","@id":"https:\/\/www.pronal.com\/es\/#website","url":"https:\/\/www.pronal.com\/es\/","name":"Pronal - Conception et fabrication de structure flexible","description":"Pronal - Conception et fabrication de structure flexible","publisher":{"@id":"https:\/\/www.pronal.com\/es\/#organization"},"potentialAction":[{"@type":"SearchAction","target":{"@type":"EntryPoint","urlTemplate":"https:\/\/www.pronal.com\/es\/?s={search_term_string}"},"query-input":{"@type":"PropertyValueSpecification","valueRequired":true,"valueName":"search_term_string"}}],"inLanguage":"es"},{"@type":"Organization","@id":"https:\/\/www.pronal.com\/es\/#organization","name":"Pronal","url":"https:\/\/www.pronal.com\/es\/","logo":{"@type":"ImageObject","inLanguage":"es","@id":"https:\/\/www.pronal.com\/es\/#\/schema\/logo\/image\/","url":"https:\/\/www.pronal.com\/wp-content\/uploads\/2019\/06\/logo-pronal.png","contentUrl":"https:\/\/www.pronal.com\/wp-content\/uploads\/2019\/06\/logo-pronal.png","width":504,"height":80,"caption":"Pronal"},"image":{"@id":"https:\/\/www.pronal.com\/es\/#\/schema\/logo\/image\/"}}]}},"_links":{"self":[{"href":"https:\/\/www.pronal.com\/es\/wp-json\/wp\/v2\/product\/36613","targetHints":{"allow":["GET"]}}],"collection":[{"href":"https:\/\/www.pronal.com\/es\/wp-json\/wp\/v2\/product"}],"about":[{"href":"https:\/\/www.pronal.com\/es\/wp-json\/wp\/v2\/types\/product"}],"wp:featuredmedia":[{"embeddable":true,"href":"https:\/\/www.pronal.com\/es\/wp-json\/wp\/v2\/media\/19333"}],"wp:attachment":[{"href":"https:\/\/www.pronal.com\/es\/wp-json\/wp\/v2\/media?parent=36613"}],"wp:term":[{"taxonomy":"product_brand","embeddable":true,"href":"https:\/\/www.pronal.com\/es\/wp-json\/wp\/v2\/product_brand?post=36613"},{"taxonomy":"product_cat","embeddable":true,"href":"https:\/\/www.pronal.com\/es\/wp-json\/wp\/v2\/product_cat?post=36613"},{"taxonomy":"product_tag","embeddable":true,"href":"https:\/\/www.pronal.com\/es\/wp-json\/wp\/v2\/product_tag?post=36613"}],"curies":[{"name":"wp","href":"https:\/\/api.w.org\/{rel}","templated":true}]}}