{"id":36671,"date":"2022-02-18T16:06:08","date_gmt":"2022-02-18T15:06:08","guid":{"rendered":"https:\/\/www.pronal.com\/produit\/sin%20categor\u00eda\/coffrage-de-regard-jb-qualifix\/"},"modified":"2026-03-20T11:05:40","modified_gmt":"2026-03-20T10:05:40","slug":"encofrado-de-pozo-jb-qualifix","status":"publish","type":"product","link":"https:\/\/www.pronal.com\/es\/produit\/protecciones-de-excavacion\/coffrage-de-regard-jb-qualifix\/","title":{"rendered":"Encofrado de pozo inflable &#8211; JB Qualifix\u00ae"},"content":{"rendered":"<p data-start=\"44\" data-end=\"512\">El <strong data-start=\"47\" data-end=\"63\">JB QUALIFIX\u00ae<\/strong> es un encofrado de pozo inflable. Como alternativa a los encofrados pesados de madera o metal, esta soluci\u00f3n se <strong>utiliza durante el sellado de pozos cil\u00edndricos<\/strong>. Frente a los encofrados est\u00e1ndar, permite <strong>ahorrar hasta<\/strong> <strong data-start=\"281\" data-end=\"303\">5 horas de trabajo<\/strong> en la obra. Adem\u00e1s, su perfecta estanqueidad protege la c\u00e1mara de inspecci\u00f3n de posibles residuos que podr\u00edan caer durante el hormigonado. De este modo, los operarios ya no necesitan descender para limpiarla.<\/p>\n<p data-start=\"514\" data-end=\"970\">El <strong data-start=\"517\" data-end=\"533\">JB QUALIFIX\u00ae<\/strong> funciona como un encofrado de pozo est\u00e1ndar. Los operarios introducen el manguito desinflado en el pozo. Con la ayuda de un peque\u00f1o compresor, lo inflan hasta que la soluci\u00f3n se ajusta completamente a la pared, garantizando <strong>una estanqueidad perfecta<\/strong>. Una vez inflado, los operarios pueden verter el hormig\u00f3n alrededor sin ensuciar la c\u00e1mara de inspecci\u00f3n. Su uso permite <strong>un sellado del pozo de inspecci\u00f3n de mayor calidad y durabilidad.<\/strong><\/p>\n<p data-start=\"972\" data-end=\"1361\" data-is-last-node=\"\" data-is-only-node=\"\">Se trata de un producto ideado por un empleado de la <a href=\"https:\/\/www.trba.be\/en\/\"><strong>empresa TRBA<\/strong><\/a>, Jonathan Bracco. Pens\u00f3 en esta soluci\u00f3n para proteger al m\u00e1ximo a sus equipos. De hecho, este encofrado de pozo inflable permite prevenir el riesgo FME, ya que evita cualquier ca\u00edda de operarios u objetos dentro de la c\u00e1mara de inspecci\u00f3n. As\u00ed, <strong><a href=\"https:\/\/www.pronal.com\/es\/categorie-produit\/protecciones-de-excavacion\/\">los operarios est\u00e1n protegidos<\/a> durante toda la operaci\u00f3n de sellado del pozo.<\/strong><\/p>\n<p data-start=\"972\" data-end=\"1361\" data-is-last-node=\"\" data-is-only-node=\"\"><iframe loading=\"lazy\" src=\"\/\/www.youtube.com\/embed\/VaEazQwbS20\" width=\"560\" height=\"314\" allowfullscreen=\"allowfullscreen\"><\/iframe><\/p>\n","protected":false},"excerpt":{"rendered":"<p>El JB QUALIFIX\u00ae es un encofrado de pozo inflable. Como alternativa a los encofrados pesados de madera o metal, esta soluci\u00f3n se utiliza durante el sellado de pozos cil\u00edndricos. Frente&#8230;<\/p>\n","protected":false},"featured_media":15841,"template":"","meta":{"_acf_changed":false,"inline_featured_image":false},"product_brand":[],"product_cat":[307],"product_tag":[],"class_list":{"0":"post-36671","1":"product","2":"type-product","3":"status-publish","4":"has-post-thumbnail","6":"product_cat-protecciones-de-excavacion","8":"first","9":"instock","10":"shipping-taxable","11":"product-type-simple"},"acf":[],"yoast_head":"<!-- This site is optimized with the Yoast SEO plugin v25.8 - https:\/\/yoast.com\/wordpress\/plugins\/seo\/ -->\n<title>Un encofrado de pozo inflable : la alternativa a los encofrados pesados<\/title>\n<meta name=\"description\" content=\"Nuestro encofrado de pozo inflable: una soluci\u00f3n innovadora para garantizar la seguridad de los operarios en obras viales\" \/>\n<meta name=\"robots\" content=\"index, follow, max-snippet:-1, max-image-preview:large, max-video-preview:-1\" \/>\n<link rel=\"canonical\" href=\"https:\/\/www.pronal.com\/es\/produit\/protecciones-de-excavacion\/coffrage-de-regard-jb-qualifix\/\" \/>\n<meta property=\"og:locale\" content=\"es_ES\" \/>\n<meta property=\"og:type\" content=\"article\" \/>\n<meta property=\"og:title\" content=\"Un encofrado de pozo inflable : la alternativa a los encofrados pesados\" \/>\n<meta property=\"og:description\" content=\"Nuestro encofrado de pozo inflable: una soluci\u00f3n innovadora para garantizar la seguridad de los operarios en obras viales\" \/>\n<meta property=\"og:url\" content=\"https:\/\/www.pronal.com\/es\/produit\/protecciones-de-excavacion\/coffrage-de-regard-jb-qualifix\/\" \/>\n<meta property=\"og:site_name\" content=\"Pronal - Conception et fabrication de structure flexible\" \/>\n<meta property=\"article:modified_time\" content=\"2026-03-20T10:05:40+00:00\" \/>\n<meta property=\"og:image\" content=\"https:\/\/www.pronal.com\/wp-content\/uploads\/2022\/02\/271053293_350262886505437_6708089509355393984_n.jpg\" \/>\n\t<meta property=\"og:image:width\" content=\"394\" \/>\n\t<meta property=\"og:image:height\" content=\"441\" \/>\n\t<meta property=\"og:image:type\" content=\"image\/jpeg\" \/>\n<meta name=\"twitter:card\" content=\"summary_large_image\" \/>\n<meta name=\"twitter:label1\" content=\"Tiempo de lectura\" \/>\n\t<meta name=\"twitter:data1\" content=\"2 minutos\" \/>\n<script type=\"application\/ld+json\" class=\"yoast-schema-graph\">{\"@context\":\"https:\/\/schema.org\",\"@graph\":[{\"@type\":\"WebPage\",\"@id\":\"https:\/\/www.pronal.com\/es\/produit\/protecciones-de-excavacion\/coffrage-de-regard-jb-qualifix\/\",\"url\":\"https:\/\/www.pronal.com\/es\/produit\/protecciones-de-excavacion\/coffrage-de-regard-jb-qualifix\/\",\"name\":\"Un encofrado de pozo inflable : la alternativa a los encofrados pesados\",\"isPartOf\":{\"@id\":\"https:\/\/www.pronal.com\/es\/#website\"},\"primaryImageOfPage\":{\"@id\":\"https:\/\/www.pronal.com\/es\/produit\/protecciones-de-excavacion\/coffrage-de-regard-jb-qualifix\/#primaryimage\"},\"image\":{\"@id\":\"https:\/\/www.pronal.com\/es\/produit\/protecciones-de-excavacion\/coffrage-de-regard-jb-qualifix\/#primaryimage\"},\"thumbnailUrl\":\"https:\/\/www.pronal.com\/wp-content\/uploads\/2022\/02\/271053293_350262886505437_6708089509355393984_n.jpg\",\"datePublished\":\"2022-02-18T15:06:08+00:00\",\"dateModified\":\"2026-03-20T10:05:40+00:00\",\"description\":\"Nuestro encofrado de pozo inflable: una soluci\u00f3n innovadora para garantizar la seguridad de los operarios en obras viales\",\"breadcrumb\":{\"@id\":\"https:\/\/www.pronal.com\/es\/produit\/protecciones-de-excavacion\/coffrage-de-regard-jb-qualifix\/#breadcrumb\"},\"inLanguage\":\"es\",\"potentialAction\":[{\"@type\":\"ReadAction\",\"target\":[\"https:\/\/www.pronal.com\/es\/produit\/protecciones-de-excavacion\/coffrage-de-regard-jb-qualifix\/\"]}]},{\"@type\":\"ImageObject\",\"inLanguage\":\"es\",\"@id\":\"https:\/\/www.pronal.com\/es\/produit\/protecciones-de-excavacion\/coffrage-de-regard-jb-qualifix\/#primaryimage\",\"url\":\"https:\/\/www.pronal.com\/wp-content\/uploads\/2022\/02\/271053293_350262886505437_6708089509355393984_n.jpg\",\"contentUrl\":\"https:\/\/www.pronal.com\/wp-content\/uploads\/2022\/02\/271053293_350262886505437_6708089509355393984_n.jpg\",\"width\":394,\"height\":441,\"caption\":\"Coffrage de regard gonflable\"},{\"@type\":\"BreadcrumbList\",\"@id\":\"https:\/\/www.pronal.com\/es\/produit\/protecciones-de-excavacion\/coffrage-de-regard-jb-qualifix\/#breadcrumb\",\"itemListElement\":[{\"@type\":\"ListItem\",\"position\":1,\"name\":\"Cat\u00e1logo de productos\",\"item\":\"https:\/\/www.pronal.com\/es\/catalogo-de-productos\/\"},{\"@type\":\"ListItem\",\"position\":2,\"name\":\"Encofrado de pozo inflable &#8211; JB Qualifix\u00ae\"}]},{\"@type\":\"WebSite\",\"@id\":\"https:\/\/www.pronal.com\/es\/#website\",\"url\":\"https:\/\/www.pronal.com\/es\/\",\"name\":\"Pronal - Conception et fabrication de structure flexible\",\"description\":\"Pronal - Conception et fabrication de structure flexible\",\"publisher\":{\"@id\":\"https:\/\/www.pronal.com\/es\/#organization\"},\"potentialAction\":[{\"@type\":\"SearchAction\",\"target\":{\"@type\":\"EntryPoint\",\"urlTemplate\":\"https:\/\/www.pronal.com\/es\/?s={search_term_string}\"},\"query-input\":{\"@type\":\"PropertyValueSpecification\",\"valueRequired\":true,\"valueName\":\"search_term_string\"}}],\"inLanguage\":\"es\"},{\"@type\":\"Organization\",\"@id\":\"https:\/\/www.pronal.com\/es\/#organization\",\"name\":\"Pronal\",\"url\":\"https:\/\/www.pronal.com\/es\/\",\"logo\":{\"@type\":\"ImageObject\",\"inLanguage\":\"es\",\"@id\":\"https:\/\/www.pronal.com\/es\/#\/schema\/logo\/image\/\",\"url\":\"https:\/\/www.pronal.com\/wp-content\/uploads\/2019\/06\/logo-pronal.png\",\"contentUrl\":\"https:\/\/www.pronal.com\/wp-content\/uploads\/2019\/06\/logo-pronal.png\",\"width\":504,\"height\":80,\"caption\":\"Pronal\"},\"image\":{\"@id\":\"https:\/\/www.pronal.com\/es\/#\/schema\/logo\/image\/\"}}]}<\/script>\n<!-- \/ Yoast SEO plugin. -->","yoast_head_json":{"title":"Un encofrado de pozo inflable : la alternativa a los encofrados pesados","description":"Nuestro encofrado de pozo inflable: una soluci\u00f3n innovadora para garantizar la seguridad de los operarios en obras viales","robots":{"index":"index","follow":"follow","max-snippet":"max-snippet:-1","max-image-preview":"max-image-preview:large","max-video-preview":"max-video-preview:-1"},"canonical":"https:\/\/www.pronal.com\/es\/produit\/protecciones-de-excavacion\/coffrage-de-regard-jb-qualifix\/","og_locale":"es_ES","og_type":"article","og_title":"Un encofrado de pozo inflable : la alternativa a los encofrados pesados","og_description":"Nuestro encofrado de pozo inflable: una soluci\u00f3n innovadora para garantizar la seguridad de los operarios en obras viales","og_url":"https:\/\/www.pronal.com\/es\/produit\/protecciones-de-excavacion\/coffrage-de-regard-jb-qualifix\/","og_site_name":"Pronal - Conception et fabrication de structure flexible","article_modified_time":"2026-03-20T10:05:40+00:00","og_image":[{"width":394,"height":441,"url":"https:\/\/www.pronal.com\/wp-content\/uploads\/2022\/02\/271053293_350262886505437_6708089509355393984_n.jpg","type":"image\/jpeg"}],"twitter_card":"summary_large_image","twitter_misc":{"Tiempo de lectura":"2 minutos"},"schema":{"@context":"https:\/\/schema.org","@graph":[{"@type":"WebPage","@id":"https:\/\/www.pronal.com\/es\/produit\/protecciones-de-excavacion\/coffrage-de-regard-jb-qualifix\/","url":"https:\/\/www.pronal.com\/es\/produit\/protecciones-de-excavacion\/coffrage-de-regard-jb-qualifix\/","name":"Un encofrado de pozo inflable : la alternativa a los encofrados pesados","isPartOf":{"@id":"https:\/\/www.pronal.com\/es\/#website"},"primaryImageOfPage":{"@id":"https:\/\/www.pronal.com\/es\/produit\/protecciones-de-excavacion\/coffrage-de-regard-jb-qualifix\/#primaryimage"},"image":{"@id":"https:\/\/www.pronal.com\/es\/produit\/protecciones-de-excavacion\/coffrage-de-regard-jb-qualifix\/#primaryimage"},"thumbnailUrl":"https:\/\/www.pronal.com\/wp-content\/uploads\/2022\/02\/271053293_350262886505437_6708089509355393984_n.jpg","datePublished":"2022-02-18T15:06:08+00:00","dateModified":"2026-03-20T10:05:40+00:00","description":"Nuestro encofrado de pozo inflable: una soluci\u00f3n innovadora para garantizar la seguridad de los operarios en obras viales","breadcrumb":{"@id":"https:\/\/www.pronal.com\/es\/produit\/protecciones-de-excavacion\/coffrage-de-regard-jb-qualifix\/#breadcrumb"},"inLanguage":"es","potentialAction":[{"@type":"ReadAction","target":["https:\/\/www.pronal.com\/es\/produit\/protecciones-de-excavacion\/coffrage-de-regard-jb-qualifix\/"]}]},{"@type":"ImageObject","inLanguage":"es","@id":"https:\/\/www.pronal.com\/es\/produit\/protecciones-de-excavacion\/coffrage-de-regard-jb-qualifix\/#primaryimage","url":"https:\/\/www.pronal.com\/wp-content\/uploads\/2022\/02\/271053293_350262886505437_6708089509355393984_n.jpg","contentUrl":"https:\/\/www.pronal.com\/wp-content\/uploads\/2022\/02\/271053293_350262886505437_6708089509355393984_n.jpg","width":394,"height":441,"caption":"Coffrage de regard gonflable"},{"@type":"BreadcrumbList","@id":"https:\/\/www.pronal.com\/es\/produit\/protecciones-de-excavacion\/coffrage-de-regard-jb-qualifix\/#breadcrumb","itemListElement":[{"@type":"ListItem","position":1,"name":"Cat\u00e1logo de productos","item":"https:\/\/www.pronal.com\/es\/catalogo-de-productos\/"},{"@type":"ListItem","position":2,"name":"Encofrado de pozo inflable &#8211; JB Qualifix\u00ae"}]},{"@type":"WebSite","@id":"https:\/\/www.pronal.com\/es\/#website","url":"https:\/\/www.pronal.com\/es\/","name":"Pronal - Conception et fabrication de structure flexible","description":"Pronal - Conception et fabrication de structure flexible","publisher":{"@id":"https:\/\/www.pronal.com\/es\/#organization"},"potentialAction":[{"@type":"SearchAction","target":{"@type":"EntryPoint","urlTemplate":"https:\/\/www.pronal.com\/es\/?s={search_term_string}"},"query-input":{"@type":"PropertyValueSpecification","valueRequired":true,"valueName":"search_term_string"}}],"inLanguage":"es"},{"@type":"Organization","@id":"https:\/\/www.pronal.com\/es\/#organization","name":"Pronal","url":"https:\/\/www.pronal.com\/es\/","logo":{"@type":"ImageObject","inLanguage":"es","@id":"https:\/\/www.pronal.com\/es\/#\/schema\/logo\/image\/","url":"https:\/\/www.pronal.com\/wp-content\/uploads\/2019\/06\/logo-pronal.png","contentUrl":"https:\/\/www.pronal.com\/wp-content\/uploads\/2019\/06\/logo-pronal.png","width":504,"height":80,"caption":"Pronal"},"image":{"@id":"https:\/\/www.pronal.com\/es\/#\/schema\/logo\/image\/"}}]}},"_links":{"self":[{"href":"https:\/\/www.pronal.com\/es\/wp-json\/wp\/v2\/product\/36671","targetHints":{"allow":["GET"]}}],"collection":[{"href":"https:\/\/www.pronal.com\/es\/wp-json\/wp\/v2\/product"}],"about":[{"href":"https:\/\/www.pronal.com\/es\/wp-json\/wp\/v2\/types\/product"}],"wp:featuredmedia":[{"embeddable":true,"href":"https:\/\/www.pronal.com\/es\/wp-json\/wp\/v2\/media\/15841"}],"wp:attachment":[{"href":"https:\/\/www.pronal.com\/es\/wp-json\/wp\/v2\/media?parent=36671"}],"wp:term":[{"taxonomy":"product_brand","embeddable":true,"href":"https:\/\/www.pronal.com\/es\/wp-json\/wp\/v2\/product_brand?post=36671"},{"taxonomy":"product_cat","embeddable":true,"href":"https:\/\/www.pronal.com\/es\/wp-json\/wp\/v2\/product_cat?post=36671"},{"taxonomy":"product_tag","embeddable":true,"href":"https:\/\/www.pronal.com\/es\/wp-json\/wp\/v2\/product_tag?post=36671"}],"curies":[{"name":"wp","href":"https:\/\/api.w.org\/{rel}","templated":true}]}}