{"id":36749,"date":"2023-04-20T14:22:15","date_gmt":"2023-04-20T12:22:15","guid":{"rendered":"https:\/\/www.pronal.com\/produit\/sin%20categor\u00eda\/poche-a-vide-de-feuilletage\/"},"modified":"2026-04-01T11:42:53","modified_gmt":"2026-04-01T09:42:53","slug":"bolsa-de-vacio-para-estratificacion","status":"publish","type":"product","link":"https:\/\/www.pronal.com\/es\/produit\/poche-a-vide-es\/poche-a-vide-de-feuilletage\/","title":{"rendered":"Bolsa de vac\u00edo para vidrio laminado"},"content":{"rendered":"<p data-start=\"71\" data-end=\"428\">Nuestra bolsa de vac\u00edo para vidrio laminado es la soluci\u00f3n ideal para <strong>las operaciones de tratamiento t\u00e9rmico del <a href=\"https:\/\/es.wikipedia.org\/wiki\/Vidrio_laminado\">vidrio laminado y estratificado<\/a><\/strong>. Para algunos procesos, puede insertar varios art\u00edculos simult\u00e1neamente en la misma bolsa. Adem\u00e1s, las bolsas pueden abrirse por uno o varios lados, lo que permite una inserci\u00f3n y extracci\u00f3n f\u00e1cil del vidrio.<\/p>\n<p data-start=\"430\" data-end=\"756\">Nuestro proceso de fabricaci\u00f3n mediante <strong>vulcanizaci\u00f3n en caliente<\/strong> confiere a las bolsas Pronal <strong>todas las cualidades necesarias en t\u00e9rminos de flexibilidad, suavidad y resistencia<\/strong>. Adem\u00e1s, la bolsa de vac\u00edo puede utilizarse en un horno o autoclave, tanto en posici\u00f3n horizontal como vertical, para cualquier tipo de vidrio.<\/p>\n<p data-start=\"758\" data-end=\"924\">Finalmente, la bolsa de vac\u00edo para vidrio laminado Pronal est\u00e1 dise\u00f1ada para <strong>adaptarse a cualquier estructura de transportador y cualquier rack de almacenamiento.<\/strong><\/p>\n<p data-start=\"926\" data-end=\"1109\">Asimismo, es posible reforzar ciertas \u00e1reas. Esto permitir\u00e1 proteger las bolsas de vac\u00edo de las esquinas de los parabrisas, por ejemplo, o de otras partes salientes de las piezas.<\/p>\n<p data-start=\"1111\" data-end=\"1269\">Realizamos soluciones a medida. As\u00ed que no dude en <a href=\"https:\/\/www.pronal.com\/es\/contacto-presupuesto-pronal\/\"><strong>contactar a nuestros equipos<\/strong><\/a> para cualquier solicitud personalizada (dimensiones fuera de lo est\u00e1ndar).<\/p>\n","protected":false},"excerpt":{"rendered":"<p>Nuestra bolsa de vac\u00edo para vidrio laminado es la soluci\u00f3n ideal para las operaciones de tratamiento t\u00e9rmico del vidrio laminado y estratificado. Para algunos procesos, puede insertar varios art\u00edculos simult\u00e1neamente&#8230;<\/p>\n","protected":false},"featured_media":21798,"template":"","meta":{"_acf_changed":false,"inline_featured_image":false},"product_brand":[],"product_cat":[608],"product_tag":[],"class_list":{"0":"post-36749","1":"product","2":"type-product","3":"status-publish","4":"has-post-thumbnail","6":"product_cat-bolsa-de-vacio-es","8":"first","9":"instock","10":"shipping-taxable","11":"product-type-simple"},"acf":[],"yoast_head":"<!-- This site is optimized with the Yoast SEO plugin v25.8 - https:\/\/yoast.com\/wordpress\/plugins\/seo\/ -->\n<title>Bolsa de vac\u00edo para vidrio laminado<\/title>\n<meta name=\"description\" content=\"Descubra nuestra bolsa de vac\u00edo para vidrio laminado: la soluci\u00f3n ideal para las operaciones de tratamiento t\u00e9rmico del vidrio laminado\" \/>\n<meta name=\"robots\" content=\"index, follow, max-snippet:-1, max-image-preview:large, max-video-preview:-1\" \/>\n<link rel=\"canonical\" href=\"https:\/\/www.pronal.com\/es\/produit\/poche-a-vide-es\/poche-a-vide-de-feuilletage\/\" \/>\n<meta property=\"og:locale\" content=\"es_ES\" \/>\n<meta property=\"og:type\" content=\"article\" \/>\n<meta property=\"og:title\" content=\"Bolsa de vac\u00edo para vidrio laminado\" \/>\n<meta property=\"og:description\" content=\"Descubra nuestra bolsa de vac\u00edo para vidrio laminado: la soluci\u00f3n ideal para las operaciones de tratamiento t\u00e9rmico del vidrio laminado\" \/>\n<meta property=\"og:url\" content=\"https:\/\/www.pronal.com\/es\/produit\/poche-a-vide-es\/poche-a-vide-de-feuilletage\/\" \/>\n<meta property=\"og:site_name\" content=\"Pronal - Conception et fabrication de structure flexible\" \/>\n<meta property=\"article:modified_time\" content=\"2026-04-01T09:42:53+00:00\" \/>\n<meta property=\"og:image\" content=\"https:\/\/www.pronal.com\/wp-content\/uploads\/2023\/04\/poche-a-vide-2.jpg\" \/>\n\t<meta property=\"og:image:width\" content=\"2560\" \/>\n\t<meta property=\"og:image:height\" content=\"1920\" \/>\n\t<meta property=\"og:image:type\" content=\"image\/jpeg\" \/>\n<meta name=\"twitter:card\" content=\"summary_large_image\" \/>\n<meta name=\"twitter:label1\" content=\"Tiempo de lectura\" \/>\n\t<meta name=\"twitter:data1\" content=\"2 minutos\" \/>\n<script type=\"application\/ld+json\" class=\"yoast-schema-graph\">{\"@context\":\"https:\/\/schema.org\",\"@graph\":[{\"@type\":\"WebPage\",\"@id\":\"https:\/\/www.pronal.com\/es\/produit\/poche-a-vide-es\/poche-a-vide-de-feuilletage\/\",\"url\":\"https:\/\/www.pronal.com\/es\/produit\/poche-a-vide-es\/poche-a-vide-de-feuilletage\/\",\"name\":\"Bolsa de vac\u00edo para vidrio laminado\",\"isPartOf\":{\"@id\":\"https:\/\/www.pronal.com\/es\/#website\"},\"primaryImageOfPage\":{\"@id\":\"https:\/\/www.pronal.com\/es\/produit\/poche-a-vide-es\/poche-a-vide-de-feuilletage\/#primaryimage\"},\"image\":{\"@id\":\"https:\/\/www.pronal.com\/es\/produit\/poche-a-vide-es\/poche-a-vide-de-feuilletage\/#primaryimage\"},\"thumbnailUrl\":\"https:\/\/www.pronal.com\/wp-content\/uploads\/2023\/04\/poche-a-vide-2.jpg\",\"datePublished\":\"2023-04-20T12:22:15+00:00\",\"dateModified\":\"2026-04-01T09:42:53+00:00\",\"description\":\"Descubra nuestra bolsa de vac\u00edo para vidrio laminado: la soluci\u00f3n ideal para las operaciones de tratamiento t\u00e9rmico del vidrio laminado\",\"breadcrumb\":{\"@id\":\"https:\/\/www.pronal.com\/es\/produit\/poche-a-vide-es\/poche-a-vide-de-feuilletage\/#breadcrumb\"},\"inLanguage\":\"es\",\"potentialAction\":[{\"@type\":\"ReadAction\",\"target\":[\"https:\/\/www.pronal.com\/es\/produit\/poche-a-vide-es\/poche-a-vide-de-feuilletage\/\"]}]},{\"@type\":\"ImageObject\",\"inLanguage\":\"es\",\"@id\":\"https:\/\/www.pronal.com\/es\/produit\/poche-a-vide-es\/poche-a-vide-de-feuilletage\/#primaryimage\",\"url\":\"https:\/\/www.pronal.com\/wp-content\/uploads\/2023\/04\/poche-a-vide-2.jpg\",\"contentUrl\":\"https:\/\/www.pronal.com\/wp-content\/uploads\/2023\/04\/poche-a-vide-2.jpg\",\"width\":2560,\"height\":1920,\"caption\":\"poche de verre\"},{\"@type\":\"BreadcrumbList\",\"@id\":\"https:\/\/www.pronal.com\/es\/produit\/poche-a-vide-es\/poche-a-vide-de-feuilletage\/#breadcrumb\",\"itemListElement\":[{\"@type\":\"ListItem\",\"position\":1,\"name\":\"Cat\u00e1logo de productos\",\"item\":\"https:\/\/www.pronal.com\/es\/catalogo-de-productos\/\"},{\"@type\":\"ListItem\",\"position\":2,\"name\":\"Bolsa de vac\u00edo para vidrio laminado\"}]},{\"@type\":\"WebSite\",\"@id\":\"https:\/\/www.pronal.com\/es\/#website\",\"url\":\"https:\/\/www.pronal.com\/es\/\",\"name\":\"Pronal - Conception et fabrication de structure flexible\",\"description\":\"Pronal - Conception et fabrication de structure flexible\",\"publisher\":{\"@id\":\"https:\/\/www.pronal.com\/es\/#organization\"},\"potentialAction\":[{\"@type\":\"SearchAction\",\"target\":{\"@type\":\"EntryPoint\",\"urlTemplate\":\"https:\/\/www.pronal.com\/es\/?s={search_term_string}\"},\"query-input\":{\"@type\":\"PropertyValueSpecification\",\"valueRequired\":true,\"valueName\":\"search_term_string\"}}],\"inLanguage\":\"es\"},{\"@type\":\"Organization\",\"@id\":\"https:\/\/www.pronal.com\/es\/#organization\",\"name\":\"Pronal\",\"url\":\"https:\/\/www.pronal.com\/es\/\",\"logo\":{\"@type\":\"ImageObject\",\"inLanguage\":\"es\",\"@id\":\"https:\/\/www.pronal.com\/es\/#\/schema\/logo\/image\/\",\"url\":\"https:\/\/www.pronal.com\/wp-content\/uploads\/2019\/06\/logo-pronal.png\",\"contentUrl\":\"https:\/\/www.pronal.com\/wp-content\/uploads\/2019\/06\/logo-pronal.png\",\"width\":504,\"height\":80,\"caption\":\"Pronal\"},\"image\":{\"@id\":\"https:\/\/www.pronal.com\/es\/#\/schema\/logo\/image\/\"}}]}<\/script>\n<!-- \/ Yoast SEO plugin. -->","yoast_head_json":{"title":"Bolsa de vac\u00edo para vidrio laminado","description":"Descubra nuestra bolsa de vac\u00edo para vidrio laminado: la soluci\u00f3n ideal para las operaciones de tratamiento t\u00e9rmico del vidrio laminado","robots":{"index":"index","follow":"follow","max-snippet":"max-snippet:-1","max-image-preview":"max-image-preview:large","max-video-preview":"max-video-preview:-1"},"canonical":"https:\/\/www.pronal.com\/es\/produit\/poche-a-vide-es\/poche-a-vide-de-feuilletage\/","og_locale":"es_ES","og_type":"article","og_title":"Bolsa de vac\u00edo para vidrio laminado","og_description":"Descubra nuestra bolsa de vac\u00edo para vidrio laminado: la soluci\u00f3n ideal para las operaciones de tratamiento t\u00e9rmico del vidrio laminado","og_url":"https:\/\/www.pronal.com\/es\/produit\/poche-a-vide-es\/poche-a-vide-de-feuilletage\/","og_site_name":"Pronal - Conception et fabrication de structure flexible","article_modified_time":"2026-04-01T09:42:53+00:00","og_image":[{"width":2560,"height":1920,"url":"https:\/\/www.pronal.com\/wp-content\/uploads\/2023\/04\/poche-a-vide-2.jpg","type":"image\/jpeg"}],"twitter_card":"summary_large_image","twitter_misc":{"Tiempo de lectura":"2 minutos"},"schema":{"@context":"https:\/\/schema.org","@graph":[{"@type":"WebPage","@id":"https:\/\/www.pronal.com\/es\/produit\/poche-a-vide-es\/poche-a-vide-de-feuilletage\/","url":"https:\/\/www.pronal.com\/es\/produit\/poche-a-vide-es\/poche-a-vide-de-feuilletage\/","name":"Bolsa de vac\u00edo para vidrio laminado","isPartOf":{"@id":"https:\/\/www.pronal.com\/es\/#website"},"primaryImageOfPage":{"@id":"https:\/\/www.pronal.com\/es\/produit\/poche-a-vide-es\/poche-a-vide-de-feuilletage\/#primaryimage"},"image":{"@id":"https:\/\/www.pronal.com\/es\/produit\/poche-a-vide-es\/poche-a-vide-de-feuilletage\/#primaryimage"},"thumbnailUrl":"https:\/\/www.pronal.com\/wp-content\/uploads\/2023\/04\/poche-a-vide-2.jpg","datePublished":"2023-04-20T12:22:15+00:00","dateModified":"2026-04-01T09:42:53+00:00","description":"Descubra nuestra bolsa de vac\u00edo para vidrio laminado: la soluci\u00f3n ideal para las operaciones de tratamiento t\u00e9rmico del vidrio laminado","breadcrumb":{"@id":"https:\/\/www.pronal.com\/es\/produit\/poche-a-vide-es\/poche-a-vide-de-feuilletage\/#breadcrumb"},"inLanguage":"es","potentialAction":[{"@type":"ReadAction","target":["https:\/\/www.pronal.com\/es\/produit\/poche-a-vide-es\/poche-a-vide-de-feuilletage\/"]}]},{"@type":"ImageObject","inLanguage":"es","@id":"https:\/\/www.pronal.com\/es\/produit\/poche-a-vide-es\/poche-a-vide-de-feuilletage\/#primaryimage","url":"https:\/\/www.pronal.com\/wp-content\/uploads\/2023\/04\/poche-a-vide-2.jpg","contentUrl":"https:\/\/www.pronal.com\/wp-content\/uploads\/2023\/04\/poche-a-vide-2.jpg","width":2560,"height":1920,"caption":"poche de verre"},{"@type":"BreadcrumbList","@id":"https:\/\/www.pronal.com\/es\/produit\/poche-a-vide-es\/poche-a-vide-de-feuilletage\/#breadcrumb","itemListElement":[{"@type":"ListItem","position":1,"name":"Cat\u00e1logo de productos","item":"https:\/\/www.pronal.com\/es\/catalogo-de-productos\/"},{"@type":"ListItem","position":2,"name":"Bolsa de vac\u00edo para vidrio laminado"}]},{"@type":"WebSite","@id":"https:\/\/www.pronal.com\/es\/#website","url":"https:\/\/www.pronal.com\/es\/","name":"Pronal - Conception et fabrication de structure flexible","description":"Pronal - Conception et fabrication de structure flexible","publisher":{"@id":"https:\/\/www.pronal.com\/es\/#organization"},"potentialAction":[{"@type":"SearchAction","target":{"@type":"EntryPoint","urlTemplate":"https:\/\/www.pronal.com\/es\/?s={search_term_string}"},"query-input":{"@type":"PropertyValueSpecification","valueRequired":true,"valueName":"search_term_string"}}],"inLanguage":"es"},{"@type":"Organization","@id":"https:\/\/www.pronal.com\/es\/#organization","name":"Pronal","url":"https:\/\/www.pronal.com\/es\/","logo":{"@type":"ImageObject","inLanguage":"es","@id":"https:\/\/www.pronal.com\/es\/#\/schema\/logo\/image\/","url":"https:\/\/www.pronal.com\/wp-content\/uploads\/2019\/06\/logo-pronal.png","contentUrl":"https:\/\/www.pronal.com\/wp-content\/uploads\/2019\/06\/logo-pronal.png","width":504,"height":80,"caption":"Pronal"},"image":{"@id":"https:\/\/www.pronal.com\/es\/#\/schema\/logo\/image\/"}}]}},"_links":{"self":[{"href":"https:\/\/www.pronal.com\/es\/wp-json\/wp\/v2\/product\/36749","targetHints":{"allow":["GET"]}}],"collection":[{"href":"https:\/\/www.pronal.com\/es\/wp-json\/wp\/v2\/product"}],"about":[{"href":"https:\/\/www.pronal.com\/es\/wp-json\/wp\/v2\/types\/product"}],"wp:featuredmedia":[{"embeddable":true,"href":"https:\/\/www.pronal.com\/es\/wp-json\/wp\/v2\/media\/21798"}],"wp:attachment":[{"href":"https:\/\/www.pronal.com\/es\/wp-json\/wp\/v2\/media?parent=36749"}],"wp:term":[{"taxonomy":"product_brand","embeddable":true,"href":"https:\/\/www.pronal.com\/es\/wp-json\/wp\/v2\/product_brand?post=36749"},{"taxonomy":"product_cat","embeddable":true,"href":"https:\/\/www.pronal.com\/es\/wp-json\/wp\/v2\/product_cat?post=36749"},{"taxonomy":"product_tag","embeddable":true,"href":"https:\/\/www.pronal.com\/es\/wp-json\/wp\/v2\/product_tag?post=36749"}],"curies":[{"name":"wp","href":"https:\/\/api.w.org\/{rel}","templated":true}]}}