{"id":36828,"date":"2025-06-11T16:24:25","date_gmt":"2025-06-11T14:24:25","guid":{"rendered":"https:\/\/www.pronal.com\/produit\/sin%20categor\u00eda\/bloc-auto-obturant\/"},"modified":"2026-04-02T14:46:01","modified_gmt":"2026-04-02T12:46:01","slug":"bloque-autoobturante","status":"publish","type":"product","link":"https:\/\/www.pronal.com\/es\/produit\/obturadores-inflables\/bloc-auto-obturant\/","title":{"rendered":"Bloque autoobturante"},"content":{"rendered":"<p data-start=\"2057\" data-end=\"2488\"><strong data-start=\"2057\" data-end=\"2091\">El bloque autoobturante <a href=\"https:\/\/www.pronal.com\/es\/\">Pronal<\/a><\/strong> est\u00e1 dise\u00f1ado para proteger eficazmente los dep\u00f3sitos de combustible integrados en las alas o el fuselaje de las aeronaves. En caso de impacto bal\u00edstico, reacciona inmediatamente. Gracias a su <strong>tecnolog\u00eda autoobturante<\/strong>, bloquea cualquier perforaci\u00f3n causada por proyectiles de hasta <strong>7,62 mm<\/strong>. As\u00ed, <strong>evita la fuga de combustible<\/strong>, limitando los <strong>riesgos de incendio<\/strong>, <strong>explosi\u00f3n o p\u00e9rdida de la aeronave.<\/strong><\/p>\n<h4 data-start=\"2490\" data-end=\"2557\"><strong data-start=\"2490\" data-end=\"2557\">Una respuesta concreta a los desaf\u00edos de la aeron\u00e1utica militar<\/strong><\/h4>\n<p data-start=\"2559\" data-end=\"2852\">En un contexto operativo, las aeronaves est\u00e1n expuestas a <strong>amenazas constantes<\/strong>. En particular, las fases de despegue, aproximaci\u00f3n o apoyo en el suelo presentan <strong>riesgos elevados<\/strong>. Por esta raz\u00f3n, el bloque autoobturante Pronal se ha desarrollado como una soluci\u00f3n de <strong>protecci\u00f3n pasiva inmediata.<\/strong><\/p>\n<p data-start=\"2854\" data-end=\"3080\">Adem\u00e1s, su <strong>ligereza<\/strong> y <strong>compacidad<\/strong> facilitan su integraci\u00f3n en zonas internas no utilizadas. Cumple con <strong>las normas militares internacionales<\/strong> y <strong>no requiere modificaciones en la estructura<\/strong> ni en el sistema de combustible original.<\/p>\n<h4 data-start=\"3082\" data-end=\"3129\"><strong data-start=\"3082\" data-end=\"3129\">Una tecnolog\u00eda eficaz y adaptada al terreno<\/strong><\/h4>\n<p data-start=\"3131\" data-end=\"3544\">Fabricado a base de <strong>Nitrilo \/ NPVC<\/strong>, el bloque autoobturante utiliza materiales polim\u00e9ricos capaces de <strong>cerrarse instant\u00e1neamente<\/strong> en caso de perforaci\u00f3n. A diferencia de otros dispositivos, el bloque autoobturante se instala sin contacto con los remaches, las nervaduras o los elementos internos del dep\u00f3sito. De esta manera, se <strong>integra perfectamente<\/strong> en las estructuras existentes, ya sea en las alas o el fuselaje.<\/p>\n<p data-start=\"3546\" data-end=\"3756\">Adem\u00e1s, su dise\u00f1o permite una <strong>instalaci\u00f3n r\u00e1pida<\/strong> y un <strong>mantenimiento simplificado<\/strong>. Al reducir los riesgos sin comprometer el rendimiento de la aeronave, constituye una <strong>opci\u00f3n estrat\u00e9gica para <a href=\"https:\/\/www.entreprises.gouv.fr\/secteurs-dactivite\/le-secteur-de-lindustrie-en-france\/les-comites-strategiques-de-filiere\/la-2\">las fuerzas a\u00e9reas.<\/a><\/strong><\/p>\n<h4 data-start=\"3758\" data-end=\"3807\"><strong data-start=\"3758\" data-end=\"3807\">Una ventaja esencial para las zonas de riesgo<\/strong><\/h4>\n<p data-start=\"3809\" data-end=\"4085\" data-is-last-node=\"\" data-is-only-node=\"\">En conclusi\u00f3n, el bloque autoobturante Pronal ofrece una seguridad reforzada, al tiempo que sigue siendo <strong>f\u00e1cil de integrar<\/strong>. Gracias a su <strong>capacidad de reacci\u00f3n,<\/strong> <strong>compatibilidad<\/strong> y <strong>fiabilidad<\/strong>, representa una soluci\u00f3n ideal para proteger las aeronaves que operan en zonas hostiles.<\/p>\n","protected":false},"excerpt":{"rendered":"<p><strong data-start=\"533\" data-end=\"567\">El bloque autoobturante Pronal<\/strong> protege eficazmente los dep\u00f3sitos de combustible de las aeronaves militares contra impactos bal\u00edsticos de hasta 7,62 mm. En caso de perforaci\u00f3n, sus materiales a base de Nitrilo\/NPVC se cierran instant\u00e1neamente para evitar cualquier fuga, incendio o explosi\u00f3n. Ligero, conforme a las normativas militares y f\u00e1cil de integrar sin modificar la estructura original, ofrece una protecci\u00f3n pasiva esencial en zonas de conflicto, especialmente durante las fases cr\u00edticas de compromiso.<\/p>\n","protected":false},"featured_media":33941,"template":"","meta":{"_acf_changed":false,"inline_featured_image":false},"product_brand":[],"product_cat":[286,610],"product_tag":[],"class_list":{"0":"post-36828","1":"product","2":"type-product","3":"status-publish","4":"has-post-thumbnail","6":"product_cat-obturadores-inflables","7":"product_cat-obturador-de-aviacion-es","9":"first","10":"instock","11":"shipping-taxable","12":"product-type-simple"},"acf":[],"yoast_head":"<!-- This site is optimized with the Yoast SEO plugin v25.8 - https:\/\/yoast.com\/wordpress\/plugins\/seo\/ -->\n<title>Bloque autoobturante - Protecci\u00f3n bal\u00edstica para dep\u00f3sitos de aeronaves<\/title>\n<meta name=\"description\" content=\"Asegure sus dep\u00f3sitos de combustible en un entorno hostil con el bloque autoobturante. Dise\u00f1ado para taponar instant\u00e1neamente cualquier perforaci\u00f3n de hasta 7,62 mm.\" \/>\n<meta name=\"robots\" content=\"index, follow, max-snippet:-1, max-image-preview:large, max-video-preview:-1\" \/>\n<link rel=\"canonical\" href=\"https:\/\/www.pronal.com\/es\/produit\/obturadores-inflables\/bloc-auto-obturant\/\" \/>\n<meta property=\"og:locale\" content=\"es_ES\" \/>\n<meta property=\"og:type\" content=\"article\" \/>\n<meta property=\"og:title\" content=\"Bloque autoobturante - Protecci\u00f3n bal\u00edstica para dep\u00f3sitos de aeronaves\" \/>\n<meta property=\"og:description\" content=\"Asegure sus dep\u00f3sitos de combustible en un entorno hostil con el bloque autoobturante. Dise\u00f1ado para taponar instant\u00e1neamente cualquier perforaci\u00f3n de hasta 7,62 mm.\" \/>\n<meta property=\"og:url\" content=\"https:\/\/www.pronal.com\/es\/produit\/obturadores-inflables\/bloc-auto-obturant\/\" \/>\n<meta property=\"og:site_name\" content=\"Pronal - Conception et fabrication de structure flexible\" \/>\n<meta property=\"article:modified_time\" content=\"2026-04-02T12:46:01+00:00\" \/>\n<meta property=\"og:image\" content=\"https:\/\/www.pronal.com\/wp-content\/uploads\/2025\/05\/self-sealing-block.png\" \/>\n\t<meta property=\"og:image:width\" content=\"1024\" \/>\n\t<meta property=\"og:image:height\" content=\"1024\" \/>\n\t<meta property=\"og:image:type\" content=\"image\/png\" \/>\n<meta name=\"twitter:card\" content=\"summary_large_image\" \/>\n<meta name=\"twitter:label1\" content=\"Tiempo de lectura\" \/>\n\t<meta name=\"twitter:data1\" content=\"2 minutos\" \/>\n<script type=\"application\/ld+json\" class=\"yoast-schema-graph\">{\"@context\":\"https:\/\/schema.org\",\"@graph\":[{\"@type\":\"WebPage\",\"@id\":\"https:\/\/www.pronal.com\/es\/produit\/obturadores-inflables\/bloc-auto-obturant\/\",\"url\":\"https:\/\/www.pronal.com\/es\/produit\/obturadores-inflables\/bloc-auto-obturant\/\",\"name\":\"Bloque autoobturante - Protecci\u00f3n bal\u00edstica para dep\u00f3sitos de aeronaves\",\"isPartOf\":{\"@id\":\"https:\/\/www.pronal.com\/es\/#website\"},\"primaryImageOfPage\":{\"@id\":\"https:\/\/www.pronal.com\/es\/produit\/obturadores-inflables\/bloc-auto-obturant\/#primaryimage\"},\"image\":{\"@id\":\"https:\/\/www.pronal.com\/es\/produit\/obturadores-inflables\/bloc-auto-obturant\/#primaryimage\"},\"thumbnailUrl\":\"https:\/\/www.pronal.com\/wp-content\/uploads\/2025\/05\/self-sealing-block.png\",\"datePublished\":\"2025-06-11T14:24:25+00:00\",\"dateModified\":\"2026-04-02T12:46:01+00:00\",\"description\":\"Asegure sus dep\u00f3sitos de combustible en un entorno hostil con el bloque autoobturante. Dise\u00f1ado para taponar instant\u00e1neamente cualquier perforaci\u00f3n de hasta 7,62 mm.\",\"breadcrumb\":{\"@id\":\"https:\/\/www.pronal.com\/es\/produit\/obturadores-inflables\/bloc-auto-obturant\/#breadcrumb\"},\"inLanguage\":\"es\",\"potentialAction\":[{\"@type\":\"ReadAction\",\"target\":[\"https:\/\/www.pronal.com\/es\/produit\/obturadores-inflables\/bloc-auto-obturant\/\"]}]},{\"@type\":\"ImageObject\",\"inLanguage\":\"es\",\"@id\":\"https:\/\/www.pronal.com\/es\/produit\/obturadores-inflables\/bloc-auto-obturant\/#primaryimage\",\"url\":\"https:\/\/www.pronal.com\/wp-content\/uploads\/2025\/05\/self-sealing-block.png\",\"contentUrl\":\"https:\/\/www.pronal.com\/wp-content\/uploads\/2025\/05\/self-sealing-block.png\",\"width\":1024,\"height\":1024,\"caption\":\"bloc auto obturant\"},{\"@type\":\"BreadcrumbList\",\"@id\":\"https:\/\/www.pronal.com\/es\/produit\/obturadores-inflables\/bloc-auto-obturant\/#breadcrumb\",\"itemListElement\":[{\"@type\":\"ListItem\",\"position\":1,\"name\":\"Cat\u00e1logo de productos\",\"item\":\"https:\/\/www.pronal.com\/es\/catalogo-de-productos\/\"},{\"@type\":\"ListItem\",\"position\":2,\"name\":\"Bloque autoobturante\"}]},{\"@type\":\"WebSite\",\"@id\":\"https:\/\/www.pronal.com\/es\/#website\",\"url\":\"https:\/\/www.pronal.com\/es\/\",\"name\":\"Pronal - Conception et fabrication de structure flexible\",\"description\":\"Pronal - Conception et fabrication de structure flexible\",\"publisher\":{\"@id\":\"https:\/\/www.pronal.com\/es\/#organization\"},\"potentialAction\":[{\"@type\":\"SearchAction\",\"target\":{\"@type\":\"EntryPoint\",\"urlTemplate\":\"https:\/\/www.pronal.com\/es\/?s={search_term_string}\"},\"query-input\":{\"@type\":\"PropertyValueSpecification\",\"valueRequired\":true,\"valueName\":\"search_term_string\"}}],\"inLanguage\":\"es\"},{\"@type\":\"Organization\",\"@id\":\"https:\/\/www.pronal.com\/es\/#organization\",\"name\":\"Pronal\",\"url\":\"https:\/\/www.pronal.com\/es\/\",\"logo\":{\"@type\":\"ImageObject\",\"inLanguage\":\"es\",\"@id\":\"https:\/\/www.pronal.com\/es\/#\/schema\/logo\/image\/\",\"url\":\"https:\/\/www.pronal.com\/wp-content\/uploads\/2019\/06\/logo-pronal.png\",\"contentUrl\":\"https:\/\/www.pronal.com\/wp-content\/uploads\/2019\/06\/logo-pronal.png\",\"width\":504,\"height\":80,\"caption\":\"Pronal\"},\"image\":{\"@id\":\"https:\/\/www.pronal.com\/es\/#\/schema\/logo\/image\/\"}}]}<\/script>\n<!-- \/ Yoast SEO plugin. -->","yoast_head_json":{"title":"Bloque autoobturante - Protecci\u00f3n bal\u00edstica para dep\u00f3sitos de aeronaves","description":"Asegure sus dep\u00f3sitos de combustible en un entorno hostil con el bloque autoobturante. Dise\u00f1ado para taponar instant\u00e1neamente cualquier perforaci\u00f3n de hasta 7,62 mm.","robots":{"index":"index","follow":"follow","max-snippet":"max-snippet:-1","max-image-preview":"max-image-preview:large","max-video-preview":"max-video-preview:-1"},"canonical":"https:\/\/www.pronal.com\/es\/produit\/obturadores-inflables\/bloc-auto-obturant\/","og_locale":"es_ES","og_type":"article","og_title":"Bloque autoobturante - Protecci\u00f3n bal\u00edstica para dep\u00f3sitos de aeronaves","og_description":"Asegure sus dep\u00f3sitos de combustible en un entorno hostil con el bloque autoobturante. Dise\u00f1ado para taponar instant\u00e1neamente cualquier perforaci\u00f3n de hasta 7,62 mm.","og_url":"https:\/\/www.pronal.com\/es\/produit\/obturadores-inflables\/bloc-auto-obturant\/","og_site_name":"Pronal - Conception et fabrication de structure flexible","article_modified_time":"2026-04-02T12:46:01+00:00","og_image":[{"width":1024,"height":1024,"url":"https:\/\/www.pronal.com\/wp-content\/uploads\/2025\/05\/self-sealing-block.png","type":"image\/png"}],"twitter_card":"summary_large_image","twitter_misc":{"Tiempo de lectura":"2 minutos"},"schema":{"@context":"https:\/\/schema.org","@graph":[{"@type":"WebPage","@id":"https:\/\/www.pronal.com\/es\/produit\/obturadores-inflables\/bloc-auto-obturant\/","url":"https:\/\/www.pronal.com\/es\/produit\/obturadores-inflables\/bloc-auto-obturant\/","name":"Bloque autoobturante - Protecci\u00f3n bal\u00edstica para dep\u00f3sitos de aeronaves","isPartOf":{"@id":"https:\/\/www.pronal.com\/es\/#website"},"primaryImageOfPage":{"@id":"https:\/\/www.pronal.com\/es\/produit\/obturadores-inflables\/bloc-auto-obturant\/#primaryimage"},"image":{"@id":"https:\/\/www.pronal.com\/es\/produit\/obturadores-inflables\/bloc-auto-obturant\/#primaryimage"},"thumbnailUrl":"https:\/\/www.pronal.com\/wp-content\/uploads\/2025\/05\/self-sealing-block.png","datePublished":"2025-06-11T14:24:25+00:00","dateModified":"2026-04-02T12:46:01+00:00","description":"Asegure sus dep\u00f3sitos de combustible en un entorno hostil con el bloque autoobturante. Dise\u00f1ado para taponar instant\u00e1neamente cualquier perforaci\u00f3n de hasta 7,62 mm.","breadcrumb":{"@id":"https:\/\/www.pronal.com\/es\/produit\/obturadores-inflables\/bloc-auto-obturant\/#breadcrumb"},"inLanguage":"es","potentialAction":[{"@type":"ReadAction","target":["https:\/\/www.pronal.com\/es\/produit\/obturadores-inflables\/bloc-auto-obturant\/"]}]},{"@type":"ImageObject","inLanguage":"es","@id":"https:\/\/www.pronal.com\/es\/produit\/obturadores-inflables\/bloc-auto-obturant\/#primaryimage","url":"https:\/\/www.pronal.com\/wp-content\/uploads\/2025\/05\/self-sealing-block.png","contentUrl":"https:\/\/www.pronal.com\/wp-content\/uploads\/2025\/05\/self-sealing-block.png","width":1024,"height":1024,"caption":"bloc auto obturant"},{"@type":"BreadcrumbList","@id":"https:\/\/www.pronal.com\/es\/produit\/obturadores-inflables\/bloc-auto-obturant\/#breadcrumb","itemListElement":[{"@type":"ListItem","position":1,"name":"Cat\u00e1logo de productos","item":"https:\/\/www.pronal.com\/es\/catalogo-de-productos\/"},{"@type":"ListItem","position":2,"name":"Bloque autoobturante"}]},{"@type":"WebSite","@id":"https:\/\/www.pronal.com\/es\/#website","url":"https:\/\/www.pronal.com\/es\/","name":"Pronal - Conception et fabrication de structure flexible","description":"Pronal - Conception et fabrication de structure flexible","publisher":{"@id":"https:\/\/www.pronal.com\/es\/#organization"},"potentialAction":[{"@type":"SearchAction","target":{"@type":"EntryPoint","urlTemplate":"https:\/\/www.pronal.com\/es\/?s={search_term_string}"},"query-input":{"@type":"PropertyValueSpecification","valueRequired":true,"valueName":"search_term_string"}}],"inLanguage":"es"},{"@type":"Organization","@id":"https:\/\/www.pronal.com\/es\/#organization","name":"Pronal","url":"https:\/\/www.pronal.com\/es\/","logo":{"@type":"ImageObject","inLanguage":"es","@id":"https:\/\/www.pronal.com\/es\/#\/schema\/logo\/image\/","url":"https:\/\/www.pronal.com\/wp-content\/uploads\/2019\/06\/logo-pronal.png","contentUrl":"https:\/\/www.pronal.com\/wp-content\/uploads\/2019\/06\/logo-pronal.png","width":504,"height":80,"caption":"Pronal"},"image":{"@id":"https:\/\/www.pronal.com\/es\/#\/schema\/logo\/image\/"}}]}},"_links":{"self":[{"href":"https:\/\/www.pronal.com\/es\/wp-json\/wp\/v2\/product\/36828","targetHints":{"allow":["GET"]}}],"collection":[{"href":"https:\/\/www.pronal.com\/es\/wp-json\/wp\/v2\/product"}],"about":[{"href":"https:\/\/www.pronal.com\/es\/wp-json\/wp\/v2\/types\/product"}],"wp:featuredmedia":[{"embeddable":true,"href":"https:\/\/www.pronal.com\/es\/wp-json\/wp\/v2\/media\/33941"}],"wp:attachment":[{"href":"https:\/\/www.pronal.com\/es\/wp-json\/wp\/v2\/media?parent=36828"}],"wp:term":[{"taxonomy":"product_brand","embeddable":true,"href":"https:\/\/www.pronal.com\/es\/wp-json\/wp\/v2\/product_brand?post=36828"},{"taxonomy":"product_cat","embeddable":true,"href":"https:\/\/www.pronal.com\/es\/wp-json\/wp\/v2\/product_cat?post=36828"},{"taxonomy":"product_tag","embeddable":true,"href":"https:\/\/www.pronal.com\/es\/wp-json\/wp\/v2\/product_tag?post=36828"}],"curies":[{"name":"wp","href":"https:\/\/api.w.org\/{rel}","templated":true}]}}