{"id":36830,"date":"2025-06-11T16:31:40","date_gmt":"2025-06-11T14:31:40","guid":{"rendered":"https:\/\/www.pronal.com\/produit\/sin%20categor\u00eda\/reservoir-souple-embarque-flexibilite-et-autonomie-pour-vos-aeronefs\/"},"modified":"2026-04-02T16:39:49","modified_gmt":"2026-04-02T14:39:49","slug":"deposito-flexible-embarcado","status":"publish","type":"product","link":"https:\/\/www.pronal.com\/es\/produit\/cisternas-flexibles-de-almacenamiento\/reservoir-souple-embarque-flexibilite-et-autonomie-pour-vos-aeronefs\/","title":{"rendered":"Dep\u00f3sito flexible embarcado"},"content":{"rendered":"<p data-start=\"0\" data-end=\"410\">En <a href=\"https:\/\/www.pronal.com\/es\/sectores-de-actividad-pronal\/aeronautica-civil-y-militar\/\"><strong>aeron\u00e1utica<\/strong><\/a>, cada kilogramo ahorrado y cada cent\u00edmetro ganado <strong>pueden marcar la diferencia<\/strong>. De hecho, ya sea para <strong>mejorar la autonom\u00eda<\/strong>, <strong>optimizar el espacio<\/strong> o <strong>reducir el peso<\/strong>, cada detalle cuenta. Por eso, <a href=\"https:\/\/www.pronal.com\/es\/\"><strong>Pronal<\/strong><\/a> ha desarrollado un <strong data-start=\"234\" data-end=\"265\">dep\u00f3sito flexible embarcado<\/strong>. Este sistema flexible se integra directamente en aeronaves civiles o militares y reemplaza de manera ventajosa las soluciones r\u00edgidas cl\u00e1sicas.<\/p>\n<p data-start=\"412\" data-end=\"765\">Concretamente, este dep\u00f3sito est\u00e1 dise\u00f1ado para <strong>satisfacer las expectativas de los fabricantes, integradores o talleres de mantenimiento<\/strong>. Se adapta a cada aeronave <strong>respetando las normas<\/strong> m\u00e1s estrictas en cuanto a seguridad y rendimiento. Gracias a su <strong>estructura flexible y resistente<\/strong>, ofrece una soluci\u00f3n fiable y a medida, incluso en espacios complejos.<\/p>\n<h4 data-section-id=\"9e0p1a\" data-start=\"767\" data-end=\"822\">Una respuesta concreta a una necesidad de autonom\u00eda<\/h4>\n<p data-start=\"824\" data-end=\"1143\">Tomemos como ejemplo un caso de uso que ilustra perfectamente el inter\u00e9s de esta soluci\u00f3n. Un fabricante de aviones ligeros quer\u00eda aumentar el tiempo de vuelo de uno de sus modelos sin modificar la estructura del aparato. El objetivo era utilizar un volumen vac\u00edo en el fuselaje para colocar una reserva de combustible.<\/p>\n<p data-start=\"1145\" data-end=\"1479\">Con este fin, Pronal dise\u00f1\u00f3 un<a href=\"https:\/\/www.pronal.com\/es\/bureau-etudes-ingenierie-sur-mesure-pronal\/\"><strong> dep\u00f3sito a medida<\/strong><\/a>. Este se <strong>ajusta exactamente<\/strong> a la forma disponible, lo que permite no alterar el equilibrio del avi\u00f3n. Al final, el resultado es claro : <strong>m\u00e1s autonom\u00eda, sin modificaciones estructurales, y una integraci\u00f3n discreta<\/strong>. Adem\u00e1s, el sistema sigue cumpliendo con las normas aeron\u00e1uticas vigentes.<\/p>\n<p data-start=\"1481\" data-end=\"1687\">Esta soluci\u00f3n se present\u00f3 durante el <a href=\"https:\/\/www.museeairespace.fr\/en\"><strong data-start=\"1518\" data-end=\"1541\">Sal\u00f3n de Le Bourget<\/strong><\/a>, uno de los grandes eventos del sector. Confirma el creciente inter\u00e9s por las <a href=\"https:\/\/www.pronal.com\/es\/catalogo-de-productos\/\"><strong>soluciones de almacenamiento flexibles<\/strong> <\/a>y embarcadas en la aviaci\u00f3n.<\/p>\n<h3 data-section-id=\"yglutt\" data-start=\"1689\" data-end=\"1724\">Una soluci\u00f3n con gran potencial<\/h3>\n<p data-start=\"1726\" data-end=\"1993\" data-is-last-node=\"\" data-is-only-node=\"\">A largo plazo, este tipo de dep\u00f3sito abre la puerta a muchas aplicaciones. Puede<strong> adaptarse<\/strong> <strong>a otras aeronaves<\/strong>, <strong>tanto civiles como <a href=\"https:\/\/www.pronal.com\/es\/sectores-de-actividad-pronal\/defensa\/\">militares<\/a><\/strong><a href=\"https:\/\/www.pronal.com\/es\/sectores-de-actividad-pronal\/defensa\/\">,<\/a> para misiones largas o espec\u00edficas. As\u00ed, la ligereza, flexibilidad y seguridad hacen de este producto una <strong>verdadera innovaci\u00f3n.<\/strong><\/p>\n","protected":false},"excerpt":{"rendered":"<p>Ligero, flexible y a medida, el dep\u00f3sito flexible embarcado de Pronal permite aumentar la autonom\u00eda de las aeronaves sin modificar su estructura.<\/p>\n","protected":false},"featured_media":33791,"template":"","meta":{"_acf_changed":false,"inline_featured_image":false},"product_brand":[],"product_cat":[222,611],"product_tag":[],"class_list":{"0":"post-36830","1":"product","2":"type-product","3":"status-publish","4":"has-post-thumbnail","6":"product_cat-cisternas-flexibles-de-almacenamiento","7":"product_cat-cisterna-de-transporte","9":"first","10":"instock","11":"shipping-taxable","12":"product-type-simple"},"acf":[],"yoast_head":"<!-- This site is optimized with the Yoast SEO plugin v25.8 - https:\/\/yoast.com\/wordpress\/plugins\/seo\/ -->\n<title>Dep\u00f3sito flexible embarcado : Soluci\u00f3n a medida para la aeron\u00e1utica<\/title>\n<meta name=\"description\" content=\"Descubra el dep\u00f3sito flexible embarcado de Pronal: una alternativa innovadora, ligera y conforme a las normativas, para optimizar la autonom\u00eda de las aeronaves.\" \/>\n<meta name=\"robots\" content=\"index, follow, max-snippet:-1, max-image-preview:large, max-video-preview:-1\" \/>\n<link rel=\"canonical\" href=\"https:\/\/www.pronal.com\/es\/produit\/cisternas-flexibles-de-almacenamiento\/reservoir-souple-embarque-flexibilite-et-autonomie-pour-vos-aeronefs\/\" \/>\n<meta property=\"og:locale\" content=\"es_ES\" \/>\n<meta property=\"og:type\" content=\"article\" \/>\n<meta property=\"og:title\" content=\"Dep\u00f3sito flexible embarcado : Soluci\u00f3n a medida para la aeron\u00e1utica\" \/>\n<meta property=\"og:description\" content=\"Descubra el dep\u00f3sito flexible embarcado de Pronal: una alternativa innovadora, ligera y conforme a las normativas, para optimizar la autonom\u00eda de las aeronaves.\" \/>\n<meta property=\"og:url\" content=\"https:\/\/www.pronal.com\/es\/produit\/cisternas-flexibles-de-almacenamiento\/reservoir-souple-embarque-flexibilite-et-autonomie-pour-vos-aeronefs\/\" \/>\n<meta property=\"og:site_name\" content=\"Pronal - Conception et fabrication de structure flexible\" \/>\n<meta property=\"article:modified_time\" content=\"2026-04-02T14:39:49+00:00\" \/>\n<meta property=\"og:image\" content=\"https:\/\/www.pronal.com\/wp-content\/uploads\/2025\/05\/LEGACY.jpg\" \/>\n\t<meta property=\"og:image:width\" content=\"1920\" \/>\n\t<meta property=\"og:image:height\" content=\"2560\" \/>\n\t<meta property=\"og:image:type\" content=\"image\/jpeg\" \/>\n<meta name=\"twitter:card\" content=\"summary_large_image\" \/>\n<meta name=\"twitter:label1\" content=\"Tiempo de lectura\" \/>\n\t<meta name=\"twitter:data1\" content=\"2 minutos\" \/>\n<script type=\"application\/ld+json\" class=\"yoast-schema-graph\">{\"@context\":\"https:\/\/schema.org\",\"@graph\":[{\"@type\":\"WebPage\",\"@id\":\"https:\/\/www.pronal.com\/es\/produit\/cisternas-flexibles-de-almacenamiento\/reservoir-souple-embarque-flexibilite-et-autonomie-pour-vos-aeronefs\/\",\"url\":\"https:\/\/www.pronal.com\/es\/produit\/cisternas-flexibles-de-almacenamiento\/reservoir-souple-embarque-flexibilite-et-autonomie-pour-vos-aeronefs\/\",\"name\":\"Dep\u00f3sito flexible embarcado : Soluci\u00f3n a medida para la aeron\u00e1utica\",\"isPartOf\":{\"@id\":\"https:\/\/www.pronal.com\/es\/#website\"},\"primaryImageOfPage\":{\"@id\":\"https:\/\/www.pronal.com\/es\/produit\/cisternas-flexibles-de-almacenamiento\/reservoir-souple-embarque-flexibilite-et-autonomie-pour-vos-aeronefs\/#primaryimage\"},\"image\":{\"@id\":\"https:\/\/www.pronal.com\/es\/produit\/cisternas-flexibles-de-almacenamiento\/reservoir-souple-embarque-flexibilite-et-autonomie-pour-vos-aeronefs\/#primaryimage\"},\"thumbnailUrl\":\"https:\/\/www.pronal.com\/wp-content\/uploads\/2025\/05\/LEGACY.jpg\",\"datePublished\":\"2025-06-11T14:31:40+00:00\",\"dateModified\":\"2026-04-02T14:39:49+00:00\",\"description\":\"Descubra el dep\u00f3sito flexible embarcado de Pronal: una alternativa innovadora, ligera y conforme a las normativas, para optimizar la autonom\u00eda de las aeronaves.\",\"breadcrumb\":{\"@id\":\"https:\/\/www.pronal.com\/es\/produit\/cisternas-flexibles-de-almacenamiento\/reservoir-souple-embarque-flexibilite-et-autonomie-pour-vos-aeronefs\/#breadcrumb\"},\"inLanguage\":\"es\",\"potentialAction\":[{\"@type\":\"ReadAction\",\"target\":[\"https:\/\/www.pronal.com\/es\/produit\/cisternas-flexibles-de-almacenamiento\/reservoir-souple-embarque-flexibilite-et-autonomie-pour-vos-aeronefs\/\"]}]},{\"@type\":\"ImageObject\",\"inLanguage\":\"es\",\"@id\":\"https:\/\/www.pronal.com\/es\/produit\/cisternas-flexibles-de-almacenamiento\/reservoir-souple-embarque-flexibilite-et-autonomie-pour-vos-aeronefs\/#primaryimage\",\"url\":\"https:\/\/www.pronal.com\/wp-content\/uploads\/2025\/05\/LEGACY.jpg\",\"contentUrl\":\"https:\/\/www.pronal.com\/wp-content\/uploads\/2025\/05\/LEGACY.jpg\",\"width\":1920,\"height\":2560},{\"@type\":\"BreadcrumbList\",\"@id\":\"https:\/\/www.pronal.com\/es\/produit\/cisternas-flexibles-de-almacenamiento\/reservoir-souple-embarque-flexibilite-et-autonomie-pour-vos-aeronefs\/#breadcrumb\",\"itemListElement\":[{\"@type\":\"ListItem\",\"position\":1,\"name\":\"Cat\u00e1logo de productos\",\"item\":\"https:\/\/www.pronal.com\/es\/catalogo-de-productos\/\"},{\"@type\":\"ListItem\",\"position\":2,\"name\":\"Dep\u00f3sito flexible embarcado\"}]},{\"@type\":\"WebSite\",\"@id\":\"https:\/\/www.pronal.com\/es\/#website\",\"url\":\"https:\/\/www.pronal.com\/es\/\",\"name\":\"Pronal - Conception et fabrication de structure flexible\",\"description\":\"Pronal - Conception et fabrication de structure flexible\",\"publisher\":{\"@id\":\"https:\/\/www.pronal.com\/es\/#organization\"},\"potentialAction\":[{\"@type\":\"SearchAction\",\"target\":{\"@type\":\"EntryPoint\",\"urlTemplate\":\"https:\/\/www.pronal.com\/es\/?s={search_term_string}\"},\"query-input\":{\"@type\":\"PropertyValueSpecification\",\"valueRequired\":true,\"valueName\":\"search_term_string\"}}],\"inLanguage\":\"es\"},{\"@type\":\"Organization\",\"@id\":\"https:\/\/www.pronal.com\/es\/#organization\",\"name\":\"Pronal\",\"url\":\"https:\/\/www.pronal.com\/es\/\",\"logo\":{\"@type\":\"ImageObject\",\"inLanguage\":\"es\",\"@id\":\"https:\/\/www.pronal.com\/es\/#\/schema\/logo\/image\/\",\"url\":\"https:\/\/www.pronal.com\/wp-content\/uploads\/2019\/06\/logo-pronal.png\",\"contentUrl\":\"https:\/\/www.pronal.com\/wp-content\/uploads\/2019\/06\/logo-pronal.png\",\"width\":504,\"height\":80,\"caption\":\"Pronal\"},\"image\":{\"@id\":\"https:\/\/www.pronal.com\/es\/#\/schema\/logo\/image\/\"}}]}<\/script>\n<!-- \/ Yoast SEO plugin. -->","yoast_head_json":{"title":"Dep\u00f3sito flexible embarcado : Soluci\u00f3n a medida para la aeron\u00e1utica","description":"Descubra el dep\u00f3sito flexible embarcado de Pronal: una alternativa innovadora, ligera y conforme a las normativas, para optimizar la autonom\u00eda de las aeronaves.","robots":{"index":"index","follow":"follow","max-snippet":"max-snippet:-1","max-image-preview":"max-image-preview:large","max-video-preview":"max-video-preview:-1"},"canonical":"https:\/\/www.pronal.com\/es\/produit\/cisternas-flexibles-de-almacenamiento\/reservoir-souple-embarque-flexibilite-et-autonomie-pour-vos-aeronefs\/","og_locale":"es_ES","og_type":"article","og_title":"Dep\u00f3sito flexible embarcado : Soluci\u00f3n a medida para la aeron\u00e1utica","og_description":"Descubra el dep\u00f3sito flexible embarcado de Pronal: una alternativa innovadora, ligera y conforme a las normativas, para optimizar la autonom\u00eda de las aeronaves.","og_url":"https:\/\/www.pronal.com\/es\/produit\/cisternas-flexibles-de-almacenamiento\/reservoir-souple-embarque-flexibilite-et-autonomie-pour-vos-aeronefs\/","og_site_name":"Pronal - Conception et fabrication de structure flexible","article_modified_time":"2026-04-02T14:39:49+00:00","og_image":[{"width":1920,"height":2560,"url":"https:\/\/www.pronal.com\/wp-content\/uploads\/2025\/05\/LEGACY.jpg","type":"image\/jpeg"}],"twitter_card":"summary_large_image","twitter_misc":{"Tiempo de lectura":"2 minutos"},"schema":{"@context":"https:\/\/schema.org","@graph":[{"@type":"WebPage","@id":"https:\/\/www.pronal.com\/es\/produit\/cisternas-flexibles-de-almacenamiento\/reservoir-souple-embarque-flexibilite-et-autonomie-pour-vos-aeronefs\/","url":"https:\/\/www.pronal.com\/es\/produit\/cisternas-flexibles-de-almacenamiento\/reservoir-souple-embarque-flexibilite-et-autonomie-pour-vos-aeronefs\/","name":"Dep\u00f3sito flexible embarcado : Soluci\u00f3n a medida para la aeron\u00e1utica","isPartOf":{"@id":"https:\/\/www.pronal.com\/es\/#website"},"primaryImageOfPage":{"@id":"https:\/\/www.pronal.com\/es\/produit\/cisternas-flexibles-de-almacenamiento\/reservoir-souple-embarque-flexibilite-et-autonomie-pour-vos-aeronefs\/#primaryimage"},"image":{"@id":"https:\/\/www.pronal.com\/es\/produit\/cisternas-flexibles-de-almacenamiento\/reservoir-souple-embarque-flexibilite-et-autonomie-pour-vos-aeronefs\/#primaryimage"},"thumbnailUrl":"https:\/\/www.pronal.com\/wp-content\/uploads\/2025\/05\/LEGACY.jpg","datePublished":"2025-06-11T14:31:40+00:00","dateModified":"2026-04-02T14:39:49+00:00","description":"Descubra el dep\u00f3sito flexible embarcado de Pronal: una alternativa innovadora, ligera y conforme a las normativas, para optimizar la autonom\u00eda de las aeronaves.","breadcrumb":{"@id":"https:\/\/www.pronal.com\/es\/produit\/cisternas-flexibles-de-almacenamiento\/reservoir-souple-embarque-flexibilite-et-autonomie-pour-vos-aeronefs\/#breadcrumb"},"inLanguage":"es","potentialAction":[{"@type":"ReadAction","target":["https:\/\/www.pronal.com\/es\/produit\/cisternas-flexibles-de-almacenamiento\/reservoir-souple-embarque-flexibilite-et-autonomie-pour-vos-aeronefs\/"]}]},{"@type":"ImageObject","inLanguage":"es","@id":"https:\/\/www.pronal.com\/es\/produit\/cisternas-flexibles-de-almacenamiento\/reservoir-souple-embarque-flexibilite-et-autonomie-pour-vos-aeronefs\/#primaryimage","url":"https:\/\/www.pronal.com\/wp-content\/uploads\/2025\/05\/LEGACY.jpg","contentUrl":"https:\/\/www.pronal.com\/wp-content\/uploads\/2025\/05\/LEGACY.jpg","width":1920,"height":2560},{"@type":"BreadcrumbList","@id":"https:\/\/www.pronal.com\/es\/produit\/cisternas-flexibles-de-almacenamiento\/reservoir-souple-embarque-flexibilite-et-autonomie-pour-vos-aeronefs\/#breadcrumb","itemListElement":[{"@type":"ListItem","position":1,"name":"Cat\u00e1logo de productos","item":"https:\/\/www.pronal.com\/es\/catalogo-de-productos\/"},{"@type":"ListItem","position":2,"name":"Dep\u00f3sito flexible embarcado"}]},{"@type":"WebSite","@id":"https:\/\/www.pronal.com\/es\/#website","url":"https:\/\/www.pronal.com\/es\/","name":"Pronal - Conception et fabrication de structure flexible","description":"Pronal - Conception et fabrication de structure flexible","publisher":{"@id":"https:\/\/www.pronal.com\/es\/#organization"},"potentialAction":[{"@type":"SearchAction","target":{"@type":"EntryPoint","urlTemplate":"https:\/\/www.pronal.com\/es\/?s={search_term_string}"},"query-input":{"@type":"PropertyValueSpecification","valueRequired":true,"valueName":"search_term_string"}}],"inLanguage":"es"},{"@type":"Organization","@id":"https:\/\/www.pronal.com\/es\/#organization","name":"Pronal","url":"https:\/\/www.pronal.com\/es\/","logo":{"@type":"ImageObject","inLanguage":"es","@id":"https:\/\/www.pronal.com\/es\/#\/schema\/logo\/image\/","url":"https:\/\/www.pronal.com\/wp-content\/uploads\/2019\/06\/logo-pronal.png","contentUrl":"https:\/\/www.pronal.com\/wp-content\/uploads\/2019\/06\/logo-pronal.png","width":504,"height":80,"caption":"Pronal"},"image":{"@id":"https:\/\/www.pronal.com\/es\/#\/schema\/logo\/image\/"}}]}},"_links":{"self":[{"href":"https:\/\/www.pronal.com\/es\/wp-json\/wp\/v2\/product\/36830","targetHints":{"allow":["GET"]}}],"collection":[{"href":"https:\/\/www.pronal.com\/es\/wp-json\/wp\/v2\/product"}],"about":[{"href":"https:\/\/www.pronal.com\/es\/wp-json\/wp\/v2\/types\/product"}],"wp:featuredmedia":[{"embeddable":true,"href":"https:\/\/www.pronal.com\/es\/wp-json\/wp\/v2\/media\/33791"}],"wp:attachment":[{"href":"https:\/\/www.pronal.com\/es\/wp-json\/wp\/v2\/media?parent=36830"}],"wp:term":[{"taxonomy":"product_brand","embeddable":true,"href":"https:\/\/www.pronal.com\/es\/wp-json\/wp\/v2\/product_brand?post=36830"},{"taxonomy":"product_cat","embeddable":true,"href":"https:\/\/www.pronal.com\/es\/wp-json\/wp\/v2\/product_cat?post=36830"},{"taxonomy":"product_tag","embeddable":true,"href":"https:\/\/www.pronal.com\/es\/wp-json\/wp\/v2\/product_tag?post=36830"}],"curies":[{"name":"wp","href":"https:\/\/api.w.org\/{rel}","templated":true}]}}