{"id":36834,"date":"2024-07-11T12:49:02","date_gmt":"2024-07-11T10:49:02","guid":{"rendered":"https:\/\/www.pronal.com\/produit\/sin%20categor\u00eda\/capteur-de-niveau\/"},"modified":"2026-04-03T15:23:28","modified_gmt":"2026-04-03T13:23:28","slug":"sensor-de-nivel","status":"publish","type":"product","link":"https:\/\/www.pronal.com\/es\/produit\/cisternas-flexibles-de-almacenamiento\/capteur-de-niveau\/","title":{"rendered":"Sensor de nivel"},"content":{"rendered":"<p><strong>El<\/strong> <a href=\"https:\/\/www.youtube.com\/watch?v=7l7KdE2STM0\"><strong>sensor de nivel Pronal<\/strong><\/a> es una soluci\u00f3n avanzada dise\u00f1ada para <strong>la monitorizaci\u00f3n precisa<\/strong> y <strong>en tiempo real de los niveles de l\u00edquido y de los vol\u00famenes<\/strong> correspondientes en <a href=\"https:\/\/www.pronal.com\/es\/categorias-de-productos\/cisternas-flexibles-de-almacenamiento\/\"><strong>los cisternas flexibles de almacenamiento<\/strong><\/a>. Gracias a su tecnolog\u00eda, el sensor garantiza <strong>una gesti\u00f3n \u00f3ptima de los recursos disponibles<\/strong>, ya sea <strong>agua, combustible, aceite o cualquier otro fluido industrial.<\/strong><\/p>\n<section class=\"text-token-text-primary w-full focus:outline-none [--shadow-height:45px] has-data-writing-block:pointer-events-none has-data-writing-block:-mt-(--shadow-height) has-data-writing-block:pt-(--shadow-height) [&amp;:has([data-writing-block])&gt;*]:pointer-events-auto scroll-mt-[calc(var(--header-height)+min(200px,max(70px,20svh)))]\" dir=\"auto\" data-turn-id=\"request-WEB:2005c356-5b08-4e71-8e5c-a8130776bbfc-1\" data-testid=\"conversation-turn-4\" data-scroll-anchor=\"true\" data-turn=\"assistant\">\n<div class=\"text-base my-auto mx-auto pb-10 [--thread-content-margin:var(--thread-content-margin-xs,calc(var(--spacing)*4))] @w-sm\/main:[--thread-content-margin:var(--thread-content-margin-sm,calc(var(--spacing)*6))] @w-lg\/main:[--thread-content-margin:var(--thread-content-margin-lg,calc(var(--spacing)*16))] px-(--thread-content-margin)\">\n<div class=\"[--thread-content-max-width:40rem] @w-lg\/main:[--thread-content-max-width:48rem] mx-auto max-w-(--thread-content-max-width) flex-1 group\/turn-messages focus-visible:outline-hidden relative flex w-full min-w-0 flex-col agent-turn\">\n<div class=\"flex max-w-full flex-col gap-4 grow\">\n<div class=\"min-h-8 text-message relative flex w-full flex-col items-end gap-2 text-start break-words whitespace-normal outline-none keyboard-focused:focus-ring [.text-message+&amp;]:mt-1\" dir=\"auto\" tabindex=\"0\" data-message-author-role=\"assistant\" data-message-id=\"5dd985f6-ce39-4115-a193-08b484620496\" data-message-model-slug=\"gpt-5-3\" data-turn-start-message=\"true\">\n<div class=\"flex w-full flex-col gap-1 empty:hidden\">\n<div class=\"markdown prose dark:prose-invert w-full wrap-break-word light markdown-new-styling\">\n<p data-start=\"361\" data-end=\"589\">El sensor de nivel es adaptable a todo tipo de tanques y l\u00edquidos. Esta flexibilidad lo convierte en una soluci\u00f3n ideal para diversos sectores industriales con necesidades espec\u00edficas de monitorizaci\u00f3n de vol\u00famenes de l\u00edquido.<\/p>\n<p data-start=\"591\" data-end=\"873\">Este sensor de nivel se distingue por su <strong>facilidad de instalaci\u00f3n y uso<\/strong>. No se requiere calibraci\u00f3n previa, lo que permite <strong>una puesta en marcha r\u00e1pida.<\/strong> Basta con introducir la sonda en el <a href=\"https:\/\/www.pronal.com\/es\/categorias-de-productos\/cisternas-flexibles-de-almacenamiento\/\"><strong>cisterna flexible<\/strong><\/a>, encender la unidad y leer instant\u00e1neamente los valores de altura y volumen.<\/p>\n<p data-start=\"875\" data-end=\"1185\">La gesti\u00f3n precisa de los l\u00edquidos es crucial en numerosos sectores industriales. Pronal, l\u00edder en soluciones flexibles y de almacenamiento, ofrece un sensor de nivel innovador.<br data-start=\"1052\" data-end=\"1055\" \/>El sensor de nivel representa un avance importante para las industrias que buscan optimizar la gesti\u00f3n de sus recursos l\u00edquidos.<\/p>\n<p data-start=\"1187\" data-end=\"1518\" data-is-last-node=\"\" data-is-only-node=\"\">Fabricado con <strong>materiales robustos<\/strong> como el nylon PA12, el sensor de nivel Pronal est\u00e1 dise\u00f1ado para resistir <strong>entornos exigentes<\/strong>, con un rango de funcionamiento <strong>de -20\u00b0C a 80\u00b0C<\/strong>. Adem\u00e1s, el sistema integrado es <strong>seguro y no puede ser pirateado<\/strong> a distancia, garantizando <strong>una durabilidad<\/strong> y <strong>una seguridad \u00f3ptimas<\/strong> de los datos recopilados.<\/p>\n<\/div>\n<\/div>\n<\/div>\n<\/div>\n<\/div>\n<\/div>\n<\/section>\n<p>&nbsp;<\/p>\n<p><iframe loading=\"lazy\" src=\"\/\/www.youtube.com\/embed\/7l7KdE2STM0\" width=\"560\" height=\"314\" allowfullscreen=\"allowfullscreen\"><\/iframe><\/p>\n<p>&nbsp;<\/p>\n<p>&nbsp;<\/p>\n","protected":false},"excerpt":{"rendered":"<p>El sensor de nivel Pronal es una soluci\u00f3n avanzada dise\u00f1ada para la monitorizaci\u00f3n precisa y en tiempo real de los niveles de l\u00edquido y de los vol\u00famenes correspondientes en los&#8230;<\/p>\n","protected":false},"featured_media":28103,"template":"","meta":{"_acf_changed":false,"inline_featured_image":false},"product_brand":[],"product_cat":[222],"product_tag":[],"class_list":{"0":"post-36834","1":"product","2":"type-product","3":"status-publish","4":"has-post-thumbnail","6":"product_cat-cisternas-flexibles-de-almacenamiento","8":"first","9":"instock","10":"shipping-taxable","11":"product-type-simple"},"acf":[],"yoast_head":"<!-- This site is optimized with the Yoast SEO plugin v25.8 - https:\/\/yoast.com\/wordpress\/plugins\/seo\/ -->\n<title>Sensor de nivel - Una soluci\u00f3n para el control de l\u00edquidos | Pronal<\/title>\n<meta name=\"description\" content=\"El sensor de nivel garantiza una monitorizaci\u00f3n precisa y en tiempo real del volumen de l\u00edquido en sus tanques flexibles, optimizando la gesti\u00f3n de los recursos.\" \/>\n<meta name=\"robots\" content=\"index, follow, max-snippet:-1, max-image-preview:large, max-video-preview:-1\" \/>\n<link rel=\"canonical\" href=\"https:\/\/www.pronal.com\/es\/produit\/cisternas-flexibles-de-almacenamiento\/capteur-de-niveau\/\" \/>\n<meta property=\"og:locale\" content=\"es_ES\" \/>\n<meta property=\"og:type\" content=\"article\" \/>\n<meta property=\"og:title\" content=\"Sensor de nivel - Una soluci\u00f3n para el control de l\u00edquidos | Pronal\" \/>\n<meta property=\"og:description\" content=\"El sensor de nivel garantiza una monitorizaci\u00f3n precisa y en tiempo real del volumen de l\u00edquido en sus tanques flexibles, optimizando la gesti\u00f3n de los recursos.\" \/>\n<meta property=\"og:url\" content=\"https:\/\/www.pronal.com\/es\/produit\/cisternas-flexibles-de-almacenamiento\/capteur-de-niveau\/\" \/>\n<meta property=\"og:site_name\" content=\"Pronal - Conception et fabrication de structure flexible\" \/>\n<meta property=\"article:modified_time\" content=\"2026-04-03T13:23:28+00:00\" \/>\n<meta property=\"og:image\" content=\"https:\/\/www.pronal.com\/wp-content\/uploads\/2024\/07\/img-min.jpg\" \/>\n\t<meta property=\"og:image:width\" content=\"2560\" \/>\n\t<meta property=\"og:image:height\" content=\"1920\" \/>\n\t<meta property=\"og:image:type\" content=\"image\/jpeg\" \/>\n<meta name=\"twitter:card\" content=\"summary_large_image\" \/>\n<meta name=\"twitter:label1\" content=\"Tiempo de lectura\" \/>\n\t<meta name=\"twitter:data1\" content=\"2 minutos\" \/>\n<script type=\"application\/ld+json\" class=\"yoast-schema-graph\">{\"@context\":\"https:\/\/schema.org\",\"@graph\":[{\"@type\":\"WebPage\",\"@id\":\"https:\/\/www.pronal.com\/es\/produit\/cisternas-flexibles-de-almacenamiento\/capteur-de-niveau\/\",\"url\":\"https:\/\/www.pronal.com\/es\/produit\/cisternas-flexibles-de-almacenamiento\/capteur-de-niveau\/\",\"name\":\"Sensor de nivel - Una soluci\u00f3n para el control de l\u00edquidos | Pronal\",\"isPartOf\":{\"@id\":\"https:\/\/www.pronal.com\/es\/#website\"},\"primaryImageOfPage\":{\"@id\":\"https:\/\/www.pronal.com\/es\/produit\/cisternas-flexibles-de-almacenamiento\/capteur-de-niveau\/#primaryimage\"},\"image\":{\"@id\":\"https:\/\/www.pronal.com\/es\/produit\/cisternas-flexibles-de-almacenamiento\/capteur-de-niveau\/#primaryimage\"},\"thumbnailUrl\":\"https:\/\/www.pronal.com\/wp-content\/uploads\/2024\/07\/img-min.jpg\",\"datePublished\":\"2024-07-11T10:49:02+00:00\",\"dateModified\":\"2026-04-03T13:23:28+00:00\",\"description\":\"El sensor de nivel garantiza una monitorizaci\u00f3n precisa y en tiempo real del volumen de l\u00edquido en sus tanques flexibles, optimizando la gesti\u00f3n de los recursos.\",\"breadcrumb\":{\"@id\":\"https:\/\/www.pronal.com\/es\/produit\/cisternas-flexibles-de-almacenamiento\/capteur-de-niveau\/#breadcrumb\"},\"inLanguage\":\"es\",\"potentialAction\":[{\"@type\":\"ReadAction\",\"target\":[\"https:\/\/www.pronal.com\/es\/produit\/cisternas-flexibles-de-almacenamiento\/capteur-de-niveau\/\"]}]},{\"@type\":\"ImageObject\",\"inLanguage\":\"es\",\"@id\":\"https:\/\/www.pronal.com\/es\/produit\/cisternas-flexibles-de-almacenamiento\/capteur-de-niveau\/#primaryimage\",\"url\":\"https:\/\/www.pronal.com\/wp-content\/uploads\/2024\/07\/img-min.jpg\",\"contentUrl\":\"https:\/\/www.pronal.com\/wp-content\/uploads\/2024\/07\/img-min.jpg\",\"width\":2560,\"height\":1920,\"caption\":\"Capteur de niveau Pronal\"},{\"@type\":\"BreadcrumbList\",\"@id\":\"https:\/\/www.pronal.com\/es\/produit\/cisternas-flexibles-de-almacenamiento\/capteur-de-niveau\/#breadcrumb\",\"itemListElement\":[{\"@type\":\"ListItem\",\"position\":1,\"name\":\"Cat\u00e1logo de productos\",\"item\":\"https:\/\/www.pronal.com\/es\/catalogo-de-productos\/\"},{\"@type\":\"ListItem\",\"position\":2,\"name\":\"Sensor de nivel\"}]},{\"@type\":\"WebSite\",\"@id\":\"https:\/\/www.pronal.com\/es\/#website\",\"url\":\"https:\/\/www.pronal.com\/es\/\",\"name\":\"Pronal - Conception et fabrication de structure flexible\",\"description\":\"Pronal - Conception et fabrication de structure flexible\",\"publisher\":{\"@id\":\"https:\/\/www.pronal.com\/es\/#organization\"},\"potentialAction\":[{\"@type\":\"SearchAction\",\"target\":{\"@type\":\"EntryPoint\",\"urlTemplate\":\"https:\/\/www.pronal.com\/es\/?s={search_term_string}\"},\"query-input\":{\"@type\":\"PropertyValueSpecification\",\"valueRequired\":true,\"valueName\":\"search_term_string\"}}],\"inLanguage\":\"es\"},{\"@type\":\"Organization\",\"@id\":\"https:\/\/www.pronal.com\/es\/#organization\",\"name\":\"Pronal\",\"url\":\"https:\/\/www.pronal.com\/es\/\",\"logo\":{\"@type\":\"ImageObject\",\"inLanguage\":\"es\",\"@id\":\"https:\/\/www.pronal.com\/es\/#\/schema\/logo\/image\/\",\"url\":\"https:\/\/www.pronal.com\/wp-content\/uploads\/2019\/06\/logo-pronal.png\",\"contentUrl\":\"https:\/\/www.pronal.com\/wp-content\/uploads\/2019\/06\/logo-pronal.png\",\"width\":504,\"height\":80,\"caption\":\"Pronal\"},\"image\":{\"@id\":\"https:\/\/www.pronal.com\/es\/#\/schema\/logo\/image\/\"}}]}<\/script>\n<!-- \/ Yoast SEO plugin. -->","yoast_head_json":{"title":"Sensor de nivel - Una soluci\u00f3n para el control de l\u00edquidos | Pronal","description":"El sensor de nivel garantiza una monitorizaci\u00f3n precisa y en tiempo real del volumen de l\u00edquido en sus tanques flexibles, optimizando la gesti\u00f3n de los recursos.","robots":{"index":"index","follow":"follow","max-snippet":"max-snippet:-1","max-image-preview":"max-image-preview:large","max-video-preview":"max-video-preview:-1"},"canonical":"https:\/\/www.pronal.com\/es\/produit\/cisternas-flexibles-de-almacenamiento\/capteur-de-niveau\/","og_locale":"es_ES","og_type":"article","og_title":"Sensor de nivel - Una soluci\u00f3n para el control de l\u00edquidos | Pronal","og_description":"El sensor de nivel garantiza una monitorizaci\u00f3n precisa y en tiempo real del volumen de l\u00edquido en sus tanques flexibles, optimizando la gesti\u00f3n de los recursos.","og_url":"https:\/\/www.pronal.com\/es\/produit\/cisternas-flexibles-de-almacenamiento\/capteur-de-niveau\/","og_site_name":"Pronal - Conception et fabrication de structure flexible","article_modified_time":"2026-04-03T13:23:28+00:00","og_image":[{"width":2560,"height":1920,"url":"https:\/\/www.pronal.com\/wp-content\/uploads\/2024\/07\/img-min.jpg","type":"image\/jpeg"}],"twitter_card":"summary_large_image","twitter_misc":{"Tiempo de lectura":"2 minutos"},"schema":{"@context":"https:\/\/schema.org","@graph":[{"@type":"WebPage","@id":"https:\/\/www.pronal.com\/es\/produit\/cisternas-flexibles-de-almacenamiento\/capteur-de-niveau\/","url":"https:\/\/www.pronal.com\/es\/produit\/cisternas-flexibles-de-almacenamiento\/capteur-de-niveau\/","name":"Sensor de nivel - Una soluci\u00f3n para el control de l\u00edquidos | Pronal","isPartOf":{"@id":"https:\/\/www.pronal.com\/es\/#website"},"primaryImageOfPage":{"@id":"https:\/\/www.pronal.com\/es\/produit\/cisternas-flexibles-de-almacenamiento\/capteur-de-niveau\/#primaryimage"},"image":{"@id":"https:\/\/www.pronal.com\/es\/produit\/cisternas-flexibles-de-almacenamiento\/capteur-de-niveau\/#primaryimage"},"thumbnailUrl":"https:\/\/www.pronal.com\/wp-content\/uploads\/2024\/07\/img-min.jpg","datePublished":"2024-07-11T10:49:02+00:00","dateModified":"2026-04-03T13:23:28+00:00","description":"El sensor de nivel garantiza una monitorizaci\u00f3n precisa y en tiempo real del volumen de l\u00edquido en sus tanques flexibles, optimizando la gesti\u00f3n de los recursos.","breadcrumb":{"@id":"https:\/\/www.pronal.com\/es\/produit\/cisternas-flexibles-de-almacenamiento\/capteur-de-niveau\/#breadcrumb"},"inLanguage":"es","potentialAction":[{"@type":"ReadAction","target":["https:\/\/www.pronal.com\/es\/produit\/cisternas-flexibles-de-almacenamiento\/capteur-de-niveau\/"]}]},{"@type":"ImageObject","inLanguage":"es","@id":"https:\/\/www.pronal.com\/es\/produit\/cisternas-flexibles-de-almacenamiento\/capteur-de-niveau\/#primaryimage","url":"https:\/\/www.pronal.com\/wp-content\/uploads\/2024\/07\/img-min.jpg","contentUrl":"https:\/\/www.pronal.com\/wp-content\/uploads\/2024\/07\/img-min.jpg","width":2560,"height":1920,"caption":"Capteur de niveau Pronal"},{"@type":"BreadcrumbList","@id":"https:\/\/www.pronal.com\/es\/produit\/cisternas-flexibles-de-almacenamiento\/capteur-de-niveau\/#breadcrumb","itemListElement":[{"@type":"ListItem","position":1,"name":"Cat\u00e1logo de productos","item":"https:\/\/www.pronal.com\/es\/catalogo-de-productos\/"},{"@type":"ListItem","position":2,"name":"Sensor de nivel"}]},{"@type":"WebSite","@id":"https:\/\/www.pronal.com\/es\/#website","url":"https:\/\/www.pronal.com\/es\/","name":"Pronal - Conception et fabrication de structure flexible","description":"Pronal - Conception et fabrication de structure flexible","publisher":{"@id":"https:\/\/www.pronal.com\/es\/#organization"},"potentialAction":[{"@type":"SearchAction","target":{"@type":"EntryPoint","urlTemplate":"https:\/\/www.pronal.com\/es\/?s={search_term_string}"},"query-input":{"@type":"PropertyValueSpecification","valueRequired":true,"valueName":"search_term_string"}}],"inLanguage":"es"},{"@type":"Organization","@id":"https:\/\/www.pronal.com\/es\/#organization","name":"Pronal","url":"https:\/\/www.pronal.com\/es\/","logo":{"@type":"ImageObject","inLanguage":"es","@id":"https:\/\/www.pronal.com\/es\/#\/schema\/logo\/image\/","url":"https:\/\/www.pronal.com\/wp-content\/uploads\/2019\/06\/logo-pronal.png","contentUrl":"https:\/\/www.pronal.com\/wp-content\/uploads\/2019\/06\/logo-pronal.png","width":504,"height":80,"caption":"Pronal"},"image":{"@id":"https:\/\/www.pronal.com\/es\/#\/schema\/logo\/image\/"}}]}},"_links":{"self":[{"href":"https:\/\/www.pronal.com\/es\/wp-json\/wp\/v2\/product\/36834","targetHints":{"allow":["GET"]}}],"collection":[{"href":"https:\/\/www.pronal.com\/es\/wp-json\/wp\/v2\/product"}],"about":[{"href":"https:\/\/www.pronal.com\/es\/wp-json\/wp\/v2\/types\/product"}],"wp:featuredmedia":[{"embeddable":true,"href":"https:\/\/www.pronal.com\/es\/wp-json\/wp\/v2\/media\/28103"}],"wp:attachment":[{"href":"https:\/\/www.pronal.com\/es\/wp-json\/wp\/v2\/media?parent=36834"}],"wp:term":[{"taxonomy":"product_brand","embeddable":true,"href":"https:\/\/www.pronal.com\/es\/wp-json\/wp\/v2\/product_brand?post=36834"},{"taxonomy":"product_cat","embeddable":true,"href":"https:\/\/www.pronal.com\/es\/wp-json\/wp\/v2\/product_cat?post=36834"},{"taxonomy":"product_tag","embeddable":true,"href":"https:\/\/www.pronal.com\/es\/wp-json\/wp\/v2\/product_tag?post=36834"}],"curies":[{"name":"wp","href":"https:\/\/api.w.org\/{rel}","templated":true}]}}