{"id":36911,"date":"2024-10-11T16:29:01","date_gmt":"2024-10-11T14:29:01","guid":{"rendered":"https:\/\/www.pronal.com\/produit\/sin%20categor\u00eda\/citerne-souple-recuperation-eau-piscine-2\/"},"modified":"2026-04-17T10:18:06","modified_gmt":"2026-04-17T08:18:06","slug":"cisterna-flexible-recuperacion-agua-piscina","status":"publish","type":"product","link":"https:\/\/www.pronal.com\/es\/produit\/cisternas-flexibles-de-almacenamiento\/citerne-souple-recuperation-eau-piscine-2\/","title":{"rendered":"Cisterna flexible de almacenamiento para la recuperaci\u00f3n de agua de piscina"},"content":{"rendered":"<p data-start=\"0\" data-end=\"489\">La <a href=\"https:\/\/www.pronal.com\/es\/categorias-de-productos\/cisternas-flexibles-de-almacenamiento\/\"><strong>cisterna flexible de almacenamiento<\/strong><\/a> <strong>para la recuperaci\u00f3n de agua de piscina<\/strong> es una soluci\u00f3n innovadora. Permite almacenar el agua durante el <a href=\"https:\/\/www.coverdeau.com\/es\/vaciar-su-piscina-cuando-como-y-por-que\/\" rel=\"nofollow\"><strong>vaciado de una piscina<\/strong><\/a>. Ya sea para el <a href=\"https:\/\/www.waterair.com\/es\/consejos\/buen-vivir-su-piscina\/el-invernaje-paso-esencial-en-el-mantenimiento-de\" rel=\"nofollow\"><strong>mantenimiento<\/strong> <\/a>o el <a href=\"https:\/\/www.waterair.com\/es\/consejos\/buen-vivir-su-piscina\/el-invernaje-paso-esencial-en-el-mantenimiento-de\" rel=\"nofollow\"><strong>invernaje<\/strong><\/a>, el vaciado parcial suele ser necesario. En efecto, esto permite preparar la piscina para el invierno o realizar una limpieza en profundidad. Gracias a la <strong>cisterna flexible de almacenamiento<\/strong>, se evita el desperdicio de agua. Adem\u00e1s, facilita la gesti\u00f3n de este recurso valioso.<\/p>\n<p data-start=\"491\" data-end=\"900\">Fabricada en <strong>tejido de poli\u00e9ster de alta resistencia<\/strong>, esta <a href=\"https:\/\/www.pronal.com\/es\/categorias-de-productos\/cisternas-flexibles-de-almacenamiento\/\"><strong>cisterna flexible<\/strong><strong> de almacenamiento<\/strong> <\/a>est\u00e1 disponible en diferentes capacidades. As\u00ed, puede elegir entre modelos que van de <strong>1 m\u00b3 a 1200 m\u00b3<\/strong>. Esto se adapta no solo a las necesidades de particulares, sino tambi\u00e9n a las de infraestructuras m\u00e1s grandes. Es especialmente ideal para lugares como <strong>balnearios<\/strong> o <strong>campings<\/strong>, donde la gesti\u00f3n del agua es esencial.<\/p>\n<p data-start=\"902\" data-end=\"1322\">La cisterna se distingue por su <strong>flexibilidad<\/strong> y <strong>robustez<\/strong>. En efecto, resiste temperaturas extremas que van de <strong>-30\u00b0C a +70\u00b0C<\/strong>. Un tratamiento <strong>anti-UV<\/strong> le garantiza una vida \u00fatil de m\u00e1s de <strong>20 a\u00f1os<\/strong> (fuera de garant\u00eda). Adem\u00e1s, su instalaci\u00f3n es r\u00e1pida y sencilla, sin obras pesadas ni permisos de construcci\u00f3n. Tambi\u00e9n protege el agua de cualquier contaminaci\u00f3n. As\u00ed, se garantiza un agua limpia y reutilizable posteriormente.<\/p>\n<p data-start=\"1324\" data-end=\"1670\">La <strong>cisterna flexible de almacenamiento para la recuperaci\u00f3n de agua de piscina<\/strong> fomenta una <strong>gesti\u00f3n responsable del agua.<\/strong> Gracias a este dispositivo, puede almacenar el agua de vaciado para reutilizarla, por ejemplo, para llenar la piscina o regar jardines. De esta manera, se reduce el <strong>consumo de agua potable<\/strong> y se disminuye el <strong>impacto ambiental<\/strong>.<\/p>\n<p data-start=\"1672\" data-end=\"1925\">Adem\u00e1s de las ventajas ecol\u00f3gicas, esta soluci\u00f3n reduce los costes relacionados con el mantenimiento y el agua. Por lo tanto, es perfectamente adecuada para particulares, <strong>balnearios<\/strong> y <a href=\"https:\/\/es.wikipedia.org\/wiki\/Acampada\" rel=\"nofollow\"><strong>campings<\/strong><\/a>. Es una opci\u00f3n ecol\u00f3gica que optimiza los recursos h\u00eddricos.<\/p>\n<p data-start=\"1927\" data-end=\"2113\" data-is-last-node=\"\" data-is-only-node=\"\">En conclusi\u00f3n, optar por una <strong>cisterna flexible de almacenamiento<\/strong> es elegir una soluci\u00f3n <strong>sostenible.<\/strong> Responde plenamente a los desaf\u00edos actuales de preservaci\u00f3n de los recursos naturales.<\/p>\n","protected":false},"excerpt":{"rendered":"<p>La <strong>cisterna flexible de almacenamiento<\/strong> para la <strong>recuperaci\u00f3n de agua de piscina<\/strong> es una soluci\u00f3n innovadora y pr\u00e1ctica para recoger y almacenar el agua durante el vaciado de su piscina. Fabricada en tejido de <strong>poli\u00e9ster de alta resistencia<\/strong>, est\u00e1 disponible en capacidades de <strong>1 m\u00b3 a 1200 m\u00b3<\/strong>, adapt\u00e1ndose as\u00ed a todas las necesidades. Su dise\u00f1o flexible permite una instalaci\u00f3n r\u00e1pida sin obras pesadas, garantizando al mismo tiempo un agua limpia gracias a su estructura cerrada. Resistente a temperaturas de<strong> -30\u00b0C a +70\u00b0C<\/strong> y equipada con un tratamiento <strong>anti-UV<\/strong>, esta cisterna asegura una durabilidad excepcional de <strong>m\u00e1s de 20 a\u00f1os<\/strong>. \u00a1Contribuya a la preservaci\u00f3n de los recursos h\u00eddricos optimizando la gesti\u00f3n de su piscina!<\/p>\n","protected":false},"featured_media":29360,"template":"","meta":{"_acf_changed":false,"inline_featured_image":false},"product_brand":[],"product_cat":[222,616],"product_tag":[454,446,617],"class_list":{"0":"post-36911","1":"product","2":"type-product","3":"status-publish","4":"has-post-thumbnail","6":"product_cat-cisternas-flexibles-de-almacenamiento","7":"product_cat-cisterna-agua-piscina","8":"product_tag-agua","9":"product_tag-almacenar","10":"product_tag-piscine-es","12":"first","13":"instock","14":"shipping-taxable","15":"product-type-simple"},"acf":[],"yoast_head":"<!-- This site is optimized with the Yoast SEO plugin v25.8 - https:\/\/yoast.com\/wordpress\/plugins\/seo\/ -->\n<title>Cisterna flexible para la recuperaci\u00f3n de agua de piscina<\/title>\n<meta name=\"description\" content=\"La cisterna flexible para la recuperaci\u00f3n de agua de piscina permite almacenar el agua f\u00e1cilmente. Duradera, ecol\u00f3gica y f\u00e1cil de instalar.\" \/>\n<meta name=\"robots\" content=\"index, follow, max-snippet:-1, max-image-preview:large, max-video-preview:-1\" \/>\n<link rel=\"canonical\" href=\"https:\/\/www.pronal.com\/es\/produit\/cisternas-flexibles-de-almacenamiento\/citerne-souple-recuperation-eau-piscine-2\/\" \/>\n<meta property=\"og:locale\" content=\"es_ES\" \/>\n<meta property=\"og:type\" content=\"article\" \/>\n<meta property=\"og:title\" content=\"Cisterna flexible para la recuperaci\u00f3n de agua de piscina\" \/>\n<meta property=\"og:description\" content=\"La cisterna flexible para la recuperaci\u00f3n de agua de piscina permite almacenar el agua f\u00e1cilmente. Duradera, ecol\u00f3gica y f\u00e1cil de instalar.\" \/>\n<meta property=\"og:url\" content=\"https:\/\/www.pronal.com\/es\/produit\/cisternas-flexibles-de-almacenamiento\/citerne-souple-recuperation-eau-piscine-2\/\" \/>\n<meta property=\"og:site_name\" content=\"Pronal - Conception et fabrication de structure flexible\" \/>\n<meta property=\"article:modified_time\" content=\"2026-04-17T08:18:06+00:00\" \/>\n<meta property=\"og:image\" content=\"https:\/\/www.pronal.com\/wp-content\/uploads\/2024\/10\/Reservoir-stockage-incendie-avec-piscine-et-pompe.png\" \/>\n\t<meta property=\"og:image:width\" content=\"3500\" \/>\n\t<meta property=\"og:image:height\" content=\"1969\" \/>\n\t<meta property=\"og:image:type\" content=\"image\/png\" \/>\n<meta name=\"twitter:card\" content=\"summary_large_image\" \/>\n<meta name=\"twitter:label1\" content=\"Tiempo de lectura\" \/>\n\t<meta name=\"twitter:data1\" content=\"2 minutos\" \/>\n<script type=\"application\/ld+json\" class=\"yoast-schema-graph\">{\"@context\":\"https:\/\/schema.org\",\"@graph\":[{\"@type\":\"WebPage\",\"@id\":\"https:\/\/www.pronal.com\/es\/produit\/cisternas-flexibles-de-almacenamiento\/citerne-souple-recuperation-eau-piscine-2\/\",\"url\":\"https:\/\/www.pronal.com\/es\/produit\/cisternas-flexibles-de-almacenamiento\/citerne-souple-recuperation-eau-piscine-2\/\",\"name\":\"Cisterna flexible para la recuperaci\u00f3n de agua de piscina\",\"isPartOf\":{\"@id\":\"https:\/\/www.pronal.com\/es\/#website\"},\"primaryImageOfPage\":{\"@id\":\"https:\/\/www.pronal.com\/es\/produit\/cisternas-flexibles-de-almacenamiento\/citerne-souple-recuperation-eau-piscine-2\/#primaryimage\"},\"image\":{\"@id\":\"https:\/\/www.pronal.com\/es\/produit\/cisternas-flexibles-de-almacenamiento\/citerne-souple-recuperation-eau-piscine-2\/#primaryimage\"},\"thumbnailUrl\":\"https:\/\/www.pronal.com\/wp-content\/uploads\/2024\/10\/Reservoir-stockage-incendie-avec-piscine-et-pompe.png\",\"datePublished\":\"2024-10-11T14:29:01+00:00\",\"dateModified\":\"2026-04-17T08:18:06+00:00\",\"description\":\"La cisterna flexible para la recuperaci\u00f3n de agua de piscina permite almacenar el agua f\u00e1cilmente. Duradera, ecol\u00f3gica y f\u00e1cil de instalar.\",\"breadcrumb\":{\"@id\":\"https:\/\/www.pronal.com\/es\/produit\/cisternas-flexibles-de-almacenamiento\/citerne-souple-recuperation-eau-piscine-2\/#breadcrumb\"},\"inLanguage\":\"es\",\"potentialAction\":[{\"@type\":\"ReadAction\",\"target\":[\"https:\/\/www.pronal.com\/es\/produit\/cisternas-flexibles-de-almacenamiento\/citerne-souple-recuperation-eau-piscine-2\/\"]}]},{\"@type\":\"ImageObject\",\"inLanguage\":\"es\",\"@id\":\"https:\/\/www.pronal.com\/es\/produit\/cisternas-flexibles-de-almacenamiento\/citerne-souple-recuperation-eau-piscine-2\/#primaryimage\",\"url\":\"https:\/\/www.pronal.com\/wp-content\/uploads\/2024\/10\/Reservoir-stockage-incendie-avec-piscine-et-pompe.png\",\"contentUrl\":\"https:\/\/www.pronal.com\/wp-content\/uploads\/2024\/10\/Reservoir-stockage-incendie-avec-piscine-et-pompe.png\",\"width\":3500,\"height\":1969,\"caption\":\"Citerne souple pour la r\u00e9cup\u00e9ration d\u2019eau de piscine install\u00e9e dans un jardin, permettant de stocker l'eau de vidange\"},{\"@type\":\"BreadcrumbList\",\"@id\":\"https:\/\/www.pronal.com\/es\/produit\/cisternas-flexibles-de-almacenamiento\/citerne-souple-recuperation-eau-piscine-2\/#breadcrumb\",\"itemListElement\":[{\"@type\":\"ListItem\",\"position\":1,\"name\":\"Cat\u00e1logo de productos\",\"item\":\"https:\/\/www.pronal.com\/es\/catalogo-de-productos\/\"},{\"@type\":\"ListItem\",\"position\":2,\"name\":\"Cisterna flexible de almacenamiento para la recuperaci\u00f3n de agua de piscina\"}]},{\"@type\":\"WebSite\",\"@id\":\"https:\/\/www.pronal.com\/es\/#website\",\"url\":\"https:\/\/www.pronal.com\/es\/\",\"name\":\"Pronal - Conception et fabrication de structure flexible\",\"description\":\"Pronal - Conception et fabrication de structure flexible\",\"publisher\":{\"@id\":\"https:\/\/www.pronal.com\/es\/#organization\"},\"potentialAction\":[{\"@type\":\"SearchAction\",\"target\":{\"@type\":\"EntryPoint\",\"urlTemplate\":\"https:\/\/www.pronal.com\/es\/?s={search_term_string}\"},\"query-input\":{\"@type\":\"PropertyValueSpecification\",\"valueRequired\":true,\"valueName\":\"search_term_string\"}}],\"inLanguage\":\"es\"},{\"@type\":\"Organization\",\"@id\":\"https:\/\/www.pronal.com\/es\/#organization\",\"name\":\"Pronal\",\"url\":\"https:\/\/www.pronal.com\/es\/\",\"logo\":{\"@type\":\"ImageObject\",\"inLanguage\":\"es\",\"@id\":\"https:\/\/www.pronal.com\/es\/#\/schema\/logo\/image\/\",\"url\":\"https:\/\/www.pronal.com\/wp-content\/uploads\/2019\/06\/logo-pronal.png\",\"contentUrl\":\"https:\/\/www.pronal.com\/wp-content\/uploads\/2019\/06\/logo-pronal.png\",\"width\":504,\"height\":80,\"caption\":\"Pronal\"},\"image\":{\"@id\":\"https:\/\/www.pronal.com\/es\/#\/schema\/logo\/image\/\"}}]}<\/script>\n<!-- \/ Yoast SEO plugin. -->","yoast_head_json":{"title":"Cisterna flexible para la recuperaci\u00f3n de agua de piscina","description":"La cisterna flexible para la recuperaci\u00f3n de agua de piscina permite almacenar el agua f\u00e1cilmente. Duradera, ecol\u00f3gica y f\u00e1cil de instalar.","robots":{"index":"index","follow":"follow","max-snippet":"max-snippet:-1","max-image-preview":"max-image-preview:large","max-video-preview":"max-video-preview:-1"},"canonical":"https:\/\/www.pronal.com\/es\/produit\/cisternas-flexibles-de-almacenamiento\/citerne-souple-recuperation-eau-piscine-2\/","og_locale":"es_ES","og_type":"article","og_title":"Cisterna flexible para la recuperaci\u00f3n de agua de piscina","og_description":"La cisterna flexible para la recuperaci\u00f3n de agua de piscina permite almacenar el agua f\u00e1cilmente. Duradera, ecol\u00f3gica y f\u00e1cil de instalar.","og_url":"https:\/\/www.pronal.com\/es\/produit\/cisternas-flexibles-de-almacenamiento\/citerne-souple-recuperation-eau-piscine-2\/","og_site_name":"Pronal - Conception et fabrication de structure flexible","article_modified_time":"2026-04-17T08:18:06+00:00","og_image":[{"width":3500,"height":1969,"url":"https:\/\/www.pronal.com\/wp-content\/uploads\/2024\/10\/Reservoir-stockage-incendie-avec-piscine-et-pompe.png","type":"image\/png"}],"twitter_card":"summary_large_image","twitter_misc":{"Tiempo de lectura":"2 minutos"},"schema":{"@context":"https:\/\/schema.org","@graph":[{"@type":"WebPage","@id":"https:\/\/www.pronal.com\/es\/produit\/cisternas-flexibles-de-almacenamiento\/citerne-souple-recuperation-eau-piscine-2\/","url":"https:\/\/www.pronal.com\/es\/produit\/cisternas-flexibles-de-almacenamiento\/citerne-souple-recuperation-eau-piscine-2\/","name":"Cisterna flexible para la recuperaci\u00f3n de agua de piscina","isPartOf":{"@id":"https:\/\/www.pronal.com\/es\/#website"},"primaryImageOfPage":{"@id":"https:\/\/www.pronal.com\/es\/produit\/cisternas-flexibles-de-almacenamiento\/citerne-souple-recuperation-eau-piscine-2\/#primaryimage"},"image":{"@id":"https:\/\/www.pronal.com\/es\/produit\/cisternas-flexibles-de-almacenamiento\/citerne-souple-recuperation-eau-piscine-2\/#primaryimage"},"thumbnailUrl":"https:\/\/www.pronal.com\/wp-content\/uploads\/2024\/10\/Reservoir-stockage-incendie-avec-piscine-et-pompe.png","datePublished":"2024-10-11T14:29:01+00:00","dateModified":"2026-04-17T08:18:06+00:00","description":"La cisterna flexible para la recuperaci\u00f3n de agua de piscina permite almacenar el agua f\u00e1cilmente. Duradera, ecol\u00f3gica y f\u00e1cil de instalar.","breadcrumb":{"@id":"https:\/\/www.pronal.com\/es\/produit\/cisternas-flexibles-de-almacenamiento\/citerne-souple-recuperation-eau-piscine-2\/#breadcrumb"},"inLanguage":"es","potentialAction":[{"@type":"ReadAction","target":["https:\/\/www.pronal.com\/es\/produit\/cisternas-flexibles-de-almacenamiento\/citerne-souple-recuperation-eau-piscine-2\/"]}]},{"@type":"ImageObject","inLanguage":"es","@id":"https:\/\/www.pronal.com\/es\/produit\/cisternas-flexibles-de-almacenamiento\/citerne-souple-recuperation-eau-piscine-2\/#primaryimage","url":"https:\/\/www.pronal.com\/wp-content\/uploads\/2024\/10\/Reservoir-stockage-incendie-avec-piscine-et-pompe.png","contentUrl":"https:\/\/www.pronal.com\/wp-content\/uploads\/2024\/10\/Reservoir-stockage-incendie-avec-piscine-et-pompe.png","width":3500,"height":1969,"caption":"Citerne souple pour la r\u00e9cup\u00e9ration d\u2019eau de piscine install\u00e9e dans un jardin, permettant de stocker l'eau de vidange"},{"@type":"BreadcrumbList","@id":"https:\/\/www.pronal.com\/es\/produit\/cisternas-flexibles-de-almacenamiento\/citerne-souple-recuperation-eau-piscine-2\/#breadcrumb","itemListElement":[{"@type":"ListItem","position":1,"name":"Cat\u00e1logo de productos","item":"https:\/\/www.pronal.com\/es\/catalogo-de-productos\/"},{"@type":"ListItem","position":2,"name":"Cisterna flexible de almacenamiento para la recuperaci\u00f3n de agua de piscina"}]},{"@type":"WebSite","@id":"https:\/\/www.pronal.com\/es\/#website","url":"https:\/\/www.pronal.com\/es\/","name":"Pronal - Conception et fabrication de structure flexible","description":"Pronal - Conception et fabrication de structure flexible","publisher":{"@id":"https:\/\/www.pronal.com\/es\/#organization"},"potentialAction":[{"@type":"SearchAction","target":{"@type":"EntryPoint","urlTemplate":"https:\/\/www.pronal.com\/es\/?s={search_term_string}"},"query-input":{"@type":"PropertyValueSpecification","valueRequired":true,"valueName":"search_term_string"}}],"inLanguage":"es"},{"@type":"Organization","@id":"https:\/\/www.pronal.com\/es\/#organization","name":"Pronal","url":"https:\/\/www.pronal.com\/es\/","logo":{"@type":"ImageObject","inLanguage":"es","@id":"https:\/\/www.pronal.com\/es\/#\/schema\/logo\/image\/","url":"https:\/\/www.pronal.com\/wp-content\/uploads\/2019\/06\/logo-pronal.png","contentUrl":"https:\/\/www.pronal.com\/wp-content\/uploads\/2019\/06\/logo-pronal.png","width":504,"height":80,"caption":"Pronal"},"image":{"@id":"https:\/\/www.pronal.com\/es\/#\/schema\/logo\/image\/"}}]}},"_links":{"self":[{"href":"https:\/\/www.pronal.com\/es\/wp-json\/wp\/v2\/product\/36911","targetHints":{"allow":["GET"]}}],"collection":[{"href":"https:\/\/www.pronal.com\/es\/wp-json\/wp\/v2\/product"}],"about":[{"href":"https:\/\/www.pronal.com\/es\/wp-json\/wp\/v2\/types\/product"}],"wp:featuredmedia":[{"embeddable":true,"href":"https:\/\/www.pronal.com\/es\/wp-json\/wp\/v2\/media\/29360"}],"wp:attachment":[{"href":"https:\/\/www.pronal.com\/es\/wp-json\/wp\/v2\/media?parent=36911"}],"wp:term":[{"taxonomy":"product_brand","embeddable":true,"href":"https:\/\/www.pronal.com\/es\/wp-json\/wp\/v2\/product_brand?post=36911"},{"taxonomy":"product_cat","embeddable":true,"href":"https:\/\/www.pronal.com\/es\/wp-json\/wp\/v2\/product_cat?post=36911"},{"taxonomy":"product_tag","embeddable":true,"href":"https:\/\/www.pronal.com\/es\/wp-json\/wp\/v2\/product_tag?post=36911"}],"curies":[{"name":"wp","href":"https:\/\/api.w.org\/{rel}","templated":true}]}}