{"id":9476,"date":"2019-05-03T11:06:31","date_gmt":"2019-05-03T09:06:31","guid":{"rendered":"https:\/\/www.pronal.com\/produit\/sincategorizar\/citernes-souples-engrais-liquides\/"},"modified":"2025-10-28T09:14:45","modified_gmt":"2025-10-28T08:14:45","slug":"cisterna-flexible-de-fertilizantes-liquidos","status":"publish","type":"product","link":"https:\/\/www.pronal.com\/es\/produit\/flexible-storage-tanks\/fertilizers\/cisterna-flexible-de-fertilizantes-liquidos\/","title":{"rendered":"Cisterna flexible de fertilizantes l\u00edquidos"},"content":{"rendered":"<p style=\"text-align: left;\">La cisterna flexible es la soluci\u00f3n ideal para el almacenamiento a largo o medio plazo los fertilizantes l\u00edquidos nitrogenados\/azufrados. Nuestra cisterna flexible est\u00e1 equipada con racores y v\u00e1lvulas para optimizar el llenado y el vaciado de los productos.<\/p>\n<p style=\"text-align: left;\">Este sistema de almacenamiento flexible debe ir siempre acompa\u00f1ado de su <strong><span style=\"color: #00a7e1;\">recipiente colector<\/span><\/strong>, que se puede colocar en <strong><span style=\"color: #00a7e1;\">un murete, en una pendiente o en una estructura met\u00e1lica<\/span><\/strong> tanto en interior como en exterior.<\/p>\n<div class=\"tlid-input input\">\n<div class=\"source-wrap\">\n<div class=\"input-full-height-wrapper tlid-input-full-height-wrapper\">\n<div class=\"source-input\">\n<div class=\"source-footer-wrap source-or-target-footer\">\n<div class=\"character-count tlid-character-count\"><\/div>\n<\/div>\n<\/div>\n<\/div>\n<\/div>\n<\/div>\n<div class=\"tlid-results-container results-container\">\n<div class=\"tlid-result result-dict-wrapper\">\n<div class=\"result tlid-copy-target\">\n<div class=\"result-header\">\n<div class=\"starbutton jfk-button-flat jfk-button unstarred\" tabindex=\"0\" role=\"button\" aria-label=\"Activer le suivi de la traduction\" data-tooltip=\"Activer le suivi de la traduction\" data-tooltip-align=\"t,c\">\n<div class=\"jfk-button-img\">Para otras necesidades de almacenamiento, tambi\u00e9n existe el tanque de <a href=\"https:\/\/www.pronal.com\/es\/producto\/cisternas-flexibles-de-almacenamiento\/cisterna-flexible-de-almacenamiento-de-agua\/\">agua flexible cerrado<\/a> o <a href=\"https:\/\/www.pronal.com\/es\/producto\/cisternas-flexibles-de-almacenamiento\/cisterna-de-almacenamiento-abierta-opentank\/\">abierto<\/a>.<\/div>\n<\/div>\n<\/div>\n<\/div>\n<\/div>\n<\/div>\n","protected":false},"excerpt":{"rendered":"<p>Almacenamiento de nitr\u00f3geno &#8211; Est\u00e1ndar de 25 a 500 m3<\/p>\n","protected":false},"featured_media":5553,"template":"","meta":{"_acf_changed":false,"inline_featured_image":false},"product_brand":[],"product_cat":[222,240],"product_tag":[446],"class_list":{"0":"post-9476","1":"product","2":"type-product","3":"status-publish","4":"has-post-thumbnail","6":"product_cat-cisternas-flexibles-de-almacenamiento","7":"product_cat-almacenamiento-de-fertilizantes","8":"product_tag-almacenar","10":"first","11":"instock","12":"shipping-taxable","13":"product-type-simple"},"acf":[],"yoast_head":"<!-- This site is optimized with the Yoast SEO plugin v25.8 - https:\/\/yoast.com\/wordpress\/plugins\/seo\/ -->\n<title>Cisterna flexible de fertilizantes l\u00edquidos - Lona flexible | Pronal<\/title>\n<meta name=\"description\" content=\"Cisterna flexible de fertilizantes l\u00edquidos, con tejido de extrema resistencia, para el almacenamiento de fertilizantes l\u00edquidos nitrogenados o azufrados.\" \/>\n<meta name=\"robots\" content=\"index, follow, max-snippet:-1, max-image-preview:large, max-video-preview:-1\" \/>\n<link rel=\"canonical\" href=\"https:\/\/www.pronal.com\/es\/produit\/flexible-storage-tanks\/fertilizers\/cisterna-flexible-de-fertilizantes-liquidos\/\" \/>\n<meta property=\"og:locale\" content=\"es_ES\" \/>\n<meta property=\"og:type\" content=\"article\" \/>\n<meta property=\"og:title\" content=\"Cisterna flexible de fertilizantes l\u00edquidos - Lona flexible | Pronal\" \/>\n<meta property=\"og:description\" content=\"Cisterna flexible de fertilizantes l\u00edquidos, con tejido de extrema resistencia, para el almacenamiento de fertilizantes l\u00edquidos nitrogenados o azufrados.\" \/>\n<meta property=\"og:url\" content=\"https:\/\/www.pronal.com\/es\/produit\/flexible-storage-tanks\/fertilizers\/cisterna-flexible-de-fertilizantes-liquidos\/\" \/>\n<meta property=\"og:site_name\" content=\"Pronal - Conception et fabrication de structure flexible\" \/>\n<meta property=\"article:modified_time\" content=\"2025-10-28T08:14:45+00:00\" \/>\n<meta property=\"og:image\" content=\"https:\/\/www.pronal.com\/wp-content\/uploads\/2019\/05\/Citerne-souple-stockage-azote-2-2.jpg\" \/>\n\t<meta property=\"og:image:width\" content=\"656\" \/>\n\t<meta property=\"og:image:height\" content=\"521\" \/>\n\t<meta property=\"og:image:type\" content=\"image\/jpeg\" \/>\n<meta name=\"twitter:card\" content=\"summary_large_image\" \/>\n<meta name=\"twitter:label1\" content=\"Tiempo de lectura\" \/>\n\t<meta name=\"twitter:data1\" content=\"1 minuto\" \/>\n<script type=\"application\/ld+json\" class=\"yoast-schema-graph\">{\"@context\":\"https:\/\/schema.org\",\"@graph\":[{\"@type\":\"WebPage\",\"@id\":\"https:\/\/www.pronal.com\/es\/produit\/flexible-storage-tanks\/fertilizers\/cisterna-flexible-de-fertilizantes-liquidos\/\",\"url\":\"https:\/\/www.pronal.com\/es\/produit\/flexible-storage-tanks\/fertilizers\/cisterna-flexible-de-fertilizantes-liquidos\/\",\"name\":\"Cisterna flexible de fertilizantes l\u00edquidos - Lona flexible | Pronal\",\"isPartOf\":{\"@id\":\"https:\/\/www.pronal.com\/es\/#website\"},\"primaryImageOfPage\":{\"@id\":\"https:\/\/www.pronal.com\/es\/produit\/flexible-storage-tanks\/fertilizers\/cisterna-flexible-de-fertilizantes-liquidos\/#primaryimage\"},\"image\":{\"@id\":\"https:\/\/www.pronal.com\/es\/produit\/flexible-storage-tanks\/fertilizers\/cisterna-flexible-de-fertilizantes-liquidos\/#primaryimage\"},\"thumbnailUrl\":\"https:\/\/www.pronal.com\/wp-content\/uploads\/2019\/05\/Citerne-souple-stockage-azote-2-2.jpg\",\"datePublished\":\"2019-05-03T09:06:31+00:00\",\"dateModified\":\"2025-10-28T08:14:45+00:00\",\"description\":\"Cisterna flexible de fertilizantes l\u00edquidos, con tejido de extrema resistencia, para el almacenamiento de fertilizantes l\u00edquidos nitrogenados o azufrados.\",\"breadcrumb\":{\"@id\":\"https:\/\/www.pronal.com\/es\/produit\/flexible-storage-tanks\/fertilizers\/cisterna-flexible-de-fertilizantes-liquidos\/#breadcrumb\"},\"inLanguage\":\"es\",\"potentialAction\":[{\"@type\":\"ReadAction\",\"target\":[\"https:\/\/www.pronal.com\/es\/produit\/flexible-storage-tanks\/fertilizers\/cisterna-flexible-de-fertilizantes-liquidos\/\"]}]},{\"@type\":\"ImageObject\",\"inLanguage\":\"es\",\"@id\":\"https:\/\/www.pronal.com\/es\/produit\/flexible-storage-tanks\/fertilizers\/cisterna-flexible-de-fertilizantes-liquidos\/#primaryimage\",\"url\":\"https:\/\/www.pronal.com\/wp-content\/uploads\/2019\/05\/Citerne-souple-stockage-azote-2-2.jpg\",\"contentUrl\":\"https:\/\/www.pronal.com\/wp-content\/uploads\/2019\/05\/Citerne-souple-stockage-azote-2-2.jpg\",\"width\":656,\"height\":521,\"caption\":\"Cisterna flexible de fertilizantes l\u00edquidos\"},{\"@type\":\"BreadcrumbList\",\"@id\":\"https:\/\/www.pronal.com\/es\/produit\/flexible-storage-tanks\/fertilizers\/cisterna-flexible-de-fertilizantes-liquidos\/#breadcrumb\",\"itemListElement\":[{\"@type\":\"ListItem\",\"position\":1,\"name\":\"Cat\u00e1logo de productos\",\"item\":\"https:\/\/www.pronal.com\/es\/catalogo-de-productos\/\"},{\"@type\":\"ListItem\",\"position\":2,\"name\":\"Cisterna flexible de fertilizantes l\u00edquidos\"}]},{\"@type\":\"WebSite\",\"@id\":\"https:\/\/www.pronal.com\/es\/#website\",\"url\":\"https:\/\/www.pronal.com\/es\/\",\"name\":\"Pronal - Conception et fabrication de structure flexible\",\"description\":\"Pronal - Conception et fabrication de structure flexible\",\"publisher\":{\"@id\":\"https:\/\/www.pronal.com\/es\/#organization\"},\"potentialAction\":[{\"@type\":\"SearchAction\",\"target\":{\"@type\":\"EntryPoint\",\"urlTemplate\":\"https:\/\/www.pronal.com\/es\/?s={search_term_string}\"},\"query-input\":{\"@type\":\"PropertyValueSpecification\",\"valueRequired\":true,\"valueName\":\"search_term_string\"}}],\"inLanguage\":\"es\"},{\"@type\":\"Organization\",\"@id\":\"https:\/\/www.pronal.com\/es\/#organization\",\"name\":\"Pronal\",\"url\":\"https:\/\/www.pronal.com\/es\/\",\"logo\":{\"@type\":\"ImageObject\",\"inLanguage\":\"es\",\"@id\":\"https:\/\/www.pronal.com\/es\/#\/schema\/logo\/image\/\",\"url\":\"https:\/\/www.pronal.com\/wp-content\/uploads\/2019\/06\/logo-pronal.png\",\"contentUrl\":\"https:\/\/www.pronal.com\/wp-content\/uploads\/2019\/06\/logo-pronal.png\",\"width\":504,\"height\":80,\"caption\":\"Pronal\"},\"image\":{\"@id\":\"https:\/\/www.pronal.com\/es\/#\/schema\/logo\/image\/\"}}]}<\/script>\n<!-- \/ Yoast SEO plugin. -->","yoast_head_json":{"title":"Cisterna flexible de fertilizantes l\u00edquidos - Lona flexible | Pronal","description":"Cisterna flexible de fertilizantes l\u00edquidos, con tejido de extrema resistencia, para el almacenamiento de fertilizantes l\u00edquidos nitrogenados o azufrados.","robots":{"index":"index","follow":"follow","max-snippet":"max-snippet:-1","max-image-preview":"max-image-preview:large","max-video-preview":"max-video-preview:-1"},"canonical":"https:\/\/www.pronal.com\/es\/produit\/flexible-storage-tanks\/fertilizers\/cisterna-flexible-de-fertilizantes-liquidos\/","og_locale":"es_ES","og_type":"article","og_title":"Cisterna flexible de fertilizantes l\u00edquidos - Lona flexible | Pronal","og_description":"Cisterna flexible de fertilizantes l\u00edquidos, con tejido de extrema resistencia, para el almacenamiento de fertilizantes l\u00edquidos nitrogenados o azufrados.","og_url":"https:\/\/www.pronal.com\/es\/produit\/flexible-storage-tanks\/fertilizers\/cisterna-flexible-de-fertilizantes-liquidos\/","og_site_name":"Pronal - Conception et fabrication de structure flexible","article_modified_time":"2025-10-28T08:14:45+00:00","og_image":[{"width":656,"height":521,"url":"https:\/\/www.pronal.com\/wp-content\/uploads\/2019\/05\/Citerne-souple-stockage-azote-2-2.jpg","type":"image\/jpeg"}],"twitter_card":"summary_large_image","twitter_misc":{"Tiempo de lectura":"1 minuto"},"schema":{"@context":"https:\/\/schema.org","@graph":[{"@type":"WebPage","@id":"https:\/\/www.pronal.com\/es\/produit\/flexible-storage-tanks\/fertilizers\/cisterna-flexible-de-fertilizantes-liquidos\/","url":"https:\/\/www.pronal.com\/es\/produit\/flexible-storage-tanks\/fertilizers\/cisterna-flexible-de-fertilizantes-liquidos\/","name":"Cisterna flexible de fertilizantes l\u00edquidos - Lona flexible | Pronal","isPartOf":{"@id":"https:\/\/www.pronal.com\/es\/#website"},"primaryImageOfPage":{"@id":"https:\/\/www.pronal.com\/es\/produit\/flexible-storage-tanks\/fertilizers\/cisterna-flexible-de-fertilizantes-liquidos\/#primaryimage"},"image":{"@id":"https:\/\/www.pronal.com\/es\/produit\/flexible-storage-tanks\/fertilizers\/cisterna-flexible-de-fertilizantes-liquidos\/#primaryimage"},"thumbnailUrl":"https:\/\/www.pronal.com\/wp-content\/uploads\/2019\/05\/Citerne-souple-stockage-azote-2-2.jpg","datePublished":"2019-05-03T09:06:31+00:00","dateModified":"2025-10-28T08:14:45+00:00","description":"Cisterna flexible de fertilizantes l\u00edquidos, con tejido de extrema resistencia, para el almacenamiento de fertilizantes l\u00edquidos nitrogenados o azufrados.","breadcrumb":{"@id":"https:\/\/www.pronal.com\/es\/produit\/flexible-storage-tanks\/fertilizers\/cisterna-flexible-de-fertilizantes-liquidos\/#breadcrumb"},"inLanguage":"es","potentialAction":[{"@type":"ReadAction","target":["https:\/\/www.pronal.com\/es\/produit\/flexible-storage-tanks\/fertilizers\/cisterna-flexible-de-fertilizantes-liquidos\/"]}]},{"@type":"ImageObject","inLanguage":"es","@id":"https:\/\/www.pronal.com\/es\/produit\/flexible-storage-tanks\/fertilizers\/cisterna-flexible-de-fertilizantes-liquidos\/#primaryimage","url":"https:\/\/www.pronal.com\/wp-content\/uploads\/2019\/05\/Citerne-souple-stockage-azote-2-2.jpg","contentUrl":"https:\/\/www.pronal.com\/wp-content\/uploads\/2019\/05\/Citerne-souple-stockage-azote-2-2.jpg","width":656,"height":521,"caption":"Cisterna flexible de fertilizantes l\u00edquidos"},{"@type":"BreadcrumbList","@id":"https:\/\/www.pronal.com\/es\/produit\/flexible-storage-tanks\/fertilizers\/cisterna-flexible-de-fertilizantes-liquidos\/#breadcrumb","itemListElement":[{"@type":"ListItem","position":1,"name":"Cat\u00e1logo de productos","item":"https:\/\/www.pronal.com\/es\/catalogo-de-productos\/"},{"@type":"ListItem","position":2,"name":"Cisterna flexible de fertilizantes l\u00edquidos"}]},{"@type":"WebSite","@id":"https:\/\/www.pronal.com\/es\/#website","url":"https:\/\/www.pronal.com\/es\/","name":"Pronal - Conception et fabrication de structure flexible","description":"Pronal - Conception et fabrication de structure flexible","publisher":{"@id":"https:\/\/www.pronal.com\/es\/#organization"},"potentialAction":[{"@type":"SearchAction","target":{"@type":"EntryPoint","urlTemplate":"https:\/\/www.pronal.com\/es\/?s={search_term_string}"},"query-input":{"@type":"PropertyValueSpecification","valueRequired":true,"valueName":"search_term_string"}}],"inLanguage":"es"},{"@type":"Organization","@id":"https:\/\/www.pronal.com\/es\/#organization","name":"Pronal","url":"https:\/\/www.pronal.com\/es\/","logo":{"@type":"ImageObject","inLanguage":"es","@id":"https:\/\/www.pronal.com\/es\/#\/schema\/logo\/image\/","url":"https:\/\/www.pronal.com\/wp-content\/uploads\/2019\/06\/logo-pronal.png","contentUrl":"https:\/\/www.pronal.com\/wp-content\/uploads\/2019\/06\/logo-pronal.png","width":504,"height":80,"caption":"Pronal"},"image":{"@id":"https:\/\/www.pronal.com\/es\/#\/schema\/logo\/image\/"}}]}},"_links":{"self":[{"href":"https:\/\/www.pronal.com\/es\/wp-json\/wp\/v2\/product\/9476","targetHints":{"allow":["GET"]}}],"collection":[{"href":"https:\/\/www.pronal.com\/es\/wp-json\/wp\/v2\/product"}],"about":[{"href":"https:\/\/www.pronal.com\/es\/wp-json\/wp\/v2\/types\/product"}],"wp:featuredmedia":[{"embeddable":true,"href":"https:\/\/www.pronal.com\/es\/wp-json\/wp\/v2\/media\/5553"}],"wp:attachment":[{"href":"https:\/\/www.pronal.com\/es\/wp-json\/wp\/v2\/media?parent=9476"}],"wp:term":[{"taxonomy":"product_brand","embeddable":true,"href":"https:\/\/www.pronal.com\/es\/wp-json\/wp\/v2\/product_brand?post=9476"},{"taxonomy":"product_cat","embeddable":true,"href":"https:\/\/www.pronal.com\/es\/wp-json\/wp\/v2\/product_cat?post=9476"},{"taxonomy":"product_tag","embeddable":true,"href":"https:\/\/www.pronal.com\/es\/wp-json\/wp\/v2\/product_tag?post=9476"}],"curies":[{"name":"wp","href":"https:\/\/api.w.org\/{rel}","templated":true}]}}