{"id":9500,"date":"2019-03-11T17:26:55","date_gmt":"2019-03-11T16:26:55","guid":{"rendered":"https:\/\/www.pronal.com\/produit\/sincategorizar\/citernes-souples-incendie\/"},"modified":"2025-10-23T12:59:16","modified_gmt":"2025-10-23T10:59:16","slug":"reserva-de-agua-flexible-contra-incendios","status":"publish","type":"product","link":"https:\/\/www.pronal.com\/es\/produit\/flexible-storage-tanks\/raw-water\/reserva-de-agua-flexible-contra-incendios\/","title":{"rendered":"Reserva de agua flexible contra incendios"},"content":{"rendered":"<p style=\"text-align: left;\">Aprobada por <strong><span style=\"color: #00a7e1;\">los profesionales de lucha contra incendios<\/span><\/strong> y validada por los <strong><span style=\"color: #00a7e1;\">Servicios Departamentales de Incendios y Rescate de Francia (SDIS)<\/span><\/strong>, la cisterna flexibles contra incendios.<br \/>\nPronal cumple con la <strong><span style=\"color: #00a7e1;\">norma nacional para la defensa exterior contra incendios (DECI)<\/span><\/strong>.<\/p>\n<p style=\"text-align: left;\">La reserva de agua flexible contra incendios en cisterna flexible es la soluci\u00f3n ideal para el suministro de agua y la adecuaci\u00f3n normativa de los edificios industriales y agr\u00edcolas. Se utiliza en superficies comerciales, urbanizaciones, etc. La cisterna flexible contra incendios tambi\u00e9n sirve como protecci\u00f3n para eventos temporales como obras p\u00fablicas, ferias o festivales.<\/p>\n<p>Adem\u00e1s de este sistema, tambi\u00e9n hay <a href=\"https:\/\/www.pronal.com\/es\/producto\/cisternas-flexibles-de-almacenamiento\/cisterna-de-almacenamiento-abierta-opentank\/\">cisternas flexibles abiertas para el almacenamiento de agua contra incendios<\/a>.<\/p>\n","protected":false},"excerpt":{"rendered":"<p>Est\u00e1ndar 60 &gt; 360 m3 &#8211; A medida<\/p>\n","protected":false},"featured_media":5568,"template":"","meta":{"_acf_changed":false,"inline_featured_image":false},"product_brand":[],"product_cat":[222,227],"product_tag":[454,446,408,459,407,385,387],"class_list":{"0":"post-9500","1":"product","2":"type-product","3":"status-publish","4":"has-post-thumbnail","6":"product_cat-cisternas-flexibles-de-almacenamiento","7":"product_cat-almacenamiento-de-agua-cruda","8":"product_tag-agua","9":"product_tag-almacenar","10":"product_tag-eau","11":"product_tag-incendio","12":"product_tag-stocker","13":"product_tag-store","14":"product_tag-water","16":"first","17":"instock","18":"shipping-taxable","19":"product-type-simple"},"acf":[],"yoast_head":"<!-- This site is optimized with the Yoast SEO plugin v25.8 - https:\/\/yoast.com\/wordpress\/plugins\/seo\/ -->\n<title>Reserva de agua flexible contra incendios - Cisterna flexible | Pronal<\/title>\n<meta name=\"description\" content=\"Reserva de agua flexible contra incendios para el almacenamiento de agua seg\u00fan la DECI y para el almacenamiento y la retenci\u00f3n de aguas de extinci\u00f3n de incendios.\" \/>\n<meta name=\"robots\" content=\"index, follow, max-snippet:-1, max-image-preview:large, max-video-preview:-1\" \/>\n<link rel=\"canonical\" href=\"https:\/\/www.pronal.com\/es\/produit\/flexible-storage-tanks\/raw-water\/reserva-de-agua-flexible-contra-incendios\/\" \/>\n<meta property=\"og:locale\" content=\"es_ES\" \/>\n<meta property=\"og:type\" content=\"article\" \/>\n<meta property=\"og:title\" content=\"Reserva de agua flexible contra incendios - Cisterna flexible | Pronal\" \/>\n<meta property=\"og:description\" content=\"Reserva de agua flexible contra incendios para el almacenamiento de agua seg\u00fan la DECI y para el almacenamiento y la retenci\u00f3n de aguas de extinci\u00f3n de incendios.\" \/>\n<meta property=\"og:url\" content=\"https:\/\/www.pronal.com\/es\/produit\/flexible-storage-tanks\/raw-water\/reserva-de-agua-flexible-contra-incendios\/\" \/>\n<meta property=\"og:site_name\" content=\"Pronal - Conception et fabrication de structure flexible\" \/>\n<meta property=\"article:modified_time\" content=\"2025-10-23T10:59:16+00:00\" \/>\n<meta property=\"og:image\" content=\"https:\/\/www.pronal.com\/wp-content\/uploads\/2019\/03\/citernes-incendies-enterr\u00e9e-hors-gel-2-1.jpg\" \/>\n\t<meta property=\"og:image:width\" content=\"656\" \/>\n\t<meta property=\"og:image:height\" content=\"521\" \/>\n\t<meta property=\"og:image:type\" content=\"image\/jpeg\" \/>\n<meta name=\"twitter:card\" content=\"summary_large_image\" \/>\n<meta name=\"twitter:label1\" content=\"Tiempo de lectura\" \/>\n\t<meta name=\"twitter:data1\" content=\"1 minuto\" \/>\n<script type=\"application\/ld+json\" class=\"yoast-schema-graph\">{\"@context\":\"https:\/\/schema.org\",\"@graph\":[{\"@type\":\"WebPage\",\"@id\":\"https:\/\/www.pronal.com\/es\/produit\/flexible-storage-tanks\/raw-water\/reserva-de-agua-flexible-contra-incendios\/\",\"url\":\"https:\/\/www.pronal.com\/es\/produit\/flexible-storage-tanks\/raw-water\/reserva-de-agua-flexible-contra-incendios\/\",\"name\":\"Reserva de agua flexible contra incendios - Cisterna flexible | Pronal\",\"isPartOf\":{\"@id\":\"https:\/\/www.pronal.com\/es\/#website\"},\"primaryImageOfPage\":{\"@id\":\"https:\/\/www.pronal.com\/es\/produit\/flexible-storage-tanks\/raw-water\/reserva-de-agua-flexible-contra-incendios\/#primaryimage\"},\"image\":{\"@id\":\"https:\/\/www.pronal.com\/es\/produit\/flexible-storage-tanks\/raw-water\/reserva-de-agua-flexible-contra-incendios\/#primaryimage\"},\"thumbnailUrl\":\"https:\/\/www.pronal.com\/wp-content\/uploads\/2019\/03\/citernes-incendies-enterr\u00e9e-hors-gel-2-1.jpg\",\"datePublished\":\"2019-03-11T16:26:55+00:00\",\"dateModified\":\"2025-10-23T10:59:16+00:00\",\"description\":\"Reserva de agua flexible contra incendios para el almacenamiento de agua seg\u00fan la DECI y para el almacenamiento y la retenci\u00f3n de aguas de extinci\u00f3n de incendios.\",\"breadcrumb\":{\"@id\":\"https:\/\/www.pronal.com\/es\/produit\/flexible-storage-tanks\/raw-water\/reserva-de-agua-flexible-contra-incendios\/#breadcrumb\"},\"inLanguage\":\"es\",\"potentialAction\":[{\"@type\":\"ReadAction\",\"target\":[\"https:\/\/www.pronal.com\/es\/produit\/flexible-storage-tanks\/raw-water\/reserva-de-agua-flexible-contra-incendios\/\"]}]},{\"@type\":\"ImageObject\",\"inLanguage\":\"es\",\"@id\":\"https:\/\/www.pronal.com\/es\/produit\/flexible-storage-tanks\/raw-water\/reserva-de-agua-flexible-contra-incendios\/#primaryimage\",\"url\":\"https:\/\/www.pronal.com\/wp-content\/uploads\/2019\/03\/citernes-incendies-enterr\u00e9e-hors-gel-2-1.jpg\",\"contentUrl\":\"https:\/\/www.pronal.com\/wp-content\/uploads\/2019\/03\/citernes-incendies-enterr\u00e9e-hors-gel-2-1.jpg\",\"width\":656,\"height\":521,\"caption\":\"Reserva de agua flexible contra incendios\"},{\"@type\":\"BreadcrumbList\",\"@id\":\"https:\/\/www.pronal.com\/es\/produit\/flexible-storage-tanks\/raw-water\/reserva-de-agua-flexible-contra-incendios\/#breadcrumb\",\"itemListElement\":[{\"@type\":\"ListItem\",\"position\":1,\"name\":\"Cat\u00e1logo de productos\",\"item\":\"https:\/\/www.pronal.com\/es\/catalogo-de-productos\/\"},{\"@type\":\"ListItem\",\"position\":2,\"name\":\"Reserva de agua flexible contra incendios\"}]},{\"@type\":\"WebSite\",\"@id\":\"https:\/\/www.pronal.com\/es\/#website\",\"url\":\"https:\/\/www.pronal.com\/es\/\",\"name\":\"Pronal - Conception et fabrication de structure flexible\",\"description\":\"Pronal - Conception et fabrication de structure flexible\",\"publisher\":{\"@id\":\"https:\/\/www.pronal.com\/es\/#organization\"},\"potentialAction\":[{\"@type\":\"SearchAction\",\"target\":{\"@type\":\"EntryPoint\",\"urlTemplate\":\"https:\/\/www.pronal.com\/es\/?s={search_term_string}\"},\"query-input\":{\"@type\":\"PropertyValueSpecification\",\"valueRequired\":true,\"valueName\":\"search_term_string\"}}],\"inLanguage\":\"es\"},{\"@type\":\"Organization\",\"@id\":\"https:\/\/www.pronal.com\/es\/#organization\",\"name\":\"Pronal\",\"url\":\"https:\/\/www.pronal.com\/es\/\",\"logo\":{\"@type\":\"ImageObject\",\"inLanguage\":\"es\",\"@id\":\"https:\/\/www.pronal.com\/es\/#\/schema\/logo\/image\/\",\"url\":\"https:\/\/www.pronal.com\/wp-content\/uploads\/2019\/06\/logo-pronal.png\",\"contentUrl\":\"https:\/\/www.pronal.com\/wp-content\/uploads\/2019\/06\/logo-pronal.png\",\"width\":504,\"height\":80,\"caption\":\"Pronal\"},\"image\":{\"@id\":\"https:\/\/www.pronal.com\/es\/#\/schema\/logo\/image\/\"}}]}<\/script>\n<!-- \/ Yoast SEO plugin. -->","yoast_head_json":{"title":"Reserva de agua flexible contra incendios - Cisterna flexible | Pronal","description":"Reserva de agua flexible contra incendios para el almacenamiento de agua seg\u00fan la DECI y para el almacenamiento y la retenci\u00f3n de aguas de extinci\u00f3n de incendios.","robots":{"index":"index","follow":"follow","max-snippet":"max-snippet:-1","max-image-preview":"max-image-preview:large","max-video-preview":"max-video-preview:-1"},"canonical":"https:\/\/www.pronal.com\/es\/produit\/flexible-storage-tanks\/raw-water\/reserva-de-agua-flexible-contra-incendios\/","og_locale":"es_ES","og_type":"article","og_title":"Reserva de agua flexible contra incendios - Cisterna flexible | Pronal","og_description":"Reserva de agua flexible contra incendios para el almacenamiento de agua seg\u00fan la DECI y para el almacenamiento y la retenci\u00f3n de aguas de extinci\u00f3n de incendios.","og_url":"https:\/\/www.pronal.com\/es\/produit\/flexible-storage-tanks\/raw-water\/reserva-de-agua-flexible-contra-incendios\/","og_site_name":"Pronal - Conception et fabrication de structure flexible","article_modified_time":"2025-10-23T10:59:16+00:00","og_image":[{"width":656,"height":521,"url":"https:\/\/www.pronal.com\/wp-content\/uploads\/2019\/03\/citernes-incendies-enterr\u00e9e-hors-gel-2-1.jpg","type":"image\/jpeg"}],"twitter_card":"summary_large_image","twitter_misc":{"Tiempo de lectura":"1 minuto"},"schema":{"@context":"https:\/\/schema.org","@graph":[{"@type":"WebPage","@id":"https:\/\/www.pronal.com\/es\/produit\/flexible-storage-tanks\/raw-water\/reserva-de-agua-flexible-contra-incendios\/","url":"https:\/\/www.pronal.com\/es\/produit\/flexible-storage-tanks\/raw-water\/reserva-de-agua-flexible-contra-incendios\/","name":"Reserva de agua flexible contra incendios - Cisterna flexible | Pronal","isPartOf":{"@id":"https:\/\/www.pronal.com\/es\/#website"},"primaryImageOfPage":{"@id":"https:\/\/www.pronal.com\/es\/produit\/flexible-storage-tanks\/raw-water\/reserva-de-agua-flexible-contra-incendios\/#primaryimage"},"image":{"@id":"https:\/\/www.pronal.com\/es\/produit\/flexible-storage-tanks\/raw-water\/reserva-de-agua-flexible-contra-incendios\/#primaryimage"},"thumbnailUrl":"https:\/\/www.pronal.com\/wp-content\/uploads\/2019\/03\/citernes-incendies-enterr\u00e9e-hors-gel-2-1.jpg","datePublished":"2019-03-11T16:26:55+00:00","dateModified":"2025-10-23T10:59:16+00:00","description":"Reserva de agua flexible contra incendios para el almacenamiento de agua seg\u00fan la DECI y para el almacenamiento y la retenci\u00f3n de aguas de extinci\u00f3n de incendios.","breadcrumb":{"@id":"https:\/\/www.pronal.com\/es\/produit\/flexible-storage-tanks\/raw-water\/reserva-de-agua-flexible-contra-incendios\/#breadcrumb"},"inLanguage":"es","potentialAction":[{"@type":"ReadAction","target":["https:\/\/www.pronal.com\/es\/produit\/flexible-storage-tanks\/raw-water\/reserva-de-agua-flexible-contra-incendios\/"]}]},{"@type":"ImageObject","inLanguage":"es","@id":"https:\/\/www.pronal.com\/es\/produit\/flexible-storage-tanks\/raw-water\/reserva-de-agua-flexible-contra-incendios\/#primaryimage","url":"https:\/\/www.pronal.com\/wp-content\/uploads\/2019\/03\/citernes-incendies-enterr\u00e9e-hors-gel-2-1.jpg","contentUrl":"https:\/\/www.pronal.com\/wp-content\/uploads\/2019\/03\/citernes-incendies-enterr\u00e9e-hors-gel-2-1.jpg","width":656,"height":521,"caption":"Reserva de agua flexible contra incendios"},{"@type":"BreadcrumbList","@id":"https:\/\/www.pronal.com\/es\/produit\/flexible-storage-tanks\/raw-water\/reserva-de-agua-flexible-contra-incendios\/#breadcrumb","itemListElement":[{"@type":"ListItem","position":1,"name":"Cat\u00e1logo de productos","item":"https:\/\/www.pronal.com\/es\/catalogo-de-productos\/"},{"@type":"ListItem","position":2,"name":"Reserva de agua flexible contra incendios"}]},{"@type":"WebSite","@id":"https:\/\/www.pronal.com\/es\/#website","url":"https:\/\/www.pronal.com\/es\/","name":"Pronal - Conception et fabrication de structure flexible","description":"Pronal - Conception et fabrication de structure flexible","publisher":{"@id":"https:\/\/www.pronal.com\/es\/#organization"},"potentialAction":[{"@type":"SearchAction","target":{"@type":"EntryPoint","urlTemplate":"https:\/\/www.pronal.com\/es\/?s={search_term_string}"},"query-input":{"@type":"PropertyValueSpecification","valueRequired":true,"valueName":"search_term_string"}}],"inLanguage":"es"},{"@type":"Organization","@id":"https:\/\/www.pronal.com\/es\/#organization","name":"Pronal","url":"https:\/\/www.pronal.com\/es\/","logo":{"@type":"ImageObject","inLanguage":"es","@id":"https:\/\/www.pronal.com\/es\/#\/schema\/logo\/image\/","url":"https:\/\/www.pronal.com\/wp-content\/uploads\/2019\/06\/logo-pronal.png","contentUrl":"https:\/\/www.pronal.com\/wp-content\/uploads\/2019\/06\/logo-pronal.png","width":504,"height":80,"caption":"Pronal"},"image":{"@id":"https:\/\/www.pronal.com\/es\/#\/schema\/logo\/image\/"}}]}},"_links":{"self":[{"href":"https:\/\/www.pronal.com\/es\/wp-json\/wp\/v2\/product\/9500","targetHints":{"allow":["GET"]}}],"collection":[{"href":"https:\/\/www.pronal.com\/es\/wp-json\/wp\/v2\/product"}],"about":[{"href":"https:\/\/www.pronal.com\/es\/wp-json\/wp\/v2\/types\/product"}],"wp:featuredmedia":[{"embeddable":true,"href":"https:\/\/www.pronal.com\/es\/wp-json\/wp\/v2\/media\/5568"}],"wp:attachment":[{"href":"https:\/\/www.pronal.com\/es\/wp-json\/wp\/v2\/media?parent=9500"}],"wp:term":[{"taxonomy":"product_brand","embeddable":true,"href":"https:\/\/www.pronal.com\/es\/wp-json\/wp\/v2\/product_brand?post=9500"},{"taxonomy":"product_cat","embeddable":true,"href":"https:\/\/www.pronal.com\/es\/wp-json\/wp\/v2\/product_cat?post=9500"},{"taxonomy":"product_tag","embeddable":true,"href":"https:\/\/www.pronal.com\/es\/wp-json\/wp\/v2\/product_tag?post=9500"}],"curies":[{"name":"wp","href":"https:\/\/api.w.org\/{rel}","templated":true}]}}