{"id":9502,"date":"2019-03-11T17:30:31","date_gmt":"2019-03-11T16:30:31","guid":{"rendered":"https:\/\/www.pronal.com\/produit\/sincategorizar\/citernes-de-stockage-ouvertes\/"},"modified":"2025-09-23T09:29:08","modified_gmt":"2025-09-23T07:29:08","slug":"cisterna-de-almacenamiento-abierta-opentank","status":"publish","type":"product","link":"https:\/\/www.pronal.com\/es\/produit\/cisternas-flexibles-de-almacenamiento\/almacenamiento-de-agua-cruda\/cisterna-de-almacenamiento-abierta-opentank\/","title":{"rendered":"Cisterna de almacenamiento abierta Opentank"},"content":{"rendered":"<p style=\"text-align: left;\">La cisterna de almacenamiento abierta <strong><span style=\"color: #00a7e1;\">Opentank<\/span><\/strong>, com\u00fanmente llamada cisterna autoportante, tiene forma circular e incluye un flotador inflable o de espuma.<\/p>\n<p style=\"text-align: left;\">A diferencia de las <strong><span style=\"color: #00a7e1;\">cisternas flexibles cerradas<\/span><\/strong>, las Opentank permiten el almacenamiento r\u00e1pido de <strong><span style=\"color: #00a7e1;\">agua bruta o potable gracias a su apertura por la parte superior<\/span><\/strong>. Adem\u00e1s, son <strong><span style=\"color: #00a7e1;\">f\u00e1ciles y r\u00e1pidas<\/span><\/strong> de limpiar por dentro y eliminar as\u00ed de manera eficaz cualquier contaminaci\u00f3n del l\u00edquido almacenado (lodo, hojas&#8230;).<\/p>\n<p style=\"text-align: left;\">Estos tanques abiertos se suelen utilizar para:<\/p>\n<ul>\n<li style=\"text-align: left;\">almacenar agua bruta prevista para <strong><span style=\"color: #00a7e1;\">seguridad civil<\/span><\/strong><\/li>\n<li style=\"text-align: left;\">y agua potable destinada a <strong><span style=\"color: #00a7e1;\">organizaciones humanitarias.<\/span><\/strong><\/li>\n<\/ul>\n<p style=\"text-align: left;\">Sin embargo, se pueden utilizar tambi\u00e9n para <strong><span style=\"color: #00a7e1;\">almacenar efluentes industriales<\/span><\/strong> o <strong><span style=\"color: #00a7e1;\">aguas contaminadas<\/span><\/strong>.<\/p>\n<p>Para el almacenamiento de l\u00edquidos y s\u00f3lidos, tambi\u00e9n existe <a href=\"https:\/\/www.pronal.com\/es\/producto\/cisternas-flexibles-de-almacenamiento\/tanque-de-almacenamiento-abierto-volutex\/\">la cisterna de almacenamiento abierta Volutex<\/a>.<\/p>\n","protected":false},"excerpt":{"rendered":"<p>Est\u00e1ndar 1 &gt; 20 m3 &#8211; A medida<\/p>\n","protected":false},"featured_media":18173,"template":"","meta":{"_acf_changed":false,"inline_featured_image":false},"product_brand":[],"product_cat":[222,458,227,231,236],"product_tag":[454,446],"class_list":{"0":"post-9502","1":"product","2":"type-product","3":"status-publish","4":"has-post-thumbnail","6":"product_cat-cisternas-flexibles-de-almacenamiento","7":"product_cat-almacenamiento-de-agua-contra-incendio","8":"product_cat-almacenamiento-de-agua-cruda","9":"product_cat-almacenamiento-de-agua-potable","10":"product_cat-almacenamiento-de-efluentes-y-productos-quimicos","11":"product_tag-agua","12":"product_tag-almacenar","14":"first","15":"instock","16":"shipping-taxable","17":"product-type-simple"},"acf":[],"yoast_head":"<!-- This site is optimized with the Yoast SEO plugin v25.8 - https:\/\/yoast.com\/wordpress\/plugins\/seo\/ -->\n<title>Cisterna de almacenamiento abierta - Agua bruta o potable | Pronal<\/title>\n<meta name=\"description\" content=\"Nuestra cisterna de almacenamiento abierta Opentank permite almacenar de manera simple y r\u00e1pida agua bruta o potable para bomberos u organizaciones humanitarias.\" \/>\n<meta name=\"robots\" content=\"index, follow, max-snippet:-1, max-image-preview:large, max-video-preview:-1\" \/>\n<link rel=\"canonical\" href=\"https:\/\/www.pronal.com\/es\/produit\/cisternas-flexibles-de-almacenamiento\/almacenamiento-de-agua-cruda\/cisterna-de-almacenamiento-abierta-opentank\/\" \/>\n<meta property=\"og:locale\" content=\"es_ES\" \/>\n<meta property=\"og:type\" content=\"article\" \/>\n<meta property=\"og:title\" content=\"Cisterna de almacenamiento abierta - Agua bruta o potable | Pronal\" \/>\n<meta property=\"og:description\" content=\"Nuestra cisterna de almacenamiento abierta Opentank permite almacenar de manera simple y r\u00e1pida agua bruta o potable para bomberos u organizaciones humanitarias.\" \/>\n<meta property=\"og:url\" content=\"https:\/\/www.pronal.com\/es\/produit\/cisternas-flexibles-de-almacenamiento\/almacenamiento-de-agua-cruda\/cisterna-de-almacenamiento-abierta-opentank\/\" \/>\n<meta property=\"og:site_name\" content=\"Pronal - Conception et fabrication de structure flexible\" \/>\n<meta property=\"article:modified_time\" content=\"2025-09-23T07:29:08+00:00\" \/>\n<meta property=\"og:image\" content=\"https:\/\/www.pronal.com\/wp-content\/uploads\/2019\/03\/citerne-de-stockage-ouverte-compressed.jpg\" \/>\n\t<meta property=\"og:image:width\" content=\"2560\" \/>\n\t<meta property=\"og:image:height\" content=\"1920\" \/>\n\t<meta property=\"og:image:type\" content=\"image\/jpeg\" \/>\n<meta name=\"twitter:card\" content=\"summary_large_image\" \/>\n<meta name=\"twitter:label1\" content=\"Tiempo de lectura\" \/>\n\t<meta name=\"twitter:data1\" content=\"1 minuto\" \/>\n<script type=\"application\/ld+json\" class=\"yoast-schema-graph\">{\"@context\":\"https:\/\/schema.org\",\"@graph\":[{\"@type\":\"WebPage\",\"@id\":\"https:\/\/www.pronal.com\/es\/produit\/cisternas-flexibles-de-almacenamiento\/almacenamiento-de-agua-cruda\/cisterna-de-almacenamiento-abierta-opentank\/\",\"url\":\"https:\/\/www.pronal.com\/es\/produit\/cisternas-flexibles-de-almacenamiento\/almacenamiento-de-agua-cruda\/cisterna-de-almacenamiento-abierta-opentank\/\",\"name\":\"Cisterna de almacenamiento abierta - Agua bruta o potable | Pronal\",\"isPartOf\":{\"@id\":\"https:\/\/www.pronal.com\/es\/#website\"},\"primaryImageOfPage\":{\"@id\":\"https:\/\/www.pronal.com\/es\/produit\/cisternas-flexibles-de-almacenamiento\/almacenamiento-de-agua-cruda\/cisterna-de-almacenamiento-abierta-opentank\/#primaryimage\"},\"image\":{\"@id\":\"https:\/\/www.pronal.com\/es\/produit\/cisternas-flexibles-de-almacenamiento\/almacenamiento-de-agua-cruda\/cisterna-de-almacenamiento-abierta-opentank\/#primaryimage\"},\"thumbnailUrl\":\"https:\/\/www.pronal.com\/wp-content\/uploads\/2019\/03\/citerne-de-stockage-ouverte-compressed.jpg\",\"datePublished\":\"2019-03-11T16:30:31+00:00\",\"dateModified\":\"2025-09-23T07:29:08+00:00\",\"description\":\"Nuestra cisterna de almacenamiento abierta Opentank permite almacenar de manera simple y r\u00e1pida agua bruta o potable para bomberos u organizaciones humanitarias.\",\"breadcrumb\":{\"@id\":\"https:\/\/www.pronal.com\/es\/produit\/cisternas-flexibles-de-almacenamiento\/almacenamiento-de-agua-cruda\/cisterna-de-almacenamiento-abierta-opentank\/#breadcrumb\"},\"inLanguage\":\"es\",\"potentialAction\":[{\"@type\":\"ReadAction\",\"target\":[\"https:\/\/www.pronal.com\/es\/produit\/cisternas-flexibles-de-almacenamiento\/almacenamiento-de-agua-cruda\/cisterna-de-almacenamiento-abierta-opentank\/\"]}]},{\"@type\":\"ImageObject\",\"inLanguage\":\"es\",\"@id\":\"https:\/\/www.pronal.com\/es\/produit\/cisternas-flexibles-de-almacenamiento\/almacenamiento-de-agua-cruda\/cisterna-de-almacenamiento-abierta-opentank\/#primaryimage\",\"url\":\"https:\/\/www.pronal.com\/wp-content\/uploads\/2019\/03\/citerne-de-stockage-ouverte-compressed.jpg\",\"contentUrl\":\"https:\/\/www.pronal.com\/wp-content\/uploads\/2019\/03\/citerne-de-stockage-ouverte-compressed.jpg\",\"width\":2560,\"height\":1920,\"caption\":\"citerne de stockage ouverte\"},{\"@type\":\"BreadcrumbList\",\"@id\":\"https:\/\/www.pronal.com\/es\/produit\/cisternas-flexibles-de-almacenamiento\/almacenamiento-de-agua-cruda\/cisterna-de-almacenamiento-abierta-opentank\/#breadcrumb\",\"itemListElement\":[{\"@type\":\"ListItem\",\"position\":1,\"name\":\"Cat\u00e1logo de productos\",\"item\":\"https:\/\/www.pronal.com\/es\/catalogo-de-productos\/\"},{\"@type\":\"ListItem\",\"position\":2,\"name\":\"Cisterna de almacenamiento abierta Opentank\"}]},{\"@type\":\"WebSite\",\"@id\":\"https:\/\/www.pronal.com\/es\/#website\",\"url\":\"https:\/\/www.pronal.com\/es\/\",\"name\":\"Pronal - Conception et fabrication de structure flexible\",\"description\":\"Pronal - Conception et fabrication de structure flexible\",\"publisher\":{\"@id\":\"https:\/\/www.pronal.com\/es\/#organization\"},\"potentialAction\":[{\"@type\":\"SearchAction\",\"target\":{\"@type\":\"EntryPoint\",\"urlTemplate\":\"https:\/\/www.pronal.com\/es\/?s={search_term_string}\"},\"query-input\":{\"@type\":\"PropertyValueSpecification\",\"valueRequired\":true,\"valueName\":\"search_term_string\"}}],\"inLanguage\":\"es\"},{\"@type\":\"Organization\",\"@id\":\"https:\/\/www.pronal.com\/es\/#organization\",\"name\":\"Pronal\",\"url\":\"https:\/\/www.pronal.com\/es\/\",\"logo\":{\"@type\":\"ImageObject\",\"inLanguage\":\"es\",\"@id\":\"https:\/\/www.pronal.com\/es\/#\/schema\/logo\/image\/\",\"url\":\"https:\/\/www.pronal.com\/wp-content\/uploads\/2019\/06\/logo-pronal.png\",\"contentUrl\":\"https:\/\/www.pronal.com\/wp-content\/uploads\/2019\/06\/logo-pronal.png\",\"width\":504,\"height\":80,\"caption\":\"Pronal\"},\"image\":{\"@id\":\"https:\/\/www.pronal.com\/es\/#\/schema\/logo\/image\/\"}}]}<\/script>\n<!-- \/ Yoast SEO plugin. -->","yoast_head_json":{"title":"Cisterna de almacenamiento abierta - Agua bruta o potable | Pronal","description":"Nuestra cisterna de almacenamiento abierta Opentank permite almacenar de manera simple y r\u00e1pida agua bruta o potable para bomberos u organizaciones humanitarias.","robots":{"index":"index","follow":"follow","max-snippet":"max-snippet:-1","max-image-preview":"max-image-preview:large","max-video-preview":"max-video-preview:-1"},"canonical":"https:\/\/www.pronal.com\/es\/produit\/cisternas-flexibles-de-almacenamiento\/almacenamiento-de-agua-cruda\/cisterna-de-almacenamiento-abierta-opentank\/","og_locale":"es_ES","og_type":"article","og_title":"Cisterna de almacenamiento abierta - Agua bruta o potable | Pronal","og_description":"Nuestra cisterna de almacenamiento abierta Opentank permite almacenar de manera simple y r\u00e1pida agua bruta o potable para bomberos u organizaciones humanitarias.","og_url":"https:\/\/www.pronal.com\/es\/produit\/cisternas-flexibles-de-almacenamiento\/almacenamiento-de-agua-cruda\/cisterna-de-almacenamiento-abierta-opentank\/","og_site_name":"Pronal - Conception et fabrication de structure flexible","article_modified_time":"2025-09-23T07:29:08+00:00","og_image":[{"width":2560,"height":1920,"url":"https:\/\/www.pronal.com\/wp-content\/uploads\/2019\/03\/citerne-de-stockage-ouverte-compressed.jpg","type":"image\/jpeg"}],"twitter_card":"summary_large_image","twitter_misc":{"Tiempo de lectura":"1 minuto"},"schema":{"@context":"https:\/\/schema.org","@graph":[{"@type":"WebPage","@id":"https:\/\/www.pronal.com\/es\/produit\/cisternas-flexibles-de-almacenamiento\/almacenamiento-de-agua-cruda\/cisterna-de-almacenamiento-abierta-opentank\/","url":"https:\/\/www.pronal.com\/es\/produit\/cisternas-flexibles-de-almacenamiento\/almacenamiento-de-agua-cruda\/cisterna-de-almacenamiento-abierta-opentank\/","name":"Cisterna de almacenamiento abierta - Agua bruta o potable | Pronal","isPartOf":{"@id":"https:\/\/www.pronal.com\/es\/#website"},"primaryImageOfPage":{"@id":"https:\/\/www.pronal.com\/es\/produit\/cisternas-flexibles-de-almacenamiento\/almacenamiento-de-agua-cruda\/cisterna-de-almacenamiento-abierta-opentank\/#primaryimage"},"image":{"@id":"https:\/\/www.pronal.com\/es\/produit\/cisternas-flexibles-de-almacenamiento\/almacenamiento-de-agua-cruda\/cisterna-de-almacenamiento-abierta-opentank\/#primaryimage"},"thumbnailUrl":"https:\/\/www.pronal.com\/wp-content\/uploads\/2019\/03\/citerne-de-stockage-ouverte-compressed.jpg","datePublished":"2019-03-11T16:30:31+00:00","dateModified":"2025-09-23T07:29:08+00:00","description":"Nuestra cisterna de almacenamiento abierta Opentank permite almacenar de manera simple y r\u00e1pida agua bruta o potable para bomberos u organizaciones humanitarias.","breadcrumb":{"@id":"https:\/\/www.pronal.com\/es\/produit\/cisternas-flexibles-de-almacenamiento\/almacenamiento-de-agua-cruda\/cisterna-de-almacenamiento-abierta-opentank\/#breadcrumb"},"inLanguage":"es","potentialAction":[{"@type":"ReadAction","target":["https:\/\/www.pronal.com\/es\/produit\/cisternas-flexibles-de-almacenamiento\/almacenamiento-de-agua-cruda\/cisterna-de-almacenamiento-abierta-opentank\/"]}]},{"@type":"ImageObject","inLanguage":"es","@id":"https:\/\/www.pronal.com\/es\/produit\/cisternas-flexibles-de-almacenamiento\/almacenamiento-de-agua-cruda\/cisterna-de-almacenamiento-abierta-opentank\/#primaryimage","url":"https:\/\/www.pronal.com\/wp-content\/uploads\/2019\/03\/citerne-de-stockage-ouverte-compressed.jpg","contentUrl":"https:\/\/www.pronal.com\/wp-content\/uploads\/2019\/03\/citerne-de-stockage-ouverte-compressed.jpg","width":2560,"height":1920,"caption":"citerne de stockage ouverte"},{"@type":"BreadcrumbList","@id":"https:\/\/www.pronal.com\/es\/produit\/cisternas-flexibles-de-almacenamiento\/almacenamiento-de-agua-cruda\/cisterna-de-almacenamiento-abierta-opentank\/#breadcrumb","itemListElement":[{"@type":"ListItem","position":1,"name":"Cat\u00e1logo de productos","item":"https:\/\/www.pronal.com\/es\/catalogo-de-productos\/"},{"@type":"ListItem","position":2,"name":"Cisterna de almacenamiento abierta Opentank"}]},{"@type":"WebSite","@id":"https:\/\/www.pronal.com\/es\/#website","url":"https:\/\/www.pronal.com\/es\/","name":"Pronal - Conception et fabrication de structure flexible","description":"Pronal - Conception et fabrication de structure flexible","publisher":{"@id":"https:\/\/www.pronal.com\/es\/#organization"},"potentialAction":[{"@type":"SearchAction","target":{"@type":"EntryPoint","urlTemplate":"https:\/\/www.pronal.com\/es\/?s={search_term_string}"},"query-input":{"@type":"PropertyValueSpecification","valueRequired":true,"valueName":"search_term_string"}}],"inLanguage":"es"},{"@type":"Organization","@id":"https:\/\/www.pronal.com\/es\/#organization","name":"Pronal","url":"https:\/\/www.pronal.com\/es\/","logo":{"@type":"ImageObject","inLanguage":"es","@id":"https:\/\/www.pronal.com\/es\/#\/schema\/logo\/image\/","url":"https:\/\/www.pronal.com\/wp-content\/uploads\/2019\/06\/logo-pronal.png","contentUrl":"https:\/\/www.pronal.com\/wp-content\/uploads\/2019\/06\/logo-pronal.png","width":504,"height":80,"caption":"Pronal"},"image":{"@id":"https:\/\/www.pronal.com\/es\/#\/schema\/logo\/image\/"}}]}},"_links":{"self":[{"href":"https:\/\/www.pronal.com\/es\/wp-json\/wp\/v2\/product\/9502","targetHints":{"allow":["GET"]}}],"collection":[{"href":"https:\/\/www.pronal.com\/es\/wp-json\/wp\/v2\/product"}],"about":[{"href":"https:\/\/www.pronal.com\/es\/wp-json\/wp\/v2\/types\/product"}],"wp:featuredmedia":[{"embeddable":true,"href":"https:\/\/www.pronal.com\/es\/wp-json\/wp\/v2\/media\/18173"}],"wp:attachment":[{"href":"https:\/\/www.pronal.com\/es\/wp-json\/wp\/v2\/media?parent=9502"}],"wp:term":[{"taxonomy":"product_brand","embeddable":true,"href":"https:\/\/www.pronal.com\/es\/wp-json\/wp\/v2\/product_brand?post=9502"},{"taxonomy":"product_cat","embeddable":true,"href":"https:\/\/www.pronal.com\/es\/wp-json\/wp\/v2\/product_cat?post=9502"},{"taxonomy":"product_tag","embeddable":true,"href":"https:\/\/www.pronal.com\/es\/wp-json\/wp\/v2\/product_tag?post=9502"}],"curies":[{"name":"wp","href":"https:\/\/api.w.org\/{rel}","templated":true}]}}