{"id":9522,"date":"2019-05-03T10:30:49","date_gmt":"2019-05-03T08:30:49","guid":{"rendered":"https:\/\/www.pronal.com\/produit\/sincategorizar\/detecteurs-de-rupture-brr\/"},"modified":"2025-10-27T12:33:56","modified_gmt":"2025-10-27T11:33:56","slug":"detector-de-rotura-brr","status":"publish","type":"product","link":"https:\/\/www.pronal.com\/es\/produit\/compensadores-inflables\/compensacion-de-aceite-dielectrico\/detector-de-rotura-brr\/","title":{"rendered":"Detector de rotura BRR"},"content":{"rendered":"<p style=\"text-align: left;\">El detector de rotura BRR (Bladder Rupture Relay), junto con el separador de aceite <a href=\"https:\/\/www.pronal.com\/es\/producto\/compensadores-inflables\/separador-flexible-stp\/\"><strong><span style=\"color: #00a7e1;\">STP Pronal<\/span><\/strong><\/a>, es un sistema inteligente capace de detectar <strong><span style=\"color: #00a7e1;\">cualquier l\u00edquido anormalamente presente en la membrana del conservador<\/span><\/strong> (aceite en caso de fuga o fallo de conexi\u00f3n o condensaci\u00f3n debido a un problema de secador).<\/p>\n<p style=\"text-align: left;\">Est\u00e1 formado por un sensor \u00f3ptico, que se instala en la membrana a trav\u00e9s de la brida durante el montaje o el mantenimiento, y una <strong><span style=\"color: #00a7e1;\">caja de conexi\u00f3n<\/span><\/strong> que conecta el sensor a la unidad de control exterior instalada en el cuadro el\u00e9ctrico del transformador. Los dos leds instalados en la unidad permiten disfrutar de un control visual continuo. El led rojo indica una anomal\u00eda. El led verde un funcionamiento normal.<\/p>\n","protected":false},"excerpt":{"rendered":"<p>Detector de rotura inteligente para conservador de transformador<\/p>\n","protected":false},"featured_media":3844,"template":"","meta":{"_acf_changed":false,"inline_featured_image":false},"product_brand":[],"product_cat":[252,264],"product_tag":[460],"class_list":{"0":"post-9522","1":"product","2":"type-product","3":"status-publish","4":"has-post-thumbnail","6":"product_cat-compensadores-inflables","7":"product_cat-compensacion-de-aceite-dielectrico","8":"product_tag-compensar","10":"first","11":"instock","12":"shipping-taxable","13":"product-type-simple"},"acf":[],"yoast_head":"<!-- This site is optimized with the Yoast SEO plugin v25.8 - https:\/\/yoast.com\/wordpress\/plugins\/seo\/ -->\n<title>Detector de rotura BRR para conservador transformador | Pronal<\/title>\n<meta name=\"description\" content=\"El detector de rotura BRR, junto con nuestro separador STP, detecta cualquier l\u00edquido an\u00f3malamente presente en la membrana del conservador del transformador.\" \/>\n<meta name=\"robots\" content=\"index, follow, max-snippet:-1, max-image-preview:large, max-video-preview:-1\" \/>\n<link rel=\"canonical\" href=\"https:\/\/www.pronal.com\/es\/produit\/compensadores-inflables\/compensacion-de-aceite-dielectrico\/detector-de-rotura-brr\/\" \/>\n<meta property=\"og:locale\" content=\"es_ES\" \/>\n<meta property=\"og:type\" content=\"article\" \/>\n<meta property=\"og:title\" content=\"Detector de rotura BRR para conservador transformador | Pronal\" \/>\n<meta property=\"og:description\" content=\"El detector de rotura BRR, junto con nuestro separador STP, detecta cualquier l\u00edquido an\u00f3malamente presente en la membrana del conservador del transformador.\" \/>\n<meta property=\"og:url\" content=\"https:\/\/www.pronal.com\/es\/produit\/compensadores-inflables\/compensacion-de-aceite-dielectrico\/detector-de-rotura-brr\/\" \/>\n<meta property=\"og:site_name\" content=\"Pronal - Conception et fabrication de structure flexible\" \/>\n<meta property=\"article:modified_time\" content=\"2025-10-27T11:33:56+00:00\" \/>\n<meta property=\"og:image\" content=\"https:\/\/www.pronal.com\/wp-content\/uploads\/2019\/05\/BRR-system-1280x960.jpg\" \/>\n\t<meta property=\"og:image:width\" content=\"1280\" \/>\n\t<meta property=\"og:image:height\" content=\"960\" \/>\n\t<meta property=\"og:image:type\" content=\"image\/jpeg\" \/>\n<meta name=\"twitter:card\" content=\"summary_large_image\" \/>\n<meta name=\"twitter:label1\" content=\"Tiempo de lectura\" \/>\n\t<meta name=\"twitter:data1\" content=\"1 minuto\" \/>\n<script type=\"application\/ld+json\" class=\"yoast-schema-graph\">{\"@context\":\"https:\/\/schema.org\",\"@graph\":[{\"@type\":\"WebPage\",\"@id\":\"https:\/\/www.pronal.com\/es\/produit\/compensadores-inflables\/compensacion-de-aceite-dielectrico\/detector-de-rotura-brr\/\",\"url\":\"https:\/\/www.pronal.com\/es\/produit\/compensadores-inflables\/compensacion-de-aceite-dielectrico\/detector-de-rotura-brr\/\",\"name\":\"Detector de rotura BRR para conservador transformador | Pronal\",\"isPartOf\":{\"@id\":\"https:\/\/www.pronal.com\/es\/#website\"},\"primaryImageOfPage\":{\"@id\":\"https:\/\/www.pronal.com\/es\/produit\/compensadores-inflables\/compensacion-de-aceite-dielectrico\/detector-de-rotura-brr\/#primaryimage\"},\"image\":{\"@id\":\"https:\/\/www.pronal.com\/es\/produit\/compensadores-inflables\/compensacion-de-aceite-dielectrico\/detector-de-rotura-brr\/#primaryimage\"},\"thumbnailUrl\":\"https:\/\/www.pronal.com\/wp-content\/uploads\/2019\/05\/BRR-system.jpg\",\"datePublished\":\"2019-05-03T08:30:49+00:00\",\"dateModified\":\"2025-10-27T11:33:56+00:00\",\"description\":\"El detector de rotura BRR, junto con nuestro separador STP, detecta cualquier l\u00edquido an\u00f3malamente presente en la membrana del conservador del transformador.\",\"breadcrumb\":{\"@id\":\"https:\/\/www.pronal.com\/es\/produit\/compensadores-inflables\/compensacion-de-aceite-dielectrico\/detector-de-rotura-brr\/#breadcrumb\"},\"inLanguage\":\"es\",\"potentialAction\":[{\"@type\":\"ReadAction\",\"target\":[\"https:\/\/www.pronal.com\/es\/produit\/compensadores-inflables\/compensacion-de-aceite-dielectrico\/detector-de-rotura-brr\/\"]}]},{\"@type\":\"ImageObject\",\"inLanguage\":\"es\",\"@id\":\"https:\/\/www.pronal.com\/es\/produit\/compensadores-inflables\/compensacion-de-aceite-dielectrico\/detector-de-rotura-brr\/#primaryimage\",\"url\":\"https:\/\/www.pronal.com\/wp-content\/uploads\/2019\/05\/BRR-system.jpg\",\"contentUrl\":\"https:\/\/www.pronal.com\/wp-content\/uploads\/2019\/05\/BRR-system.jpg\",\"width\":4128,\"height\":3096,\"caption\":\"Detector de rotura BRR\"},{\"@type\":\"BreadcrumbList\",\"@id\":\"https:\/\/www.pronal.com\/es\/produit\/compensadores-inflables\/compensacion-de-aceite-dielectrico\/detector-de-rotura-brr\/#breadcrumb\",\"itemListElement\":[{\"@type\":\"ListItem\",\"position\":1,\"name\":\"Cat\u00e1logo de productos\",\"item\":\"https:\/\/www.pronal.com\/es\/catalogo-de-productos\/\"},{\"@type\":\"ListItem\",\"position\":2,\"name\":\"Detector de rotura BRR\"}]},{\"@type\":\"WebSite\",\"@id\":\"https:\/\/www.pronal.com\/es\/#website\",\"url\":\"https:\/\/www.pronal.com\/es\/\",\"name\":\"Pronal - Conception et fabrication de structure flexible\",\"description\":\"Pronal - Conception et fabrication de structure flexible\",\"publisher\":{\"@id\":\"https:\/\/www.pronal.com\/es\/#organization\"},\"potentialAction\":[{\"@type\":\"SearchAction\",\"target\":{\"@type\":\"EntryPoint\",\"urlTemplate\":\"https:\/\/www.pronal.com\/es\/?s={search_term_string}\"},\"query-input\":{\"@type\":\"PropertyValueSpecification\",\"valueRequired\":true,\"valueName\":\"search_term_string\"}}],\"inLanguage\":\"es\"},{\"@type\":\"Organization\",\"@id\":\"https:\/\/www.pronal.com\/es\/#organization\",\"name\":\"Pronal\",\"url\":\"https:\/\/www.pronal.com\/es\/\",\"logo\":{\"@type\":\"ImageObject\",\"inLanguage\":\"es\",\"@id\":\"https:\/\/www.pronal.com\/es\/#\/schema\/logo\/image\/\",\"url\":\"https:\/\/www.pronal.com\/wp-content\/uploads\/2019\/06\/logo-pronal.png\",\"contentUrl\":\"https:\/\/www.pronal.com\/wp-content\/uploads\/2019\/06\/logo-pronal.png\",\"width\":504,\"height\":80,\"caption\":\"Pronal\"},\"image\":{\"@id\":\"https:\/\/www.pronal.com\/es\/#\/schema\/logo\/image\/\"}}]}<\/script>\n<!-- \/ Yoast SEO plugin. -->","yoast_head_json":{"title":"Detector de rotura BRR para conservador transformador | Pronal","description":"El detector de rotura BRR, junto con nuestro separador STP, detecta cualquier l\u00edquido an\u00f3malamente presente en la membrana del conservador del transformador.","robots":{"index":"index","follow":"follow","max-snippet":"max-snippet:-1","max-image-preview":"max-image-preview:large","max-video-preview":"max-video-preview:-1"},"canonical":"https:\/\/www.pronal.com\/es\/produit\/compensadores-inflables\/compensacion-de-aceite-dielectrico\/detector-de-rotura-brr\/","og_locale":"es_ES","og_type":"article","og_title":"Detector de rotura BRR para conservador transformador | Pronal","og_description":"El detector de rotura BRR, junto con nuestro separador STP, detecta cualquier l\u00edquido an\u00f3malamente presente en la membrana del conservador del transformador.","og_url":"https:\/\/www.pronal.com\/es\/produit\/compensadores-inflables\/compensacion-de-aceite-dielectrico\/detector-de-rotura-brr\/","og_site_name":"Pronal - Conception et fabrication de structure flexible","article_modified_time":"2025-10-27T11:33:56+00:00","og_image":[{"width":1280,"height":960,"url":"https:\/\/www.pronal.com\/wp-content\/uploads\/2019\/05\/BRR-system-1280x960.jpg","type":"image\/jpeg"}],"twitter_card":"summary_large_image","twitter_misc":{"Tiempo de lectura":"1 minuto"},"schema":{"@context":"https:\/\/schema.org","@graph":[{"@type":"WebPage","@id":"https:\/\/www.pronal.com\/es\/produit\/compensadores-inflables\/compensacion-de-aceite-dielectrico\/detector-de-rotura-brr\/","url":"https:\/\/www.pronal.com\/es\/produit\/compensadores-inflables\/compensacion-de-aceite-dielectrico\/detector-de-rotura-brr\/","name":"Detector de rotura BRR para conservador transformador | Pronal","isPartOf":{"@id":"https:\/\/www.pronal.com\/es\/#website"},"primaryImageOfPage":{"@id":"https:\/\/www.pronal.com\/es\/produit\/compensadores-inflables\/compensacion-de-aceite-dielectrico\/detector-de-rotura-brr\/#primaryimage"},"image":{"@id":"https:\/\/www.pronal.com\/es\/produit\/compensadores-inflables\/compensacion-de-aceite-dielectrico\/detector-de-rotura-brr\/#primaryimage"},"thumbnailUrl":"https:\/\/www.pronal.com\/wp-content\/uploads\/2019\/05\/BRR-system.jpg","datePublished":"2019-05-03T08:30:49+00:00","dateModified":"2025-10-27T11:33:56+00:00","description":"El detector de rotura BRR, junto con nuestro separador STP, detecta cualquier l\u00edquido an\u00f3malamente presente en la membrana del conservador del transformador.","breadcrumb":{"@id":"https:\/\/www.pronal.com\/es\/produit\/compensadores-inflables\/compensacion-de-aceite-dielectrico\/detector-de-rotura-brr\/#breadcrumb"},"inLanguage":"es","potentialAction":[{"@type":"ReadAction","target":["https:\/\/www.pronal.com\/es\/produit\/compensadores-inflables\/compensacion-de-aceite-dielectrico\/detector-de-rotura-brr\/"]}]},{"@type":"ImageObject","inLanguage":"es","@id":"https:\/\/www.pronal.com\/es\/produit\/compensadores-inflables\/compensacion-de-aceite-dielectrico\/detector-de-rotura-brr\/#primaryimage","url":"https:\/\/www.pronal.com\/wp-content\/uploads\/2019\/05\/BRR-system.jpg","contentUrl":"https:\/\/www.pronal.com\/wp-content\/uploads\/2019\/05\/BRR-system.jpg","width":4128,"height":3096,"caption":"Detector de rotura BRR"},{"@type":"BreadcrumbList","@id":"https:\/\/www.pronal.com\/es\/produit\/compensadores-inflables\/compensacion-de-aceite-dielectrico\/detector-de-rotura-brr\/#breadcrumb","itemListElement":[{"@type":"ListItem","position":1,"name":"Cat\u00e1logo de productos","item":"https:\/\/www.pronal.com\/es\/catalogo-de-productos\/"},{"@type":"ListItem","position":2,"name":"Detector de rotura BRR"}]},{"@type":"WebSite","@id":"https:\/\/www.pronal.com\/es\/#website","url":"https:\/\/www.pronal.com\/es\/","name":"Pronal - Conception et fabrication de structure flexible","description":"Pronal - Conception et fabrication de structure flexible","publisher":{"@id":"https:\/\/www.pronal.com\/es\/#organization"},"potentialAction":[{"@type":"SearchAction","target":{"@type":"EntryPoint","urlTemplate":"https:\/\/www.pronal.com\/es\/?s={search_term_string}"},"query-input":{"@type":"PropertyValueSpecification","valueRequired":true,"valueName":"search_term_string"}}],"inLanguage":"es"},{"@type":"Organization","@id":"https:\/\/www.pronal.com\/es\/#organization","name":"Pronal","url":"https:\/\/www.pronal.com\/es\/","logo":{"@type":"ImageObject","inLanguage":"es","@id":"https:\/\/www.pronal.com\/es\/#\/schema\/logo\/image\/","url":"https:\/\/www.pronal.com\/wp-content\/uploads\/2019\/06\/logo-pronal.png","contentUrl":"https:\/\/www.pronal.com\/wp-content\/uploads\/2019\/06\/logo-pronal.png","width":504,"height":80,"caption":"Pronal"},"image":{"@id":"https:\/\/www.pronal.com\/es\/#\/schema\/logo\/image\/"}}]}},"_links":{"self":[{"href":"https:\/\/www.pronal.com\/es\/wp-json\/wp\/v2\/product\/9522","targetHints":{"allow":["GET"]}}],"collection":[{"href":"https:\/\/www.pronal.com\/es\/wp-json\/wp\/v2\/product"}],"about":[{"href":"https:\/\/www.pronal.com\/es\/wp-json\/wp\/v2\/types\/product"}],"wp:featuredmedia":[{"embeddable":true,"href":"https:\/\/www.pronal.com\/es\/wp-json\/wp\/v2\/media\/3844"}],"wp:attachment":[{"href":"https:\/\/www.pronal.com\/es\/wp-json\/wp\/v2\/media?parent=9522"}],"wp:term":[{"taxonomy":"product_brand","embeddable":true,"href":"https:\/\/www.pronal.com\/es\/wp-json\/wp\/v2\/product_brand?post=9522"},{"taxonomy":"product_cat","embeddable":true,"href":"https:\/\/www.pronal.com\/es\/wp-json\/wp\/v2\/product_cat?post=9522"},{"taxonomy":"product_tag","embeddable":true,"href":"https:\/\/www.pronal.com\/es\/wp-json\/wp\/v2\/product_tag?post=9522"}],"curies":[{"name":"wp","href":"https:\/\/api.w.org\/{rel}","templated":true}]}}