{"id":9523,"date":"2019-05-03T10:26:01","date_gmt":"2019-05-03T08:26:01","guid":{"rendered":"https:\/\/www.pronal.com\/produit\/sincategorizar\/membranes-de-compensation-mtp\/"},"modified":"2025-04-28T17:32:10","modified_gmt":"2025-04-28T15:32:10","slug":"membrana-de-compensacion-mtp","status":"publish","type":"product","link":"https:\/\/www.pronal.com\/es\/produit\/citernes-souples-de-stockage\/membrana-de-compensacion-mtp\/","title":{"rendered":"Membrana de compensaci\u00f3n MTP"},"content":{"rendered":"<p style=\"text-align: left;\"><strong><span style=\"color: #00a7e1;\">Lo separador membrana de compensaci\u00f3n MTP<\/span><\/strong> para conservadores atornillados en la periferia (dos partes) protege el aceite diel\u00e9ctrico de los transformadores de potencia. En un lado de la membrana est\u00e1 el aceite, mientras que el otro se comunica con la atm\u00f3sfera. De este modo se puede compensar las variaciones de volumen de aceite diel\u00e9ctrico vinculadas a las temperaturas y proteger el sistema de las contaminaciones externas.<\/p>\n<p style=\"text-align: left;\">Nuestra membrana de compensaci\u00f3n est\u00e1 dise\u00f1ada <strong><span style=\"color: #00a7e1;\">a medida<\/span><\/strong> (forma, dimensiones, perforaci\u00f3n perif\u00e9rica). Se suministra con <strong><span style=\"color: #00a7e1;\">una v\u00e1lvula de purga<\/span><\/strong> y <strong><span style=\"color: #00a7e1;\">dos juntas<\/span><\/strong> que garantizan la estanqueidad entre las bridas del conservador cuando se atornilla. Por su impermeabilidad a gases, aceites y aguas, as\u00ed como su gran resistencia mec\u00e1nica, la membrana MTP Pronal ofrece una protecci\u00f3n realmente eficaz del transformador el\u00e9ctrico.<\/p>\n<p>Para la compensaci\u00f3n de aceite en conservadores m\u00e1s est\u00e1ndar, existe <a href=\"https:\/\/www.pronal.com\/es\/producto\/compensadores-inflables\/separador-flexible-stp\/\">el separador inflable STP<\/a>.<\/p>\n","protected":false},"excerpt":{"rendered":"<p>Compensaci\u00f3n de aceite diel\u00e9ctrico &#8211; A medida<\/p>\n","protected":false},"featured_media":4732,"template":"","meta":{"_acf_changed":false,"inline_featured_image":false},"product_brand":[],"product_cat":[252,264],"product_tag":[460],"class_list":{"0":"post-9523","1":"product","2":"type-product","3":"status-publish","4":"has-post-thumbnail","6":"product_cat-compensadores-inflables","7":"product_cat-compensacion-de-aceite-dielectrico","8":"product_tag-compensar","10":"first","11":"instock","12":"shipping-taxable","13":"product-type-simple"},"acf":[],"yoast_head":"<!-- This site is optimized with the Yoast SEO plugin v25.8 - https:\/\/yoast.com\/wordpress\/plugins\/seo\/ -->\n<title>Membrana de compensaci\u00f3n MTP para transformador | Pronal<\/title>\n<meta name=\"description\" content=\"Descubra nuestra membrana de compensaci\u00f3n MTP para la protecci\u00f3n de los aceites diel\u00e9ctricos presentes en sus conservadores atornillados en dos partes.\" \/>\n<meta name=\"robots\" content=\"index, follow, max-snippet:-1, max-image-preview:large, max-video-preview:-1\" \/>\n<link rel=\"canonical\" href=\"https:\/\/www.pronal.com\/es\/produit\/citernes-souples-de-stockage\/membrana-de-compensacion-mtp\/\" \/>\n<meta property=\"og:locale\" content=\"es_ES\" \/>\n<meta property=\"og:type\" content=\"article\" \/>\n<meta property=\"og:title\" content=\"Membrana de compensaci\u00f3n MTP para transformador | Pronal\" \/>\n<meta property=\"og:description\" content=\"Descubra nuestra membrana de compensaci\u00f3n MTP para la protecci\u00f3n de los aceites diel\u00e9ctricos presentes en sus conservadores atornillados en dos partes.\" \/>\n<meta property=\"og:url\" content=\"https:\/\/www.pronal.com\/es\/produit\/citernes-souples-de-stockage\/membrana-de-compensacion-mtp\/\" \/>\n<meta property=\"og:site_name\" content=\"Pronal - Conception et fabrication de structure flexible\" \/>\n<meta property=\"article:modified_time\" content=\"2025-04-28T15:32:10+00:00\" \/>\n<meta property=\"og:image\" content=\"https:\/\/www.pronal.com\/wp-content\/uploads\/2019\/05\/conservateur-avec-membraneMTP.jpg\" \/>\n\t<meta property=\"og:image:width\" content=\"1950\" \/>\n\t<meta property=\"og:image:height\" content=\"1682\" \/>\n\t<meta property=\"og:image:type\" content=\"image\/jpeg\" \/>\n<meta name=\"twitter:card\" content=\"summary_large_image\" \/>\n<meta name=\"twitter:label1\" content=\"Tiempo de lectura\" \/>\n\t<meta name=\"twitter:data1\" content=\"1 minuto\" \/>\n<script type=\"application\/ld+json\" class=\"yoast-schema-graph\">{\"@context\":\"https:\/\/schema.org\",\"@graph\":[{\"@type\":\"WebPage\",\"@id\":\"https:\/\/www.pronal.com\/es\/produit\/citernes-souples-de-stockage\/membrana-de-compensacion-mtp\/\",\"url\":\"https:\/\/www.pronal.com\/es\/produit\/citernes-souples-de-stockage\/membrana-de-compensacion-mtp\/\",\"name\":\"Membrana de compensaci\u00f3n MTP para transformador | Pronal\",\"isPartOf\":{\"@id\":\"https:\/\/www.pronal.com\/es\/#website\"},\"primaryImageOfPage\":{\"@id\":\"https:\/\/www.pronal.com\/es\/produit\/citernes-souples-de-stockage\/membrana-de-compensacion-mtp\/#primaryimage\"},\"image\":{\"@id\":\"https:\/\/www.pronal.com\/es\/produit\/citernes-souples-de-stockage\/membrana-de-compensacion-mtp\/#primaryimage\"},\"thumbnailUrl\":\"https:\/\/www.pronal.com\/wp-content\/uploads\/2019\/05\/conservateur-avec-membraneMTP.jpg\",\"datePublished\":\"2019-05-03T08:26:01+00:00\",\"dateModified\":\"2025-04-28T15:32:10+00:00\",\"description\":\"Descubra nuestra membrana de compensaci\u00f3n MTP para la protecci\u00f3n de los aceites diel\u00e9ctricos presentes en sus conservadores atornillados en dos partes.\",\"breadcrumb\":{\"@id\":\"https:\/\/www.pronal.com\/es\/produit\/citernes-souples-de-stockage\/membrana-de-compensacion-mtp\/#breadcrumb\"},\"inLanguage\":\"es\",\"potentialAction\":[{\"@type\":\"ReadAction\",\"target\":[\"https:\/\/www.pronal.com\/es\/produit\/citernes-souples-de-stockage\/membrana-de-compensacion-mtp\/\"]}]},{\"@type\":\"ImageObject\",\"inLanguage\":\"es\",\"@id\":\"https:\/\/www.pronal.com\/es\/produit\/citernes-souples-de-stockage\/membrana-de-compensacion-mtp\/#primaryimage\",\"url\":\"https:\/\/www.pronal.com\/wp-content\/uploads\/2019\/05\/conservateur-avec-membraneMTP.jpg\",\"contentUrl\":\"https:\/\/www.pronal.com\/wp-content\/uploads\/2019\/05\/conservateur-avec-membraneMTP.jpg\",\"width\":1950,\"height\":1682,\"caption\":\"Membrana de compensaci\u00f3n MTP\"},{\"@type\":\"BreadcrumbList\",\"@id\":\"https:\/\/www.pronal.com\/es\/produit\/citernes-souples-de-stockage\/membrana-de-compensacion-mtp\/#breadcrumb\",\"itemListElement\":[{\"@type\":\"ListItem\",\"position\":1,\"name\":\"Cat\u00e1logo de productos\",\"item\":\"https:\/\/www.pronal.com\/es\/catalogo-de-productos\/\"},{\"@type\":\"ListItem\",\"position\":2,\"name\":\"Membrana de compensaci\u00f3n MTP\"}]},{\"@type\":\"WebSite\",\"@id\":\"https:\/\/www.pronal.com\/es\/#website\",\"url\":\"https:\/\/www.pronal.com\/es\/\",\"name\":\"Pronal - Conception et fabrication de structure flexible\",\"description\":\"Pronal - Conception et fabrication de structure flexible\",\"publisher\":{\"@id\":\"https:\/\/www.pronal.com\/es\/#organization\"},\"potentialAction\":[{\"@type\":\"SearchAction\",\"target\":{\"@type\":\"EntryPoint\",\"urlTemplate\":\"https:\/\/www.pronal.com\/es\/?s={search_term_string}\"},\"query-input\":{\"@type\":\"PropertyValueSpecification\",\"valueRequired\":true,\"valueName\":\"search_term_string\"}}],\"inLanguage\":\"es\"},{\"@type\":\"Organization\",\"@id\":\"https:\/\/www.pronal.com\/es\/#organization\",\"name\":\"Pronal\",\"url\":\"https:\/\/www.pronal.com\/es\/\",\"logo\":{\"@type\":\"ImageObject\",\"inLanguage\":\"es\",\"@id\":\"https:\/\/www.pronal.com\/es\/#\/schema\/logo\/image\/\",\"url\":\"https:\/\/www.pronal.com\/wp-content\/uploads\/2019\/06\/logo-pronal.png\",\"contentUrl\":\"https:\/\/www.pronal.com\/wp-content\/uploads\/2019\/06\/logo-pronal.png\",\"width\":504,\"height\":80,\"caption\":\"Pronal\"},\"image\":{\"@id\":\"https:\/\/www.pronal.com\/es\/#\/schema\/logo\/image\/\"}}]}<\/script>\n<!-- \/ Yoast SEO plugin. -->","yoast_head_json":{"title":"Membrana de compensaci\u00f3n MTP para transformador | Pronal","description":"Descubra nuestra membrana de compensaci\u00f3n MTP para la protecci\u00f3n de los aceites diel\u00e9ctricos presentes en sus conservadores atornillados en dos partes.","robots":{"index":"index","follow":"follow","max-snippet":"max-snippet:-1","max-image-preview":"max-image-preview:large","max-video-preview":"max-video-preview:-1"},"canonical":"https:\/\/www.pronal.com\/es\/produit\/citernes-souples-de-stockage\/membrana-de-compensacion-mtp\/","og_locale":"es_ES","og_type":"article","og_title":"Membrana de compensaci\u00f3n MTP para transformador | Pronal","og_description":"Descubra nuestra membrana de compensaci\u00f3n MTP para la protecci\u00f3n de los aceites diel\u00e9ctricos presentes en sus conservadores atornillados en dos partes.","og_url":"https:\/\/www.pronal.com\/es\/produit\/citernes-souples-de-stockage\/membrana-de-compensacion-mtp\/","og_site_name":"Pronal - Conception et fabrication de structure flexible","article_modified_time":"2025-04-28T15:32:10+00:00","og_image":[{"width":1950,"height":1682,"url":"https:\/\/www.pronal.com\/wp-content\/uploads\/2019\/05\/conservateur-avec-membraneMTP.jpg","type":"image\/jpeg"}],"twitter_card":"summary_large_image","twitter_misc":{"Tiempo de lectura":"1 minuto"},"schema":{"@context":"https:\/\/schema.org","@graph":[{"@type":"WebPage","@id":"https:\/\/www.pronal.com\/es\/produit\/citernes-souples-de-stockage\/membrana-de-compensacion-mtp\/","url":"https:\/\/www.pronal.com\/es\/produit\/citernes-souples-de-stockage\/membrana-de-compensacion-mtp\/","name":"Membrana de compensaci\u00f3n MTP para transformador | Pronal","isPartOf":{"@id":"https:\/\/www.pronal.com\/es\/#website"},"primaryImageOfPage":{"@id":"https:\/\/www.pronal.com\/es\/produit\/citernes-souples-de-stockage\/membrana-de-compensacion-mtp\/#primaryimage"},"image":{"@id":"https:\/\/www.pronal.com\/es\/produit\/citernes-souples-de-stockage\/membrana-de-compensacion-mtp\/#primaryimage"},"thumbnailUrl":"https:\/\/www.pronal.com\/wp-content\/uploads\/2019\/05\/conservateur-avec-membraneMTP.jpg","datePublished":"2019-05-03T08:26:01+00:00","dateModified":"2025-04-28T15:32:10+00:00","description":"Descubra nuestra membrana de compensaci\u00f3n MTP para la protecci\u00f3n de los aceites diel\u00e9ctricos presentes en sus conservadores atornillados en dos partes.","breadcrumb":{"@id":"https:\/\/www.pronal.com\/es\/produit\/citernes-souples-de-stockage\/membrana-de-compensacion-mtp\/#breadcrumb"},"inLanguage":"es","potentialAction":[{"@type":"ReadAction","target":["https:\/\/www.pronal.com\/es\/produit\/citernes-souples-de-stockage\/membrana-de-compensacion-mtp\/"]}]},{"@type":"ImageObject","inLanguage":"es","@id":"https:\/\/www.pronal.com\/es\/produit\/citernes-souples-de-stockage\/membrana-de-compensacion-mtp\/#primaryimage","url":"https:\/\/www.pronal.com\/wp-content\/uploads\/2019\/05\/conservateur-avec-membraneMTP.jpg","contentUrl":"https:\/\/www.pronal.com\/wp-content\/uploads\/2019\/05\/conservateur-avec-membraneMTP.jpg","width":1950,"height":1682,"caption":"Membrana de compensaci\u00f3n MTP"},{"@type":"BreadcrumbList","@id":"https:\/\/www.pronal.com\/es\/produit\/citernes-souples-de-stockage\/membrana-de-compensacion-mtp\/#breadcrumb","itemListElement":[{"@type":"ListItem","position":1,"name":"Cat\u00e1logo de productos","item":"https:\/\/www.pronal.com\/es\/catalogo-de-productos\/"},{"@type":"ListItem","position":2,"name":"Membrana de compensaci\u00f3n MTP"}]},{"@type":"WebSite","@id":"https:\/\/www.pronal.com\/es\/#website","url":"https:\/\/www.pronal.com\/es\/","name":"Pronal - Conception et fabrication de structure flexible","description":"Pronal - Conception et fabrication de structure flexible","publisher":{"@id":"https:\/\/www.pronal.com\/es\/#organization"},"potentialAction":[{"@type":"SearchAction","target":{"@type":"EntryPoint","urlTemplate":"https:\/\/www.pronal.com\/es\/?s={search_term_string}"},"query-input":{"@type":"PropertyValueSpecification","valueRequired":true,"valueName":"search_term_string"}}],"inLanguage":"es"},{"@type":"Organization","@id":"https:\/\/www.pronal.com\/es\/#organization","name":"Pronal","url":"https:\/\/www.pronal.com\/es\/","logo":{"@type":"ImageObject","inLanguage":"es","@id":"https:\/\/www.pronal.com\/es\/#\/schema\/logo\/image\/","url":"https:\/\/www.pronal.com\/wp-content\/uploads\/2019\/06\/logo-pronal.png","contentUrl":"https:\/\/www.pronal.com\/wp-content\/uploads\/2019\/06\/logo-pronal.png","width":504,"height":80,"caption":"Pronal"},"image":{"@id":"https:\/\/www.pronal.com\/es\/#\/schema\/logo\/image\/"}}]}},"_links":{"self":[{"href":"https:\/\/www.pronal.com\/es\/wp-json\/wp\/v2\/product\/9523","targetHints":{"allow":["GET"]}}],"collection":[{"href":"https:\/\/www.pronal.com\/es\/wp-json\/wp\/v2\/product"}],"about":[{"href":"https:\/\/www.pronal.com\/es\/wp-json\/wp\/v2\/types\/product"}],"wp:featuredmedia":[{"embeddable":true,"href":"https:\/\/www.pronal.com\/es\/wp-json\/wp\/v2\/media\/4732"}],"wp:attachment":[{"href":"https:\/\/www.pronal.com\/es\/wp-json\/wp\/v2\/media?parent=9523"}],"wp:term":[{"taxonomy":"product_brand","embeddable":true,"href":"https:\/\/www.pronal.com\/es\/wp-json\/wp\/v2\/product_brand?post=9523"},{"taxonomy":"product_cat","embeddable":true,"href":"https:\/\/www.pronal.com\/es\/wp-json\/wp\/v2\/product_cat?post=9523"},{"taxonomy":"product_tag","embeddable":true,"href":"https:\/\/www.pronal.com\/es\/wp-json\/wp\/v2\/product_tag?post=9523"}],"curies":[{"name":"wp","href":"https:\/\/api.w.org\/{rel}","templated":true}]}}