{"id":9524,"date":"2019-03-12T10:56:32","date_gmt":"2019-03-12T09:56:32","guid":{"rendered":"https:\/\/www.pronal.com\/produit\/sincategorizar\/separateurs-flexibles-stp\/"},"modified":"2025-12-08T10:13:37","modified_gmt":"2025-12-08T09:13:37","slug":"separador-flexible-stp","status":"publish","type":"product","link":"https:\/\/www.pronal.com\/es\/produit\/compensadores-inflables\/compensacion-de-aceite-dielectrico\/separador-flexible-stp\/","title":{"rendered":"Separador flexible STP"},"content":{"rendered":"<p style=\"text-align: left;\">El separador flexible STP para transformador, tambi\u00e9n llamado vejiga o globo de compensaci\u00f3n, protege <strong><span style=\"color: #00a7e1;\">el aceite diel\u00e9ctrico de los transformadores de potencia<\/span><\/strong>. Al compensar su variaci\u00f3n de volumen, el STP asegura <strong><span style=\"color: #00a7e1;\">la separaci\u00f3n entre el aire y el aceite en el interior del conservador hidr\u00e1ulico<\/span><\/strong>. De este modo, se protege el aceite diel\u00e9ctrico de la contaminaci\u00f3n externa.<\/p>\n<p style=\"text-align: left;\">Nuestra vejiga de compensaci\u00f3n est\u00e1 fabricada <strong><span style=\"color: #00a7e1;\">a medida<\/span><\/strong> (material, forma, dimensiones, bridas y orejas de fijaci\u00f3n). Por su impermeabilidad a gases, aceites y aguas, as\u00ed como su gran resistencia mec\u00e1nica, el compensador hidr\u00e1ulico STP Pronal ofrece una protecci\u00f3n realmente eficaz del transformador el\u00e9ctrico. Adem\u00e1s, el separador flexible STP tambi\u00e9n puede ir acompa\u00f1ado <a href=\"https:\/\/www.pronal.com\/es\/producto\/compensadores-es\/detectores-de-rotura-brr\/\">del sistema BRR<\/a>, para mayor seguridad.<\/p>\n","protected":false},"excerpt":{"rendered":"<p>Compensador flexible destinado a proteger el aceite diel\u00e9ctrico de los transformadores de potencia.<\/p>\n","protected":false},"featured_media":3718,"template":"","meta":{"_acf_changed":false,"inline_featured_image":false},"product_brand":[],"product_cat":[252,264],"product_tag":[460],"class_list":{"0":"post-9524","1":"product","2":"type-product","3":"status-publish","4":"has-post-thumbnail","6":"product_cat-compensadores-inflables","7":"product_cat-compensacion-de-aceite-dielectrico","8":"product_tag-compensar","10":"first","11":"instock","12":"shipping-taxable","13":"product-type-simple"},"acf":[],"yoast_head":"<!-- This site is optimized with the Yoast SEO plugin v25.8 - https:\/\/yoast.com\/wordpress\/plugins\/seo\/ -->\n<title>Separador flexible STP para transformador de potencia | Pronal<\/title>\n<meta name=\"description\" content=\"El separador flexible STP inflable para la protecci\u00f3n y la compensaci\u00f3n de aceites diel\u00e9ctricos de los transformadores de potencia.\" \/>\n<meta name=\"robots\" content=\"index, follow, max-snippet:-1, max-image-preview:large, max-video-preview:-1\" \/>\n<link rel=\"canonical\" href=\"https:\/\/www.pronal.com\/es\/produit\/compensadores-inflables\/compensacion-de-aceite-dielectrico\/separador-flexible-stp\/\" \/>\n<meta property=\"og:locale\" content=\"es_ES\" \/>\n<meta property=\"og:type\" content=\"article\" \/>\n<meta property=\"og:title\" content=\"Separador flexible STP para transformador de potencia | Pronal\" \/>\n<meta property=\"og:description\" content=\"El separador flexible STP inflable para la protecci\u00f3n y la compensaci\u00f3n de aceites diel\u00e9ctricos de los transformadores de potencia.\" \/>\n<meta property=\"og:url\" content=\"https:\/\/www.pronal.com\/es\/produit\/compensadores-inflables\/compensacion-de-aceite-dielectrico\/separador-flexible-stp\/\" \/>\n<meta property=\"og:site_name\" content=\"Pronal - Conception et fabrication de structure flexible\" \/>\n<meta property=\"article:modified_time\" content=\"2025-12-08T09:13:37+00:00\" \/>\n<meta property=\"og:image\" content=\"https:\/\/www.pronal.com\/wp-content\/uploads\/2019\/03\/STP-transfo-1.jpg\" \/>\n\t<meta property=\"og:image:width\" content=\"640\" \/>\n\t<meta property=\"og:image:height\" content=\"480\" \/>\n\t<meta property=\"og:image:type\" content=\"image\/jpeg\" \/>\n<meta name=\"twitter:card\" content=\"summary_large_image\" \/>\n<meta name=\"twitter:label1\" content=\"Tiempo de lectura\" \/>\n\t<meta name=\"twitter:data1\" content=\"1 minuto\" \/>\n<script type=\"application\/ld+json\" class=\"yoast-schema-graph\">{\"@context\":\"https:\/\/schema.org\",\"@graph\":[{\"@type\":\"WebPage\",\"@id\":\"https:\/\/www.pronal.com\/es\/produit\/compensadores-inflables\/compensacion-de-aceite-dielectrico\/separador-flexible-stp\/\",\"url\":\"https:\/\/www.pronal.com\/es\/produit\/compensadores-inflables\/compensacion-de-aceite-dielectrico\/separador-flexible-stp\/\",\"name\":\"Separador flexible STP para transformador de potencia | Pronal\",\"isPartOf\":{\"@id\":\"https:\/\/www.pronal.com\/es\/#website\"},\"primaryImageOfPage\":{\"@id\":\"https:\/\/www.pronal.com\/es\/produit\/compensadores-inflables\/compensacion-de-aceite-dielectrico\/separador-flexible-stp\/#primaryimage\"},\"image\":{\"@id\":\"https:\/\/www.pronal.com\/es\/produit\/compensadores-inflables\/compensacion-de-aceite-dielectrico\/separador-flexible-stp\/#primaryimage\"},\"thumbnailUrl\":\"https:\/\/www.pronal.com\/wp-content\/uploads\/2019\/03\/STP-transfo-1.jpg\",\"datePublished\":\"2019-03-12T09:56:32+00:00\",\"dateModified\":\"2025-12-08T09:13:37+00:00\",\"description\":\"El separador flexible STP inflable para la protecci\u00f3n y la compensaci\u00f3n de aceites diel\u00e9ctricos de los transformadores de potencia.\",\"breadcrumb\":{\"@id\":\"https:\/\/www.pronal.com\/es\/produit\/compensadores-inflables\/compensacion-de-aceite-dielectrico\/separador-flexible-stp\/#breadcrumb\"},\"inLanguage\":\"es\",\"potentialAction\":[{\"@type\":\"ReadAction\",\"target\":[\"https:\/\/www.pronal.com\/es\/produit\/compensadores-inflables\/compensacion-de-aceite-dielectrico\/separador-flexible-stp\/\"]}]},{\"@type\":\"ImageObject\",\"inLanguage\":\"es\",\"@id\":\"https:\/\/www.pronal.com\/es\/produit\/compensadores-inflables\/compensacion-de-aceite-dielectrico\/separador-flexible-stp\/#primaryimage\",\"url\":\"https:\/\/www.pronal.com\/wp-content\/uploads\/2019\/03\/STP-transfo-1.jpg\",\"contentUrl\":\"https:\/\/www.pronal.com\/wp-content\/uploads\/2019\/03\/STP-transfo-1.jpg\",\"width\":640,\"height\":480,\"caption\":\"Separador flexible STP\"},{\"@type\":\"BreadcrumbList\",\"@id\":\"https:\/\/www.pronal.com\/es\/produit\/compensadores-inflables\/compensacion-de-aceite-dielectrico\/separador-flexible-stp\/#breadcrumb\",\"itemListElement\":[{\"@type\":\"ListItem\",\"position\":1,\"name\":\"Cat\u00e1logo de productos\",\"item\":\"https:\/\/www.pronal.com\/es\/catalogo-de-productos\/\"},{\"@type\":\"ListItem\",\"position\":2,\"name\":\"Separador flexible STP\"}]},{\"@type\":\"WebSite\",\"@id\":\"https:\/\/www.pronal.com\/es\/#website\",\"url\":\"https:\/\/www.pronal.com\/es\/\",\"name\":\"Pronal - Conception et fabrication de structure flexible\",\"description\":\"Pronal - Conception et fabrication de structure flexible\",\"publisher\":{\"@id\":\"https:\/\/www.pronal.com\/es\/#organization\"},\"potentialAction\":[{\"@type\":\"SearchAction\",\"target\":{\"@type\":\"EntryPoint\",\"urlTemplate\":\"https:\/\/www.pronal.com\/es\/?s={search_term_string}\"},\"query-input\":{\"@type\":\"PropertyValueSpecification\",\"valueRequired\":true,\"valueName\":\"search_term_string\"}}],\"inLanguage\":\"es\"},{\"@type\":\"Organization\",\"@id\":\"https:\/\/www.pronal.com\/es\/#organization\",\"name\":\"Pronal\",\"url\":\"https:\/\/www.pronal.com\/es\/\",\"logo\":{\"@type\":\"ImageObject\",\"inLanguage\":\"es\",\"@id\":\"https:\/\/www.pronal.com\/es\/#\/schema\/logo\/image\/\",\"url\":\"https:\/\/www.pronal.com\/wp-content\/uploads\/2019\/06\/logo-pronal.png\",\"contentUrl\":\"https:\/\/www.pronal.com\/wp-content\/uploads\/2019\/06\/logo-pronal.png\",\"width\":504,\"height\":80,\"caption\":\"Pronal\"},\"image\":{\"@id\":\"https:\/\/www.pronal.com\/es\/#\/schema\/logo\/image\/\"}}]}<\/script>\n<!-- \/ Yoast SEO plugin. -->","yoast_head_json":{"title":"Separador flexible STP para transformador de potencia | Pronal","description":"El separador flexible STP inflable para la protecci\u00f3n y la compensaci\u00f3n de aceites diel\u00e9ctricos de los transformadores de potencia.","robots":{"index":"index","follow":"follow","max-snippet":"max-snippet:-1","max-image-preview":"max-image-preview:large","max-video-preview":"max-video-preview:-1"},"canonical":"https:\/\/www.pronal.com\/es\/produit\/compensadores-inflables\/compensacion-de-aceite-dielectrico\/separador-flexible-stp\/","og_locale":"es_ES","og_type":"article","og_title":"Separador flexible STP para transformador de potencia | Pronal","og_description":"El separador flexible STP inflable para la protecci\u00f3n y la compensaci\u00f3n de aceites diel\u00e9ctricos de los transformadores de potencia.","og_url":"https:\/\/www.pronal.com\/es\/produit\/compensadores-inflables\/compensacion-de-aceite-dielectrico\/separador-flexible-stp\/","og_site_name":"Pronal - Conception et fabrication de structure flexible","article_modified_time":"2025-12-08T09:13:37+00:00","og_image":[{"width":640,"height":480,"url":"https:\/\/www.pronal.com\/wp-content\/uploads\/2019\/03\/STP-transfo-1.jpg","type":"image\/jpeg"}],"twitter_card":"summary_large_image","twitter_misc":{"Tiempo de lectura":"1 minuto"},"schema":{"@context":"https:\/\/schema.org","@graph":[{"@type":"WebPage","@id":"https:\/\/www.pronal.com\/es\/produit\/compensadores-inflables\/compensacion-de-aceite-dielectrico\/separador-flexible-stp\/","url":"https:\/\/www.pronal.com\/es\/produit\/compensadores-inflables\/compensacion-de-aceite-dielectrico\/separador-flexible-stp\/","name":"Separador flexible STP para transformador de potencia | Pronal","isPartOf":{"@id":"https:\/\/www.pronal.com\/es\/#website"},"primaryImageOfPage":{"@id":"https:\/\/www.pronal.com\/es\/produit\/compensadores-inflables\/compensacion-de-aceite-dielectrico\/separador-flexible-stp\/#primaryimage"},"image":{"@id":"https:\/\/www.pronal.com\/es\/produit\/compensadores-inflables\/compensacion-de-aceite-dielectrico\/separador-flexible-stp\/#primaryimage"},"thumbnailUrl":"https:\/\/www.pronal.com\/wp-content\/uploads\/2019\/03\/STP-transfo-1.jpg","datePublished":"2019-03-12T09:56:32+00:00","dateModified":"2025-12-08T09:13:37+00:00","description":"El separador flexible STP inflable para la protecci\u00f3n y la compensaci\u00f3n de aceites diel\u00e9ctricos de los transformadores de potencia.","breadcrumb":{"@id":"https:\/\/www.pronal.com\/es\/produit\/compensadores-inflables\/compensacion-de-aceite-dielectrico\/separador-flexible-stp\/#breadcrumb"},"inLanguage":"es","potentialAction":[{"@type":"ReadAction","target":["https:\/\/www.pronal.com\/es\/produit\/compensadores-inflables\/compensacion-de-aceite-dielectrico\/separador-flexible-stp\/"]}]},{"@type":"ImageObject","inLanguage":"es","@id":"https:\/\/www.pronal.com\/es\/produit\/compensadores-inflables\/compensacion-de-aceite-dielectrico\/separador-flexible-stp\/#primaryimage","url":"https:\/\/www.pronal.com\/wp-content\/uploads\/2019\/03\/STP-transfo-1.jpg","contentUrl":"https:\/\/www.pronal.com\/wp-content\/uploads\/2019\/03\/STP-transfo-1.jpg","width":640,"height":480,"caption":"Separador flexible STP"},{"@type":"BreadcrumbList","@id":"https:\/\/www.pronal.com\/es\/produit\/compensadores-inflables\/compensacion-de-aceite-dielectrico\/separador-flexible-stp\/#breadcrumb","itemListElement":[{"@type":"ListItem","position":1,"name":"Cat\u00e1logo de productos","item":"https:\/\/www.pronal.com\/es\/catalogo-de-productos\/"},{"@type":"ListItem","position":2,"name":"Separador flexible STP"}]},{"@type":"WebSite","@id":"https:\/\/www.pronal.com\/es\/#website","url":"https:\/\/www.pronal.com\/es\/","name":"Pronal - Conception et fabrication de structure flexible","description":"Pronal - Conception et fabrication de structure flexible","publisher":{"@id":"https:\/\/www.pronal.com\/es\/#organization"},"potentialAction":[{"@type":"SearchAction","target":{"@type":"EntryPoint","urlTemplate":"https:\/\/www.pronal.com\/es\/?s={search_term_string}"},"query-input":{"@type":"PropertyValueSpecification","valueRequired":true,"valueName":"search_term_string"}}],"inLanguage":"es"},{"@type":"Organization","@id":"https:\/\/www.pronal.com\/es\/#organization","name":"Pronal","url":"https:\/\/www.pronal.com\/es\/","logo":{"@type":"ImageObject","inLanguage":"es","@id":"https:\/\/www.pronal.com\/es\/#\/schema\/logo\/image\/","url":"https:\/\/www.pronal.com\/wp-content\/uploads\/2019\/06\/logo-pronal.png","contentUrl":"https:\/\/www.pronal.com\/wp-content\/uploads\/2019\/06\/logo-pronal.png","width":504,"height":80,"caption":"Pronal"},"image":{"@id":"https:\/\/www.pronal.com\/es\/#\/schema\/logo\/image\/"}}]}},"_links":{"self":[{"href":"https:\/\/www.pronal.com\/es\/wp-json\/wp\/v2\/product\/9524","targetHints":{"allow":["GET"]}}],"collection":[{"href":"https:\/\/www.pronal.com\/es\/wp-json\/wp\/v2\/product"}],"about":[{"href":"https:\/\/www.pronal.com\/es\/wp-json\/wp\/v2\/types\/product"}],"wp:featuredmedia":[{"embeddable":true,"href":"https:\/\/www.pronal.com\/es\/wp-json\/wp\/v2\/media\/3718"}],"wp:attachment":[{"href":"https:\/\/www.pronal.com\/es\/wp-json\/wp\/v2\/media?parent=9524"}],"wp:term":[{"taxonomy":"product_brand","embeddable":true,"href":"https:\/\/www.pronal.com\/es\/wp-json\/wp\/v2\/product_brand?post=9524"},{"taxonomy":"product_cat","embeddable":true,"href":"https:\/\/www.pronal.com\/es\/wp-json\/wp\/v2\/product_cat?post=9524"},{"taxonomy":"product_tag","embeddable":true,"href":"https:\/\/www.pronal.com\/es\/wp-json\/wp\/v2\/product_tag?post=9524"}],"curies":[{"name":"wp","href":"https:\/\/api.w.org\/{rel}","templated":true}]}}