{"id":9526,"date":"2019-03-12T10:55:36","date_gmt":"2019-03-12T09:55:36","guid":{"rendered":"https:\/\/www.pronal.com\/produit\/sincategorizar\/compensateurs-gonflables-exp\/"},"modified":"2025-10-27T12:03:13","modified_gmt":"2025-10-27T11:03:13","slug":"compensador-hidraulico-inflable-exp","status":"publish","type":"product","link":"https:\/\/www.pronal.com\/es\/produit\/compensadores-inflables\/compensacion-hidraulico\/compensador-hidraulico-inflable-exp\/","title":{"rendered":"Compensador hidr\u00e1ulico inflable EXP"},"content":{"rendered":"<p style=\"text-align: left;\">El compensador hidr\u00e1ulico inflable EXP PRONAL <strong><span style=\"color: #00a7e1;\">protege los aceites contenidos en los conservadores<\/span><\/strong> frente al polvo y la humedad <strong><span style=\"color: #00a7e1;\">compensando las variaciones de vol\u00famenes<\/span><\/strong>, ya que se pueden deteriorar las caracter\u00edsticas del aceite y los componentes del sistema hidr\u00e1ulico. El compensador se instala <strong><span style=\"color: #00a7e1;\">permanentemente<\/span><\/strong> dentro del sistema, que de este modo es aut\u00f3nomo y <strong><span style=\"color: #00a7e1;\">no requiere mantenimiento<\/span><\/strong>.<\/p>\n<p style=\"text-align: left;\">Ofrecemos compensador hidr\u00e1ulico inflable EXP <strong><span style=\"color: #00a7e1;\">est\u00e1ndare<\/span><\/strong>\u00a0y <strong><span style=\"color: #00a7e1;\">personalizable<\/span><\/strong> seg\u00fan las dimensiones de sus dep\u00f3sitos y el volumen por compensar. Verdadero dep\u00f3sito auxiliare, se puede encontrar <strong><span style=\"color: #00a7e1;\">tanto dentro como fuera del dep\u00f3sito<\/span><\/strong> y se puede dise\u00f1ar <strong><span style=\"color: #00a7e1;\">planos o con forma<\/span><\/strong>.<\/p>\n<p>Para la compensaci\u00f3n de aceite espec\u00edfico, como el aceite diel\u00e9ctrico, tambi\u00e9n existe <a href=\"https:\/\/www.pronal.com\/es\/producto\/compensadores-inflables\/separador-flexible-stp\/\">el separador inflable de aceite STP<\/a>.<\/p>\n","protected":false},"excerpt":{"rendered":"<p>Compensador de aceite &#8211; Est\u00e1ndar 1 &gt; 70 l<\/p>\n","protected":false},"featured_media":5680,"template":"","meta":{"_acf_changed":false,"inline_featured_image":false},"product_brand":[],"product_cat":[252,263],"product_tag":[460],"class_list":{"0":"post-9526","1":"product","2":"type-product","3":"status-publish","4":"has-post-thumbnail","6":"product_cat-compensadores-inflables","7":"product_cat-compensacion-hidraulico","8":"product_tag-compensar","10":"first","11":"instock","12":"shipping-taxable","13":"product-type-simple"},"acf":[],"yoast_head":"<!-- This site is optimized with the Yoast SEO plugin v25.8 - https:\/\/yoast.com\/wordpress\/plugins\/seo\/ -->\n<title>Compensador hidr\u00e1ulico inflable EXP - Vejiga inflable | Pronal<\/title>\n<meta name=\"description\" content=\"El compensador hidr\u00e1ulico inflable o vejiga inflable EXP protege los aceites contenidos en los dep\u00f3sitos o en el conservador frente al polvo y la humedad.\" \/>\n<meta name=\"robots\" content=\"index, follow, max-snippet:-1, max-image-preview:large, max-video-preview:-1\" \/>\n<link rel=\"canonical\" href=\"https:\/\/www.pronal.com\/es\/produit\/compensadores-inflables\/compensacion-hidraulico\/compensador-hidraulico-inflable-exp\/\" \/>\n<meta property=\"og:locale\" content=\"es_ES\" \/>\n<meta property=\"og:type\" content=\"article\" \/>\n<meta property=\"og:title\" content=\"Compensador hidr\u00e1ulico inflable EXP - Vejiga inflable | Pronal\" \/>\n<meta property=\"og:description\" content=\"El compensador hidr\u00e1ulico inflable o vejiga inflable EXP protege los aceites contenidos en los dep\u00f3sitos o en el conservador frente al polvo y la humedad.\" \/>\n<meta property=\"og:url\" content=\"https:\/\/www.pronal.com\/es\/produit\/compensadores-inflables\/compensacion-hidraulico\/compensador-hidraulico-inflable-exp\/\" \/>\n<meta property=\"og:site_name\" content=\"Pronal - Conception et fabrication de structure flexible\" \/>\n<meta property=\"article:modified_time\" content=\"2025-10-27T11:03:13+00:00\" \/>\n<meta property=\"og:image\" content=\"https:\/\/www.pronal.com\/wp-content\/uploads\/2019\/03\/compensateur-gonflable-EXP2.jpg\" \/>\n\t<meta property=\"og:image:width\" content=\"656\" \/>\n\t<meta property=\"og:image:height\" content=\"521\" \/>\n\t<meta property=\"og:image:type\" content=\"image\/jpeg\" \/>\n<meta name=\"twitter:card\" content=\"summary_large_image\" \/>\n<meta name=\"twitter:label1\" content=\"Tiempo de lectura\" \/>\n\t<meta name=\"twitter:data1\" content=\"1 minuto\" \/>\n<script type=\"application\/ld+json\" class=\"yoast-schema-graph\">{\"@context\":\"https:\/\/schema.org\",\"@graph\":[{\"@type\":\"WebPage\",\"@id\":\"https:\/\/www.pronal.com\/es\/produit\/compensadores-inflables\/compensacion-hidraulico\/compensador-hidraulico-inflable-exp\/\",\"url\":\"https:\/\/www.pronal.com\/es\/produit\/compensadores-inflables\/compensacion-hidraulico\/compensador-hidraulico-inflable-exp\/\",\"name\":\"Compensador hidr\u00e1ulico inflable EXP - Vejiga inflable | Pronal\",\"isPartOf\":{\"@id\":\"https:\/\/www.pronal.com\/es\/#website\"},\"primaryImageOfPage\":{\"@id\":\"https:\/\/www.pronal.com\/es\/produit\/compensadores-inflables\/compensacion-hidraulico\/compensador-hidraulico-inflable-exp\/#primaryimage\"},\"image\":{\"@id\":\"https:\/\/www.pronal.com\/es\/produit\/compensadores-inflables\/compensacion-hidraulico\/compensador-hidraulico-inflable-exp\/#primaryimage\"},\"thumbnailUrl\":\"https:\/\/www.pronal.com\/wp-content\/uploads\/2019\/03\/compensateur-gonflable-EXP2.jpg\",\"datePublished\":\"2019-03-12T09:55:36+00:00\",\"dateModified\":\"2025-10-27T11:03:13+00:00\",\"description\":\"El compensador hidr\u00e1ulico inflable o vejiga inflable EXP protege los aceites contenidos en los dep\u00f3sitos o en el conservador frente al polvo y la humedad.\",\"breadcrumb\":{\"@id\":\"https:\/\/www.pronal.com\/es\/produit\/compensadores-inflables\/compensacion-hidraulico\/compensador-hidraulico-inflable-exp\/#breadcrumb\"},\"inLanguage\":\"es\",\"potentialAction\":[{\"@type\":\"ReadAction\",\"target\":[\"https:\/\/www.pronal.com\/es\/produit\/compensadores-inflables\/compensacion-hidraulico\/compensador-hidraulico-inflable-exp\/\"]}]},{\"@type\":\"ImageObject\",\"inLanguage\":\"es\",\"@id\":\"https:\/\/www.pronal.com\/es\/produit\/compensadores-inflables\/compensacion-hidraulico\/compensador-hidraulico-inflable-exp\/#primaryimage\",\"url\":\"https:\/\/www.pronal.com\/wp-content\/uploads\/2019\/03\/compensateur-gonflable-EXP2.jpg\",\"contentUrl\":\"https:\/\/www.pronal.com\/wp-content\/uploads\/2019\/03\/compensateur-gonflable-EXP2.jpg\",\"width\":656,\"height\":521,\"caption\":\"Compensador hidr\u00e1ulico inflable EXP\"},{\"@type\":\"BreadcrumbList\",\"@id\":\"https:\/\/www.pronal.com\/es\/produit\/compensadores-inflables\/compensacion-hidraulico\/compensador-hidraulico-inflable-exp\/#breadcrumb\",\"itemListElement\":[{\"@type\":\"ListItem\",\"position\":1,\"name\":\"Cat\u00e1logo de productos\",\"item\":\"https:\/\/www.pronal.com\/es\/catalogo-de-productos\/\"},{\"@type\":\"ListItem\",\"position\":2,\"name\":\"Compensador hidr\u00e1ulico inflable EXP\"}]},{\"@type\":\"WebSite\",\"@id\":\"https:\/\/www.pronal.com\/es\/#website\",\"url\":\"https:\/\/www.pronal.com\/es\/\",\"name\":\"Pronal - Conception et fabrication de structure flexible\",\"description\":\"Pronal - Conception et fabrication de structure flexible\",\"publisher\":{\"@id\":\"https:\/\/www.pronal.com\/es\/#organization\"},\"potentialAction\":[{\"@type\":\"SearchAction\",\"target\":{\"@type\":\"EntryPoint\",\"urlTemplate\":\"https:\/\/www.pronal.com\/es\/?s={search_term_string}\"},\"query-input\":{\"@type\":\"PropertyValueSpecification\",\"valueRequired\":true,\"valueName\":\"search_term_string\"}}],\"inLanguage\":\"es\"},{\"@type\":\"Organization\",\"@id\":\"https:\/\/www.pronal.com\/es\/#organization\",\"name\":\"Pronal\",\"url\":\"https:\/\/www.pronal.com\/es\/\",\"logo\":{\"@type\":\"ImageObject\",\"inLanguage\":\"es\",\"@id\":\"https:\/\/www.pronal.com\/es\/#\/schema\/logo\/image\/\",\"url\":\"https:\/\/www.pronal.com\/wp-content\/uploads\/2019\/06\/logo-pronal.png\",\"contentUrl\":\"https:\/\/www.pronal.com\/wp-content\/uploads\/2019\/06\/logo-pronal.png\",\"width\":504,\"height\":80,\"caption\":\"Pronal\"},\"image\":{\"@id\":\"https:\/\/www.pronal.com\/es\/#\/schema\/logo\/image\/\"}}]}<\/script>\n<!-- \/ Yoast SEO plugin. -->","yoast_head_json":{"title":"Compensador hidr\u00e1ulico inflable EXP - Vejiga inflable | Pronal","description":"El compensador hidr\u00e1ulico inflable o vejiga inflable EXP protege los aceites contenidos en los dep\u00f3sitos o en el conservador frente al polvo y la humedad.","robots":{"index":"index","follow":"follow","max-snippet":"max-snippet:-1","max-image-preview":"max-image-preview:large","max-video-preview":"max-video-preview:-1"},"canonical":"https:\/\/www.pronal.com\/es\/produit\/compensadores-inflables\/compensacion-hidraulico\/compensador-hidraulico-inflable-exp\/","og_locale":"es_ES","og_type":"article","og_title":"Compensador hidr\u00e1ulico inflable EXP - Vejiga inflable | Pronal","og_description":"El compensador hidr\u00e1ulico inflable o vejiga inflable EXP protege los aceites contenidos en los dep\u00f3sitos o en el conservador frente al polvo y la humedad.","og_url":"https:\/\/www.pronal.com\/es\/produit\/compensadores-inflables\/compensacion-hidraulico\/compensador-hidraulico-inflable-exp\/","og_site_name":"Pronal - Conception et fabrication de structure flexible","article_modified_time":"2025-10-27T11:03:13+00:00","og_image":[{"width":656,"height":521,"url":"https:\/\/www.pronal.com\/wp-content\/uploads\/2019\/03\/compensateur-gonflable-EXP2.jpg","type":"image\/jpeg"}],"twitter_card":"summary_large_image","twitter_misc":{"Tiempo de lectura":"1 minuto"},"schema":{"@context":"https:\/\/schema.org","@graph":[{"@type":"WebPage","@id":"https:\/\/www.pronal.com\/es\/produit\/compensadores-inflables\/compensacion-hidraulico\/compensador-hidraulico-inflable-exp\/","url":"https:\/\/www.pronal.com\/es\/produit\/compensadores-inflables\/compensacion-hidraulico\/compensador-hidraulico-inflable-exp\/","name":"Compensador hidr\u00e1ulico inflable EXP - Vejiga inflable | Pronal","isPartOf":{"@id":"https:\/\/www.pronal.com\/es\/#website"},"primaryImageOfPage":{"@id":"https:\/\/www.pronal.com\/es\/produit\/compensadores-inflables\/compensacion-hidraulico\/compensador-hidraulico-inflable-exp\/#primaryimage"},"image":{"@id":"https:\/\/www.pronal.com\/es\/produit\/compensadores-inflables\/compensacion-hidraulico\/compensador-hidraulico-inflable-exp\/#primaryimage"},"thumbnailUrl":"https:\/\/www.pronal.com\/wp-content\/uploads\/2019\/03\/compensateur-gonflable-EXP2.jpg","datePublished":"2019-03-12T09:55:36+00:00","dateModified":"2025-10-27T11:03:13+00:00","description":"El compensador hidr\u00e1ulico inflable o vejiga inflable EXP protege los aceites contenidos en los dep\u00f3sitos o en el conservador frente al polvo y la humedad.","breadcrumb":{"@id":"https:\/\/www.pronal.com\/es\/produit\/compensadores-inflables\/compensacion-hidraulico\/compensador-hidraulico-inflable-exp\/#breadcrumb"},"inLanguage":"es","potentialAction":[{"@type":"ReadAction","target":["https:\/\/www.pronal.com\/es\/produit\/compensadores-inflables\/compensacion-hidraulico\/compensador-hidraulico-inflable-exp\/"]}]},{"@type":"ImageObject","inLanguage":"es","@id":"https:\/\/www.pronal.com\/es\/produit\/compensadores-inflables\/compensacion-hidraulico\/compensador-hidraulico-inflable-exp\/#primaryimage","url":"https:\/\/www.pronal.com\/wp-content\/uploads\/2019\/03\/compensateur-gonflable-EXP2.jpg","contentUrl":"https:\/\/www.pronal.com\/wp-content\/uploads\/2019\/03\/compensateur-gonflable-EXP2.jpg","width":656,"height":521,"caption":"Compensador hidr\u00e1ulico inflable EXP"},{"@type":"BreadcrumbList","@id":"https:\/\/www.pronal.com\/es\/produit\/compensadores-inflables\/compensacion-hidraulico\/compensador-hidraulico-inflable-exp\/#breadcrumb","itemListElement":[{"@type":"ListItem","position":1,"name":"Cat\u00e1logo de productos","item":"https:\/\/www.pronal.com\/es\/catalogo-de-productos\/"},{"@type":"ListItem","position":2,"name":"Compensador hidr\u00e1ulico inflable EXP"}]},{"@type":"WebSite","@id":"https:\/\/www.pronal.com\/es\/#website","url":"https:\/\/www.pronal.com\/es\/","name":"Pronal - Conception et fabrication de structure flexible","description":"Pronal - Conception et fabrication de structure flexible","publisher":{"@id":"https:\/\/www.pronal.com\/es\/#organization"},"potentialAction":[{"@type":"SearchAction","target":{"@type":"EntryPoint","urlTemplate":"https:\/\/www.pronal.com\/es\/?s={search_term_string}"},"query-input":{"@type":"PropertyValueSpecification","valueRequired":true,"valueName":"search_term_string"}}],"inLanguage":"es"},{"@type":"Organization","@id":"https:\/\/www.pronal.com\/es\/#organization","name":"Pronal","url":"https:\/\/www.pronal.com\/es\/","logo":{"@type":"ImageObject","inLanguage":"es","@id":"https:\/\/www.pronal.com\/es\/#\/schema\/logo\/image\/","url":"https:\/\/www.pronal.com\/wp-content\/uploads\/2019\/06\/logo-pronal.png","contentUrl":"https:\/\/www.pronal.com\/wp-content\/uploads\/2019\/06\/logo-pronal.png","width":504,"height":80,"caption":"Pronal"},"image":{"@id":"https:\/\/www.pronal.com\/es\/#\/schema\/logo\/image\/"}}]}},"_links":{"self":[{"href":"https:\/\/www.pronal.com\/es\/wp-json\/wp\/v2\/product\/9526","targetHints":{"allow":["GET"]}}],"collection":[{"href":"https:\/\/www.pronal.com\/es\/wp-json\/wp\/v2\/product"}],"about":[{"href":"https:\/\/www.pronal.com\/es\/wp-json\/wp\/v2\/types\/product"}],"wp:featuredmedia":[{"embeddable":true,"href":"https:\/\/www.pronal.com\/es\/wp-json\/wp\/v2\/media\/5680"}],"wp:attachment":[{"href":"https:\/\/www.pronal.com\/es\/wp-json\/wp\/v2\/media?parent=9526"}],"wp:term":[{"taxonomy":"product_brand","embeddable":true,"href":"https:\/\/www.pronal.com\/es\/wp-json\/wp\/v2\/product_brand?post=9526"},{"taxonomy":"product_cat","embeddable":true,"href":"https:\/\/www.pronal.com\/es\/wp-json\/wp\/v2\/product_cat?post=9526"},{"taxonomy":"product_tag","embeddable":true,"href":"https:\/\/www.pronal.com\/es\/wp-json\/wp\/v2\/product_tag?post=9526"}],"curies":[{"name":"wp","href":"https:\/\/api.w.org\/{rel}","templated":true}]}}