{"id":9529,"date":"2018-12-20T09:35:24","date_gmt":"2018-12-20T08:35:24","guid":{"rendered":"https:\/\/www.pronal.com\/produit\/sincategorizar\/coussins-de-levage-pneumatiques-clt\/"},"modified":"2025-09-23T15:41:00","modified_gmt":"2025-09-23T13:41:00","slug":"cojin-de-elevacion-neumatico-clt","status":"publish","type":"product","link":"https:\/\/www.pronal.com\/es\/produit\/cojines-de-elevacion\/levantar-en-la-industria\/cojin-de-elevacion-neumatico-clt\/","title":{"rendered":"Coj\u00edn de elevaci\u00f3n neum\u00e1tico CLT"},"content":{"rendered":"<p style=\"text-align: left;\"><strong><span style=\"color: #00a7e1;\">El coj\u00edn de elevaci\u00f3n neum\u00e1tico CLT<\/span><\/strong> Pronal o <strong><span style=\"color: #00a7e1;\">cojin neum\u00e1tico<\/span><\/strong> permite elevar, calar o empujar cargas pesadas horizontal y verticalmente. La capacidad de elevaci\u00f3n oscila entre <strong><span style=\"color: #00a7e1;\">1 y 65 toneladas<\/span><\/strong> seg\u00fan los modelos de la gama. Se inserta f\u00e1cilmente gracias a su escaso <strong><span style=\"color: #00a7e1;\">grosor (25 mm)<\/span><\/strong> y puede elevar <strong><span style=\"color: #00a7e1;\">hasta 500 mm de altura<\/span><\/strong>. El control remoto de inflado evita que el operario se acerque a la zona de elevaci\u00f3n y pueda <strong><span style=\"color: #00a7e1;\">trabajar con absoluta seguridad<\/span><\/strong>.<\/p>\n<p style=\"text-align: left;\">Los cojines de elevaci\u00f3n neum\u00e1ticos CLT complementan o reemplazan los medios de elevaci\u00f3n tradicionales. A diferencia del cojin hidr\u00e1ulico, tienen <strong><span style=\"color: #00a7e1;\">una superficie de contacto mayor<\/span><\/strong> con la carga por elevar para ofrecer una mejor estabilidad. Los cojines inflables se utilizan en m\u00faltiples sectores de actividad, como reparaci\u00f3n de veh\u00edculos, manutenci\u00f3n, canteras, servicios de emergencia&#8230;<\/p>\n<p>Adem\u00e1s del coj\u00edn de elevaci\u00f3n neum\u00e1tico CLT, tambi\u00e9n est\u00e1 <a href=\"https:\/\/www.pronal.com\/es\/producto\/cojines-de-elevacion\/cojines-de-elevacion-de-plataforma-cpf\/\">el coj\u00edn de elevaci\u00f3n CPF<\/a>, para una elevaci\u00f3n m\u00e1s alta y m\u00e1s estable.<\/p>\n<p><iframe loading=\"lazy\" title=\"How to use a lifting air bag?\" width=\"500\" height=\"281\" src=\"https:\/\/www.youtube.com\/embed\/nxnrTxVUF0k?start=2&#038;feature=oembed&#038;enablejsapi=1&#038;origin=https:\/\/www.pronal.com\" frameborder=\"0\" allow=\"accelerometer; autoplay; clipboard-write; encrypted-media; gyroscope; picture-in-picture; web-share\" referrerpolicy=\"strict-origin-when-cross-origin\" allowfullscreen><\/iframe><\/p>\n","protected":false},"excerpt":{"rendered":"<p>Presi\u00f3n m\u00e1x.: 8 bares &#8211; Elevaci\u00f3n m\u00e1x.: 65 toneladas<\/p>\n","protected":false},"featured_media":19491,"template":"","meta":{"_acf_changed":false,"inline_featured_image":false},"product_brand":[],"product_cat":[106,112],"product_tag":[],"class_list":{"0":"post-9529","1":"product","2":"type-product","3":"status-publish","4":"has-post-thumbnail","6":"product_cat-cojines-de-elevacion","7":"product_cat-levantar-en-la-industria","9":"first","10":"instock","11":"shipping-taxable","12":"product-type-simple"},"acf":[],"yoast_head":"<!-- This site is optimized with the Yoast SEO plugin v25.8 - https:\/\/yoast.com\/wordpress\/plugins\/seo\/ -->\n<title>Coj\u00edn de elevaci\u00f3n neum\u00e1tico \/ inflable CLT | Pronal<\/title>\n<meta name=\"description\" content=\"El coj\u00edn de elevaci\u00f3n neum\u00e1tico CLT o cojin inflable permite elevar y mantener cargas pesadas, camiones y m\u00e1quinas de hasta 65 toneladas.\" \/>\n<meta name=\"robots\" content=\"index, follow, max-snippet:-1, max-image-preview:large, max-video-preview:-1\" \/>\n<link rel=\"canonical\" href=\"https:\/\/www.pronal.com\/es\/produit\/cojines-de-elevacion\/levantar-en-la-industria\/cojin-de-elevacion-neumatico-clt\/\" \/>\n<meta property=\"og:locale\" content=\"es_ES\" \/>\n<meta property=\"og:type\" content=\"article\" \/>\n<meta property=\"og:title\" content=\"Coj\u00edn de elevaci\u00f3n neum\u00e1tico \/ inflable CLT | Pronal\" \/>\n<meta property=\"og:description\" content=\"El coj\u00edn de elevaci\u00f3n neum\u00e1tico CLT o cojin inflable permite elevar y mantener cargas pesadas, camiones y m\u00e1quinas de hasta 65 toneladas.\" \/>\n<meta property=\"og:url\" content=\"https:\/\/www.pronal.com\/es\/produit\/cojines-de-elevacion\/levantar-en-la-industria\/cojin-de-elevacion-neumatico-clt\/\" \/>\n<meta property=\"og:site_name\" content=\"Pronal - Conception et fabrication de structure flexible\" \/>\n<meta property=\"article:modified_time\" content=\"2025-09-23T13:41:00+00:00\" \/>\n<meta property=\"og:image\" content=\"https:\/\/www.pronal.com\/wp-content\/uploads\/2018\/12\/coussin-de-levage-haute-pression.jpg\" \/>\n\t<meta property=\"og:image:width\" content=\"2560\" \/>\n\t<meta property=\"og:image:height\" content=\"1707\" \/>\n\t<meta property=\"og:image:type\" content=\"image\/jpeg\" \/>\n<meta name=\"twitter:card\" content=\"summary_large_image\" \/>\n<meta name=\"twitter:label1\" content=\"Tiempo de lectura\" \/>\n\t<meta name=\"twitter:data1\" content=\"1 minuto\" \/>\n<script type=\"application\/ld+json\" class=\"yoast-schema-graph\">{\"@context\":\"https:\/\/schema.org\",\"@graph\":[{\"@type\":\"WebPage\",\"@id\":\"https:\/\/www.pronal.com\/es\/produit\/cojines-de-elevacion\/levantar-en-la-industria\/cojin-de-elevacion-neumatico-clt\/\",\"url\":\"https:\/\/www.pronal.com\/es\/produit\/cojines-de-elevacion\/levantar-en-la-industria\/cojin-de-elevacion-neumatico-clt\/\",\"name\":\"Coj\u00edn de elevaci\u00f3n neum\u00e1tico \/ inflable CLT | Pronal\",\"isPartOf\":{\"@id\":\"https:\/\/www.pronal.com\/es\/#website\"},\"primaryImageOfPage\":{\"@id\":\"https:\/\/www.pronal.com\/es\/produit\/cojines-de-elevacion\/levantar-en-la-industria\/cojin-de-elevacion-neumatico-clt\/#primaryimage\"},\"image\":{\"@id\":\"https:\/\/www.pronal.com\/es\/produit\/cojines-de-elevacion\/levantar-en-la-industria\/cojin-de-elevacion-neumatico-clt\/#primaryimage\"},\"thumbnailUrl\":\"https:\/\/www.pronal.com\/wp-content\/uploads\/2018\/12\/coussin-de-levage-haute-pression.jpg\",\"datePublished\":\"2018-12-20T08:35:24+00:00\",\"dateModified\":\"2025-09-23T13:41:00+00:00\",\"description\":\"El coj\u00edn de elevaci\u00f3n neum\u00e1tico CLT o cojin inflable permite elevar y mantener cargas pesadas, camiones y m\u00e1quinas de hasta 65 toneladas.\",\"breadcrumb\":{\"@id\":\"https:\/\/www.pronal.com\/es\/produit\/cojines-de-elevacion\/levantar-en-la-industria\/cojin-de-elevacion-neumatico-clt\/#breadcrumb\"},\"inLanguage\":\"es\",\"potentialAction\":[{\"@type\":\"ReadAction\",\"target\":[\"https:\/\/www.pronal.com\/es\/produit\/cojines-de-elevacion\/levantar-en-la-industria\/cojin-de-elevacion-neumatico-clt\/\"]}]},{\"@type\":\"ImageObject\",\"inLanguage\":\"es\",\"@id\":\"https:\/\/www.pronal.com\/es\/produit\/cojines-de-elevacion\/levantar-en-la-industria\/cojin-de-elevacion-neumatico-clt\/#primaryimage\",\"url\":\"https:\/\/www.pronal.com\/wp-content\/uploads\/2018\/12\/coussin-de-levage-haute-pression.jpg\",\"contentUrl\":\"https:\/\/www.pronal.com\/wp-content\/uploads\/2018\/12\/coussin-de-levage-haute-pression.jpg\",\"width\":2560,\"height\":1707,\"caption\":\"coussin de levage haute pression\"},{\"@type\":\"BreadcrumbList\",\"@id\":\"https:\/\/www.pronal.com\/es\/produit\/cojines-de-elevacion\/levantar-en-la-industria\/cojin-de-elevacion-neumatico-clt\/#breadcrumb\",\"itemListElement\":[{\"@type\":\"ListItem\",\"position\":1,\"name\":\"Cat\u00e1logo de productos\",\"item\":\"https:\/\/www.pronal.com\/es\/catalogo-de-productos\/\"},{\"@type\":\"ListItem\",\"position\":2,\"name\":\"Coj\u00edn de elevaci\u00f3n neum\u00e1tico CLT\"}]},{\"@type\":\"WebSite\",\"@id\":\"https:\/\/www.pronal.com\/es\/#website\",\"url\":\"https:\/\/www.pronal.com\/es\/\",\"name\":\"Pronal - Conception et fabrication de structure flexible\",\"description\":\"Pronal - Conception et fabrication de structure flexible\",\"publisher\":{\"@id\":\"https:\/\/www.pronal.com\/es\/#organization\"},\"potentialAction\":[{\"@type\":\"SearchAction\",\"target\":{\"@type\":\"EntryPoint\",\"urlTemplate\":\"https:\/\/www.pronal.com\/es\/?s={search_term_string}\"},\"query-input\":{\"@type\":\"PropertyValueSpecification\",\"valueRequired\":true,\"valueName\":\"search_term_string\"}}],\"inLanguage\":\"es\"},{\"@type\":\"Organization\",\"@id\":\"https:\/\/www.pronal.com\/es\/#organization\",\"name\":\"Pronal\",\"url\":\"https:\/\/www.pronal.com\/es\/\",\"logo\":{\"@type\":\"ImageObject\",\"inLanguage\":\"es\",\"@id\":\"https:\/\/www.pronal.com\/es\/#\/schema\/logo\/image\/\",\"url\":\"https:\/\/www.pronal.com\/wp-content\/uploads\/2019\/06\/logo-pronal.png\",\"contentUrl\":\"https:\/\/www.pronal.com\/wp-content\/uploads\/2019\/06\/logo-pronal.png\",\"width\":504,\"height\":80,\"caption\":\"Pronal\"},\"image\":{\"@id\":\"https:\/\/www.pronal.com\/es\/#\/schema\/logo\/image\/\"}}]}<\/script>\n<!-- \/ Yoast SEO plugin. -->","yoast_head_json":{"title":"Coj\u00edn de elevaci\u00f3n neum\u00e1tico \/ inflable CLT | Pronal","description":"El coj\u00edn de elevaci\u00f3n neum\u00e1tico CLT o cojin inflable permite elevar y mantener cargas pesadas, camiones y m\u00e1quinas de hasta 65 toneladas.","robots":{"index":"index","follow":"follow","max-snippet":"max-snippet:-1","max-image-preview":"max-image-preview:large","max-video-preview":"max-video-preview:-1"},"canonical":"https:\/\/www.pronal.com\/es\/produit\/cojines-de-elevacion\/levantar-en-la-industria\/cojin-de-elevacion-neumatico-clt\/","og_locale":"es_ES","og_type":"article","og_title":"Coj\u00edn de elevaci\u00f3n neum\u00e1tico \/ inflable CLT | Pronal","og_description":"El coj\u00edn de elevaci\u00f3n neum\u00e1tico CLT o cojin inflable permite elevar y mantener cargas pesadas, camiones y m\u00e1quinas de hasta 65 toneladas.","og_url":"https:\/\/www.pronal.com\/es\/produit\/cojines-de-elevacion\/levantar-en-la-industria\/cojin-de-elevacion-neumatico-clt\/","og_site_name":"Pronal - Conception et fabrication de structure flexible","article_modified_time":"2025-09-23T13:41:00+00:00","og_image":[{"width":2560,"height":1707,"url":"https:\/\/www.pronal.com\/wp-content\/uploads\/2018\/12\/coussin-de-levage-haute-pression.jpg","type":"image\/jpeg"}],"twitter_card":"summary_large_image","twitter_misc":{"Tiempo de lectura":"1 minuto"},"schema":{"@context":"https:\/\/schema.org","@graph":[{"@type":"WebPage","@id":"https:\/\/www.pronal.com\/es\/produit\/cojines-de-elevacion\/levantar-en-la-industria\/cojin-de-elevacion-neumatico-clt\/","url":"https:\/\/www.pronal.com\/es\/produit\/cojines-de-elevacion\/levantar-en-la-industria\/cojin-de-elevacion-neumatico-clt\/","name":"Coj\u00edn de elevaci\u00f3n neum\u00e1tico \/ inflable CLT | Pronal","isPartOf":{"@id":"https:\/\/www.pronal.com\/es\/#website"},"primaryImageOfPage":{"@id":"https:\/\/www.pronal.com\/es\/produit\/cojines-de-elevacion\/levantar-en-la-industria\/cojin-de-elevacion-neumatico-clt\/#primaryimage"},"image":{"@id":"https:\/\/www.pronal.com\/es\/produit\/cojines-de-elevacion\/levantar-en-la-industria\/cojin-de-elevacion-neumatico-clt\/#primaryimage"},"thumbnailUrl":"https:\/\/www.pronal.com\/wp-content\/uploads\/2018\/12\/coussin-de-levage-haute-pression.jpg","datePublished":"2018-12-20T08:35:24+00:00","dateModified":"2025-09-23T13:41:00+00:00","description":"El coj\u00edn de elevaci\u00f3n neum\u00e1tico CLT o cojin inflable permite elevar y mantener cargas pesadas, camiones y m\u00e1quinas de hasta 65 toneladas.","breadcrumb":{"@id":"https:\/\/www.pronal.com\/es\/produit\/cojines-de-elevacion\/levantar-en-la-industria\/cojin-de-elevacion-neumatico-clt\/#breadcrumb"},"inLanguage":"es","potentialAction":[{"@type":"ReadAction","target":["https:\/\/www.pronal.com\/es\/produit\/cojines-de-elevacion\/levantar-en-la-industria\/cojin-de-elevacion-neumatico-clt\/"]}]},{"@type":"ImageObject","inLanguage":"es","@id":"https:\/\/www.pronal.com\/es\/produit\/cojines-de-elevacion\/levantar-en-la-industria\/cojin-de-elevacion-neumatico-clt\/#primaryimage","url":"https:\/\/www.pronal.com\/wp-content\/uploads\/2018\/12\/coussin-de-levage-haute-pression.jpg","contentUrl":"https:\/\/www.pronal.com\/wp-content\/uploads\/2018\/12\/coussin-de-levage-haute-pression.jpg","width":2560,"height":1707,"caption":"coussin de levage haute pression"},{"@type":"BreadcrumbList","@id":"https:\/\/www.pronal.com\/es\/produit\/cojines-de-elevacion\/levantar-en-la-industria\/cojin-de-elevacion-neumatico-clt\/#breadcrumb","itemListElement":[{"@type":"ListItem","position":1,"name":"Cat\u00e1logo de productos","item":"https:\/\/www.pronal.com\/es\/catalogo-de-productos\/"},{"@type":"ListItem","position":2,"name":"Coj\u00edn de elevaci\u00f3n neum\u00e1tico CLT"}]},{"@type":"WebSite","@id":"https:\/\/www.pronal.com\/es\/#website","url":"https:\/\/www.pronal.com\/es\/","name":"Pronal - Conception et fabrication de structure flexible","description":"Pronal - Conception et fabrication de structure flexible","publisher":{"@id":"https:\/\/www.pronal.com\/es\/#organization"},"potentialAction":[{"@type":"SearchAction","target":{"@type":"EntryPoint","urlTemplate":"https:\/\/www.pronal.com\/es\/?s={search_term_string}"},"query-input":{"@type":"PropertyValueSpecification","valueRequired":true,"valueName":"search_term_string"}}],"inLanguage":"es"},{"@type":"Organization","@id":"https:\/\/www.pronal.com\/es\/#organization","name":"Pronal","url":"https:\/\/www.pronal.com\/es\/","logo":{"@type":"ImageObject","inLanguage":"es","@id":"https:\/\/www.pronal.com\/es\/#\/schema\/logo\/image\/","url":"https:\/\/www.pronal.com\/wp-content\/uploads\/2019\/06\/logo-pronal.png","contentUrl":"https:\/\/www.pronal.com\/wp-content\/uploads\/2019\/06\/logo-pronal.png","width":504,"height":80,"caption":"Pronal"},"image":{"@id":"https:\/\/www.pronal.com\/es\/#\/schema\/logo\/image\/"}}]}},"_links":{"self":[{"href":"https:\/\/www.pronal.com\/es\/wp-json\/wp\/v2\/product\/9529","targetHints":{"allow":["GET"]}}],"collection":[{"href":"https:\/\/www.pronal.com\/es\/wp-json\/wp\/v2\/product"}],"about":[{"href":"https:\/\/www.pronal.com\/es\/wp-json\/wp\/v2\/types\/product"}],"wp:featuredmedia":[{"embeddable":true,"href":"https:\/\/www.pronal.com\/es\/wp-json\/wp\/v2\/media\/19491"}],"wp:attachment":[{"href":"https:\/\/www.pronal.com\/es\/wp-json\/wp\/v2\/media?parent=9529"}],"wp:term":[{"taxonomy":"product_brand","embeddable":true,"href":"https:\/\/www.pronal.com\/es\/wp-json\/wp\/v2\/product_brand?post=9529"},{"taxonomy":"product_cat","embeddable":true,"href":"https:\/\/www.pronal.com\/es\/wp-json\/wp\/v2\/product_cat?post=9529"},{"taxonomy":"product_tag","embeddable":true,"href":"https:\/\/www.pronal.com\/es\/wp-json\/wp\/v2\/product_tag?post=9529"}],"curies":[{"name":"wp","href":"https:\/\/api.w.org\/{rel}","templated":true}]}}