{"id":9531,"date":"2019-03-11T16:46:54","date_gmt":"2019-03-11T15:46:54","guid":{"rendered":"https:\/\/www.pronal.com\/produit\/sincategorizar\/coussins-de-levage-pneumatiques-cbp\/"},"modified":"2025-09-23T15:58:33","modified_gmt":"2025-09-23T13:58:33","slug":"cojin-de-elevacion-neumatico-cbp","status":"publish","type":"product","link":"https:\/\/www.pronal.com\/es\/produit\/cojines-de-elevacion\/cojin-de-elevacion-neumatico-cbp\/","title":{"rendered":"Cojin de elevaci\u00f3n neum\u00e1tico CBP"},"content":{"rendered":"<p style=\"text-align: left;\">Una vez inflados, el cojin de elevaci\u00f3n neum\u00e1tico CBP con forma paralelepip\u00e9dica puede elevar r\u00e1pidamente y a gran altura <strong><span style=\"color: #00a7e1;\">todo tipo de cargas de 1 a 5 toneladas<\/span><\/strong>. Su compacidad (25 mm) en vac\u00edo permite colocarlos en espacios reducidos. Esto sistema de elevaci\u00f3n ofrece una altura de elevaci\u00f3n considerable de entre <strong><span style=\"color: #00a7e1;\">400 y 760 mm<\/span><\/strong>, seg\u00fan las dimensiones.<\/p>\n<p style=\"text-align: left;\">Se puede inflar con <strong><span style=\"color: #00a7e1;\">un compresor de aire o un tubo de escape de veh\u00edculo para que el sistema sea totalmente aut\u00f3nomo con una presi\u00f3n de 0,5 bares<\/span><\/strong>. El cojin de elevaci\u00f3n neum\u00e1tico CBP es f\u00e1cile de transportar y de colocar gracias a su ligereza, a las asas de transporte y a las marcas que lleva.<\/p>\n<p style=\"text-align: left;\">Un aut\u00e9ntico cojin neum\u00e1tico, fundamental sobre <strong><span style=\"color: #00a7e1;\">la arena, la tierra o el barro<\/span><\/strong>. M\u00faltiples accesorios disponibles para garantizar la presurizaci\u00f3n.<\/p>\n<p>Adem\u00e1s, para levantar cargas m\u00e1s pesadas, hay otros cojines de elevaci\u00f3n como <a href=\"https:\/\/www.pronal.com\/es\/producto\/cojines-de-elevacion\/cojines-de-elevacion-de-plataforma-cpf\/\">CPF<\/a> o <a href=\"https:\/\/www.pronal.com\/es\/producto\/cojines-de-elevacion\/cojine-de-elevacion-neumatico-clt\/\">CLT<\/a>.<\/p>\n","protected":false},"excerpt":{"rendered":"<p>Presi\u00f3n m\u00e1x.: 0,5 bares &#8211; Elevaci\u00f3n m\u00e1x.: 5 toneladas<\/p>\n","protected":false},"featured_media":7223,"template":"","meta":{"_acf_changed":false,"inline_featured_image":false},"product_brand":[],"product_cat":[106,280],"product_tag":[],"class_list":{"0":"post-9531","1":"product","2":"type-product","3":"status-publish","4":"has-post-thumbnail","6":"product_cat-cojines-de-elevacion","7":"product_cat-salvamento-para-servicio-de-rescate","9":"first","10":"instock","11":"shipping-taxable","12":"product-type-simple"},"acf":[],"yoast_head":"<!-- This site is optimized with the Yoast SEO plugin v25.8 - https:\/\/yoast.com\/wordpress\/plugins\/seo\/ -->\n<title>Cojin de elevaci\u00f3n neum\u00e1tico \/ inflable CBP | Pronal<\/title>\n<meta name=\"description\" content=\"El cojin de elevaci\u00f3n neum\u00e1tico CBP o cojine de aire es cojin inflable que permite elevar veh\u00edculos o cargas de hasta 5 toneladas.\" \/>\n<meta name=\"robots\" content=\"index, follow, max-snippet:-1, max-image-preview:large, max-video-preview:-1\" \/>\n<link rel=\"canonical\" href=\"https:\/\/www.pronal.com\/es\/produit\/cojines-de-elevacion\/cojin-de-elevacion-neumatico-cbp\/\" \/>\n<meta property=\"og:locale\" content=\"es_ES\" \/>\n<meta property=\"og:type\" content=\"article\" \/>\n<meta property=\"og:title\" content=\"Cojin de elevaci\u00f3n neum\u00e1tico \/ inflable CBP | Pronal\" \/>\n<meta property=\"og:description\" content=\"El cojin de elevaci\u00f3n neum\u00e1tico CBP o cojine de aire es cojin inflable que permite elevar veh\u00edculos o cargas de hasta 5 toneladas.\" \/>\n<meta property=\"og:url\" content=\"https:\/\/www.pronal.com\/es\/produit\/cojines-de-elevacion\/cojin-de-elevacion-neumatico-cbp\/\" \/>\n<meta property=\"og:site_name\" content=\"Pronal - Conception et fabrication de structure flexible\" \/>\n<meta property=\"article:modified_time\" content=\"2025-09-23T13:58:33+00:00\" \/>\n<meta property=\"og:image\" content=\"https:\/\/www.pronal.com\/wp-content\/uploads\/2019\/03\/Coussins-de-levage-CBP-rallye.jpg\" \/>\n\t<meta property=\"og:image:width\" content=\"656\" \/>\n\t<meta property=\"og:image:height\" content=\"521\" \/>\n\t<meta property=\"og:image:type\" content=\"image\/jpeg\" \/>\n<meta name=\"twitter:card\" content=\"summary_large_image\" \/>\n<meta name=\"twitter:label1\" content=\"Tiempo de lectura\" \/>\n\t<meta name=\"twitter:data1\" content=\"1 minuto\" \/>\n<script type=\"application\/ld+json\" class=\"yoast-schema-graph\">{\"@context\":\"https:\/\/schema.org\",\"@graph\":[{\"@type\":\"WebPage\",\"@id\":\"https:\/\/www.pronal.com\/es\/produit\/cojines-de-elevacion\/cojin-de-elevacion-neumatico-cbp\/\",\"url\":\"https:\/\/www.pronal.com\/es\/produit\/cojines-de-elevacion\/cojin-de-elevacion-neumatico-cbp\/\",\"name\":\"Cojin de elevaci\u00f3n neum\u00e1tico \/ inflable CBP | Pronal\",\"isPartOf\":{\"@id\":\"https:\/\/www.pronal.com\/es\/#website\"},\"primaryImageOfPage\":{\"@id\":\"https:\/\/www.pronal.com\/es\/produit\/cojines-de-elevacion\/cojin-de-elevacion-neumatico-cbp\/#primaryimage\"},\"image\":{\"@id\":\"https:\/\/www.pronal.com\/es\/produit\/cojines-de-elevacion\/cojin-de-elevacion-neumatico-cbp\/#primaryimage\"},\"thumbnailUrl\":\"https:\/\/www.pronal.com\/wp-content\/uploads\/2019\/03\/Coussins-de-levage-CBP-rallye.jpg\",\"datePublished\":\"2019-03-11T15:46:54+00:00\",\"dateModified\":\"2025-09-23T13:58:33+00:00\",\"description\":\"El cojin de elevaci\u00f3n neum\u00e1tico CBP o cojine de aire es cojin inflable que permite elevar veh\u00edculos o cargas de hasta 5 toneladas.\",\"breadcrumb\":{\"@id\":\"https:\/\/www.pronal.com\/es\/produit\/cojines-de-elevacion\/cojin-de-elevacion-neumatico-cbp\/#breadcrumb\"},\"inLanguage\":\"es\",\"potentialAction\":[{\"@type\":\"ReadAction\",\"target\":[\"https:\/\/www.pronal.com\/es\/produit\/cojines-de-elevacion\/cojin-de-elevacion-neumatico-cbp\/\"]}]},{\"@type\":\"ImageObject\",\"inLanguage\":\"es\",\"@id\":\"https:\/\/www.pronal.com\/es\/produit\/cojines-de-elevacion\/cojin-de-elevacion-neumatico-cbp\/#primaryimage\",\"url\":\"https:\/\/www.pronal.com\/wp-content\/uploads\/2019\/03\/Coussins-de-levage-CBP-rallye.jpg\",\"contentUrl\":\"https:\/\/www.pronal.com\/wp-content\/uploads\/2019\/03\/Coussins-de-levage-CBP-rallye.jpg\",\"width\":656,\"height\":521,\"caption\":\"Cojin de elevaci\u00f3n neum\u00e1tico CBP\"},{\"@type\":\"BreadcrumbList\",\"@id\":\"https:\/\/www.pronal.com\/es\/produit\/cojines-de-elevacion\/cojin-de-elevacion-neumatico-cbp\/#breadcrumb\",\"itemListElement\":[{\"@type\":\"ListItem\",\"position\":1,\"name\":\"Cat\u00e1logo de productos\",\"item\":\"https:\/\/www.pronal.com\/es\/catalogo-de-productos\/\"},{\"@type\":\"ListItem\",\"position\":2,\"name\":\"Cojin de elevaci\u00f3n neum\u00e1tico CBP\"}]},{\"@type\":\"WebSite\",\"@id\":\"https:\/\/www.pronal.com\/es\/#website\",\"url\":\"https:\/\/www.pronal.com\/es\/\",\"name\":\"Pronal - Conception et fabrication de structure flexible\",\"description\":\"Pronal - Conception et fabrication de structure flexible\",\"publisher\":{\"@id\":\"https:\/\/www.pronal.com\/es\/#organization\"},\"potentialAction\":[{\"@type\":\"SearchAction\",\"target\":{\"@type\":\"EntryPoint\",\"urlTemplate\":\"https:\/\/www.pronal.com\/es\/?s={search_term_string}\"},\"query-input\":{\"@type\":\"PropertyValueSpecification\",\"valueRequired\":true,\"valueName\":\"search_term_string\"}}],\"inLanguage\":\"es\"},{\"@type\":\"Organization\",\"@id\":\"https:\/\/www.pronal.com\/es\/#organization\",\"name\":\"Pronal\",\"url\":\"https:\/\/www.pronal.com\/es\/\",\"logo\":{\"@type\":\"ImageObject\",\"inLanguage\":\"es\",\"@id\":\"https:\/\/www.pronal.com\/es\/#\/schema\/logo\/image\/\",\"url\":\"https:\/\/www.pronal.com\/wp-content\/uploads\/2019\/06\/logo-pronal.png\",\"contentUrl\":\"https:\/\/www.pronal.com\/wp-content\/uploads\/2019\/06\/logo-pronal.png\",\"width\":504,\"height\":80,\"caption\":\"Pronal\"},\"image\":{\"@id\":\"https:\/\/www.pronal.com\/es\/#\/schema\/logo\/image\/\"}}]}<\/script>\n<!-- \/ Yoast SEO plugin. -->","yoast_head_json":{"title":"Cojin de elevaci\u00f3n neum\u00e1tico \/ inflable CBP | Pronal","description":"El cojin de elevaci\u00f3n neum\u00e1tico CBP o cojine de aire es cojin inflable que permite elevar veh\u00edculos o cargas de hasta 5 toneladas.","robots":{"index":"index","follow":"follow","max-snippet":"max-snippet:-1","max-image-preview":"max-image-preview:large","max-video-preview":"max-video-preview:-1"},"canonical":"https:\/\/www.pronal.com\/es\/produit\/cojines-de-elevacion\/cojin-de-elevacion-neumatico-cbp\/","og_locale":"es_ES","og_type":"article","og_title":"Cojin de elevaci\u00f3n neum\u00e1tico \/ inflable CBP | Pronal","og_description":"El cojin de elevaci\u00f3n neum\u00e1tico CBP o cojine de aire es cojin inflable que permite elevar veh\u00edculos o cargas de hasta 5 toneladas.","og_url":"https:\/\/www.pronal.com\/es\/produit\/cojines-de-elevacion\/cojin-de-elevacion-neumatico-cbp\/","og_site_name":"Pronal - Conception et fabrication de structure flexible","article_modified_time":"2025-09-23T13:58:33+00:00","og_image":[{"width":656,"height":521,"url":"https:\/\/www.pronal.com\/wp-content\/uploads\/2019\/03\/Coussins-de-levage-CBP-rallye.jpg","type":"image\/jpeg"}],"twitter_card":"summary_large_image","twitter_misc":{"Tiempo de lectura":"1 minuto"},"schema":{"@context":"https:\/\/schema.org","@graph":[{"@type":"WebPage","@id":"https:\/\/www.pronal.com\/es\/produit\/cojines-de-elevacion\/cojin-de-elevacion-neumatico-cbp\/","url":"https:\/\/www.pronal.com\/es\/produit\/cojines-de-elevacion\/cojin-de-elevacion-neumatico-cbp\/","name":"Cojin de elevaci\u00f3n neum\u00e1tico \/ inflable CBP | Pronal","isPartOf":{"@id":"https:\/\/www.pronal.com\/es\/#website"},"primaryImageOfPage":{"@id":"https:\/\/www.pronal.com\/es\/produit\/cojines-de-elevacion\/cojin-de-elevacion-neumatico-cbp\/#primaryimage"},"image":{"@id":"https:\/\/www.pronal.com\/es\/produit\/cojines-de-elevacion\/cojin-de-elevacion-neumatico-cbp\/#primaryimage"},"thumbnailUrl":"https:\/\/www.pronal.com\/wp-content\/uploads\/2019\/03\/Coussins-de-levage-CBP-rallye.jpg","datePublished":"2019-03-11T15:46:54+00:00","dateModified":"2025-09-23T13:58:33+00:00","description":"El cojin de elevaci\u00f3n neum\u00e1tico CBP o cojine de aire es cojin inflable que permite elevar veh\u00edculos o cargas de hasta 5 toneladas.","breadcrumb":{"@id":"https:\/\/www.pronal.com\/es\/produit\/cojines-de-elevacion\/cojin-de-elevacion-neumatico-cbp\/#breadcrumb"},"inLanguage":"es","potentialAction":[{"@type":"ReadAction","target":["https:\/\/www.pronal.com\/es\/produit\/cojines-de-elevacion\/cojin-de-elevacion-neumatico-cbp\/"]}]},{"@type":"ImageObject","inLanguage":"es","@id":"https:\/\/www.pronal.com\/es\/produit\/cojines-de-elevacion\/cojin-de-elevacion-neumatico-cbp\/#primaryimage","url":"https:\/\/www.pronal.com\/wp-content\/uploads\/2019\/03\/Coussins-de-levage-CBP-rallye.jpg","contentUrl":"https:\/\/www.pronal.com\/wp-content\/uploads\/2019\/03\/Coussins-de-levage-CBP-rallye.jpg","width":656,"height":521,"caption":"Cojin de elevaci\u00f3n neum\u00e1tico CBP"},{"@type":"BreadcrumbList","@id":"https:\/\/www.pronal.com\/es\/produit\/cojines-de-elevacion\/cojin-de-elevacion-neumatico-cbp\/#breadcrumb","itemListElement":[{"@type":"ListItem","position":1,"name":"Cat\u00e1logo de productos","item":"https:\/\/www.pronal.com\/es\/catalogo-de-productos\/"},{"@type":"ListItem","position":2,"name":"Cojin de elevaci\u00f3n neum\u00e1tico CBP"}]},{"@type":"WebSite","@id":"https:\/\/www.pronal.com\/es\/#website","url":"https:\/\/www.pronal.com\/es\/","name":"Pronal - Conception et fabrication de structure flexible","description":"Pronal - Conception et fabrication de structure flexible","publisher":{"@id":"https:\/\/www.pronal.com\/es\/#organization"},"potentialAction":[{"@type":"SearchAction","target":{"@type":"EntryPoint","urlTemplate":"https:\/\/www.pronal.com\/es\/?s={search_term_string}"},"query-input":{"@type":"PropertyValueSpecification","valueRequired":true,"valueName":"search_term_string"}}],"inLanguage":"es"},{"@type":"Organization","@id":"https:\/\/www.pronal.com\/es\/#organization","name":"Pronal","url":"https:\/\/www.pronal.com\/es\/","logo":{"@type":"ImageObject","inLanguage":"es","@id":"https:\/\/www.pronal.com\/es\/#\/schema\/logo\/image\/","url":"https:\/\/www.pronal.com\/wp-content\/uploads\/2019\/06\/logo-pronal.png","contentUrl":"https:\/\/www.pronal.com\/wp-content\/uploads\/2019\/06\/logo-pronal.png","width":504,"height":80,"caption":"Pronal"},"image":{"@id":"https:\/\/www.pronal.com\/es\/#\/schema\/logo\/image\/"}}]}},"_links":{"self":[{"href":"https:\/\/www.pronal.com\/es\/wp-json\/wp\/v2\/product\/9531","targetHints":{"allow":["GET"]}}],"collection":[{"href":"https:\/\/www.pronal.com\/es\/wp-json\/wp\/v2\/product"}],"about":[{"href":"https:\/\/www.pronal.com\/es\/wp-json\/wp\/v2\/types\/product"}],"wp:featuredmedia":[{"embeddable":true,"href":"https:\/\/www.pronal.com\/es\/wp-json\/wp\/v2\/media\/7223"}],"wp:attachment":[{"href":"https:\/\/www.pronal.com\/es\/wp-json\/wp\/v2\/media?parent=9531"}],"wp:term":[{"taxonomy":"product_brand","embeddable":true,"href":"https:\/\/www.pronal.com\/es\/wp-json\/wp\/v2\/product_brand?post=9531"},{"taxonomy":"product_cat","embeddable":true,"href":"https:\/\/www.pronal.com\/es\/wp-json\/wp\/v2\/product_cat?post=9531"},{"taxonomy":"product_tag","embeddable":true,"href":"https:\/\/www.pronal.com\/es\/wp-json\/wp\/v2\/product_tag?post=9531"}],"curies":[{"name":"wp","href":"https:\/\/api.w.org\/{rel}","templated":true}]}}