{"id":9532,"date":"2019-03-11T16:47:57","date_gmt":"2019-03-11T15:47:57","guid":{"rendered":"https:\/\/www.pronal.com\/produit\/sincategorizar\/coussins-gonflables-de-relevage-davion\/"},"modified":"2025-11-13T09:53:04","modified_gmt":"2025-11-13T08:53:04","slug":"cojines-inflables-para-elevacion-de-aviones-parc","status":"publish","type":"product","link":"https:\/\/www.pronal.com\/es\/produit\/coussins-de-levage\/cojines-inflables-para-elevacion-de-aviones-parc\/","title":{"rendered":"Cojines inflables para elevaci\u00f3n de aviones &#8211; PARC"},"content":{"rendered":"<p style=\"text-align: left;\"><strong><span style=\"color: #00a7e1;\">Los cojines inflables para elevaci\u00f3n de aviones Pronal<\/span><\/strong> permiten subir las aeronaves inmovilizadas en caso de aver\u00eda o accidente. Este sistema de elevaci\u00f3n es uno de los m\u00e9todos <strong><span style=\"color: #00a7e1;\">aprobados por los fabricantes de aviones para levantar las aeronaves averiadas<\/span><\/strong>. Los cojines de elevaci\u00f3n neum\u00e1ticos se fabrican siguiendo <strong><span style=\"color: #00a7e1;\">los manuales de mantenimiento de aviones<\/span><\/strong> de los fabricantes y de acuerdo con <strong><span style=\"color: #00a7e1;\">la \u00abParte 5 del Manual de mantenimiento de aeropuertos &#8211; Retirada de aeronaves\u00bb<\/span><\/strong>.<\/p>\n<p style=\"text-align: left;\">Los cojines para elevaci\u00f3n de aviones incluyen varias c\u00e1maras de aire independientes que permiten levantar todo tipo de aviones sin ning\u00fan problema ni da\u00f1os colaterales. Cada unidad inflable est\u00e1 fabricada con un tejido altamente resistente, con revestimiento de goma, y mediante el m\u00e9todo de vulcanizaci\u00f3n en caliente con autoclave, sin pegamento ni costura entre las distintas capas. Este proceso de fabricaci\u00f3n permite <strong><span style=\"color: #00a7e1;\">una homogeneidad perfecta del producto<\/span><\/strong>, evitando as\u00ed cualquier punto d\u00e9bil y <strong><span style=\"color: #00a7e1;\">aumentando considerablemente la vida \u00fatil del producto<\/span><\/strong>. Los cojines para elevaci\u00f3n de aviones se pueden almacenar a temperatura ambiente, sin condiciones espec\u00edficas de almacenamiento (p. ej.: sala climatizada).<\/p>\n","protected":false},"excerpt":{"rendered":"<p>Elevaci\u00f3n de avi\u00f3n &#8211; Presi\u00f3n m\u00e1x.: 1 bar<\/p>\n","protected":false},"featured_media":4283,"template":"","meta":{"_acf_changed":false,"inline_featured_image":false},"product_brand":[],"product_cat":[106,266],"product_tag":[461],"class_list":{"0":"post-9532","1":"product","2":"type-product","3":"status-publish","4":"has-post-thumbnail","6":"product_cat-cojines-de-elevacion","7":"product_cat-levantamiento-de-aviones","8":"product_tag-aeronautica","10":"first","11":"instock","12":"shipping-taxable","13":"product-type-simple"},"acf":[],"yoast_head":"<!-- This site is optimized with the Yoast SEO plugin v25.8 - https:\/\/yoast.com\/wordpress\/plugins\/seo\/ -->\n<title>Cojines inflables para elevaci\u00f3n de aviones | Pronal<\/title>\n<meta name=\"description\" content=\"Los cojines inflables para elevaci\u00f3n de aviones se utilizan para la recuperaci\u00f3n de aviones inmovilizados tras un accidente o una salida de pista.\" \/>\n<meta name=\"robots\" content=\"index, follow, max-snippet:-1, max-image-preview:large, max-video-preview:-1\" \/>\n<link rel=\"canonical\" href=\"https:\/\/www.pronal.com\/es\/produit\/coussins-de-levage\/cojines-inflables-para-elevacion-de-aviones-parc\/\" \/>\n<meta property=\"og:locale\" content=\"es_ES\" \/>\n<meta property=\"og:type\" content=\"article\" \/>\n<meta property=\"og:title\" content=\"Cojines inflables para elevaci\u00f3n de aviones | Pronal\" \/>\n<meta property=\"og:description\" content=\"Los cojines inflables para elevaci\u00f3n de aviones se utilizan para la recuperaci\u00f3n de aviones inmovilizados tras un accidente o una salida de pista.\" \/>\n<meta property=\"og:url\" content=\"https:\/\/www.pronal.com\/es\/produit\/coussins-de-levage\/cojines-inflables-para-elevacion-de-aviones-parc\/\" \/>\n<meta property=\"og:site_name\" content=\"Pronal - Conception et fabrication de structure flexible\" \/>\n<meta property=\"article:modified_time\" content=\"2025-11-13T08:53:04+00:00\" \/>\n<meta property=\"og:image\" content=\"https:\/\/www.pronal.com\/wp-content\/uploads\/2019\/03\/Coussins-PRONAL-1280x822.jpg\" \/>\n\t<meta property=\"og:image:width\" content=\"1280\" \/>\n\t<meta property=\"og:image:height\" content=\"822\" \/>\n\t<meta property=\"og:image:type\" content=\"image\/jpeg\" \/>\n<meta name=\"twitter:card\" content=\"summary_large_image\" \/>\n<meta name=\"twitter:label1\" content=\"Tiempo de lectura\" \/>\n\t<meta name=\"twitter:data1\" content=\"2 minutos\" \/>\n<script type=\"application\/ld+json\" class=\"yoast-schema-graph\">{\"@context\":\"https:\/\/schema.org\",\"@graph\":[{\"@type\":\"WebPage\",\"@id\":\"https:\/\/www.pronal.com\/es\/produit\/coussins-de-levage\/cojines-inflables-para-elevacion-de-aviones-parc\/\",\"url\":\"https:\/\/www.pronal.com\/es\/produit\/coussins-de-levage\/cojines-inflables-para-elevacion-de-aviones-parc\/\",\"name\":\"Cojines inflables para elevaci\u00f3n de aviones | Pronal\",\"isPartOf\":{\"@id\":\"https:\/\/www.pronal.com\/es\/#website\"},\"primaryImageOfPage\":{\"@id\":\"https:\/\/www.pronal.com\/es\/produit\/coussins-de-levage\/cojines-inflables-para-elevacion-de-aviones-parc\/#primaryimage\"},\"image\":{\"@id\":\"https:\/\/www.pronal.com\/es\/produit\/coussins-de-levage\/cojines-inflables-para-elevacion-de-aviones-parc\/#primaryimage\"},\"thumbnailUrl\":\"https:\/\/www.pronal.com\/wp-content\/uploads\/2019\/03\/Coussins-PRONAL.jpg\",\"datePublished\":\"2019-03-11T15:47:57+00:00\",\"dateModified\":\"2025-11-13T08:53:04+00:00\",\"description\":\"Los cojines inflables para elevaci\u00f3n de aviones se utilizan para la recuperaci\u00f3n de aviones inmovilizados tras un accidente o una salida de pista.\",\"breadcrumb\":{\"@id\":\"https:\/\/www.pronal.com\/es\/produit\/coussins-de-levage\/cojines-inflables-para-elevacion-de-aviones-parc\/#breadcrumb\"},\"inLanguage\":\"es\",\"potentialAction\":[{\"@type\":\"ReadAction\",\"target\":[\"https:\/\/www.pronal.com\/es\/produit\/coussins-de-levage\/cojines-inflables-para-elevacion-de-aviones-parc\/\"]}]},{\"@type\":\"ImageObject\",\"inLanguage\":\"es\",\"@id\":\"https:\/\/www.pronal.com\/es\/produit\/coussins-de-levage\/cojines-inflables-para-elevacion-de-aviones-parc\/#primaryimage\",\"url\":\"https:\/\/www.pronal.com\/wp-content\/uploads\/2019\/03\/Coussins-PRONAL.jpg\",\"contentUrl\":\"https:\/\/www.pronal.com\/wp-content\/uploads\/2019\/03\/Coussins-PRONAL.jpg\",\"width\":2835,\"height\":1821,\"caption\":\"Coussins gonflables de relevage d'avion\"},{\"@type\":\"BreadcrumbList\",\"@id\":\"https:\/\/www.pronal.com\/es\/produit\/coussins-de-levage\/cojines-inflables-para-elevacion-de-aviones-parc\/#breadcrumb\",\"itemListElement\":[{\"@type\":\"ListItem\",\"position\":1,\"name\":\"Cat\u00e1logo de productos\",\"item\":\"https:\/\/www.pronal.com\/es\/catalogo-de-productos\/\"},{\"@type\":\"ListItem\",\"position\":2,\"name\":\"Cojines inflables para elevaci\u00f3n de aviones &#8211; PARC\"}]},{\"@type\":\"WebSite\",\"@id\":\"https:\/\/www.pronal.com\/es\/#website\",\"url\":\"https:\/\/www.pronal.com\/es\/\",\"name\":\"Pronal - Conception et fabrication de structure flexible\",\"description\":\"Pronal - Conception et fabrication de structure flexible\",\"publisher\":{\"@id\":\"https:\/\/www.pronal.com\/es\/#organization\"},\"potentialAction\":[{\"@type\":\"SearchAction\",\"target\":{\"@type\":\"EntryPoint\",\"urlTemplate\":\"https:\/\/www.pronal.com\/es\/?s={search_term_string}\"},\"query-input\":{\"@type\":\"PropertyValueSpecification\",\"valueRequired\":true,\"valueName\":\"search_term_string\"}}],\"inLanguage\":\"es\"},{\"@type\":\"Organization\",\"@id\":\"https:\/\/www.pronal.com\/es\/#organization\",\"name\":\"Pronal\",\"url\":\"https:\/\/www.pronal.com\/es\/\",\"logo\":{\"@type\":\"ImageObject\",\"inLanguage\":\"es\",\"@id\":\"https:\/\/www.pronal.com\/es\/#\/schema\/logo\/image\/\",\"url\":\"https:\/\/www.pronal.com\/wp-content\/uploads\/2019\/06\/logo-pronal.png\",\"contentUrl\":\"https:\/\/www.pronal.com\/wp-content\/uploads\/2019\/06\/logo-pronal.png\",\"width\":504,\"height\":80,\"caption\":\"Pronal\"},\"image\":{\"@id\":\"https:\/\/www.pronal.com\/es\/#\/schema\/logo\/image\/\"}}]}<\/script>\n<!-- \/ Yoast SEO plugin. -->","yoast_head_json":{"title":"Cojines inflables para elevaci\u00f3n de aviones | Pronal","description":"Los cojines inflables para elevaci\u00f3n de aviones se utilizan para la recuperaci\u00f3n de aviones inmovilizados tras un accidente o una salida de pista.","robots":{"index":"index","follow":"follow","max-snippet":"max-snippet:-1","max-image-preview":"max-image-preview:large","max-video-preview":"max-video-preview:-1"},"canonical":"https:\/\/www.pronal.com\/es\/produit\/coussins-de-levage\/cojines-inflables-para-elevacion-de-aviones-parc\/","og_locale":"es_ES","og_type":"article","og_title":"Cojines inflables para elevaci\u00f3n de aviones | Pronal","og_description":"Los cojines inflables para elevaci\u00f3n de aviones se utilizan para la recuperaci\u00f3n de aviones inmovilizados tras un accidente o una salida de pista.","og_url":"https:\/\/www.pronal.com\/es\/produit\/coussins-de-levage\/cojines-inflables-para-elevacion-de-aviones-parc\/","og_site_name":"Pronal - Conception et fabrication de structure flexible","article_modified_time":"2025-11-13T08:53:04+00:00","og_image":[{"width":1280,"height":822,"url":"https:\/\/www.pronal.com\/wp-content\/uploads\/2019\/03\/Coussins-PRONAL-1280x822.jpg","type":"image\/jpeg"}],"twitter_card":"summary_large_image","twitter_misc":{"Tiempo de lectura":"2 minutos"},"schema":{"@context":"https:\/\/schema.org","@graph":[{"@type":"WebPage","@id":"https:\/\/www.pronal.com\/es\/produit\/coussins-de-levage\/cojines-inflables-para-elevacion-de-aviones-parc\/","url":"https:\/\/www.pronal.com\/es\/produit\/coussins-de-levage\/cojines-inflables-para-elevacion-de-aviones-parc\/","name":"Cojines inflables para elevaci\u00f3n de aviones | Pronal","isPartOf":{"@id":"https:\/\/www.pronal.com\/es\/#website"},"primaryImageOfPage":{"@id":"https:\/\/www.pronal.com\/es\/produit\/coussins-de-levage\/cojines-inflables-para-elevacion-de-aviones-parc\/#primaryimage"},"image":{"@id":"https:\/\/www.pronal.com\/es\/produit\/coussins-de-levage\/cojines-inflables-para-elevacion-de-aviones-parc\/#primaryimage"},"thumbnailUrl":"https:\/\/www.pronal.com\/wp-content\/uploads\/2019\/03\/Coussins-PRONAL.jpg","datePublished":"2019-03-11T15:47:57+00:00","dateModified":"2025-11-13T08:53:04+00:00","description":"Los cojines inflables para elevaci\u00f3n de aviones se utilizan para la recuperaci\u00f3n de aviones inmovilizados tras un accidente o una salida de pista.","breadcrumb":{"@id":"https:\/\/www.pronal.com\/es\/produit\/coussins-de-levage\/cojines-inflables-para-elevacion-de-aviones-parc\/#breadcrumb"},"inLanguage":"es","potentialAction":[{"@type":"ReadAction","target":["https:\/\/www.pronal.com\/es\/produit\/coussins-de-levage\/cojines-inflables-para-elevacion-de-aviones-parc\/"]}]},{"@type":"ImageObject","inLanguage":"es","@id":"https:\/\/www.pronal.com\/es\/produit\/coussins-de-levage\/cojines-inflables-para-elevacion-de-aviones-parc\/#primaryimage","url":"https:\/\/www.pronal.com\/wp-content\/uploads\/2019\/03\/Coussins-PRONAL.jpg","contentUrl":"https:\/\/www.pronal.com\/wp-content\/uploads\/2019\/03\/Coussins-PRONAL.jpg","width":2835,"height":1821,"caption":"Coussins gonflables de relevage d'avion"},{"@type":"BreadcrumbList","@id":"https:\/\/www.pronal.com\/es\/produit\/coussins-de-levage\/cojines-inflables-para-elevacion-de-aviones-parc\/#breadcrumb","itemListElement":[{"@type":"ListItem","position":1,"name":"Cat\u00e1logo de productos","item":"https:\/\/www.pronal.com\/es\/catalogo-de-productos\/"},{"@type":"ListItem","position":2,"name":"Cojines inflables para elevaci\u00f3n de aviones &#8211; PARC"}]},{"@type":"WebSite","@id":"https:\/\/www.pronal.com\/es\/#website","url":"https:\/\/www.pronal.com\/es\/","name":"Pronal - Conception et fabrication de structure flexible","description":"Pronal - Conception et fabrication de structure flexible","publisher":{"@id":"https:\/\/www.pronal.com\/es\/#organization"},"potentialAction":[{"@type":"SearchAction","target":{"@type":"EntryPoint","urlTemplate":"https:\/\/www.pronal.com\/es\/?s={search_term_string}"},"query-input":{"@type":"PropertyValueSpecification","valueRequired":true,"valueName":"search_term_string"}}],"inLanguage":"es"},{"@type":"Organization","@id":"https:\/\/www.pronal.com\/es\/#organization","name":"Pronal","url":"https:\/\/www.pronal.com\/es\/","logo":{"@type":"ImageObject","inLanguage":"es","@id":"https:\/\/www.pronal.com\/es\/#\/schema\/logo\/image\/","url":"https:\/\/www.pronal.com\/wp-content\/uploads\/2019\/06\/logo-pronal.png","contentUrl":"https:\/\/www.pronal.com\/wp-content\/uploads\/2019\/06\/logo-pronal.png","width":504,"height":80,"caption":"Pronal"},"image":{"@id":"https:\/\/www.pronal.com\/es\/#\/schema\/logo\/image\/"}}]}},"_links":{"self":[{"href":"https:\/\/www.pronal.com\/es\/wp-json\/wp\/v2\/product\/9532","targetHints":{"allow":["GET"]}}],"collection":[{"href":"https:\/\/www.pronal.com\/es\/wp-json\/wp\/v2\/product"}],"about":[{"href":"https:\/\/www.pronal.com\/es\/wp-json\/wp\/v2\/types\/product"}],"wp:featuredmedia":[{"embeddable":true,"href":"https:\/\/www.pronal.com\/es\/wp-json\/wp\/v2\/media\/4283"}],"wp:attachment":[{"href":"https:\/\/www.pronal.com\/es\/wp-json\/wp\/v2\/media?parent=9532"}],"wp:term":[{"taxonomy":"product_brand","embeddable":true,"href":"https:\/\/www.pronal.com\/es\/wp-json\/wp\/v2\/product_brand?post=9532"},{"taxonomy":"product_cat","embeddable":true,"href":"https:\/\/www.pronal.com\/es\/wp-json\/wp\/v2\/product_cat?post=9532"},{"taxonomy":"product_tag","embeddable":true,"href":"https:\/\/www.pronal.com\/es\/wp-json\/wp\/v2\/product_tag?post=9532"}],"curies":[{"name":"wp","href":"https:\/\/api.w.org\/{rel}","templated":true}]}}