{"id":9534,"date":"2019-03-11T17:05:20","date_gmt":"2019-03-11T16:05:20","guid":{"rendered":"https:\/\/www.pronal.com\/produit\/sincategorizar\/coussins-de-carriere-pneumatiques\/"},"modified":"2025-10-23T12:08:53","modified_gmt":"2025-10-23T10:08:53","slug":"cojines-para-cantera-neumaticos","status":"publish","type":"product","link":"https:\/\/www.pronal.com\/es\/produit\/cojines-de-elevacion\/separar-bloques-de-piedra\/cojines-para-cantera-neumaticos\/","title":{"rendered":"Cojin para cantera neum\u00e1tico"},"content":{"rendered":"<p style=\"text-align: left;\"><strong><span style=\"color: #00a7e1;\">El cojin para cantera neum\u00e1tico<\/span><\/strong> forma parte de los equipos fundamentales utilizados para <strong><span style=\"color: #00a7e1;\">la extracci\u00f3n de bloques de m\u00e1rmol, granito o cualquier otro tipo de piedra<\/span><\/strong>. Se utilizan varios cojines inflables simult\u00e1neamente para separar los bloques de piedra. Su escaso grosor en vac\u00edo facilita su colocaci\u00f3n en zanjas de aserrado. Se mantienen a cierto nivel gracias a los cables de anclaje.<\/p>\n<p style=\"text-align: left;\"><strong><span style=\"color: #00a7e1;\">Inflados de aire con un compresor<\/span><\/strong> permiten separar de manera uniforme la roca. Se pueden apilar varios cojines o desplazar para volcar los bloques de piedra.<\/p>\n<p>Adem\u00e1s del coj\u00edn para cantenar neum\u00e1tico, tambi\u00e9n est\u00e1 el <a href=\"https:\/\/www.pronal.com\/es\/producto\/cojines-de-elevacion\/cojine-de-elevacion-neumatico-clt\/\">CLT<\/a>.<\/p>\n<p>&nbsp;<\/p>\n","protected":false},"excerpt":{"rendered":"<p>Separaci\u00f3n \/ Vuelco de bloques de piedra &#8211; Presi\u00f3n m\u00e1x.: 6 bares<\/p>\n","protected":false},"featured_media":6048,"template":"","meta":{"_acf_changed":false,"inline_featured_image":false},"product_brand":[],"product_cat":[106,117],"product_tag":[469],"class_list":{"0":"post-9534","1":"product","2":"type-product","3":"status-publish","4":"has-post-thumbnail","6":"product_cat-cojines-de-elevacion","7":"product_cat-separar-bloques-de-piedra","8":"product_tag-levantar","10":"first","11":"instock","12":"shipping-taxable","13":"product-type-simple"},"acf":[],"yoast_head":"<!-- This site is optimized with the Yoast SEO plugin v25.8 - https:\/\/yoast.com\/wordpress\/plugins\/seo\/ -->\n<title>Cojin para cantera neum\u00e1tico \/ inflable | Pronal<\/title>\n<meta name=\"description\" content=\"El cojin para cantera neum\u00e1tico o cojine de aire permite extraer, separar y volcar bloques de granito, m\u00e1rmol o cualquier otro tipo de piedra.\" \/>\n<meta name=\"robots\" content=\"index, follow, max-snippet:-1, max-image-preview:large, max-video-preview:-1\" \/>\n<link rel=\"canonical\" href=\"https:\/\/www.pronal.com\/es\/produit\/cojines-de-elevacion\/separar-bloques-de-piedra\/cojines-para-cantera-neumaticos\/\" \/>\n<meta property=\"og:locale\" content=\"es_ES\" \/>\n<meta property=\"og:type\" content=\"article\" \/>\n<meta property=\"og:title\" content=\"Cojin para cantera neum\u00e1tico \/ inflable | Pronal\" \/>\n<meta property=\"og:description\" content=\"El cojin para cantera neum\u00e1tico o cojine de aire permite extraer, separar y volcar bloques de granito, m\u00e1rmol o cualquier otro tipo de piedra.\" \/>\n<meta property=\"og:url\" content=\"https:\/\/www.pronal.com\/es\/produit\/cojines-de-elevacion\/separar-bloques-de-piedra\/cojines-para-cantera-neumaticos\/\" \/>\n<meta property=\"og:site_name\" content=\"Pronal - Conception et fabrication de structure flexible\" \/>\n<meta property=\"article:modified_time\" content=\"2025-10-23T10:08:53+00:00\" \/>\n<meta property=\"og:image\" content=\"https:\/\/www.pronal.com\/wp-content\/uploads\/2019\/03\/Coussins-de-carriere-1.jpg\" \/>\n\t<meta property=\"og:image:width\" content=\"656\" \/>\n\t<meta property=\"og:image:height\" content=\"521\" \/>\n\t<meta property=\"og:image:type\" content=\"image\/jpeg\" \/>\n<meta name=\"twitter:card\" content=\"summary_large_image\" \/>\n<meta name=\"twitter:label1\" content=\"Tiempo de lectura\" \/>\n\t<meta name=\"twitter:data1\" content=\"1 minuto\" \/>\n<script type=\"application\/ld+json\" class=\"yoast-schema-graph\">{\"@context\":\"https:\/\/schema.org\",\"@graph\":[{\"@type\":\"WebPage\",\"@id\":\"https:\/\/www.pronal.com\/es\/produit\/cojines-de-elevacion\/separar-bloques-de-piedra\/cojines-para-cantera-neumaticos\/\",\"url\":\"https:\/\/www.pronal.com\/es\/produit\/cojines-de-elevacion\/separar-bloques-de-piedra\/cojines-para-cantera-neumaticos\/\",\"name\":\"Cojin para cantera neum\u00e1tico \/ inflable | Pronal\",\"isPartOf\":{\"@id\":\"https:\/\/www.pronal.com\/es\/#website\"},\"primaryImageOfPage\":{\"@id\":\"https:\/\/www.pronal.com\/es\/produit\/cojines-de-elevacion\/separar-bloques-de-piedra\/cojines-para-cantera-neumaticos\/#primaryimage\"},\"image\":{\"@id\":\"https:\/\/www.pronal.com\/es\/produit\/cojines-de-elevacion\/separar-bloques-de-piedra\/cojines-para-cantera-neumaticos\/#primaryimage\"},\"thumbnailUrl\":\"https:\/\/www.pronal.com\/wp-content\/uploads\/2019\/03\/Coussins-de-carriere-1.jpg\",\"datePublished\":\"2019-03-11T16:05:20+00:00\",\"dateModified\":\"2025-10-23T10:08:53+00:00\",\"description\":\"El cojin para cantera neum\u00e1tico o cojine de aire permite extraer, separar y volcar bloques de granito, m\u00e1rmol o cualquier otro tipo de piedra.\",\"breadcrumb\":{\"@id\":\"https:\/\/www.pronal.com\/es\/produit\/cojines-de-elevacion\/separar-bloques-de-piedra\/cojines-para-cantera-neumaticos\/#breadcrumb\"},\"inLanguage\":\"es\",\"potentialAction\":[{\"@type\":\"ReadAction\",\"target\":[\"https:\/\/www.pronal.com\/es\/produit\/cojines-de-elevacion\/separar-bloques-de-piedra\/cojines-para-cantera-neumaticos\/\"]}]},{\"@type\":\"ImageObject\",\"inLanguage\":\"es\",\"@id\":\"https:\/\/www.pronal.com\/es\/produit\/cojines-de-elevacion\/separar-bloques-de-piedra\/cojines-para-cantera-neumaticos\/#primaryimage\",\"url\":\"https:\/\/www.pronal.com\/wp-content\/uploads\/2019\/03\/Coussins-de-carriere-1.jpg\",\"contentUrl\":\"https:\/\/www.pronal.com\/wp-content\/uploads\/2019\/03\/Coussins-de-carriere-1.jpg\",\"width\":656,\"height\":521,\"caption\":\"Cojin para cantera neum\u00e1tico\"},{\"@type\":\"BreadcrumbList\",\"@id\":\"https:\/\/www.pronal.com\/es\/produit\/cojines-de-elevacion\/separar-bloques-de-piedra\/cojines-para-cantera-neumaticos\/#breadcrumb\",\"itemListElement\":[{\"@type\":\"ListItem\",\"position\":1,\"name\":\"Cat\u00e1logo de productos\",\"item\":\"https:\/\/www.pronal.com\/es\/catalogo-de-productos\/\"},{\"@type\":\"ListItem\",\"position\":2,\"name\":\"Cojin para cantera neum\u00e1tico\"}]},{\"@type\":\"WebSite\",\"@id\":\"https:\/\/www.pronal.com\/es\/#website\",\"url\":\"https:\/\/www.pronal.com\/es\/\",\"name\":\"Pronal - Conception et fabrication de structure flexible\",\"description\":\"Pronal - Conception et fabrication de structure flexible\",\"publisher\":{\"@id\":\"https:\/\/www.pronal.com\/es\/#organization\"},\"potentialAction\":[{\"@type\":\"SearchAction\",\"target\":{\"@type\":\"EntryPoint\",\"urlTemplate\":\"https:\/\/www.pronal.com\/es\/?s={search_term_string}\"},\"query-input\":{\"@type\":\"PropertyValueSpecification\",\"valueRequired\":true,\"valueName\":\"search_term_string\"}}],\"inLanguage\":\"es\"},{\"@type\":\"Organization\",\"@id\":\"https:\/\/www.pronal.com\/es\/#organization\",\"name\":\"Pronal\",\"url\":\"https:\/\/www.pronal.com\/es\/\",\"logo\":{\"@type\":\"ImageObject\",\"inLanguage\":\"es\",\"@id\":\"https:\/\/www.pronal.com\/es\/#\/schema\/logo\/image\/\",\"url\":\"https:\/\/www.pronal.com\/wp-content\/uploads\/2019\/06\/logo-pronal.png\",\"contentUrl\":\"https:\/\/www.pronal.com\/wp-content\/uploads\/2019\/06\/logo-pronal.png\",\"width\":504,\"height\":80,\"caption\":\"Pronal\"},\"image\":{\"@id\":\"https:\/\/www.pronal.com\/es\/#\/schema\/logo\/image\/\"}}]}<\/script>\n<!-- \/ Yoast SEO plugin. -->","yoast_head_json":{"title":"Cojin para cantera neum\u00e1tico \/ inflable | Pronal","description":"El cojin para cantera neum\u00e1tico o cojine de aire permite extraer, separar y volcar bloques de granito, m\u00e1rmol o cualquier otro tipo de piedra.","robots":{"index":"index","follow":"follow","max-snippet":"max-snippet:-1","max-image-preview":"max-image-preview:large","max-video-preview":"max-video-preview:-1"},"canonical":"https:\/\/www.pronal.com\/es\/produit\/cojines-de-elevacion\/separar-bloques-de-piedra\/cojines-para-cantera-neumaticos\/","og_locale":"es_ES","og_type":"article","og_title":"Cojin para cantera neum\u00e1tico \/ inflable | Pronal","og_description":"El cojin para cantera neum\u00e1tico o cojine de aire permite extraer, separar y volcar bloques de granito, m\u00e1rmol o cualquier otro tipo de piedra.","og_url":"https:\/\/www.pronal.com\/es\/produit\/cojines-de-elevacion\/separar-bloques-de-piedra\/cojines-para-cantera-neumaticos\/","og_site_name":"Pronal - Conception et fabrication de structure flexible","article_modified_time":"2025-10-23T10:08:53+00:00","og_image":[{"width":656,"height":521,"url":"https:\/\/www.pronal.com\/wp-content\/uploads\/2019\/03\/Coussins-de-carriere-1.jpg","type":"image\/jpeg"}],"twitter_card":"summary_large_image","twitter_misc":{"Tiempo de lectura":"1 minuto"},"schema":{"@context":"https:\/\/schema.org","@graph":[{"@type":"WebPage","@id":"https:\/\/www.pronal.com\/es\/produit\/cojines-de-elevacion\/separar-bloques-de-piedra\/cojines-para-cantera-neumaticos\/","url":"https:\/\/www.pronal.com\/es\/produit\/cojines-de-elevacion\/separar-bloques-de-piedra\/cojines-para-cantera-neumaticos\/","name":"Cojin para cantera neum\u00e1tico \/ inflable | Pronal","isPartOf":{"@id":"https:\/\/www.pronal.com\/es\/#website"},"primaryImageOfPage":{"@id":"https:\/\/www.pronal.com\/es\/produit\/cojines-de-elevacion\/separar-bloques-de-piedra\/cojines-para-cantera-neumaticos\/#primaryimage"},"image":{"@id":"https:\/\/www.pronal.com\/es\/produit\/cojines-de-elevacion\/separar-bloques-de-piedra\/cojines-para-cantera-neumaticos\/#primaryimage"},"thumbnailUrl":"https:\/\/www.pronal.com\/wp-content\/uploads\/2019\/03\/Coussins-de-carriere-1.jpg","datePublished":"2019-03-11T16:05:20+00:00","dateModified":"2025-10-23T10:08:53+00:00","description":"El cojin para cantera neum\u00e1tico o cojine de aire permite extraer, separar y volcar bloques de granito, m\u00e1rmol o cualquier otro tipo de piedra.","breadcrumb":{"@id":"https:\/\/www.pronal.com\/es\/produit\/cojines-de-elevacion\/separar-bloques-de-piedra\/cojines-para-cantera-neumaticos\/#breadcrumb"},"inLanguage":"es","potentialAction":[{"@type":"ReadAction","target":["https:\/\/www.pronal.com\/es\/produit\/cojines-de-elevacion\/separar-bloques-de-piedra\/cojines-para-cantera-neumaticos\/"]}]},{"@type":"ImageObject","inLanguage":"es","@id":"https:\/\/www.pronal.com\/es\/produit\/cojines-de-elevacion\/separar-bloques-de-piedra\/cojines-para-cantera-neumaticos\/#primaryimage","url":"https:\/\/www.pronal.com\/wp-content\/uploads\/2019\/03\/Coussins-de-carriere-1.jpg","contentUrl":"https:\/\/www.pronal.com\/wp-content\/uploads\/2019\/03\/Coussins-de-carriere-1.jpg","width":656,"height":521,"caption":"Cojin para cantera neum\u00e1tico"},{"@type":"BreadcrumbList","@id":"https:\/\/www.pronal.com\/es\/produit\/cojines-de-elevacion\/separar-bloques-de-piedra\/cojines-para-cantera-neumaticos\/#breadcrumb","itemListElement":[{"@type":"ListItem","position":1,"name":"Cat\u00e1logo de productos","item":"https:\/\/www.pronal.com\/es\/catalogo-de-productos\/"},{"@type":"ListItem","position":2,"name":"Cojin para cantera neum\u00e1tico"}]},{"@type":"WebSite","@id":"https:\/\/www.pronal.com\/es\/#website","url":"https:\/\/www.pronal.com\/es\/","name":"Pronal - Conception et fabrication de structure flexible","description":"Pronal - Conception et fabrication de structure flexible","publisher":{"@id":"https:\/\/www.pronal.com\/es\/#organization"},"potentialAction":[{"@type":"SearchAction","target":{"@type":"EntryPoint","urlTemplate":"https:\/\/www.pronal.com\/es\/?s={search_term_string}"},"query-input":{"@type":"PropertyValueSpecification","valueRequired":true,"valueName":"search_term_string"}}],"inLanguage":"es"},{"@type":"Organization","@id":"https:\/\/www.pronal.com\/es\/#organization","name":"Pronal","url":"https:\/\/www.pronal.com\/es\/","logo":{"@type":"ImageObject","inLanguage":"es","@id":"https:\/\/www.pronal.com\/es\/#\/schema\/logo\/image\/","url":"https:\/\/www.pronal.com\/wp-content\/uploads\/2019\/06\/logo-pronal.png","contentUrl":"https:\/\/www.pronal.com\/wp-content\/uploads\/2019\/06\/logo-pronal.png","width":504,"height":80,"caption":"Pronal"},"image":{"@id":"https:\/\/www.pronal.com\/es\/#\/schema\/logo\/image\/"}}]}},"_links":{"self":[{"href":"https:\/\/www.pronal.com\/es\/wp-json\/wp\/v2\/product\/9534","targetHints":{"allow":["GET"]}}],"collection":[{"href":"https:\/\/www.pronal.com\/es\/wp-json\/wp\/v2\/product"}],"about":[{"href":"https:\/\/www.pronal.com\/es\/wp-json\/wp\/v2\/types\/product"}],"wp:featuredmedia":[{"embeddable":true,"href":"https:\/\/www.pronal.com\/es\/wp-json\/wp\/v2\/media\/6048"}],"wp:attachment":[{"href":"https:\/\/www.pronal.com\/es\/wp-json\/wp\/v2\/media?parent=9534"}],"wp:term":[{"taxonomy":"product_brand","embeddable":true,"href":"https:\/\/www.pronal.com\/es\/wp-json\/wp\/v2\/product_brand?post=9534"},{"taxonomy":"product_cat","embeddable":true,"href":"https:\/\/www.pronal.com\/es\/wp-json\/wp\/v2\/product_cat?post=9534"},{"taxonomy":"product_tag","embeddable":true,"href":"https:\/\/www.pronal.com\/es\/wp-json\/wp\/v2\/product_tag?post=9534"}],"curies":[{"name":"wp","href":"https:\/\/api.w.org\/{rel}","templated":true}]}}