{"id":9546,"date":"2019-03-12T10:49:35","date_gmt":"2019-03-12T09:49:35","guid":{"rendered":"https:\/\/www.pronal.com\/produit\/sincategorizar\/ofr\/"},"modified":"2026-04-03T12:29:40","modified_gmt":"2026-04-03T10:29:40","slug":"obturador-inflable-anticontaminacion-ofr","status":"publish","type":"product","link":"https:\/\/www.pronal.com\/es\/produit\/obturadores-inflables\/obturacion-anticontaminacion\/obturador-inflable-anticontaminacion-ofr\/","title":{"rendered":"Obturador inflable anticontaminaci\u00f3n permanente OFR"},"content":{"rendered":"<p style=\"text-align: left;\"><strong><span style=\"color: #00a7e1;\">El obturador inflable anticontaminaci\u00f3n permanente OFR est\u00e1 dise\u00f1ado para tapar tuber\u00edas de forma permanente y r\u00e1pida<\/span><\/strong> en caso de contaminaci\u00f3n accidental. Esta rapidez se debe a que el globo se infla mediante un sistema accionado a distancia. La presi\u00f3n se define seg\u00fan el di\u00e1metro de la tuber\u00eda.<\/p>\n<p style=\"text-align: left;\">Situados en el eje del conducto mediante un soporte suministrado, el obturador neum\u00e1tico OFR es ideale para cerrar tuber\u00edas grandes de 1000 mm o m\u00e1s como complemento de los obturadores OPAP.<\/p>\n<p style=\"text-align: left;\">En caso de contaminaci\u00f3n, se infla y act\u00faa como <strong><span style=\"color: #00a7e1;\">una v\u00e1lvula que retiene los productos contaminantes<\/span><\/strong> y los bombea o los desv\u00eda hacia un dep\u00f3sito de retenci\u00f3n, eliminando as\u00ed cualquier riesgo de contaminaci\u00f3n. <strong><span style=\"color: #00a7e1;\">Una bolsa de polietileno<\/span><\/strong> protege el obturador cuando no est\u00e1 inflado.<\/p>\n<p style=\"text-align: left;\">Una vez inflados, el obturador inflable anticontaminaci\u00f3n permanente OFR frena cualquier derrame de l\u00edquidos t\u00f3xicos o toda propagaci\u00f3n de l\u00edquidos inflamables en las redes.<\/p>\n<p style=\"text-align: left;\">Para la obturaci\u00f3n anticontaminaci\u00f3n permanente de tuber\u00edas de menor di\u00e1metro, tambi\u00e9n hay <a href=\"https:\/\/www.pronal.com\/es\/producto\/obturadores-inflables\/opap-obturadores-anticontaminacion\/\">obturadores inflables OPAP<\/a>.<\/p>\n","protected":false},"excerpt":{"rendered":"<p>El obturador inflable anticontaminaci\u00f3n permanente OFR est\u00e1 dise\u00f1ado para tapar tuber\u00edas de forma permanente y r\u00e1pida en caso de contaminaci\u00f3n accidental. Esta rapidez se debe a que el globo se&#8230;<\/p>\n","protected":false},"featured_media":7435,"template":"","meta":{"_acf_changed":false,"inline_featured_image":false},"product_brand":[],"product_cat":[286,462],"product_tag":[465,464,463],"class_list":{"0":"post-9546","1":"product","2":"type-product","3":"status-publish","4":"has-post-thumbnail","6":"product_cat-obturadores-inflables","7":"product_cat-obturacion-anticontaminacion","8":"product_tag-contaminacion","9":"product_tag-obturar","10":"product_tag-saneamiento","12":"first","13":"instock","14":"shipping-taxable","15":"product-type-simple"},"acf":[],"yoast_head":"<!-- This site is optimized with the Yoast SEO plugin v25.8 - https:\/\/yoast.com\/wordpress\/plugins\/seo\/ -->\n<title>Obturador inflable anticontaminaci\u00f3n permanente OFR | Pronal<\/title>\n<meta name=\"description\" content=\"Obturador\/globo obturador anticontaminaci\u00f3n para la obturaci\u00f3n permanente de conductos de gran di\u00e1metro y retener los contaminantes.\" \/>\n<meta name=\"robots\" content=\"index, follow, max-snippet:-1, max-image-preview:large, max-video-preview:-1\" \/>\n<link rel=\"canonical\" href=\"https:\/\/www.pronal.com\/es\/produit\/obturadores-inflables\/obturacion-anticontaminacion\/obturador-inflable-anticontaminacion-ofr\/\" \/>\n<meta property=\"og:locale\" content=\"es_ES\" \/>\n<meta property=\"og:type\" content=\"article\" \/>\n<meta property=\"og:title\" content=\"Obturador inflable anticontaminaci\u00f3n permanente OFR | Pronal\" \/>\n<meta property=\"og:description\" content=\"Obturador\/globo obturador anticontaminaci\u00f3n para la obturaci\u00f3n permanente de conductos de gran di\u00e1metro y retener los contaminantes.\" \/>\n<meta property=\"og:url\" content=\"https:\/\/www.pronal.com\/es\/produit\/obturadores-inflables\/obturacion-anticontaminacion\/obturador-inflable-anticontaminacion-ofr\/\" \/>\n<meta property=\"og:site_name\" content=\"Pronal - Conception et fabrication de structure flexible\" \/>\n<meta property=\"article:modified_time\" content=\"2026-04-03T10:29:40+00:00\" \/>\n<meta property=\"og:image\" content=\"https:\/\/www.pronal.com\/wp-content\/uploads\/2019\/03\/OFR-obturateurs-antipollution2.jpg\" \/>\n\t<meta property=\"og:image:width\" content=\"736\" \/>\n\t<meta property=\"og:image:height\" content=\"585\" \/>\n\t<meta property=\"og:image:type\" content=\"image\/jpeg\" \/>\n<meta name=\"twitter:card\" content=\"summary_large_image\" \/>\n<meta name=\"twitter:label1\" content=\"Tiempo de lectura\" \/>\n\t<meta name=\"twitter:data1\" content=\"2 minutos\" \/>\n<script type=\"application\/ld+json\" class=\"yoast-schema-graph\">{\"@context\":\"https:\/\/schema.org\",\"@graph\":[{\"@type\":\"WebPage\",\"@id\":\"https:\/\/www.pronal.com\/es\/produit\/obturadores-inflables\/obturacion-anticontaminacion\/obturador-inflable-anticontaminacion-ofr\/\",\"url\":\"https:\/\/www.pronal.com\/es\/produit\/obturadores-inflables\/obturacion-anticontaminacion\/obturador-inflable-anticontaminacion-ofr\/\",\"name\":\"Obturador inflable anticontaminaci\u00f3n permanente OFR | Pronal\",\"isPartOf\":{\"@id\":\"https:\/\/www.pronal.com\/es\/#website\"},\"primaryImageOfPage\":{\"@id\":\"https:\/\/www.pronal.com\/es\/produit\/obturadores-inflables\/obturacion-anticontaminacion\/obturador-inflable-anticontaminacion-ofr\/#primaryimage\"},\"image\":{\"@id\":\"https:\/\/www.pronal.com\/es\/produit\/obturadores-inflables\/obturacion-anticontaminacion\/obturador-inflable-anticontaminacion-ofr\/#primaryimage\"},\"thumbnailUrl\":\"https:\/\/www.pronal.com\/wp-content\/uploads\/2019\/03\/OFR-obturateurs-antipollution2.jpg\",\"datePublished\":\"2019-03-12T09:49:35+00:00\",\"dateModified\":\"2026-04-03T10:29:40+00:00\",\"description\":\"Obturador\/globo obturador anticontaminaci\u00f3n para la obturaci\u00f3n permanente de conductos de gran di\u00e1metro y retener los contaminantes.\",\"breadcrumb\":{\"@id\":\"https:\/\/www.pronal.com\/es\/produit\/obturadores-inflables\/obturacion-anticontaminacion\/obturador-inflable-anticontaminacion-ofr\/#breadcrumb\"},\"inLanguage\":\"es\",\"potentialAction\":[{\"@type\":\"ReadAction\",\"target\":[\"https:\/\/www.pronal.com\/es\/produit\/obturadores-inflables\/obturacion-anticontaminacion\/obturador-inflable-anticontaminacion-ofr\/\"]}]},{\"@type\":\"ImageObject\",\"inLanguage\":\"es\",\"@id\":\"https:\/\/www.pronal.com\/es\/produit\/obturadores-inflables\/obturacion-anticontaminacion\/obturador-inflable-anticontaminacion-ofr\/#primaryimage\",\"url\":\"https:\/\/www.pronal.com\/wp-content\/uploads\/2019\/03\/OFR-obturateurs-antipollution2.jpg\",\"contentUrl\":\"https:\/\/www.pronal.com\/wp-content\/uploads\/2019\/03\/OFR-obturateurs-antipollution2.jpg\",\"width\":736,\"height\":585,\"caption\":\"Obturador inflable anticontaminaci\u00f3n permanente OFR\"},{\"@type\":\"BreadcrumbList\",\"@id\":\"https:\/\/www.pronal.com\/es\/produit\/obturadores-inflables\/obturacion-anticontaminacion\/obturador-inflable-anticontaminacion-ofr\/#breadcrumb\",\"itemListElement\":[{\"@type\":\"ListItem\",\"position\":1,\"name\":\"Cat\u00e1logo de productos\",\"item\":\"https:\/\/www.pronal.com\/es\/catalogo-de-productos\/\"},{\"@type\":\"ListItem\",\"position\":2,\"name\":\"Obturador inflable anticontaminaci\u00f3n permanente OFR\"}]},{\"@type\":\"WebSite\",\"@id\":\"https:\/\/www.pronal.com\/es\/#website\",\"url\":\"https:\/\/www.pronal.com\/es\/\",\"name\":\"Pronal - Conception et fabrication de structure flexible\",\"description\":\"Pronal - Conception et fabrication de structure flexible\",\"publisher\":{\"@id\":\"https:\/\/www.pronal.com\/es\/#organization\"},\"potentialAction\":[{\"@type\":\"SearchAction\",\"target\":{\"@type\":\"EntryPoint\",\"urlTemplate\":\"https:\/\/www.pronal.com\/es\/?s={search_term_string}\"},\"query-input\":{\"@type\":\"PropertyValueSpecification\",\"valueRequired\":true,\"valueName\":\"search_term_string\"}}],\"inLanguage\":\"es\"},{\"@type\":\"Organization\",\"@id\":\"https:\/\/www.pronal.com\/es\/#organization\",\"name\":\"Pronal\",\"url\":\"https:\/\/www.pronal.com\/es\/\",\"logo\":{\"@type\":\"ImageObject\",\"inLanguage\":\"es\",\"@id\":\"https:\/\/www.pronal.com\/es\/#\/schema\/logo\/image\/\",\"url\":\"https:\/\/www.pronal.com\/wp-content\/uploads\/2019\/06\/logo-pronal.png\",\"contentUrl\":\"https:\/\/www.pronal.com\/wp-content\/uploads\/2019\/06\/logo-pronal.png\",\"width\":504,\"height\":80,\"caption\":\"Pronal\"},\"image\":{\"@id\":\"https:\/\/www.pronal.com\/es\/#\/schema\/logo\/image\/\"}}]}<\/script>\n<!-- \/ Yoast SEO plugin. -->","yoast_head_json":{"title":"Obturador inflable anticontaminaci\u00f3n permanente OFR | Pronal","description":"Obturador\/globo obturador anticontaminaci\u00f3n para la obturaci\u00f3n permanente de conductos de gran di\u00e1metro y retener los contaminantes.","robots":{"index":"index","follow":"follow","max-snippet":"max-snippet:-1","max-image-preview":"max-image-preview:large","max-video-preview":"max-video-preview:-1"},"canonical":"https:\/\/www.pronal.com\/es\/produit\/obturadores-inflables\/obturacion-anticontaminacion\/obturador-inflable-anticontaminacion-ofr\/","og_locale":"es_ES","og_type":"article","og_title":"Obturador inflable anticontaminaci\u00f3n permanente OFR | Pronal","og_description":"Obturador\/globo obturador anticontaminaci\u00f3n para la obturaci\u00f3n permanente de conductos de gran di\u00e1metro y retener los contaminantes.","og_url":"https:\/\/www.pronal.com\/es\/produit\/obturadores-inflables\/obturacion-anticontaminacion\/obturador-inflable-anticontaminacion-ofr\/","og_site_name":"Pronal - Conception et fabrication de structure flexible","article_modified_time":"2026-04-03T10:29:40+00:00","og_image":[{"width":736,"height":585,"url":"https:\/\/www.pronal.com\/wp-content\/uploads\/2019\/03\/OFR-obturateurs-antipollution2.jpg","type":"image\/jpeg"}],"twitter_card":"summary_large_image","twitter_misc":{"Tiempo de lectura":"2 minutos"},"schema":{"@context":"https:\/\/schema.org","@graph":[{"@type":"WebPage","@id":"https:\/\/www.pronal.com\/es\/produit\/obturadores-inflables\/obturacion-anticontaminacion\/obturador-inflable-anticontaminacion-ofr\/","url":"https:\/\/www.pronal.com\/es\/produit\/obturadores-inflables\/obturacion-anticontaminacion\/obturador-inflable-anticontaminacion-ofr\/","name":"Obturador inflable anticontaminaci\u00f3n permanente OFR | Pronal","isPartOf":{"@id":"https:\/\/www.pronal.com\/es\/#website"},"primaryImageOfPage":{"@id":"https:\/\/www.pronal.com\/es\/produit\/obturadores-inflables\/obturacion-anticontaminacion\/obturador-inflable-anticontaminacion-ofr\/#primaryimage"},"image":{"@id":"https:\/\/www.pronal.com\/es\/produit\/obturadores-inflables\/obturacion-anticontaminacion\/obturador-inflable-anticontaminacion-ofr\/#primaryimage"},"thumbnailUrl":"https:\/\/www.pronal.com\/wp-content\/uploads\/2019\/03\/OFR-obturateurs-antipollution2.jpg","datePublished":"2019-03-12T09:49:35+00:00","dateModified":"2026-04-03T10:29:40+00:00","description":"Obturador\/globo obturador anticontaminaci\u00f3n para la obturaci\u00f3n permanente de conductos de gran di\u00e1metro y retener los contaminantes.","breadcrumb":{"@id":"https:\/\/www.pronal.com\/es\/produit\/obturadores-inflables\/obturacion-anticontaminacion\/obturador-inflable-anticontaminacion-ofr\/#breadcrumb"},"inLanguage":"es","potentialAction":[{"@type":"ReadAction","target":["https:\/\/www.pronal.com\/es\/produit\/obturadores-inflables\/obturacion-anticontaminacion\/obturador-inflable-anticontaminacion-ofr\/"]}]},{"@type":"ImageObject","inLanguage":"es","@id":"https:\/\/www.pronal.com\/es\/produit\/obturadores-inflables\/obturacion-anticontaminacion\/obturador-inflable-anticontaminacion-ofr\/#primaryimage","url":"https:\/\/www.pronal.com\/wp-content\/uploads\/2019\/03\/OFR-obturateurs-antipollution2.jpg","contentUrl":"https:\/\/www.pronal.com\/wp-content\/uploads\/2019\/03\/OFR-obturateurs-antipollution2.jpg","width":736,"height":585,"caption":"Obturador inflable anticontaminaci\u00f3n permanente OFR"},{"@type":"BreadcrumbList","@id":"https:\/\/www.pronal.com\/es\/produit\/obturadores-inflables\/obturacion-anticontaminacion\/obturador-inflable-anticontaminacion-ofr\/#breadcrumb","itemListElement":[{"@type":"ListItem","position":1,"name":"Cat\u00e1logo de productos","item":"https:\/\/www.pronal.com\/es\/catalogo-de-productos\/"},{"@type":"ListItem","position":2,"name":"Obturador inflable anticontaminaci\u00f3n permanente OFR"}]},{"@type":"WebSite","@id":"https:\/\/www.pronal.com\/es\/#website","url":"https:\/\/www.pronal.com\/es\/","name":"Pronal - Conception et fabrication de structure flexible","description":"Pronal - Conception et fabrication de structure flexible","publisher":{"@id":"https:\/\/www.pronal.com\/es\/#organization"},"potentialAction":[{"@type":"SearchAction","target":{"@type":"EntryPoint","urlTemplate":"https:\/\/www.pronal.com\/es\/?s={search_term_string}"},"query-input":{"@type":"PropertyValueSpecification","valueRequired":true,"valueName":"search_term_string"}}],"inLanguage":"es"},{"@type":"Organization","@id":"https:\/\/www.pronal.com\/es\/#organization","name":"Pronal","url":"https:\/\/www.pronal.com\/es\/","logo":{"@type":"ImageObject","inLanguage":"es","@id":"https:\/\/www.pronal.com\/es\/#\/schema\/logo\/image\/","url":"https:\/\/www.pronal.com\/wp-content\/uploads\/2019\/06\/logo-pronal.png","contentUrl":"https:\/\/www.pronal.com\/wp-content\/uploads\/2019\/06\/logo-pronal.png","width":504,"height":80,"caption":"Pronal"},"image":{"@id":"https:\/\/www.pronal.com\/es\/#\/schema\/logo\/image\/"}}]}},"_links":{"self":[{"href":"https:\/\/www.pronal.com\/es\/wp-json\/wp\/v2\/product\/9546","targetHints":{"allow":["GET"]}}],"collection":[{"href":"https:\/\/www.pronal.com\/es\/wp-json\/wp\/v2\/product"}],"about":[{"href":"https:\/\/www.pronal.com\/es\/wp-json\/wp\/v2\/types\/product"}],"wp:featuredmedia":[{"embeddable":true,"href":"https:\/\/www.pronal.com\/es\/wp-json\/wp\/v2\/media\/7435"}],"wp:attachment":[{"href":"https:\/\/www.pronal.com\/es\/wp-json\/wp\/v2\/media?parent=9546"}],"wp:term":[{"taxonomy":"product_brand","embeddable":true,"href":"https:\/\/www.pronal.com\/es\/wp-json\/wp\/v2\/product_brand?post=9546"},{"taxonomy":"product_cat","embeddable":true,"href":"https:\/\/www.pronal.com\/es\/wp-json\/wp\/v2\/product_cat?post=9546"},{"taxonomy":"product_tag","embeddable":true,"href":"https:\/\/www.pronal.com\/es\/wp-json\/wp\/v2\/product_tag?post=9546"}],"curies":[{"name":"wp","href":"https:\/\/api.w.org\/{rel}","templated":true}]}}