{"id":9550,"date":"2019-03-12T10:53:29","date_gmt":"2019-03-12T09:53:29","guid":{"rendered":"https:\/\/www.pronal.com\/produit\/sincategorizar\/obturation-de-canalisations-ovoides\/"},"modified":"2025-09-23T12:31:25","modified_gmt":"2025-09-23T10:31:25","slug":"obturador-inflable-para-tuberias-ovoides","status":"publish","type":"product","link":"https:\/\/www.pronal.com\/es\/produit\/obturadores-inflables\/obturacion-para-saneamiento\/obturador-inflable-para-tuberias-ovoides\/","title":{"rendered":"Obturador inflable para tuber\u00edas ovoides OVO"},"content":{"rendered":"<p style=\"text-align: left;\">El obturador inflable OVO permite <strong><span style=\"color: #00a7e1;\">tapar tuber\u00edas<\/span><\/strong> y <strong><span style=\"color: #00a7e1;\">secciones ovoides<\/span><\/strong>. Esto globo obturador conviene tambi\u00e9n para pruebas de <strong><span style=\"color: #00a7e1;\">estanqueidad con agua o aire<\/span><\/strong> seg\u00fan las normas <strong><span style=\"color: #00a7e1;\">DIN 4263 y NF P16-401<\/span><\/strong>.<\/p>\n<p style=\"text-align: left;\">Esto obturador neum\u00e1tico se puede equipar con <strong><span style=\"color: #00a7e1;\">tubos pasantes<\/span><\/strong> para asegurar el paso de gases o fluidos durante las tareas de mantenimiento o las pruebas.<\/p>\n<p>Para la obturaci\u00f3n de redes de saneamiento m\u00e1s est\u00e1ndar, tambi\u00e9n hay <a href=\"https:\/\/www.pronal.com\/es\/producto\/obturadores-inflables\/obturadores-neumaticos-opl\/\">obturadores OPL<\/a>.<\/p>\n","protected":false},"excerpt":{"rendered":"<p>Prueba de estanqueidad de tuber\u00edas ovoides<\/p>\n","protected":false},"featured_media":8064,"template":"","meta":{"_acf_changed":false,"inline_featured_image":false},"product_brand":[],"product_cat":[286,293],"product_tag":[464,463],"class_list":{"0":"post-9550","1":"product","2":"type-product","3":"status-publish","4":"has-post-thumbnail","6":"product_cat-obturadores-inflables","7":"product_cat-obturacion-para-saneamiento","8":"product_tag-obturar","9":"product_tag-saneamiento","11":"first","12":"instock","13":"shipping-taxable","14":"product-type-simple"},"acf":[],"yoast_head":"<!-- This site is optimized with the Yoast SEO plugin v25.8 - https:\/\/yoast.com\/wordpress\/plugins\/seo\/ -->\n<title>OVO - Obturador inflable de tuber\u00edas ovoides | Pronal<\/title>\n<meta name=\"description\" content=\"Obturador inflable o globo obturador para tapar tuber\u00edas ovoides de saneamieno y realizar pruebas de estanqueidad con agua o aire.\" \/>\n<meta name=\"robots\" content=\"index, follow, max-snippet:-1, max-image-preview:large, max-video-preview:-1\" \/>\n<link rel=\"canonical\" href=\"https:\/\/www.pronal.com\/es\/produit\/obturadores-inflables\/obturacion-para-saneamiento\/obturador-inflable-para-tuberias-ovoides\/\" \/>\n<meta property=\"og:locale\" content=\"es_ES\" \/>\n<meta property=\"og:type\" content=\"article\" \/>\n<meta property=\"og:title\" content=\"OVO - Obturador inflable de tuber\u00edas ovoides | Pronal\" \/>\n<meta property=\"og:description\" content=\"Obturador inflable o globo obturador para tapar tuber\u00edas ovoides de saneamieno y realizar pruebas de estanqueidad con agua o aire.\" \/>\n<meta property=\"og:url\" content=\"https:\/\/www.pronal.com\/es\/produit\/obturadores-inflables\/obturacion-para-saneamiento\/obturador-inflable-para-tuberias-ovoides\/\" \/>\n<meta property=\"og:site_name\" content=\"Pronal - Conception et fabrication de structure flexible\" \/>\n<meta property=\"article:modified_time\" content=\"2025-09-23T10:31:25+00:00\" \/>\n<meta property=\"og:image\" content=\"https:\/\/www.pronal.com\/wp-content\/uploads\/2019\/03\/Obturateur-canalisation-ovoides.jpg\" \/>\n\t<meta property=\"og:image:width\" content=\"656\" \/>\n\t<meta property=\"og:image:height\" content=\"521\" \/>\n\t<meta property=\"og:image:type\" content=\"image\/jpeg\" \/>\n<meta name=\"twitter:card\" content=\"summary_large_image\" \/>\n<meta name=\"twitter:label1\" content=\"Tiempo de lectura\" \/>\n\t<meta name=\"twitter:data1\" content=\"1 minuto\" \/>\n<script type=\"application\/ld+json\" class=\"yoast-schema-graph\">{\"@context\":\"https:\/\/schema.org\",\"@graph\":[{\"@type\":\"WebPage\",\"@id\":\"https:\/\/www.pronal.com\/es\/produit\/obturadores-inflables\/obturacion-para-saneamiento\/obturador-inflable-para-tuberias-ovoides\/\",\"url\":\"https:\/\/www.pronal.com\/es\/produit\/obturadores-inflables\/obturacion-para-saneamiento\/obturador-inflable-para-tuberias-ovoides\/\",\"name\":\"OVO - Obturador inflable de tuber\u00edas ovoides | Pronal\",\"isPartOf\":{\"@id\":\"https:\/\/www.pronal.com\/es\/#website\"},\"primaryImageOfPage\":{\"@id\":\"https:\/\/www.pronal.com\/es\/produit\/obturadores-inflables\/obturacion-para-saneamiento\/obturador-inflable-para-tuberias-ovoides\/#primaryimage\"},\"image\":{\"@id\":\"https:\/\/www.pronal.com\/es\/produit\/obturadores-inflables\/obturacion-para-saneamiento\/obturador-inflable-para-tuberias-ovoides\/#primaryimage\"},\"thumbnailUrl\":\"https:\/\/www.pronal.com\/wp-content\/uploads\/2019\/03\/Obturateur-canalisation-ovoides.jpg\",\"datePublished\":\"2019-03-12T09:53:29+00:00\",\"dateModified\":\"2025-09-23T10:31:25+00:00\",\"description\":\"Obturador inflable o globo obturador para tapar tuber\u00edas ovoides de saneamieno y realizar pruebas de estanqueidad con agua o aire.\",\"breadcrumb\":{\"@id\":\"https:\/\/www.pronal.com\/es\/produit\/obturadores-inflables\/obturacion-para-saneamiento\/obturador-inflable-para-tuberias-ovoides\/#breadcrumb\"},\"inLanguage\":\"es\",\"potentialAction\":[{\"@type\":\"ReadAction\",\"target\":[\"https:\/\/www.pronal.com\/es\/produit\/obturadores-inflables\/obturacion-para-saneamiento\/obturador-inflable-para-tuberias-ovoides\/\"]}]},{\"@type\":\"ImageObject\",\"inLanguage\":\"es\",\"@id\":\"https:\/\/www.pronal.com\/es\/produit\/obturadores-inflables\/obturacion-para-saneamiento\/obturador-inflable-para-tuberias-ovoides\/#primaryimage\",\"url\":\"https:\/\/www.pronal.com\/wp-content\/uploads\/2019\/03\/Obturateur-canalisation-ovoides.jpg\",\"contentUrl\":\"https:\/\/www.pronal.com\/wp-content\/uploads\/2019\/03\/Obturateur-canalisation-ovoides.jpg\",\"width\":656,\"height\":521,\"caption\":\"Obturador de tuber\u00edas ovoides\"},{\"@type\":\"BreadcrumbList\",\"@id\":\"https:\/\/www.pronal.com\/es\/produit\/obturadores-inflables\/obturacion-para-saneamiento\/obturador-inflable-para-tuberias-ovoides\/#breadcrumb\",\"itemListElement\":[{\"@type\":\"ListItem\",\"position\":1,\"name\":\"Cat\u00e1logo de productos\",\"item\":\"https:\/\/www.pronal.com\/es\/catalogo-de-productos\/\"},{\"@type\":\"ListItem\",\"position\":2,\"name\":\"Obturador inflable para tuber\u00edas ovoides OVO\"}]},{\"@type\":\"WebSite\",\"@id\":\"https:\/\/www.pronal.com\/es\/#website\",\"url\":\"https:\/\/www.pronal.com\/es\/\",\"name\":\"Pronal - Conception et fabrication de structure flexible\",\"description\":\"Pronal - Conception et fabrication de structure flexible\",\"publisher\":{\"@id\":\"https:\/\/www.pronal.com\/es\/#organization\"},\"potentialAction\":[{\"@type\":\"SearchAction\",\"target\":{\"@type\":\"EntryPoint\",\"urlTemplate\":\"https:\/\/www.pronal.com\/es\/?s={search_term_string}\"},\"query-input\":{\"@type\":\"PropertyValueSpecification\",\"valueRequired\":true,\"valueName\":\"search_term_string\"}}],\"inLanguage\":\"es\"},{\"@type\":\"Organization\",\"@id\":\"https:\/\/www.pronal.com\/es\/#organization\",\"name\":\"Pronal\",\"url\":\"https:\/\/www.pronal.com\/es\/\",\"logo\":{\"@type\":\"ImageObject\",\"inLanguage\":\"es\",\"@id\":\"https:\/\/www.pronal.com\/es\/#\/schema\/logo\/image\/\",\"url\":\"https:\/\/www.pronal.com\/wp-content\/uploads\/2019\/06\/logo-pronal.png\",\"contentUrl\":\"https:\/\/www.pronal.com\/wp-content\/uploads\/2019\/06\/logo-pronal.png\",\"width\":504,\"height\":80,\"caption\":\"Pronal\"},\"image\":{\"@id\":\"https:\/\/www.pronal.com\/es\/#\/schema\/logo\/image\/\"}}]}<\/script>\n<!-- \/ Yoast SEO plugin. -->","yoast_head_json":{"title":"OVO - Obturador inflable de tuber\u00edas ovoides | Pronal","description":"Obturador inflable o globo obturador para tapar tuber\u00edas ovoides de saneamieno y realizar pruebas de estanqueidad con agua o aire.","robots":{"index":"index","follow":"follow","max-snippet":"max-snippet:-1","max-image-preview":"max-image-preview:large","max-video-preview":"max-video-preview:-1"},"canonical":"https:\/\/www.pronal.com\/es\/produit\/obturadores-inflables\/obturacion-para-saneamiento\/obturador-inflable-para-tuberias-ovoides\/","og_locale":"es_ES","og_type":"article","og_title":"OVO - Obturador inflable de tuber\u00edas ovoides | Pronal","og_description":"Obturador inflable o globo obturador para tapar tuber\u00edas ovoides de saneamieno y realizar pruebas de estanqueidad con agua o aire.","og_url":"https:\/\/www.pronal.com\/es\/produit\/obturadores-inflables\/obturacion-para-saneamiento\/obturador-inflable-para-tuberias-ovoides\/","og_site_name":"Pronal - Conception et fabrication de structure flexible","article_modified_time":"2025-09-23T10:31:25+00:00","og_image":[{"width":656,"height":521,"url":"https:\/\/www.pronal.com\/wp-content\/uploads\/2019\/03\/Obturateur-canalisation-ovoides.jpg","type":"image\/jpeg"}],"twitter_card":"summary_large_image","twitter_misc":{"Tiempo de lectura":"1 minuto"},"schema":{"@context":"https:\/\/schema.org","@graph":[{"@type":"WebPage","@id":"https:\/\/www.pronal.com\/es\/produit\/obturadores-inflables\/obturacion-para-saneamiento\/obturador-inflable-para-tuberias-ovoides\/","url":"https:\/\/www.pronal.com\/es\/produit\/obturadores-inflables\/obturacion-para-saneamiento\/obturador-inflable-para-tuberias-ovoides\/","name":"OVO - Obturador inflable de tuber\u00edas ovoides | Pronal","isPartOf":{"@id":"https:\/\/www.pronal.com\/es\/#website"},"primaryImageOfPage":{"@id":"https:\/\/www.pronal.com\/es\/produit\/obturadores-inflables\/obturacion-para-saneamiento\/obturador-inflable-para-tuberias-ovoides\/#primaryimage"},"image":{"@id":"https:\/\/www.pronal.com\/es\/produit\/obturadores-inflables\/obturacion-para-saneamiento\/obturador-inflable-para-tuberias-ovoides\/#primaryimage"},"thumbnailUrl":"https:\/\/www.pronal.com\/wp-content\/uploads\/2019\/03\/Obturateur-canalisation-ovoides.jpg","datePublished":"2019-03-12T09:53:29+00:00","dateModified":"2025-09-23T10:31:25+00:00","description":"Obturador inflable o globo obturador para tapar tuber\u00edas ovoides de saneamieno y realizar pruebas de estanqueidad con agua o aire.","breadcrumb":{"@id":"https:\/\/www.pronal.com\/es\/produit\/obturadores-inflables\/obturacion-para-saneamiento\/obturador-inflable-para-tuberias-ovoides\/#breadcrumb"},"inLanguage":"es","potentialAction":[{"@type":"ReadAction","target":["https:\/\/www.pronal.com\/es\/produit\/obturadores-inflables\/obturacion-para-saneamiento\/obturador-inflable-para-tuberias-ovoides\/"]}]},{"@type":"ImageObject","inLanguage":"es","@id":"https:\/\/www.pronal.com\/es\/produit\/obturadores-inflables\/obturacion-para-saneamiento\/obturador-inflable-para-tuberias-ovoides\/#primaryimage","url":"https:\/\/www.pronal.com\/wp-content\/uploads\/2019\/03\/Obturateur-canalisation-ovoides.jpg","contentUrl":"https:\/\/www.pronal.com\/wp-content\/uploads\/2019\/03\/Obturateur-canalisation-ovoides.jpg","width":656,"height":521,"caption":"Obturador de tuber\u00edas ovoides"},{"@type":"BreadcrumbList","@id":"https:\/\/www.pronal.com\/es\/produit\/obturadores-inflables\/obturacion-para-saneamiento\/obturador-inflable-para-tuberias-ovoides\/#breadcrumb","itemListElement":[{"@type":"ListItem","position":1,"name":"Cat\u00e1logo de productos","item":"https:\/\/www.pronal.com\/es\/catalogo-de-productos\/"},{"@type":"ListItem","position":2,"name":"Obturador inflable para tuber\u00edas ovoides OVO"}]},{"@type":"WebSite","@id":"https:\/\/www.pronal.com\/es\/#website","url":"https:\/\/www.pronal.com\/es\/","name":"Pronal - Conception et fabrication de structure flexible","description":"Pronal - Conception et fabrication de structure flexible","publisher":{"@id":"https:\/\/www.pronal.com\/es\/#organization"},"potentialAction":[{"@type":"SearchAction","target":{"@type":"EntryPoint","urlTemplate":"https:\/\/www.pronal.com\/es\/?s={search_term_string}"},"query-input":{"@type":"PropertyValueSpecification","valueRequired":true,"valueName":"search_term_string"}}],"inLanguage":"es"},{"@type":"Organization","@id":"https:\/\/www.pronal.com\/es\/#organization","name":"Pronal","url":"https:\/\/www.pronal.com\/es\/","logo":{"@type":"ImageObject","inLanguage":"es","@id":"https:\/\/www.pronal.com\/es\/#\/schema\/logo\/image\/","url":"https:\/\/www.pronal.com\/wp-content\/uploads\/2019\/06\/logo-pronal.png","contentUrl":"https:\/\/www.pronal.com\/wp-content\/uploads\/2019\/06\/logo-pronal.png","width":504,"height":80,"caption":"Pronal"},"image":{"@id":"https:\/\/www.pronal.com\/es\/#\/schema\/logo\/image\/"}}]}},"_links":{"self":[{"href":"https:\/\/www.pronal.com\/es\/wp-json\/wp\/v2\/product\/9550","targetHints":{"allow":["GET"]}}],"collection":[{"href":"https:\/\/www.pronal.com\/es\/wp-json\/wp\/v2\/product"}],"about":[{"href":"https:\/\/www.pronal.com\/es\/wp-json\/wp\/v2\/types\/product"}],"wp:featuredmedia":[{"embeddable":true,"href":"https:\/\/www.pronal.com\/es\/wp-json\/wp\/v2\/media\/8064"}],"wp:attachment":[{"href":"https:\/\/www.pronal.com\/es\/wp-json\/wp\/v2\/media?parent=9550"}],"wp:term":[{"taxonomy":"product_brand","embeddable":true,"href":"https:\/\/www.pronal.com\/es\/wp-json\/wp\/v2\/product_brand?post=9550"},{"taxonomy":"product_cat","embeddable":true,"href":"https:\/\/www.pronal.com\/es\/wp-json\/wp\/v2\/product_cat?post=9550"},{"taxonomy":"product_tag","embeddable":true,"href":"https:\/\/www.pronal.com\/es\/wp-json\/wp\/v2\/product_tag?post=9550"}],"curies":[{"name":"wp","href":"https:\/\/api.w.org\/{rel}","templated":true}]}}