{"id":9582,"date":"2019-05-03T11:39:42","date_gmt":"2019-05-03T09:39:42","guid":{"rendered":"https:\/\/www.pronal.com\/produit\/sincategorizar\/prehenseurs-bouteilles-gonflables-mcs\/"},"modified":"2025-10-28T10:30:58","modified_gmt":"2025-10-28T09:30:58","slug":"pinzas-inflables-para-botellas-mcs","status":"publish","type":"product","link":"https:\/\/www.pronal.com\/es\/produit\/pinzas-neumaticas\/paletizacion-de-botellas-cuello-corto\/pinzas-inflables-para-botellas-mcs\/","title":{"rendered":"Pinzas inflables para botellas MCS"},"content":{"rendered":"<p style=\"text-align: left;\">La gama de pinzas inflables para botellas MCS combina las ventajas de <a href=\"https:\/\/www.pronal.com\/es\/producto\/pinzas-neumaticas\/pinzas-inflables-para-botellas-mcb\/\">la gama MCB<\/a> con una altura m\u00e1s compacta. Reemplaza f\u00e1cilmente varios modelos de <a href=\"https:\/\/www.pronal.com\/es\/producto\/pinzas-neumaticas\/pinzas-inflables-para-botellas-mc-ml\/\">la gama MC<\/a> con una sola pinza para poder paletizar diferentes botellas. Su escasa altura se adapta a botellas de <strong><span style=\"color: #00a7e1;\">cuello corto o largo<\/span><\/strong>. Es realmente \u00fatil para <strong><span style=\"color: #00a7e1;\">evitar cambios de pinzas entre dos producciones<\/span><\/strong>. De este modo, solo hay que modificar la separaci\u00f3n entre las pinzas.<\/p>\n<p style=\"text-align: left;\">Hay dos longitudes est\u00e1ndares: <strong><span style=\"color: #00a7e1;\">1320 mm y 1460 mm<\/span><\/strong>. Se puede a\u00f1adir un revestimiento de uso alimentario bajo pedido. En funci\u00f3n de sus necesidades, los burletes inflables se adaptar\u00e1n mediante un refuerzo, el suministro doble de aire, la altura de varillas roscadas&#8230;<\/p>\n","protected":false},"excerpt":{"rendered":"<p>Para botellas de cuello corto y largo &#8211; Presi\u00f3n m\u00e1xima: 1,2 bares<\/p>\n","protected":false},"featured_media":4727,"template":"","meta":{"_acf_changed":false,"inline_featured_image":false},"product_brand":[],"product_cat":[314,318],"product_tag":[471,469],"class_list":{"0":"post-9582","1":"product","2":"type-product","3":"status-publish","4":"has-post-thumbnail","6":"product_cat-pinzas-neumaticas","7":"product_cat-paletizacion-de-botellas-cuello-largo","8":"product_tag-cristaleria","9":"product_tag-levantar","11":"first","12":"instock","13":"shipping-taxable","14":"product-type-simple"},"acf":[],"yoast_head":"<!-- This site is optimized with the Yoast SEO plugin v25.8 - https:\/\/yoast.com\/wordpress\/plugins\/seo\/ -->\n<title>Pinzas\/Paletizadores inflables MCS de botellas | Pronal<\/title>\n<meta name=\"description\" content=\"Las pinzas inflables MCS permiten paletizar botellas de cuello largo o corto y distintas formas para evitar cambiar de paletizador.\" \/>\n<meta name=\"robots\" content=\"index, follow, max-snippet:-1, max-image-preview:large, max-video-preview:-1\" \/>\n<link rel=\"canonical\" href=\"https:\/\/www.pronal.com\/es\/produit\/pinzas-neumaticas\/paletizacion-de-botellas-cuello-corto\/pinzas-inflables-para-botellas-mcs\/\" \/>\n<meta property=\"og:locale\" content=\"es_ES\" \/>\n<meta property=\"og:type\" content=\"article\" \/>\n<meta property=\"og:title\" content=\"Pinzas\/Paletizadores inflables MCS de botellas | Pronal\" \/>\n<meta property=\"og:description\" content=\"Las pinzas inflables MCS permiten paletizar botellas de cuello largo o corto y distintas formas para evitar cambiar de paletizador.\" \/>\n<meta property=\"og:url\" content=\"https:\/\/www.pronal.com\/es\/produit\/pinzas-neumaticas\/paletizacion-de-botellas-cuello-corto\/pinzas-inflables-para-botellas-mcs\/\" \/>\n<meta property=\"og:site_name\" content=\"Pronal - Conception et fabrication de structure flexible\" \/>\n<meta property=\"article:modified_time\" content=\"2025-10-28T09:30:58+00:00\" \/>\n<meta property=\"og:image\" content=\"https:\/\/www.pronal.com\/wp-content\/uploads\/2019\/05\/Prehenseurs-MCS-1280x851.jpg\" \/>\n\t<meta property=\"og:image:width\" content=\"1280\" \/>\n\t<meta property=\"og:image:height\" content=\"851\" \/>\n\t<meta property=\"og:image:type\" content=\"image\/jpeg\" \/>\n<meta name=\"twitter:card\" content=\"summary_large_image\" \/>\n<meta name=\"twitter:label1\" content=\"Tiempo de lectura\" \/>\n\t<meta name=\"twitter:data1\" content=\"1 minuto\" \/>\n<script type=\"application\/ld+json\" class=\"yoast-schema-graph\">{\"@context\":\"https:\/\/schema.org\",\"@graph\":[{\"@type\":\"WebPage\",\"@id\":\"https:\/\/www.pronal.com\/es\/produit\/pinzas-neumaticas\/paletizacion-de-botellas-cuello-corto\/pinzas-inflables-para-botellas-mcs\/\",\"url\":\"https:\/\/www.pronal.com\/es\/produit\/pinzas-neumaticas\/paletizacion-de-botellas-cuello-corto\/pinzas-inflables-para-botellas-mcs\/\",\"name\":\"Pinzas\/Paletizadores inflables MCS de botellas | Pronal\",\"isPartOf\":{\"@id\":\"https:\/\/www.pronal.com\/es\/#website\"},\"primaryImageOfPage\":{\"@id\":\"https:\/\/www.pronal.com\/es\/produit\/pinzas-neumaticas\/paletizacion-de-botellas-cuello-corto\/pinzas-inflables-para-botellas-mcs\/#primaryimage\"},\"image\":{\"@id\":\"https:\/\/www.pronal.com\/es\/produit\/pinzas-neumaticas\/paletizacion-de-botellas-cuello-corto\/pinzas-inflables-para-botellas-mcs\/#primaryimage\"},\"thumbnailUrl\":\"https:\/\/www.pronal.com\/wp-content\/uploads\/2019\/05\/Prehenseurs-MCS.jpg\",\"datePublished\":\"2019-05-03T09:39:42+00:00\",\"dateModified\":\"2025-10-28T09:30:58+00:00\",\"description\":\"Las pinzas inflables MCS permiten paletizar botellas de cuello largo o corto y distintas formas para evitar cambiar de paletizador.\",\"breadcrumb\":{\"@id\":\"https:\/\/www.pronal.com\/es\/produit\/pinzas-neumaticas\/paletizacion-de-botellas-cuello-corto\/pinzas-inflables-para-botellas-mcs\/#breadcrumb\"},\"inLanguage\":\"es\",\"potentialAction\":[{\"@type\":\"ReadAction\",\"target\":[\"https:\/\/www.pronal.com\/es\/produit\/pinzas-neumaticas\/paletizacion-de-botellas-cuello-corto\/pinzas-inflables-para-botellas-mcs\/\"]}]},{\"@type\":\"ImageObject\",\"inLanguage\":\"es\",\"@id\":\"https:\/\/www.pronal.com\/es\/produit\/pinzas-neumaticas\/paletizacion-de-botellas-cuello-corto\/pinzas-inflables-para-botellas-mcs\/#primaryimage\",\"url\":\"https:\/\/www.pronal.com\/wp-content\/uploads\/2019\/05\/Prehenseurs-MCS.jpg\",\"contentUrl\":\"https:\/\/www.pronal.com\/wp-content\/uploads\/2019\/05\/Prehenseurs-MCS.jpg\",\"width\":6016,\"height\":4000,\"caption\":\"Pinzas inflables MCS para botellas\"},{\"@type\":\"BreadcrumbList\",\"@id\":\"https:\/\/www.pronal.com\/es\/produit\/pinzas-neumaticas\/paletizacion-de-botellas-cuello-corto\/pinzas-inflables-para-botellas-mcs\/#breadcrumb\",\"itemListElement\":[{\"@type\":\"ListItem\",\"position\":1,\"name\":\"Cat\u00e1logo de productos\",\"item\":\"https:\/\/www.pronal.com\/es\/catalogo-de-productos\/\"},{\"@type\":\"ListItem\",\"position\":2,\"name\":\"Pinzas inflables para botellas MCS\"}]},{\"@type\":\"WebSite\",\"@id\":\"https:\/\/www.pronal.com\/es\/#website\",\"url\":\"https:\/\/www.pronal.com\/es\/\",\"name\":\"Pronal - Conception et fabrication de structure flexible\",\"description\":\"Pronal - Conception et fabrication de structure flexible\",\"publisher\":{\"@id\":\"https:\/\/www.pronal.com\/es\/#organization\"},\"potentialAction\":[{\"@type\":\"SearchAction\",\"target\":{\"@type\":\"EntryPoint\",\"urlTemplate\":\"https:\/\/www.pronal.com\/es\/?s={search_term_string}\"},\"query-input\":{\"@type\":\"PropertyValueSpecification\",\"valueRequired\":true,\"valueName\":\"search_term_string\"}}],\"inLanguage\":\"es\"},{\"@type\":\"Organization\",\"@id\":\"https:\/\/www.pronal.com\/es\/#organization\",\"name\":\"Pronal\",\"url\":\"https:\/\/www.pronal.com\/es\/\",\"logo\":{\"@type\":\"ImageObject\",\"inLanguage\":\"es\",\"@id\":\"https:\/\/www.pronal.com\/es\/#\/schema\/logo\/image\/\",\"url\":\"https:\/\/www.pronal.com\/wp-content\/uploads\/2019\/06\/logo-pronal.png\",\"contentUrl\":\"https:\/\/www.pronal.com\/wp-content\/uploads\/2019\/06\/logo-pronal.png\",\"width\":504,\"height\":80,\"caption\":\"Pronal\"},\"image\":{\"@id\":\"https:\/\/www.pronal.com\/es\/#\/schema\/logo\/image\/\"}}]}<\/script>\n<!-- \/ Yoast SEO plugin. -->","yoast_head_json":{"title":"Pinzas\/Paletizadores inflables MCS de botellas | Pronal","description":"Las pinzas inflables MCS permiten paletizar botellas de cuello largo o corto y distintas formas para evitar cambiar de paletizador.","robots":{"index":"index","follow":"follow","max-snippet":"max-snippet:-1","max-image-preview":"max-image-preview:large","max-video-preview":"max-video-preview:-1"},"canonical":"https:\/\/www.pronal.com\/es\/produit\/pinzas-neumaticas\/paletizacion-de-botellas-cuello-corto\/pinzas-inflables-para-botellas-mcs\/","og_locale":"es_ES","og_type":"article","og_title":"Pinzas\/Paletizadores inflables MCS de botellas | Pronal","og_description":"Las pinzas inflables MCS permiten paletizar botellas de cuello largo o corto y distintas formas para evitar cambiar de paletizador.","og_url":"https:\/\/www.pronal.com\/es\/produit\/pinzas-neumaticas\/paletizacion-de-botellas-cuello-corto\/pinzas-inflables-para-botellas-mcs\/","og_site_name":"Pronal - Conception et fabrication de structure flexible","article_modified_time":"2025-10-28T09:30:58+00:00","og_image":[{"width":1280,"height":851,"url":"https:\/\/www.pronal.com\/wp-content\/uploads\/2019\/05\/Prehenseurs-MCS-1280x851.jpg","type":"image\/jpeg"}],"twitter_card":"summary_large_image","twitter_misc":{"Tiempo de lectura":"1 minuto"},"schema":{"@context":"https:\/\/schema.org","@graph":[{"@type":"WebPage","@id":"https:\/\/www.pronal.com\/es\/produit\/pinzas-neumaticas\/paletizacion-de-botellas-cuello-corto\/pinzas-inflables-para-botellas-mcs\/","url":"https:\/\/www.pronal.com\/es\/produit\/pinzas-neumaticas\/paletizacion-de-botellas-cuello-corto\/pinzas-inflables-para-botellas-mcs\/","name":"Pinzas\/Paletizadores inflables MCS de botellas | Pronal","isPartOf":{"@id":"https:\/\/www.pronal.com\/es\/#website"},"primaryImageOfPage":{"@id":"https:\/\/www.pronal.com\/es\/produit\/pinzas-neumaticas\/paletizacion-de-botellas-cuello-corto\/pinzas-inflables-para-botellas-mcs\/#primaryimage"},"image":{"@id":"https:\/\/www.pronal.com\/es\/produit\/pinzas-neumaticas\/paletizacion-de-botellas-cuello-corto\/pinzas-inflables-para-botellas-mcs\/#primaryimage"},"thumbnailUrl":"https:\/\/www.pronal.com\/wp-content\/uploads\/2019\/05\/Prehenseurs-MCS.jpg","datePublished":"2019-05-03T09:39:42+00:00","dateModified":"2025-10-28T09:30:58+00:00","description":"Las pinzas inflables MCS permiten paletizar botellas de cuello largo o corto y distintas formas para evitar cambiar de paletizador.","breadcrumb":{"@id":"https:\/\/www.pronal.com\/es\/produit\/pinzas-neumaticas\/paletizacion-de-botellas-cuello-corto\/pinzas-inflables-para-botellas-mcs\/#breadcrumb"},"inLanguage":"es","potentialAction":[{"@type":"ReadAction","target":["https:\/\/www.pronal.com\/es\/produit\/pinzas-neumaticas\/paletizacion-de-botellas-cuello-corto\/pinzas-inflables-para-botellas-mcs\/"]}]},{"@type":"ImageObject","inLanguage":"es","@id":"https:\/\/www.pronal.com\/es\/produit\/pinzas-neumaticas\/paletizacion-de-botellas-cuello-corto\/pinzas-inflables-para-botellas-mcs\/#primaryimage","url":"https:\/\/www.pronal.com\/wp-content\/uploads\/2019\/05\/Prehenseurs-MCS.jpg","contentUrl":"https:\/\/www.pronal.com\/wp-content\/uploads\/2019\/05\/Prehenseurs-MCS.jpg","width":6016,"height":4000,"caption":"Pinzas inflables MCS para botellas"},{"@type":"BreadcrumbList","@id":"https:\/\/www.pronal.com\/es\/produit\/pinzas-neumaticas\/paletizacion-de-botellas-cuello-corto\/pinzas-inflables-para-botellas-mcs\/#breadcrumb","itemListElement":[{"@type":"ListItem","position":1,"name":"Cat\u00e1logo de productos","item":"https:\/\/www.pronal.com\/es\/catalogo-de-productos\/"},{"@type":"ListItem","position":2,"name":"Pinzas inflables para botellas MCS"}]},{"@type":"WebSite","@id":"https:\/\/www.pronal.com\/es\/#website","url":"https:\/\/www.pronal.com\/es\/","name":"Pronal - Conception et fabrication de structure flexible","description":"Pronal - Conception et fabrication de structure flexible","publisher":{"@id":"https:\/\/www.pronal.com\/es\/#organization"},"potentialAction":[{"@type":"SearchAction","target":{"@type":"EntryPoint","urlTemplate":"https:\/\/www.pronal.com\/es\/?s={search_term_string}"},"query-input":{"@type":"PropertyValueSpecification","valueRequired":true,"valueName":"search_term_string"}}],"inLanguage":"es"},{"@type":"Organization","@id":"https:\/\/www.pronal.com\/es\/#organization","name":"Pronal","url":"https:\/\/www.pronal.com\/es\/","logo":{"@type":"ImageObject","inLanguage":"es","@id":"https:\/\/www.pronal.com\/es\/#\/schema\/logo\/image\/","url":"https:\/\/www.pronal.com\/wp-content\/uploads\/2019\/06\/logo-pronal.png","contentUrl":"https:\/\/www.pronal.com\/wp-content\/uploads\/2019\/06\/logo-pronal.png","width":504,"height":80,"caption":"Pronal"},"image":{"@id":"https:\/\/www.pronal.com\/es\/#\/schema\/logo\/image\/"}}]}},"_links":{"self":[{"href":"https:\/\/www.pronal.com\/es\/wp-json\/wp\/v2\/product\/9582","targetHints":{"allow":["GET"]}}],"collection":[{"href":"https:\/\/www.pronal.com\/es\/wp-json\/wp\/v2\/product"}],"about":[{"href":"https:\/\/www.pronal.com\/es\/wp-json\/wp\/v2\/types\/product"}],"wp:featuredmedia":[{"embeddable":true,"href":"https:\/\/www.pronal.com\/es\/wp-json\/wp\/v2\/media\/4727"}],"wp:attachment":[{"href":"https:\/\/www.pronal.com\/es\/wp-json\/wp\/v2\/media?parent=9582"}],"wp:term":[{"taxonomy":"product_brand","embeddable":true,"href":"https:\/\/www.pronal.com\/es\/wp-json\/wp\/v2\/product_brand?post=9582"},{"taxonomy":"product_cat","embeddable":true,"href":"https:\/\/www.pronal.com\/es\/wp-json\/wp\/v2\/product_cat?post=9582"},{"taxonomy":"product_tag","embeddable":true,"href":"https:\/\/www.pronal.com\/es\/wp-json\/wp\/v2\/product_tag?post=9582"}],"curies":[{"name":"wp","href":"https:\/\/api.w.org\/{rel}","templated":true}]}}