{"id":9583,"date":"2019-05-03T11:38:32","date_gmt":"2019-05-03T09:38:32","guid":{"rendered":"https:\/\/www.pronal.com\/produit\/sincategorizar\/prehenseurs-gonflables-mdg\/"},"modified":"2025-10-28T10:24:37","modified_gmt":"2025-10-28T09:24:37","slug":"pinzas-semi-inflables-para-botellas-mdg","status":"publish","type":"product","link":"https:\/\/www.pronal.com\/es\/produit\/pinzas-neumaticas\/paletizacion-de-botellas-cuello-corto\/pinzas-semi-inflables-para-botellas-mdg\/","title":{"rendered":"Pinzas semi inflables MDG para botellas"},"content":{"rendered":"<p style=\"text-align: left;\">La gama de pinzas semi inflables MDG permite agarrar por hilera botellas <strong><span style=\"color: #00a7e1;\">tipo garrafa o botellas de culo ancho<\/span><\/strong>. Se necesitan dos pinzas para agarrar las botellas de una hilera. Una pieza de conexi\u00f3n mantiene la separaci\u00f3n entre las 2 pinzas.<\/p>\n<p style=\"text-align: left;\">Hay dos longitudes est\u00e1ndares: 1320 mm y 1460 mm. Se pueden fabricar otros tama\u00f1os a medida seg\u00fan el plan de paletizaci\u00f3n.<\/p>\n<p style=\"text-align: left;\"><strong><span style=\"color: #00a7e1;\">Se puede a\u00f1adir un revestimiento de uso alimentario bajo pedido<\/span><\/strong>. En funci\u00f3n de su instalaci\u00f3n, se podr\u00e1 recurrir a distintas soluciones, como un refuerzo, el suministro doble de aire, la altura de varillas roscadas&#8230;<\/p>\n<p>Para la paletizaci\u00f3n de botellas est\u00e1ndar, existe la gama de <a href=\"https:\/\/www.pronal.com\/es\/producto\/pinzas-neumaticas\/pinzas-inflables-para-botellas-mc-ml\/\">pinzas inflables MC\/ML<\/a>.<\/p>\n","protected":false},"excerpt":{"rendered":"<p>Para garrafas y botellas de cuello ancho &#8211; Presi\u00f3n m\u00e1xima: 1,2 bares<\/p>\n","protected":false},"featured_media":6143,"template":"","meta":{"_acf_changed":false,"inline_featured_image":false},"product_brand":[],"product_cat":[314,321],"product_tag":[471,469,470],"class_list":{"0":"post-9583","1":"product","2":"type-product","3":"status-publish","4":"has-post-thumbnail","6":"product_cat-pinzas-neumaticas","7":"product_cat-paletizacion-de-petacas-jarras","8":"product_tag-cristaleria","9":"product_tag-levantar","10":"product_tag-vaso","12":"first","13":"instock","14":"shipping-taxable","15":"product-type-simple"},"acf":[],"yoast_head":"<!-- This site is optimized with the Yoast SEO plugin v25.8 - https:\/\/yoast.com\/wordpress\/plugins\/seo\/ -->\n<title>Pinzas semi inflables MDG para botellas\/garrafas | Pronal<\/title>\n<meta name=\"description\" content=\"Pinzas neum\u00e1ticas o globos semi inflables MDG para paletizar y manipular botellas tipo garrafa o de culo ancho.\" \/>\n<meta name=\"robots\" content=\"index, follow, max-snippet:-1, max-image-preview:large, max-video-preview:-1\" \/>\n<link rel=\"canonical\" href=\"https:\/\/www.pronal.com\/es\/produit\/pinzas-neumaticas\/paletizacion-de-botellas-cuello-corto\/pinzas-semi-inflables-para-botellas-mdg\/\" \/>\n<meta property=\"og:locale\" content=\"es_ES\" \/>\n<meta property=\"og:type\" content=\"article\" \/>\n<meta property=\"og:title\" content=\"Pinzas semi inflables MDG para botellas\/garrafas | Pronal\" \/>\n<meta property=\"og:description\" content=\"Pinzas neum\u00e1ticas o globos semi inflables MDG para paletizar y manipular botellas tipo garrafa o de culo ancho.\" \/>\n<meta property=\"og:url\" content=\"https:\/\/www.pronal.com\/es\/produit\/pinzas-neumaticas\/paletizacion-de-botellas-cuello-corto\/pinzas-semi-inflables-para-botellas-mdg\/\" \/>\n<meta property=\"og:site_name\" content=\"Pronal - Conception et fabrication de structure flexible\" \/>\n<meta property=\"article:modified_time\" content=\"2025-10-28T09:24:37+00:00\" \/>\n<meta property=\"og:image\" content=\"https:\/\/www.pronal.com\/wp-content\/uploads\/2019\/05\/pr\u00e9henseur-MDG.jpg\" \/>\n\t<meta property=\"og:image:width\" content=\"656\" \/>\n\t<meta property=\"og:image:height\" content=\"521\" \/>\n\t<meta property=\"og:image:type\" content=\"image\/jpeg\" \/>\n<meta name=\"twitter:card\" content=\"summary_large_image\" \/>\n<meta name=\"twitter:label1\" content=\"Tiempo de lectura\" \/>\n\t<meta name=\"twitter:data1\" content=\"1 minuto\" \/>\n<script type=\"application\/ld+json\" class=\"yoast-schema-graph\">{\"@context\":\"https:\/\/schema.org\",\"@graph\":[{\"@type\":\"WebPage\",\"@id\":\"https:\/\/www.pronal.com\/es\/produit\/pinzas-neumaticas\/paletizacion-de-botellas-cuello-corto\/pinzas-semi-inflables-para-botellas-mdg\/\",\"url\":\"https:\/\/www.pronal.com\/es\/produit\/pinzas-neumaticas\/paletizacion-de-botellas-cuello-corto\/pinzas-semi-inflables-para-botellas-mdg\/\",\"name\":\"Pinzas semi inflables MDG para botellas\/garrafas | Pronal\",\"isPartOf\":{\"@id\":\"https:\/\/www.pronal.com\/es\/#website\"},\"primaryImageOfPage\":{\"@id\":\"https:\/\/www.pronal.com\/es\/produit\/pinzas-neumaticas\/paletizacion-de-botellas-cuello-corto\/pinzas-semi-inflables-para-botellas-mdg\/#primaryimage\"},\"image\":{\"@id\":\"https:\/\/www.pronal.com\/es\/produit\/pinzas-neumaticas\/paletizacion-de-botellas-cuello-corto\/pinzas-semi-inflables-para-botellas-mdg\/#primaryimage\"},\"thumbnailUrl\":\"https:\/\/www.pronal.com\/wp-content\/uploads\/2019\/05\/pr\u00e9henseur-MDG.jpg\",\"datePublished\":\"2019-05-03T09:38:32+00:00\",\"dateModified\":\"2025-10-28T09:24:37+00:00\",\"description\":\"Pinzas neum\u00e1ticas o globos semi inflables MDG para paletizar y manipular botellas tipo garrafa o de culo ancho.\",\"breadcrumb\":{\"@id\":\"https:\/\/www.pronal.com\/es\/produit\/pinzas-neumaticas\/paletizacion-de-botellas-cuello-corto\/pinzas-semi-inflables-para-botellas-mdg\/#breadcrumb\"},\"inLanguage\":\"es\",\"potentialAction\":[{\"@type\":\"ReadAction\",\"target\":[\"https:\/\/www.pronal.com\/es\/produit\/pinzas-neumaticas\/paletizacion-de-botellas-cuello-corto\/pinzas-semi-inflables-para-botellas-mdg\/\"]}]},{\"@type\":\"ImageObject\",\"inLanguage\":\"es\",\"@id\":\"https:\/\/www.pronal.com\/es\/produit\/pinzas-neumaticas\/paletizacion-de-botellas-cuello-corto\/pinzas-semi-inflables-para-botellas-mdg\/#primaryimage\",\"url\":\"https:\/\/www.pronal.com\/wp-content\/uploads\/2019\/05\/pr\u00e9henseur-MDG.jpg\",\"contentUrl\":\"https:\/\/www.pronal.com\/wp-content\/uploads\/2019\/05\/pr\u00e9henseur-MDG.jpg\",\"width\":656,\"height\":521,\"caption\":\"Pinzas semi inflables MDG para botellas\"},{\"@type\":\"BreadcrumbList\",\"@id\":\"https:\/\/www.pronal.com\/es\/produit\/pinzas-neumaticas\/paletizacion-de-botellas-cuello-corto\/pinzas-semi-inflables-para-botellas-mdg\/#breadcrumb\",\"itemListElement\":[{\"@type\":\"ListItem\",\"position\":1,\"name\":\"Cat\u00e1logo de productos\",\"item\":\"https:\/\/www.pronal.com\/es\/catalogo-de-productos\/\"},{\"@type\":\"ListItem\",\"position\":2,\"name\":\"Pinzas semi inflables MDG para botellas\"}]},{\"@type\":\"WebSite\",\"@id\":\"https:\/\/www.pronal.com\/es\/#website\",\"url\":\"https:\/\/www.pronal.com\/es\/\",\"name\":\"Pronal - Conception et fabrication de structure flexible\",\"description\":\"Pronal - Conception et fabrication de structure flexible\",\"publisher\":{\"@id\":\"https:\/\/www.pronal.com\/es\/#organization\"},\"potentialAction\":[{\"@type\":\"SearchAction\",\"target\":{\"@type\":\"EntryPoint\",\"urlTemplate\":\"https:\/\/www.pronal.com\/es\/?s={search_term_string}\"},\"query-input\":{\"@type\":\"PropertyValueSpecification\",\"valueRequired\":true,\"valueName\":\"search_term_string\"}}],\"inLanguage\":\"es\"},{\"@type\":\"Organization\",\"@id\":\"https:\/\/www.pronal.com\/es\/#organization\",\"name\":\"Pronal\",\"url\":\"https:\/\/www.pronal.com\/es\/\",\"logo\":{\"@type\":\"ImageObject\",\"inLanguage\":\"es\",\"@id\":\"https:\/\/www.pronal.com\/es\/#\/schema\/logo\/image\/\",\"url\":\"https:\/\/www.pronal.com\/wp-content\/uploads\/2019\/06\/logo-pronal.png\",\"contentUrl\":\"https:\/\/www.pronal.com\/wp-content\/uploads\/2019\/06\/logo-pronal.png\",\"width\":504,\"height\":80,\"caption\":\"Pronal\"},\"image\":{\"@id\":\"https:\/\/www.pronal.com\/es\/#\/schema\/logo\/image\/\"}}]}<\/script>\n<!-- \/ Yoast SEO plugin. -->","yoast_head_json":{"title":"Pinzas semi inflables MDG para botellas\/garrafas | Pronal","description":"Pinzas neum\u00e1ticas o globos semi inflables MDG para paletizar y manipular botellas tipo garrafa o de culo ancho.","robots":{"index":"index","follow":"follow","max-snippet":"max-snippet:-1","max-image-preview":"max-image-preview:large","max-video-preview":"max-video-preview:-1"},"canonical":"https:\/\/www.pronal.com\/es\/produit\/pinzas-neumaticas\/paletizacion-de-botellas-cuello-corto\/pinzas-semi-inflables-para-botellas-mdg\/","og_locale":"es_ES","og_type":"article","og_title":"Pinzas semi inflables MDG para botellas\/garrafas | Pronal","og_description":"Pinzas neum\u00e1ticas o globos semi inflables MDG para paletizar y manipular botellas tipo garrafa o de culo ancho.","og_url":"https:\/\/www.pronal.com\/es\/produit\/pinzas-neumaticas\/paletizacion-de-botellas-cuello-corto\/pinzas-semi-inflables-para-botellas-mdg\/","og_site_name":"Pronal - Conception et fabrication de structure flexible","article_modified_time":"2025-10-28T09:24:37+00:00","og_image":[{"width":656,"height":521,"url":"https:\/\/www.pronal.com\/wp-content\/uploads\/2019\/05\/pr\u00e9henseur-MDG.jpg","type":"image\/jpeg"}],"twitter_card":"summary_large_image","twitter_misc":{"Tiempo de lectura":"1 minuto"},"schema":{"@context":"https:\/\/schema.org","@graph":[{"@type":"WebPage","@id":"https:\/\/www.pronal.com\/es\/produit\/pinzas-neumaticas\/paletizacion-de-botellas-cuello-corto\/pinzas-semi-inflables-para-botellas-mdg\/","url":"https:\/\/www.pronal.com\/es\/produit\/pinzas-neumaticas\/paletizacion-de-botellas-cuello-corto\/pinzas-semi-inflables-para-botellas-mdg\/","name":"Pinzas semi inflables MDG para botellas\/garrafas | Pronal","isPartOf":{"@id":"https:\/\/www.pronal.com\/es\/#website"},"primaryImageOfPage":{"@id":"https:\/\/www.pronal.com\/es\/produit\/pinzas-neumaticas\/paletizacion-de-botellas-cuello-corto\/pinzas-semi-inflables-para-botellas-mdg\/#primaryimage"},"image":{"@id":"https:\/\/www.pronal.com\/es\/produit\/pinzas-neumaticas\/paletizacion-de-botellas-cuello-corto\/pinzas-semi-inflables-para-botellas-mdg\/#primaryimage"},"thumbnailUrl":"https:\/\/www.pronal.com\/wp-content\/uploads\/2019\/05\/pr\u00e9henseur-MDG.jpg","datePublished":"2019-05-03T09:38:32+00:00","dateModified":"2025-10-28T09:24:37+00:00","description":"Pinzas neum\u00e1ticas o globos semi inflables MDG para paletizar y manipular botellas tipo garrafa o de culo ancho.","breadcrumb":{"@id":"https:\/\/www.pronal.com\/es\/produit\/pinzas-neumaticas\/paletizacion-de-botellas-cuello-corto\/pinzas-semi-inflables-para-botellas-mdg\/#breadcrumb"},"inLanguage":"es","potentialAction":[{"@type":"ReadAction","target":["https:\/\/www.pronal.com\/es\/produit\/pinzas-neumaticas\/paletizacion-de-botellas-cuello-corto\/pinzas-semi-inflables-para-botellas-mdg\/"]}]},{"@type":"ImageObject","inLanguage":"es","@id":"https:\/\/www.pronal.com\/es\/produit\/pinzas-neumaticas\/paletizacion-de-botellas-cuello-corto\/pinzas-semi-inflables-para-botellas-mdg\/#primaryimage","url":"https:\/\/www.pronal.com\/wp-content\/uploads\/2019\/05\/pr\u00e9henseur-MDG.jpg","contentUrl":"https:\/\/www.pronal.com\/wp-content\/uploads\/2019\/05\/pr\u00e9henseur-MDG.jpg","width":656,"height":521,"caption":"Pinzas semi inflables MDG para botellas"},{"@type":"BreadcrumbList","@id":"https:\/\/www.pronal.com\/es\/produit\/pinzas-neumaticas\/paletizacion-de-botellas-cuello-corto\/pinzas-semi-inflables-para-botellas-mdg\/#breadcrumb","itemListElement":[{"@type":"ListItem","position":1,"name":"Cat\u00e1logo de productos","item":"https:\/\/www.pronal.com\/es\/catalogo-de-productos\/"},{"@type":"ListItem","position":2,"name":"Pinzas semi inflables MDG para botellas"}]},{"@type":"WebSite","@id":"https:\/\/www.pronal.com\/es\/#website","url":"https:\/\/www.pronal.com\/es\/","name":"Pronal - Conception et fabrication de structure flexible","description":"Pronal - Conception et fabrication de structure flexible","publisher":{"@id":"https:\/\/www.pronal.com\/es\/#organization"},"potentialAction":[{"@type":"SearchAction","target":{"@type":"EntryPoint","urlTemplate":"https:\/\/www.pronal.com\/es\/?s={search_term_string}"},"query-input":{"@type":"PropertyValueSpecification","valueRequired":true,"valueName":"search_term_string"}}],"inLanguage":"es"},{"@type":"Organization","@id":"https:\/\/www.pronal.com\/es\/#organization","name":"Pronal","url":"https:\/\/www.pronal.com\/es\/","logo":{"@type":"ImageObject","inLanguage":"es","@id":"https:\/\/www.pronal.com\/es\/#\/schema\/logo\/image\/","url":"https:\/\/www.pronal.com\/wp-content\/uploads\/2019\/06\/logo-pronal.png","contentUrl":"https:\/\/www.pronal.com\/wp-content\/uploads\/2019\/06\/logo-pronal.png","width":504,"height":80,"caption":"Pronal"},"image":{"@id":"https:\/\/www.pronal.com\/es\/#\/schema\/logo\/image\/"}}]}},"_links":{"self":[{"href":"https:\/\/www.pronal.com\/es\/wp-json\/wp\/v2\/product\/9583","targetHints":{"allow":["GET"]}}],"collection":[{"href":"https:\/\/www.pronal.com\/es\/wp-json\/wp\/v2\/product"}],"about":[{"href":"https:\/\/www.pronal.com\/es\/wp-json\/wp\/v2\/types\/product"}],"wp:featuredmedia":[{"embeddable":true,"href":"https:\/\/www.pronal.com\/es\/wp-json\/wp\/v2\/media\/6143"}],"wp:attachment":[{"href":"https:\/\/www.pronal.com\/es\/wp-json\/wp\/v2\/media?parent=9583"}],"wp:term":[{"taxonomy":"product_brand","embeddable":true,"href":"https:\/\/www.pronal.com\/es\/wp-json\/wp\/v2\/product_brand?post=9583"},{"taxonomy":"product_cat","embeddable":true,"href":"https:\/\/www.pronal.com\/es\/wp-json\/wp\/v2\/product_cat?post=9583"},{"taxonomy":"product_tag","embeddable":true,"href":"https:\/\/www.pronal.com\/es\/wp-json\/wp\/v2\/product_tag?post=9583"}],"curies":[{"name":"wp","href":"https:\/\/api.w.org\/{rel}","templated":true}]}}