{"id":9591,"date":"2019-05-03T11:26:38","date_gmt":"2019-05-03T09:26:38","guid":{"rendered":"https:\/\/www.pronal.com\/produit\/sincategorizar\/verins-gonflables-speciaux\/"},"modified":"2025-10-28T09:25:18","modified_gmt":"2025-10-28T08:25:18","slug":"cilindros-inflables-especiales","status":"publish","type":"product","link":"https:\/\/www.pronal.com\/es\/produit\/lifting-bags\/guiding\/cilindros-inflables-especiales\/","title":{"rendered":"Cilindros inflables especiales"},"content":{"rendered":"<p style=\"text-align: left;\">Los cilindros inflables especiales Pronal son una alternativa a los cilindros con varilla o actuadores neum\u00e1ticos. Por la presi\u00f3n de inflado, los cilindros flexibles se deforman para asegurar la funci\u00f3n de <strong><span style=\"color: #00a7e1;\">empujar, presionar, guiar, pinzar, bloquear, amortiguar, levantar, manipular o aislar<\/span><\/strong>.<\/p>\n<p style=\"text-align: left;\">Ofrecemos una gran variedad de actuadores neum\u00e1ticos con <strong><span style=\"color: #00a7e1;\">formas y tama\u00f1os personalizados<\/span><\/strong> para m\u00faltiples aplicaciones: embalaje, siderurgia, energ\u00eda, construcci\u00f3n, qu\u00edmica, filtraci\u00f3n o mec\u00e1nica en general.<\/p>\n<p style=\"text-align: left;\">Est\u00e1n fabricados con material pol\u00edmero seg\u00fan sus necesidades indicadas en el pliego de condiciones. Adaptamos las caracter\u00edsticas del cilindro flexible a sus requisitos: <strong><span style=\"color: #00a7e1;\">dimensiones, fuerza de empuje, presi\u00f3n, recorrido de desplazamiento y entorno de trabajo<\/span><\/strong>.<\/p>\n","protected":false},"excerpt":{"rendered":"<p>Presi\u00f3n m\u00e1x.: + de 10 bares<\/p>\n","protected":false},"featured_media":6414,"template":"","meta":{"_acf_changed":false,"inline_featured_image":false},"product_brand":[],"product_cat":[330,348],"product_tag":[],"class_list":{"0":"post-9591","1":"product","2":"type-product","3":"status-publish","4":"has-post-thumbnail","6":"product_cat-cilindros-inflables","7":"product_cat-levantar","9":"first","10":"instock","11":"shipping-taxable","12":"product-type-simple"},"acf":[],"yoast_head":"<!-- This site is optimized with the Yoast SEO plugin v25.8 - https:\/\/yoast.com\/wordpress\/plugins\/seo\/ -->\n<title>Cilindros inflables\/flexibles neum\u00e1ticos especiales | Pronal<\/title>\n<meta name=\"description\" content=\"Los cilindros inflables\/flexibles especiales de goma se utilizan como actuadores neum\u00e1ticos personalizados y son compatibles con una gran variedad de m\u00e1quinas.\" \/>\n<meta name=\"robots\" content=\"index, follow, max-snippet:-1, max-image-preview:large, max-video-preview:-1\" \/>\n<link rel=\"canonical\" href=\"https:\/\/www.pronal.com\/es\/produit\/lifting-bags\/guiding\/cilindros-inflables-especiales\/\" \/>\n<meta property=\"og:locale\" content=\"es_ES\" \/>\n<meta property=\"og:type\" content=\"article\" \/>\n<meta property=\"og:title\" content=\"Cilindros inflables\/flexibles neum\u00e1ticos especiales | Pronal\" \/>\n<meta property=\"og:description\" content=\"Los cilindros inflables\/flexibles especiales de goma se utilizan como actuadores neum\u00e1ticos personalizados y son compatibles con una gran variedad de m\u00e1quinas.\" \/>\n<meta property=\"og:url\" content=\"https:\/\/www.pronal.com\/es\/produit\/lifting-bags\/guiding\/cilindros-inflables-especiales\/\" \/>\n<meta property=\"og:site_name\" content=\"Pronal - Conception et fabrication de structure flexible\" \/>\n<meta property=\"article:modified_time\" content=\"2025-10-28T08:25:18+00:00\" \/>\n<meta property=\"og:image\" content=\"https:\/\/www.pronal.com\/wp-content\/uploads\/2019\/05\/v\u00e9rins-sp\u00e9ciaux.jpg\" \/>\n\t<meta property=\"og:image:width\" content=\"656\" \/>\n\t<meta property=\"og:image:height\" content=\"521\" \/>\n\t<meta property=\"og:image:type\" content=\"image\/jpeg\" \/>\n<meta name=\"twitter:card\" content=\"summary_large_image\" \/>\n<meta name=\"twitter:label1\" content=\"Tiempo de lectura\" \/>\n\t<meta name=\"twitter:data1\" content=\"1 minuto\" \/>\n<script type=\"application\/ld+json\" class=\"yoast-schema-graph\">{\"@context\":\"https:\/\/schema.org\",\"@graph\":[{\"@type\":\"WebPage\",\"@id\":\"https:\/\/www.pronal.com\/es\/produit\/lifting-bags\/guiding\/cilindros-inflables-especiales\/\",\"url\":\"https:\/\/www.pronal.com\/es\/produit\/lifting-bags\/guiding\/cilindros-inflables-especiales\/\",\"name\":\"Cilindros inflables\/flexibles neum\u00e1ticos especiales | Pronal\",\"isPartOf\":{\"@id\":\"https:\/\/www.pronal.com\/es\/#website\"},\"primaryImageOfPage\":{\"@id\":\"https:\/\/www.pronal.com\/es\/produit\/lifting-bags\/guiding\/cilindros-inflables-especiales\/#primaryimage\"},\"image\":{\"@id\":\"https:\/\/www.pronal.com\/es\/produit\/lifting-bags\/guiding\/cilindros-inflables-especiales\/#primaryimage\"},\"thumbnailUrl\":\"https:\/\/www.pronal.com\/wp-content\/uploads\/2019\/05\/v\u00e9rins-sp\u00e9ciaux.jpg\",\"datePublished\":\"2019-05-03T09:26:38+00:00\",\"dateModified\":\"2025-10-28T08:25:18+00:00\",\"description\":\"Los cilindros inflables\/flexibles especiales de goma se utilizan como actuadores neum\u00e1ticos personalizados y son compatibles con una gran variedad de m\u00e1quinas.\",\"breadcrumb\":{\"@id\":\"https:\/\/www.pronal.com\/es\/produit\/lifting-bags\/guiding\/cilindros-inflables-especiales\/#breadcrumb\"},\"inLanguage\":\"es\",\"potentialAction\":[{\"@type\":\"ReadAction\",\"target\":[\"https:\/\/www.pronal.com\/es\/produit\/lifting-bags\/guiding\/cilindros-inflables-especiales\/\"]}]},{\"@type\":\"ImageObject\",\"inLanguage\":\"es\",\"@id\":\"https:\/\/www.pronal.com\/es\/produit\/lifting-bags\/guiding\/cilindros-inflables-especiales\/#primaryimage\",\"url\":\"https:\/\/www.pronal.com\/wp-content\/uploads\/2019\/05\/v\u00e9rins-sp\u00e9ciaux.jpg\",\"contentUrl\":\"https:\/\/www.pronal.com\/wp-content\/uploads\/2019\/05\/v\u00e9rins-sp\u00e9ciaux.jpg\",\"width\":656,\"height\":521,\"caption\":\"V\u00e9rins sp\u00e9ciaux Pronal\"},{\"@type\":\"BreadcrumbList\",\"@id\":\"https:\/\/www.pronal.com\/es\/produit\/lifting-bags\/guiding\/cilindros-inflables-especiales\/#breadcrumb\",\"itemListElement\":[{\"@type\":\"ListItem\",\"position\":1,\"name\":\"Cat\u00e1logo de productos\",\"item\":\"https:\/\/www.pronal.com\/es\/catalogo-de-productos\/\"},{\"@type\":\"ListItem\",\"position\":2,\"name\":\"Cilindros inflables especiales\"}]},{\"@type\":\"WebSite\",\"@id\":\"https:\/\/www.pronal.com\/es\/#website\",\"url\":\"https:\/\/www.pronal.com\/es\/\",\"name\":\"Pronal - Conception et fabrication de structure flexible\",\"description\":\"Pronal - Conception et fabrication de structure flexible\",\"publisher\":{\"@id\":\"https:\/\/www.pronal.com\/es\/#organization\"},\"potentialAction\":[{\"@type\":\"SearchAction\",\"target\":{\"@type\":\"EntryPoint\",\"urlTemplate\":\"https:\/\/www.pronal.com\/es\/?s={search_term_string}\"},\"query-input\":{\"@type\":\"PropertyValueSpecification\",\"valueRequired\":true,\"valueName\":\"search_term_string\"}}],\"inLanguage\":\"es\"},{\"@type\":\"Organization\",\"@id\":\"https:\/\/www.pronal.com\/es\/#organization\",\"name\":\"Pronal\",\"url\":\"https:\/\/www.pronal.com\/es\/\",\"logo\":{\"@type\":\"ImageObject\",\"inLanguage\":\"es\",\"@id\":\"https:\/\/www.pronal.com\/es\/#\/schema\/logo\/image\/\",\"url\":\"https:\/\/www.pronal.com\/wp-content\/uploads\/2019\/06\/logo-pronal.png\",\"contentUrl\":\"https:\/\/www.pronal.com\/wp-content\/uploads\/2019\/06\/logo-pronal.png\",\"width\":504,\"height\":80,\"caption\":\"Pronal\"},\"image\":{\"@id\":\"https:\/\/www.pronal.com\/es\/#\/schema\/logo\/image\/\"}}]}<\/script>\n<!-- \/ Yoast SEO plugin. -->","yoast_head_json":{"title":"Cilindros inflables\/flexibles neum\u00e1ticos especiales | Pronal","description":"Los cilindros inflables\/flexibles especiales de goma se utilizan como actuadores neum\u00e1ticos personalizados y son compatibles con una gran variedad de m\u00e1quinas.","robots":{"index":"index","follow":"follow","max-snippet":"max-snippet:-1","max-image-preview":"max-image-preview:large","max-video-preview":"max-video-preview:-1"},"canonical":"https:\/\/www.pronal.com\/es\/produit\/lifting-bags\/guiding\/cilindros-inflables-especiales\/","og_locale":"es_ES","og_type":"article","og_title":"Cilindros inflables\/flexibles neum\u00e1ticos especiales | Pronal","og_description":"Los cilindros inflables\/flexibles especiales de goma se utilizan como actuadores neum\u00e1ticos personalizados y son compatibles con una gran variedad de m\u00e1quinas.","og_url":"https:\/\/www.pronal.com\/es\/produit\/lifting-bags\/guiding\/cilindros-inflables-especiales\/","og_site_name":"Pronal - Conception et fabrication de structure flexible","article_modified_time":"2025-10-28T08:25:18+00:00","og_image":[{"width":656,"height":521,"url":"https:\/\/www.pronal.com\/wp-content\/uploads\/2019\/05\/v\u00e9rins-sp\u00e9ciaux.jpg","type":"image\/jpeg"}],"twitter_card":"summary_large_image","twitter_misc":{"Tiempo de lectura":"1 minuto"},"schema":{"@context":"https:\/\/schema.org","@graph":[{"@type":"WebPage","@id":"https:\/\/www.pronal.com\/es\/produit\/lifting-bags\/guiding\/cilindros-inflables-especiales\/","url":"https:\/\/www.pronal.com\/es\/produit\/lifting-bags\/guiding\/cilindros-inflables-especiales\/","name":"Cilindros inflables\/flexibles neum\u00e1ticos especiales | Pronal","isPartOf":{"@id":"https:\/\/www.pronal.com\/es\/#website"},"primaryImageOfPage":{"@id":"https:\/\/www.pronal.com\/es\/produit\/lifting-bags\/guiding\/cilindros-inflables-especiales\/#primaryimage"},"image":{"@id":"https:\/\/www.pronal.com\/es\/produit\/lifting-bags\/guiding\/cilindros-inflables-especiales\/#primaryimage"},"thumbnailUrl":"https:\/\/www.pronal.com\/wp-content\/uploads\/2019\/05\/v\u00e9rins-sp\u00e9ciaux.jpg","datePublished":"2019-05-03T09:26:38+00:00","dateModified":"2025-10-28T08:25:18+00:00","description":"Los cilindros inflables\/flexibles especiales de goma se utilizan como actuadores neum\u00e1ticos personalizados y son compatibles con una gran variedad de m\u00e1quinas.","breadcrumb":{"@id":"https:\/\/www.pronal.com\/es\/produit\/lifting-bags\/guiding\/cilindros-inflables-especiales\/#breadcrumb"},"inLanguage":"es","potentialAction":[{"@type":"ReadAction","target":["https:\/\/www.pronal.com\/es\/produit\/lifting-bags\/guiding\/cilindros-inflables-especiales\/"]}]},{"@type":"ImageObject","inLanguage":"es","@id":"https:\/\/www.pronal.com\/es\/produit\/lifting-bags\/guiding\/cilindros-inflables-especiales\/#primaryimage","url":"https:\/\/www.pronal.com\/wp-content\/uploads\/2019\/05\/v\u00e9rins-sp\u00e9ciaux.jpg","contentUrl":"https:\/\/www.pronal.com\/wp-content\/uploads\/2019\/05\/v\u00e9rins-sp\u00e9ciaux.jpg","width":656,"height":521,"caption":"V\u00e9rins sp\u00e9ciaux Pronal"},{"@type":"BreadcrumbList","@id":"https:\/\/www.pronal.com\/es\/produit\/lifting-bags\/guiding\/cilindros-inflables-especiales\/#breadcrumb","itemListElement":[{"@type":"ListItem","position":1,"name":"Cat\u00e1logo de productos","item":"https:\/\/www.pronal.com\/es\/catalogo-de-productos\/"},{"@type":"ListItem","position":2,"name":"Cilindros inflables especiales"}]},{"@type":"WebSite","@id":"https:\/\/www.pronal.com\/es\/#website","url":"https:\/\/www.pronal.com\/es\/","name":"Pronal - Conception et fabrication de structure flexible","description":"Pronal - Conception et fabrication de structure flexible","publisher":{"@id":"https:\/\/www.pronal.com\/es\/#organization"},"potentialAction":[{"@type":"SearchAction","target":{"@type":"EntryPoint","urlTemplate":"https:\/\/www.pronal.com\/es\/?s={search_term_string}"},"query-input":{"@type":"PropertyValueSpecification","valueRequired":true,"valueName":"search_term_string"}}],"inLanguage":"es"},{"@type":"Organization","@id":"https:\/\/www.pronal.com\/es\/#organization","name":"Pronal","url":"https:\/\/www.pronal.com\/es\/","logo":{"@type":"ImageObject","inLanguage":"es","@id":"https:\/\/www.pronal.com\/es\/#\/schema\/logo\/image\/","url":"https:\/\/www.pronal.com\/wp-content\/uploads\/2019\/06\/logo-pronal.png","contentUrl":"https:\/\/www.pronal.com\/wp-content\/uploads\/2019\/06\/logo-pronal.png","width":504,"height":80,"caption":"Pronal"},"image":{"@id":"https:\/\/www.pronal.com\/es\/#\/schema\/logo\/image\/"}}]}},"_links":{"self":[{"href":"https:\/\/www.pronal.com\/es\/wp-json\/wp\/v2\/product\/9591","targetHints":{"allow":["GET"]}}],"collection":[{"href":"https:\/\/www.pronal.com\/es\/wp-json\/wp\/v2\/product"}],"about":[{"href":"https:\/\/www.pronal.com\/es\/wp-json\/wp\/v2\/types\/product"}],"wp:featuredmedia":[{"embeddable":true,"href":"https:\/\/www.pronal.com\/es\/wp-json\/wp\/v2\/media\/6414"}],"wp:attachment":[{"href":"https:\/\/www.pronal.com\/es\/wp-json\/wp\/v2\/media?parent=9591"}],"wp:term":[{"taxonomy":"product_brand","embeddable":true,"href":"https:\/\/www.pronal.com\/es\/wp-json\/wp\/v2\/product_brand?post=9591"},{"taxonomy":"product_cat","embeddable":true,"href":"https:\/\/www.pronal.com\/es\/wp-json\/wp\/v2\/product_cat?post=9591"},{"taxonomy":"product_tag","embeddable":true,"href":"https:\/\/www.pronal.com\/es\/wp-json\/wp\/v2\/product_tag?post=9591"}],"curies":[{"name":"wp","href":"https:\/\/api.w.org\/{rel}","templated":true}]}}