{"id":9593,"date":"2019-03-11T17:25:03","date_gmt":"2019-03-11T16:25:03","guid":{"rendered":"https:\/\/www.pronal.com\/produit\/sincategorizar\/verins-gonflables-circulaire-rectangulaire\/"},"modified":"2023-06-30T10:13:16","modified_gmt":"2023-06-30T08:13:16","slug":"cilindros-inflables-circulares-rectangulares","status":"publish","type":"product","link":"https:\/\/www.pronal.com\/es\/produit\/lifting-bags\/guiding\/cilindros-inflables-circulares-rectangulares\/","title":{"rendered":"Cilindros inflables circulares\/rectangulares"},"content":{"rendered":"<p style=\"text-align: left;\">Los cilindros inflables <strong><span style=\"color: #00a7e1;\">circulares\/rectangulares<\/span><\/strong> se integran f\u00e1cilmente en las instalaciones gracias a su <strong><span style=\"color: #00a7e1;\">escaso grosor<\/span><\/strong>. Su flexibilidad brinda m\u00faltiples posibilidades de adaptaci\u00f3n para empujar, presionar, guiar, pinzar, bloquear, amortiguar, levantar y manipular.<\/p>\n<p style=\"text-align: left;\">Utilizados como actuadores neum\u00e1ticos inflables, estos cilindros de escaso grosor se pueden integrar f\u00e1cilmente en <strong><span style=\"color: #00a7e1;\">prensas, moldes, transportadores, robots de manutenci\u00f3n o mesas elevadoras<\/span><\/strong>. Son ideales para recorridos cortos y fuerzas importantes con un empuje distribuido uniformemente. Casi no requieren mantenimiento.<\/p>\n<p style=\"text-align: left;\">Algunos modelos con m\u00faltiples fuelles o niveles presentan la particularidad de ofrecer un recorrido grande respecto a su reducido tama\u00f1o cuando est\u00e1n en reposo.<\/p>\n","protected":false},"excerpt":{"rendered":"<p>Presi\u00f3n m\u00e1x.: 7 bares (seg\u00fan condiciones de uso)<\/p>\n","protected":false},"featured_media":6378,"template":"","meta":{"_acf_changed":false,"inline_featured_image":false},"product_brand":[],"product_cat":[330,336],"product_tag":[],"class_list":{"0":"post-9593","1":"product","2":"type-product","3":"status-publish","4":"has-post-thumbnail","6":"product_cat-cilindros-inflables","7":"product_cat-guiar","9":"first","10":"instock","11":"shipping-taxable","12":"product-type-simple"},"acf":[],"yoast_head":"<!-- This site is optimized with the Yoast SEO plugin v25.8 - https:\/\/yoast.com\/wordpress\/plugins\/seo\/ -->\n<title>Cilindros inflables\/neum\u00e1ticos circulares\/rectangulares | Pronal<\/title>\n<meta name=\"description\" content=\"Los cilindros inflables circulares\/rectangulares se integran perfectamente en las instalaciones como actuadores neum\u00e1ticos para prensar, guiar...\" \/>\n<meta name=\"robots\" content=\"index, follow, max-snippet:-1, max-image-preview:large, max-video-preview:-1\" \/>\n<link rel=\"canonical\" href=\"https:\/\/www.pronal.com\/es\/produit\/lifting-bags\/guiding\/cilindros-inflables-circulares-rectangulares\/\" \/>\n<meta property=\"og:locale\" content=\"es_ES\" \/>\n<meta property=\"og:type\" content=\"article\" \/>\n<meta property=\"og:title\" content=\"Cilindros inflables\/neum\u00e1ticos circulares\/rectangulares | Pronal\" \/>\n<meta property=\"og:description\" content=\"Los cilindros inflables circulares\/rectangulares se integran perfectamente en las instalaciones como actuadores neum\u00e1ticos para prensar, guiar...\" \/>\n<meta property=\"og:url\" content=\"https:\/\/www.pronal.com\/es\/produit\/lifting-bags\/guiding\/cilindros-inflables-circulares-rectangulares\/\" \/>\n<meta property=\"og:site_name\" content=\"Pronal - Conception et fabrication de structure flexible\" \/>\n<meta property=\"article:modified_time\" content=\"2023-06-30T08:13:16+00:00\" \/>\n<meta property=\"og:image\" content=\"https:\/\/www.pronal.com\/wp-content\/uploads\/2019\/03\/v\u00e9rins-circulaires-et-rectangulaires.jpg\" \/>\n\t<meta property=\"og:image:width\" content=\"656\" \/>\n\t<meta property=\"og:image:height\" content=\"521\" \/>\n\t<meta property=\"og:image:type\" content=\"image\/jpeg\" \/>\n<meta name=\"twitter:card\" content=\"summary_large_image\" \/>\n<meta name=\"twitter:label1\" content=\"Tiempo de lectura\" \/>\n\t<meta name=\"twitter:data1\" content=\"1 minuto\" \/>\n<script type=\"application\/ld+json\" class=\"yoast-schema-graph\">{\"@context\":\"https:\/\/schema.org\",\"@graph\":[{\"@type\":\"WebPage\",\"@id\":\"https:\/\/www.pronal.com\/es\/produit\/lifting-bags\/guiding\/cilindros-inflables-circulares-rectangulares\/\",\"url\":\"https:\/\/www.pronal.com\/es\/produit\/lifting-bags\/guiding\/cilindros-inflables-circulares-rectangulares\/\",\"name\":\"Cilindros inflables\/neum\u00e1ticos circulares\/rectangulares | Pronal\",\"isPartOf\":{\"@id\":\"https:\/\/www.pronal.com\/es\/#website\"},\"primaryImageOfPage\":{\"@id\":\"https:\/\/www.pronal.com\/es\/produit\/lifting-bags\/guiding\/cilindros-inflables-circulares-rectangulares\/#primaryimage\"},\"image\":{\"@id\":\"https:\/\/www.pronal.com\/es\/produit\/lifting-bags\/guiding\/cilindros-inflables-circulares-rectangulares\/#primaryimage\"},\"thumbnailUrl\":\"https:\/\/www.pronal.com\/wp-content\/uploads\/2019\/03\/v\u00e9rins-circulaires-et-rectangulaires.jpg\",\"datePublished\":\"2019-03-11T16:25:03+00:00\",\"dateModified\":\"2023-06-30T08:13:16+00:00\",\"description\":\"Los cilindros inflables circulares\/rectangulares se integran perfectamente en las instalaciones como actuadores neum\u00e1ticos para prensar, guiar...\",\"breadcrumb\":{\"@id\":\"https:\/\/www.pronal.com\/es\/produit\/lifting-bags\/guiding\/cilindros-inflables-circulares-rectangulares\/#breadcrumb\"},\"inLanguage\":\"es\",\"potentialAction\":[{\"@type\":\"ReadAction\",\"target\":[\"https:\/\/www.pronal.com\/es\/produit\/lifting-bags\/guiding\/cilindros-inflables-circulares-rectangulares\/\"]}]},{\"@type\":\"ImageObject\",\"inLanguage\":\"es\",\"@id\":\"https:\/\/www.pronal.com\/es\/produit\/lifting-bags\/guiding\/cilindros-inflables-circulares-rectangulares\/#primaryimage\",\"url\":\"https:\/\/www.pronal.com\/wp-content\/uploads\/2019\/03\/v\u00e9rins-circulaires-et-rectangulaires.jpg\",\"contentUrl\":\"https:\/\/www.pronal.com\/wp-content\/uploads\/2019\/03\/v\u00e9rins-circulaires-et-rectangulaires.jpg\",\"width\":656,\"height\":521,\"caption\":\"V\u00e9rins circulaires et rectangulaires\"},{\"@type\":\"BreadcrumbList\",\"@id\":\"https:\/\/www.pronal.com\/es\/produit\/lifting-bags\/guiding\/cilindros-inflables-circulares-rectangulares\/#breadcrumb\",\"itemListElement\":[{\"@type\":\"ListItem\",\"position\":1,\"name\":\"Cat\u00e1logo de productos\",\"item\":\"https:\/\/www.pronal.com\/es\/catalogo-de-productos\/\"},{\"@type\":\"ListItem\",\"position\":2,\"name\":\"Cilindros inflables circulares\/rectangulares\"}]},{\"@type\":\"WebSite\",\"@id\":\"https:\/\/www.pronal.com\/es\/#website\",\"url\":\"https:\/\/www.pronal.com\/es\/\",\"name\":\"Pronal - Conception et fabrication de structure flexible\",\"description\":\"Pronal - Conception et fabrication de structure flexible\",\"publisher\":{\"@id\":\"https:\/\/www.pronal.com\/es\/#organization\"},\"potentialAction\":[{\"@type\":\"SearchAction\",\"target\":{\"@type\":\"EntryPoint\",\"urlTemplate\":\"https:\/\/www.pronal.com\/es\/?s={search_term_string}\"},\"query-input\":{\"@type\":\"PropertyValueSpecification\",\"valueRequired\":true,\"valueName\":\"search_term_string\"}}],\"inLanguage\":\"es\"},{\"@type\":\"Organization\",\"@id\":\"https:\/\/www.pronal.com\/es\/#organization\",\"name\":\"Pronal\",\"url\":\"https:\/\/www.pronal.com\/es\/\",\"logo\":{\"@type\":\"ImageObject\",\"inLanguage\":\"es\",\"@id\":\"https:\/\/www.pronal.com\/es\/#\/schema\/logo\/image\/\",\"url\":\"https:\/\/www.pronal.com\/wp-content\/uploads\/2019\/06\/logo-pronal.png\",\"contentUrl\":\"https:\/\/www.pronal.com\/wp-content\/uploads\/2019\/06\/logo-pronal.png\",\"width\":504,\"height\":80,\"caption\":\"Pronal\"},\"image\":{\"@id\":\"https:\/\/www.pronal.com\/es\/#\/schema\/logo\/image\/\"}}]}<\/script>\n<!-- \/ Yoast SEO plugin. -->","yoast_head_json":{"title":"Cilindros inflables\/neum\u00e1ticos circulares\/rectangulares | Pronal","description":"Los cilindros inflables circulares\/rectangulares se integran perfectamente en las instalaciones como actuadores neum\u00e1ticos para prensar, guiar...","robots":{"index":"index","follow":"follow","max-snippet":"max-snippet:-1","max-image-preview":"max-image-preview:large","max-video-preview":"max-video-preview:-1"},"canonical":"https:\/\/www.pronal.com\/es\/produit\/lifting-bags\/guiding\/cilindros-inflables-circulares-rectangulares\/","og_locale":"es_ES","og_type":"article","og_title":"Cilindros inflables\/neum\u00e1ticos circulares\/rectangulares | Pronal","og_description":"Los cilindros inflables circulares\/rectangulares se integran perfectamente en las instalaciones como actuadores neum\u00e1ticos para prensar, guiar...","og_url":"https:\/\/www.pronal.com\/es\/produit\/lifting-bags\/guiding\/cilindros-inflables-circulares-rectangulares\/","og_site_name":"Pronal - Conception et fabrication de structure flexible","article_modified_time":"2023-06-30T08:13:16+00:00","og_image":[{"width":656,"height":521,"url":"https:\/\/www.pronal.com\/wp-content\/uploads\/2019\/03\/v\u00e9rins-circulaires-et-rectangulaires.jpg","type":"image\/jpeg"}],"twitter_card":"summary_large_image","twitter_misc":{"Tiempo de lectura":"1 minuto"},"schema":{"@context":"https:\/\/schema.org","@graph":[{"@type":"WebPage","@id":"https:\/\/www.pronal.com\/es\/produit\/lifting-bags\/guiding\/cilindros-inflables-circulares-rectangulares\/","url":"https:\/\/www.pronal.com\/es\/produit\/lifting-bags\/guiding\/cilindros-inflables-circulares-rectangulares\/","name":"Cilindros inflables\/neum\u00e1ticos circulares\/rectangulares | Pronal","isPartOf":{"@id":"https:\/\/www.pronal.com\/es\/#website"},"primaryImageOfPage":{"@id":"https:\/\/www.pronal.com\/es\/produit\/lifting-bags\/guiding\/cilindros-inflables-circulares-rectangulares\/#primaryimage"},"image":{"@id":"https:\/\/www.pronal.com\/es\/produit\/lifting-bags\/guiding\/cilindros-inflables-circulares-rectangulares\/#primaryimage"},"thumbnailUrl":"https:\/\/www.pronal.com\/wp-content\/uploads\/2019\/03\/v\u00e9rins-circulaires-et-rectangulaires.jpg","datePublished":"2019-03-11T16:25:03+00:00","dateModified":"2023-06-30T08:13:16+00:00","description":"Los cilindros inflables circulares\/rectangulares se integran perfectamente en las instalaciones como actuadores neum\u00e1ticos para prensar, guiar...","breadcrumb":{"@id":"https:\/\/www.pronal.com\/es\/produit\/lifting-bags\/guiding\/cilindros-inflables-circulares-rectangulares\/#breadcrumb"},"inLanguage":"es","potentialAction":[{"@type":"ReadAction","target":["https:\/\/www.pronal.com\/es\/produit\/lifting-bags\/guiding\/cilindros-inflables-circulares-rectangulares\/"]}]},{"@type":"ImageObject","inLanguage":"es","@id":"https:\/\/www.pronal.com\/es\/produit\/lifting-bags\/guiding\/cilindros-inflables-circulares-rectangulares\/#primaryimage","url":"https:\/\/www.pronal.com\/wp-content\/uploads\/2019\/03\/v\u00e9rins-circulaires-et-rectangulaires.jpg","contentUrl":"https:\/\/www.pronal.com\/wp-content\/uploads\/2019\/03\/v\u00e9rins-circulaires-et-rectangulaires.jpg","width":656,"height":521,"caption":"V\u00e9rins circulaires et rectangulaires"},{"@type":"BreadcrumbList","@id":"https:\/\/www.pronal.com\/es\/produit\/lifting-bags\/guiding\/cilindros-inflables-circulares-rectangulares\/#breadcrumb","itemListElement":[{"@type":"ListItem","position":1,"name":"Cat\u00e1logo de productos","item":"https:\/\/www.pronal.com\/es\/catalogo-de-productos\/"},{"@type":"ListItem","position":2,"name":"Cilindros inflables circulares\/rectangulares"}]},{"@type":"WebSite","@id":"https:\/\/www.pronal.com\/es\/#website","url":"https:\/\/www.pronal.com\/es\/","name":"Pronal - Conception et fabrication de structure flexible","description":"Pronal - Conception et fabrication de structure flexible","publisher":{"@id":"https:\/\/www.pronal.com\/es\/#organization"},"potentialAction":[{"@type":"SearchAction","target":{"@type":"EntryPoint","urlTemplate":"https:\/\/www.pronal.com\/es\/?s={search_term_string}"},"query-input":{"@type":"PropertyValueSpecification","valueRequired":true,"valueName":"search_term_string"}}],"inLanguage":"es"},{"@type":"Organization","@id":"https:\/\/www.pronal.com\/es\/#organization","name":"Pronal","url":"https:\/\/www.pronal.com\/es\/","logo":{"@type":"ImageObject","inLanguage":"es","@id":"https:\/\/www.pronal.com\/es\/#\/schema\/logo\/image\/","url":"https:\/\/www.pronal.com\/wp-content\/uploads\/2019\/06\/logo-pronal.png","contentUrl":"https:\/\/www.pronal.com\/wp-content\/uploads\/2019\/06\/logo-pronal.png","width":504,"height":80,"caption":"Pronal"},"image":{"@id":"https:\/\/www.pronal.com\/es\/#\/schema\/logo\/image\/"}}]}},"_links":{"self":[{"href":"https:\/\/www.pronal.com\/es\/wp-json\/wp\/v2\/product\/9593","targetHints":{"allow":["GET"]}}],"collection":[{"href":"https:\/\/www.pronal.com\/es\/wp-json\/wp\/v2\/product"}],"about":[{"href":"https:\/\/www.pronal.com\/es\/wp-json\/wp\/v2\/types\/product"}],"wp:featuredmedia":[{"embeddable":true,"href":"https:\/\/www.pronal.com\/es\/wp-json\/wp\/v2\/media\/6378"}],"wp:attachment":[{"href":"https:\/\/www.pronal.com\/es\/wp-json\/wp\/v2\/media?parent=9593"}],"wp:term":[{"taxonomy":"product_brand","embeddable":true,"href":"https:\/\/www.pronal.com\/es\/wp-json\/wp\/v2\/product_brand?post=9593"},{"taxonomy":"product_cat","embeddable":true,"href":"https:\/\/www.pronal.com\/es\/wp-json\/wp\/v2\/product_cat?post=9593"},{"taxonomy":"product_tag","embeddable":true,"href":"https:\/\/www.pronal.com\/es\/wp-json\/wp\/v2\/product_tag?post=9593"}],"curies":[{"name":"wp","href":"https:\/\/api.w.org\/{rel}","templated":true}]}}