{"id":9595,"date":"2019-03-11T17:20:54","date_gmt":"2019-03-11T16:20:54","guid":{"rendered":"https:\/\/www.pronal.com\/produit\/sincategorizar\/unites-de-relevage-rdf\/"},"modified":"2025-10-23T12:17:59","modified_gmt":"2025-10-23T10:17:59","slug":"equipo-de-elevacion-rdf","status":"publish","type":"product","link":"https:\/\/www.pronal.com\/es\/produit\/flotteurs\/equipo-de-elevacion-rdf\/","title":{"rendered":"Equipo de elevaci\u00f3n RDF"},"content":{"rendered":"<p style=\"text-align: left;\">El equipo de elevaci\u00f3n RDF est\u00e1 dise\u00f1ado para:<\/p>\n<ul>\n<li><strong><span style=\"color: #00a7e1;\">mantener cargas,<\/span><\/strong><\/li>\n<li><strong><span style=\"color: #00a7e1;\">transportar cargas en la superficie,<\/span><\/strong><\/li>\n<li>o <strong><span style=\"color: #00a7e1;\">desmantelar barcos<\/span><\/strong>.<\/li>\n<\/ul>\n<p style=\"text-align: left;\">Tambi\u00e9n se puede dise\u00f1ar y fabricar bajo pedido para adaptarse a los requisitos de los distintos mercados (off-shore, nuclear, etc.). Proporciona flotabilidad a un objeto o un barco y pueden <strong><span style=\"color: #00a7e1;\">subir o bajar f\u00e1cilmente las cargas del medio submarino<\/span><\/strong>.<\/p>\n<p>Adem\u00e1s del equipo de elevaci\u00f3n RDF, tambi\u00e9n hay <a href=\"https:\/\/www.pronal.com\/es\/producto\/flotadores\/paracaida-de-elevacion-submarino-psm\/\">flotadores PSM<\/a>.<\/p>\n","protected":false},"excerpt":{"rendered":"<p>Elevaci\u00f3n est\u00e1ndar de hasta 8 toneladas &#8211; A medida<\/p>\n","protected":false},"featured_media":32355,"template":"","meta":{"_acf_changed":false,"inline_featured_image":false},"product_brand":[],"product_cat":[278],"product_tag":[],"class_list":{"0":"post-9595","1":"product","2":"type-product","3":"status-publish","4":"has-post-thumbnail","6":"product_cat-flotadores","8":"first","9":"instock","10":"shipping-taxable","11":"product-type-simple"},"acf":[],"yoast_head":"<!-- This site is optimized with the Yoast SEO plugin v25.8 - https:\/\/yoast.com\/wordpress\/plugins\/seo\/ -->\n<title>Equipo\/globo de elevaci\u00f3n y reflotamiento RDF | Pronal<\/title>\n<meta name=\"description\" content=\"Equipo de elevaci\u00f3n RDF o flotadore inflable para la flotabilidad y el mantenimiento en superficie de cargas en las operaciones de reflotamiento.\" \/>\n<meta name=\"robots\" content=\"index, follow, max-snippet:-1, max-image-preview:large, max-video-preview:-1\" \/>\n<link rel=\"canonical\" href=\"https:\/\/www.pronal.com\/es\/produit\/flotteurs\/equipo-de-elevacion-rdf\/\" \/>\n<meta property=\"og:locale\" content=\"es_ES\" \/>\n<meta property=\"og:type\" content=\"article\" \/>\n<meta property=\"og:title\" content=\"Equipo\/globo de elevaci\u00f3n y reflotamiento RDF | Pronal\" \/>\n<meta property=\"og:description\" content=\"Equipo de elevaci\u00f3n RDF o flotadore inflable para la flotabilidad y el mantenimiento en superficie de cargas en las operaciones de reflotamiento.\" \/>\n<meta property=\"og:url\" content=\"https:\/\/www.pronal.com\/es\/produit\/flotteurs\/equipo-de-elevacion-rdf\/\" \/>\n<meta property=\"og:site_name\" content=\"Pronal - Conception et fabrication de structure flexible\" \/>\n<meta property=\"article:modified_time\" content=\"2025-10-23T10:17:59+00:00\" \/>\n<meta property=\"og:image\" content=\"https:\/\/www.pronal.com\/wp-content\/uploads\/2019\/03\/Capture-decran-2025-02-28-103559.png\" \/>\n\t<meta property=\"og:image:width\" content=\"933\" \/>\n\t<meta property=\"og:image:height\" content=\"701\" \/>\n\t<meta property=\"og:image:type\" content=\"image\/png\" \/>\n<meta name=\"twitter:card\" content=\"summary_large_image\" \/>\n<meta name=\"twitter:label1\" content=\"Tiempo de lectura\" \/>\n\t<meta name=\"twitter:data1\" content=\"1 minuto\" \/>\n<script type=\"application\/ld+json\" class=\"yoast-schema-graph\">{\"@context\":\"https:\/\/schema.org\",\"@graph\":[{\"@type\":\"WebPage\",\"@id\":\"https:\/\/www.pronal.com\/es\/produit\/flotteurs\/equipo-de-elevacion-rdf\/\",\"url\":\"https:\/\/www.pronal.com\/es\/produit\/flotteurs\/equipo-de-elevacion-rdf\/\",\"name\":\"Equipo\/globo de elevaci\u00f3n y reflotamiento RDF | Pronal\",\"isPartOf\":{\"@id\":\"https:\/\/www.pronal.com\/es\/#website\"},\"primaryImageOfPage\":{\"@id\":\"https:\/\/www.pronal.com\/es\/produit\/flotteurs\/equipo-de-elevacion-rdf\/#primaryimage\"},\"image\":{\"@id\":\"https:\/\/www.pronal.com\/es\/produit\/flotteurs\/equipo-de-elevacion-rdf\/#primaryimage\"},\"thumbnailUrl\":\"https:\/\/www.pronal.com\/wp-content\/uploads\/2019\/03\/Capture-decran-2025-02-28-103559.png\",\"datePublished\":\"2019-03-11T16:20:54+00:00\",\"dateModified\":\"2025-10-23T10:17:59+00:00\",\"description\":\"Equipo de elevaci\u00f3n RDF o flotadore inflable para la flotabilidad y el mantenimiento en superficie de cargas en las operaciones de reflotamiento.\",\"breadcrumb\":{\"@id\":\"https:\/\/www.pronal.com\/es\/produit\/flotteurs\/equipo-de-elevacion-rdf\/#breadcrumb\"},\"inLanguage\":\"es\",\"potentialAction\":[{\"@type\":\"ReadAction\",\"target\":[\"https:\/\/www.pronal.com\/es\/produit\/flotteurs\/equipo-de-elevacion-rdf\/\"]}]},{\"@type\":\"ImageObject\",\"inLanguage\":\"es\",\"@id\":\"https:\/\/www.pronal.com\/es\/produit\/flotteurs\/equipo-de-elevacion-rdf\/#primaryimage\",\"url\":\"https:\/\/www.pronal.com\/wp-content\/uploads\/2019\/03\/Capture-decran-2025-02-28-103559.png\",\"contentUrl\":\"https:\/\/www.pronal.com\/wp-content\/uploads\/2019\/03\/Capture-decran-2025-02-28-103559.png\",\"width\":933,\"height\":701,\"caption\":\"Unit\u00e9s de relevage RDF Pronal utilis\u00e9es pour le levage et la mise \u00e0 flot de structures lourdes. Flotteurs gonflables pour op\u00e9rations de manutention maritime et g\u00e9nie civil.\"},{\"@type\":\"BreadcrumbList\",\"@id\":\"https:\/\/www.pronal.com\/es\/produit\/flotteurs\/equipo-de-elevacion-rdf\/#breadcrumb\",\"itemListElement\":[{\"@type\":\"ListItem\",\"position\":1,\"name\":\"Cat\u00e1logo de productos\",\"item\":\"https:\/\/www.pronal.com\/es\/catalogo-de-productos\/\"},{\"@type\":\"ListItem\",\"position\":2,\"name\":\"Equipo de elevaci\u00f3n RDF\"}]},{\"@type\":\"WebSite\",\"@id\":\"https:\/\/www.pronal.com\/es\/#website\",\"url\":\"https:\/\/www.pronal.com\/es\/\",\"name\":\"Pronal - Conception et fabrication de structure flexible\",\"description\":\"Pronal - Conception et fabrication de structure flexible\",\"publisher\":{\"@id\":\"https:\/\/www.pronal.com\/es\/#organization\"},\"potentialAction\":[{\"@type\":\"SearchAction\",\"target\":{\"@type\":\"EntryPoint\",\"urlTemplate\":\"https:\/\/www.pronal.com\/es\/?s={search_term_string}\"},\"query-input\":{\"@type\":\"PropertyValueSpecification\",\"valueRequired\":true,\"valueName\":\"search_term_string\"}}],\"inLanguage\":\"es\"},{\"@type\":\"Organization\",\"@id\":\"https:\/\/www.pronal.com\/es\/#organization\",\"name\":\"Pronal\",\"url\":\"https:\/\/www.pronal.com\/es\/\",\"logo\":{\"@type\":\"ImageObject\",\"inLanguage\":\"es\",\"@id\":\"https:\/\/www.pronal.com\/es\/#\/schema\/logo\/image\/\",\"url\":\"https:\/\/www.pronal.com\/wp-content\/uploads\/2019\/06\/logo-pronal.png\",\"contentUrl\":\"https:\/\/www.pronal.com\/wp-content\/uploads\/2019\/06\/logo-pronal.png\",\"width\":504,\"height\":80,\"caption\":\"Pronal\"},\"image\":{\"@id\":\"https:\/\/www.pronal.com\/es\/#\/schema\/logo\/image\/\"}}]}<\/script>\n<!-- \/ Yoast SEO plugin. -->","yoast_head_json":{"title":"Equipo\/globo de elevaci\u00f3n y reflotamiento RDF | Pronal","description":"Equipo de elevaci\u00f3n RDF o flotadore inflable para la flotabilidad y el mantenimiento en superficie de cargas en las operaciones de reflotamiento.","robots":{"index":"index","follow":"follow","max-snippet":"max-snippet:-1","max-image-preview":"max-image-preview:large","max-video-preview":"max-video-preview:-1"},"canonical":"https:\/\/www.pronal.com\/es\/produit\/flotteurs\/equipo-de-elevacion-rdf\/","og_locale":"es_ES","og_type":"article","og_title":"Equipo\/globo de elevaci\u00f3n y reflotamiento RDF | Pronal","og_description":"Equipo de elevaci\u00f3n RDF o flotadore inflable para la flotabilidad y el mantenimiento en superficie de cargas en las operaciones de reflotamiento.","og_url":"https:\/\/www.pronal.com\/es\/produit\/flotteurs\/equipo-de-elevacion-rdf\/","og_site_name":"Pronal - Conception et fabrication de structure flexible","article_modified_time":"2025-10-23T10:17:59+00:00","og_image":[{"width":933,"height":701,"url":"https:\/\/www.pronal.com\/wp-content\/uploads\/2019\/03\/Capture-decran-2025-02-28-103559.png","type":"image\/png"}],"twitter_card":"summary_large_image","twitter_misc":{"Tiempo de lectura":"1 minuto"},"schema":{"@context":"https:\/\/schema.org","@graph":[{"@type":"WebPage","@id":"https:\/\/www.pronal.com\/es\/produit\/flotteurs\/equipo-de-elevacion-rdf\/","url":"https:\/\/www.pronal.com\/es\/produit\/flotteurs\/equipo-de-elevacion-rdf\/","name":"Equipo\/globo de elevaci\u00f3n y reflotamiento RDF | Pronal","isPartOf":{"@id":"https:\/\/www.pronal.com\/es\/#website"},"primaryImageOfPage":{"@id":"https:\/\/www.pronal.com\/es\/produit\/flotteurs\/equipo-de-elevacion-rdf\/#primaryimage"},"image":{"@id":"https:\/\/www.pronal.com\/es\/produit\/flotteurs\/equipo-de-elevacion-rdf\/#primaryimage"},"thumbnailUrl":"https:\/\/www.pronal.com\/wp-content\/uploads\/2019\/03\/Capture-decran-2025-02-28-103559.png","datePublished":"2019-03-11T16:20:54+00:00","dateModified":"2025-10-23T10:17:59+00:00","description":"Equipo de elevaci\u00f3n RDF o flotadore inflable para la flotabilidad y el mantenimiento en superficie de cargas en las operaciones de reflotamiento.","breadcrumb":{"@id":"https:\/\/www.pronal.com\/es\/produit\/flotteurs\/equipo-de-elevacion-rdf\/#breadcrumb"},"inLanguage":"es","potentialAction":[{"@type":"ReadAction","target":["https:\/\/www.pronal.com\/es\/produit\/flotteurs\/equipo-de-elevacion-rdf\/"]}]},{"@type":"ImageObject","inLanguage":"es","@id":"https:\/\/www.pronal.com\/es\/produit\/flotteurs\/equipo-de-elevacion-rdf\/#primaryimage","url":"https:\/\/www.pronal.com\/wp-content\/uploads\/2019\/03\/Capture-decran-2025-02-28-103559.png","contentUrl":"https:\/\/www.pronal.com\/wp-content\/uploads\/2019\/03\/Capture-decran-2025-02-28-103559.png","width":933,"height":701,"caption":"Unit\u00e9s de relevage RDF Pronal utilis\u00e9es pour le levage et la mise \u00e0 flot de structures lourdes. Flotteurs gonflables pour op\u00e9rations de manutention maritime et g\u00e9nie civil."},{"@type":"BreadcrumbList","@id":"https:\/\/www.pronal.com\/es\/produit\/flotteurs\/equipo-de-elevacion-rdf\/#breadcrumb","itemListElement":[{"@type":"ListItem","position":1,"name":"Cat\u00e1logo de productos","item":"https:\/\/www.pronal.com\/es\/catalogo-de-productos\/"},{"@type":"ListItem","position":2,"name":"Equipo de elevaci\u00f3n RDF"}]},{"@type":"WebSite","@id":"https:\/\/www.pronal.com\/es\/#website","url":"https:\/\/www.pronal.com\/es\/","name":"Pronal - Conception et fabrication de structure flexible","description":"Pronal - Conception et fabrication de structure flexible","publisher":{"@id":"https:\/\/www.pronal.com\/es\/#organization"},"potentialAction":[{"@type":"SearchAction","target":{"@type":"EntryPoint","urlTemplate":"https:\/\/www.pronal.com\/es\/?s={search_term_string}"},"query-input":{"@type":"PropertyValueSpecification","valueRequired":true,"valueName":"search_term_string"}}],"inLanguage":"es"},{"@type":"Organization","@id":"https:\/\/www.pronal.com\/es\/#organization","name":"Pronal","url":"https:\/\/www.pronal.com\/es\/","logo":{"@type":"ImageObject","inLanguage":"es","@id":"https:\/\/www.pronal.com\/es\/#\/schema\/logo\/image\/","url":"https:\/\/www.pronal.com\/wp-content\/uploads\/2019\/06\/logo-pronal.png","contentUrl":"https:\/\/www.pronal.com\/wp-content\/uploads\/2019\/06\/logo-pronal.png","width":504,"height":80,"caption":"Pronal"},"image":{"@id":"https:\/\/www.pronal.com\/es\/#\/schema\/logo\/image\/"}}]}},"_links":{"self":[{"href":"https:\/\/www.pronal.com\/es\/wp-json\/wp\/v2\/product\/9595","targetHints":{"allow":["GET"]}}],"collection":[{"href":"https:\/\/www.pronal.com\/es\/wp-json\/wp\/v2\/product"}],"about":[{"href":"https:\/\/www.pronal.com\/es\/wp-json\/wp\/v2\/types\/product"}],"wp:featuredmedia":[{"embeddable":true,"href":"https:\/\/www.pronal.com\/es\/wp-json\/wp\/v2\/media\/32355"}],"wp:attachment":[{"href":"https:\/\/www.pronal.com\/es\/wp-json\/wp\/v2\/media?parent=9595"}],"wp:term":[{"taxonomy":"product_brand","embeddable":true,"href":"https:\/\/www.pronal.com\/es\/wp-json\/wp\/v2\/product_brand?post=9595"},{"taxonomy":"product_cat","embeddable":true,"href":"https:\/\/www.pronal.com\/es\/wp-json\/wp\/v2\/product_cat?post=9595"},{"taxonomy":"product_tag","embeddable":true,"href":"https:\/\/www.pronal.com\/es\/wp-json\/wp\/v2\/product_tag?post=9595"}],"curies":[{"name":"wp","href":"https:\/\/api.w.org\/{rel}","templated":true}]}}