{"id":9596,"date":"2019-03-11T17:11:30","date_gmt":"2019-03-11T16:11:30","guid":{"rendered":"https:\/\/www.pronal.com\/produit\/sincategorizar\/parachutes-sous-marin-psm\/"},"modified":"2025-10-23T12:14:06","modified_gmt":"2025-10-23T10:14:06","slug":"paracaida-de-elevacion-submarino-psm","status":"publish","type":"product","link":"https:\/\/www.pronal.com\/es\/produit\/flotteurs\/paracaida-de-elevacion-submarino-psm\/","title":{"rendered":"Paraca\u00edda de elevaci\u00f3n submarino PSM"},"content":{"rendered":"<p style=\"text-align: left;\">El paraca\u00edda de elevaci\u00f3n submarino PSM est\u00e1 dise\u00f1ado para proporcionar flotabilidad y levantar una carga en la superficie. Se puede utilizar a cualquier profundidad para:<\/p>\n<p>\u2022 <strong><span style=\"color: #00a7e1;\">la estabilizaci\u00f3n de cargas en medio submarino,<\/span><\/strong><br \/>\n\u2022 <strong><span style=\"color: #00a7e1;\">el reflotamiento de objetos,<\/span><\/strong><br \/>\n\u2022 <strong><span style=\"color: #00a7e1;\">el rescate mar\u00edtimo,<\/span><\/strong><br \/>\n\u2022 <strong><span style=\"color: #00a7e1;\">el mantenimiento de cargas durante las instalaciones o tareas de mantenimiento en alta mar,<\/span><\/strong><br \/>\n\u2022 para <strong><span style=\"color: #00a7e1;\">garantizar la flotabilidad en una piscina de central nuclear.<\/span><\/strong><\/p>\n<p style=\"text-align: left;\">Su robustez garantiza la <strong><span style=\"color: #00a7e1;\">seguridad<\/span><\/strong> y la <strong><span style=\"color: #00a7e1;\">eficacia<\/span><\/strong> de las operaci\u00f3nes. Esta bolsa de elevaci\u00f3n inflable mar\u00edtima se puede acoplar para <strong><span style=\"color: #00a7e1;\">aumentar la capacidad de elevaci\u00f3n<\/span><\/strong>. Adem\u00e1s del paraca\u00edda de elevaci\u00f3n submarino PSM, tambi\u00e9n hay <a href=\"https:\/\/www.pronal.com\/es\/producto\/flotadores\/equipos-de-elevacion-rdf\/\">flotadores RDF<\/a>.<\/p>\n","protected":false},"excerpt":{"rendered":"<p>Elevaci\u00f3n est\u00e1ndar hasta 5 toneladas &#8211; A medida<\/p>\n","protected":false},"featured_media":32330,"template":"","meta":{"_acf_changed":false,"inline_featured_image":false},"product_brand":[],"product_cat":[278],"product_tag":[468,469,421,418,434,430],"class_list":{"0":"post-9596","1":"product","2":"type-product","3":"status-publish","4":"has-post-thumbnail","6":"product_cat-flotadores","7":"product_tag-gas-de-petroleo","8":"product_tag-levantar","9":"product_tag-lever","10":"product_tag-offshore","11":"product_tag-oilgas","12":"product_tag-to-lift","14":"first","15":"instock","16":"shipping-taxable","17":"product-type-simple"},"acf":[],"yoast_head":"<!-- This site is optimized with the Yoast SEO plugin v25.8 - https:\/\/yoast.com\/wordpress\/plugins\/seo\/ -->\n<title>PSM - Paraca\u00edda de elevaci\u00f3n submarino - Flotadore inflable | Pronal<\/title>\n<meta name=\"description\" content=\"El paraca\u00edda de elevaci\u00f3n submarino PSM aporta flotabilidad y est\u00e1 dise\u00f1ado para el reflotamiento de objetos y el salvamento mar\u00edtimo en cualquier profundidad.\" \/>\n<meta name=\"robots\" content=\"index, follow, max-snippet:-1, max-image-preview:large, max-video-preview:-1\" \/>\n<link rel=\"canonical\" href=\"https:\/\/www.pronal.com\/es\/produit\/flotteurs\/paracaida-de-elevacion-submarino-psm\/\" \/>\n<meta property=\"og:locale\" content=\"es_ES\" \/>\n<meta property=\"og:type\" content=\"article\" \/>\n<meta property=\"og:title\" content=\"PSM - Paraca\u00edda de elevaci\u00f3n submarino - Flotadore inflable | Pronal\" \/>\n<meta property=\"og:description\" content=\"El paraca\u00edda de elevaci\u00f3n submarino PSM aporta flotabilidad y est\u00e1 dise\u00f1ado para el reflotamiento de objetos y el salvamento mar\u00edtimo en cualquier profundidad.\" \/>\n<meta property=\"og:url\" content=\"https:\/\/www.pronal.com\/es\/produit\/flotteurs\/paracaida-de-elevacion-submarino-psm\/\" \/>\n<meta property=\"og:site_name\" content=\"Pronal - Conception et fabrication de structure flexible\" \/>\n<meta property=\"article:modified_time\" content=\"2025-10-23T10:14:06+00:00\" \/>\n<meta property=\"og:image\" content=\"https:\/\/www.pronal.com\/wp-content\/uploads\/2019\/03\/ALB-1-768x576-1.jpg\" \/>\n\t<meta property=\"og:image:width\" content=\"768\" \/>\n\t<meta property=\"og:image:height\" content=\"576\" \/>\n\t<meta property=\"og:image:type\" content=\"image\/jpeg\" \/>\n<meta name=\"twitter:card\" content=\"summary_large_image\" \/>\n<meta name=\"twitter:label1\" content=\"Tiempo de lectura\" \/>\n\t<meta name=\"twitter:data1\" content=\"1 minuto\" \/>\n<script type=\"application\/ld+json\" class=\"yoast-schema-graph\">{\"@context\":\"https:\/\/schema.org\",\"@graph\":[{\"@type\":\"WebPage\",\"@id\":\"https:\/\/www.pronal.com\/es\/produit\/flotteurs\/paracaida-de-elevacion-submarino-psm\/\",\"url\":\"https:\/\/www.pronal.com\/es\/produit\/flotteurs\/paracaida-de-elevacion-submarino-psm\/\",\"name\":\"PSM - Paraca\u00edda de elevaci\u00f3n submarino - Flotadore inflable | Pronal\",\"isPartOf\":{\"@id\":\"https:\/\/www.pronal.com\/es\/#website\"},\"primaryImageOfPage\":{\"@id\":\"https:\/\/www.pronal.com\/es\/produit\/flotteurs\/paracaida-de-elevacion-submarino-psm\/#primaryimage\"},\"image\":{\"@id\":\"https:\/\/www.pronal.com\/es\/produit\/flotteurs\/paracaida-de-elevacion-submarino-psm\/#primaryimage\"},\"thumbnailUrl\":\"https:\/\/www.pronal.com\/wp-content\/uploads\/2019\/03\/ALB-1-768x576-1.jpg\",\"datePublished\":\"2019-03-11T16:11:30+00:00\",\"dateModified\":\"2025-10-23T10:14:06+00:00\",\"description\":\"El paraca\u00edda de elevaci\u00f3n submarino PSM aporta flotabilidad y est\u00e1 dise\u00f1ado para el reflotamiento de objetos y el salvamento mar\u00edtimo en cualquier profundidad.\",\"breadcrumb\":{\"@id\":\"https:\/\/www.pronal.com\/es\/produit\/flotteurs\/paracaida-de-elevacion-submarino-psm\/#breadcrumb\"},\"inLanguage\":\"es\",\"potentialAction\":[{\"@type\":\"ReadAction\",\"target\":[\"https:\/\/www.pronal.com\/es\/produit\/flotteurs\/paracaida-de-elevacion-submarino-psm\/\"]}]},{\"@type\":\"ImageObject\",\"inLanguage\":\"es\",\"@id\":\"https:\/\/www.pronal.com\/es\/produit\/flotteurs\/paracaida-de-elevacion-submarino-psm\/#primaryimage\",\"url\":\"https:\/\/www.pronal.com\/wp-content\/uploads\/2019\/03\/ALB-1-768x576-1.jpg\",\"contentUrl\":\"https:\/\/www.pronal.com\/wp-content\/uploads\/2019\/03\/ALB-1-768x576-1.jpg\",\"width\":768,\"height\":576,\"caption\":\"Parachute sous-marin PSM Pronal utilis\u00e9 pour le levage et la manutention sous-marine, attach\u00e9 \u00e0 un navire en pleine mer. Flotteur gonflable de levage pour op\u00e9rations offshore et r\u00e9cup\u00e9ration d'\u00e9paves.\"},{\"@type\":\"BreadcrumbList\",\"@id\":\"https:\/\/www.pronal.com\/es\/produit\/flotteurs\/paracaida-de-elevacion-submarino-psm\/#breadcrumb\",\"itemListElement\":[{\"@type\":\"ListItem\",\"position\":1,\"name\":\"Cat\u00e1logo de productos\",\"item\":\"https:\/\/www.pronal.com\/es\/catalogo-de-productos\/\"},{\"@type\":\"ListItem\",\"position\":2,\"name\":\"Paraca\u00edda de elevaci\u00f3n submarino PSM\"}]},{\"@type\":\"WebSite\",\"@id\":\"https:\/\/www.pronal.com\/es\/#website\",\"url\":\"https:\/\/www.pronal.com\/es\/\",\"name\":\"Pronal - Conception et fabrication de structure flexible\",\"description\":\"Pronal - Conception et fabrication de structure flexible\",\"publisher\":{\"@id\":\"https:\/\/www.pronal.com\/es\/#organization\"},\"potentialAction\":[{\"@type\":\"SearchAction\",\"target\":{\"@type\":\"EntryPoint\",\"urlTemplate\":\"https:\/\/www.pronal.com\/es\/?s={search_term_string}\"},\"query-input\":{\"@type\":\"PropertyValueSpecification\",\"valueRequired\":true,\"valueName\":\"search_term_string\"}}],\"inLanguage\":\"es\"},{\"@type\":\"Organization\",\"@id\":\"https:\/\/www.pronal.com\/es\/#organization\",\"name\":\"Pronal\",\"url\":\"https:\/\/www.pronal.com\/es\/\",\"logo\":{\"@type\":\"ImageObject\",\"inLanguage\":\"es\",\"@id\":\"https:\/\/www.pronal.com\/es\/#\/schema\/logo\/image\/\",\"url\":\"https:\/\/www.pronal.com\/wp-content\/uploads\/2019\/06\/logo-pronal.png\",\"contentUrl\":\"https:\/\/www.pronal.com\/wp-content\/uploads\/2019\/06\/logo-pronal.png\",\"width\":504,\"height\":80,\"caption\":\"Pronal\"},\"image\":{\"@id\":\"https:\/\/www.pronal.com\/es\/#\/schema\/logo\/image\/\"}}]}<\/script>\n<!-- \/ Yoast SEO plugin. -->","yoast_head_json":{"title":"PSM - Paraca\u00edda de elevaci\u00f3n submarino - Flotadore inflable | Pronal","description":"El paraca\u00edda de elevaci\u00f3n submarino PSM aporta flotabilidad y est\u00e1 dise\u00f1ado para el reflotamiento de objetos y el salvamento mar\u00edtimo en cualquier profundidad.","robots":{"index":"index","follow":"follow","max-snippet":"max-snippet:-1","max-image-preview":"max-image-preview:large","max-video-preview":"max-video-preview:-1"},"canonical":"https:\/\/www.pronal.com\/es\/produit\/flotteurs\/paracaida-de-elevacion-submarino-psm\/","og_locale":"es_ES","og_type":"article","og_title":"PSM - Paraca\u00edda de elevaci\u00f3n submarino - Flotadore inflable | Pronal","og_description":"El paraca\u00edda de elevaci\u00f3n submarino PSM aporta flotabilidad y est\u00e1 dise\u00f1ado para el reflotamiento de objetos y el salvamento mar\u00edtimo en cualquier profundidad.","og_url":"https:\/\/www.pronal.com\/es\/produit\/flotteurs\/paracaida-de-elevacion-submarino-psm\/","og_site_name":"Pronal - Conception et fabrication de structure flexible","article_modified_time":"2025-10-23T10:14:06+00:00","og_image":[{"width":768,"height":576,"url":"https:\/\/www.pronal.com\/wp-content\/uploads\/2019\/03\/ALB-1-768x576-1.jpg","type":"image\/jpeg"}],"twitter_card":"summary_large_image","twitter_misc":{"Tiempo de lectura":"1 minuto"},"schema":{"@context":"https:\/\/schema.org","@graph":[{"@type":"WebPage","@id":"https:\/\/www.pronal.com\/es\/produit\/flotteurs\/paracaida-de-elevacion-submarino-psm\/","url":"https:\/\/www.pronal.com\/es\/produit\/flotteurs\/paracaida-de-elevacion-submarino-psm\/","name":"PSM - Paraca\u00edda de elevaci\u00f3n submarino - Flotadore inflable | Pronal","isPartOf":{"@id":"https:\/\/www.pronal.com\/es\/#website"},"primaryImageOfPage":{"@id":"https:\/\/www.pronal.com\/es\/produit\/flotteurs\/paracaida-de-elevacion-submarino-psm\/#primaryimage"},"image":{"@id":"https:\/\/www.pronal.com\/es\/produit\/flotteurs\/paracaida-de-elevacion-submarino-psm\/#primaryimage"},"thumbnailUrl":"https:\/\/www.pronal.com\/wp-content\/uploads\/2019\/03\/ALB-1-768x576-1.jpg","datePublished":"2019-03-11T16:11:30+00:00","dateModified":"2025-10-23T10:14:06+00:00","description":"El paraca\u00edda de elevaci\u00f3n submarino PSM aporta flotabilidad y est\u00e1 dise\u00f1ado para el reflotamiento de objetos y el salvamento mar\u00edtimo en cualquier profundidad.","breadcrumb":{"@id":"https:\/\/www.pronal.com\/es\/produit\/flotteurs\/paracaida-de-elevacion-submarino-psm\/#breadcrumb"},"inLanguage":"es","potentialAction":[{"@type":"ReadAction","target":["https:\/\/www.pronal.com\/es\/produit\/flotteurs\/paracaida-de-elevacion-submarino-psm\/"]}]},{"@type":"ImageObject","inLanguage":"es","@id":"https:\/\/www.pronal.com\/es\/produit\/flotteurs\/paracaida-de-elevacion-submarino-psm\/#primaryimage","url":"https:\/\/www.pronal.com\/wp-content\/uploads\/2019\/03\/ALB-1-768x576-1.jpg","contentUrl":"https:\/\/www.pronal.com\/wp-content\/uploads\/2019\/03\/ALB-1-768x576-1.jpg","width":768,"height":576,"caption":"Parachute sous-marin PSM Pronal utilis\u00e9 pour le levage et la manutention sous-marine, attach\u00e9 \u00e0 un navire en pleine mer. Flotteur gonflable de levage pour op\u00e9rations offshore et r\u00e9cup\u00e9ration d'\u00e9paves."},{"@type":"BreadcrumbList","@id":"https:\/\/www.pronal.com\/es\/produit\/flotteurs\/paracaida-de-elevacion-submarino-psm\/#breadcrumb","itemListElement":[{"@type":"ListItem","position":1,"name":"Cat\u00e1logo de productos","item":"https:\/\/www.pronal.com\/es\/catalogo-de-productos\/"},{"@type":"ListItem","position":2,"name":"Paraca\u00edda de elevaci\u00f3n submarino PSM"}]},{"@type":"WebSite","@id":"https:\/\/www.pronal.com\/es\/#website","url":"https:\/\/www.pronal.com\/es\/","name":"Pronal - Conception et fabrication de structure flexible","description":"Pronal - Conception et fabrication de structure flexible","publisher":{"@id":"https:\/\/www.pronal.com\/es\/#organization"},"potentialAction":[{"@type":"SearchAction","target":{"@type":"EntryPoint","urlTemplate":"https:\/\/www.pronal.com\/es\/?s={search_term_string}"},"query-input":{"@type":"PropertyValueSpecification","valueRequired":true,"valueName":"search_term_string"}}],"inLanguage":"es"},{"@type":"Organization","@id":"https:\/\/www.pronal.com\/es\/#organization","name":"Pronal","url":"https:\/\/www.pronal.com\/es\/","logo":{"@type":"ImageObject","inLanguage":"es","@id":"https:\/\/www.pronal.com\/es\/#\/schema\/logo\/image\/","url":"https:\/\/www.pronal.com\/wp-content\/uploads\/2019\/06\/logo-pronal.png","contentUrl":"https:\/\/www.pronal.com\/wp-content\/uploads\/2019\/06\/logo-pronal.png","width":504,"height":80,"caption":"Pronal"},"image":{"@id":"https:\/\/www.pronal.com\/es\/#\/schema\/logo\/image\/"}}]}},"_links":{"self":[{"href":"https:\/\/www.pronal.com\/es\/wp-json\/wp\/v2\/product\/9596","targetHints":{"allow":["GET"]}}],"collection":[{"href":"https:\/\/www.pronal.com\/es\/wp-json\/wp\/v2\/product"}],"about":[{"href":"https:\/\/www.pronal.com\/es\/wp-json\/wp\/v2\/types\/product"}],"wp:featuredmedia":[{"embeddable":true,"href":"https:\/\/www.pronal.com\/es\/wp-json\/wp\/v2\/media\/32330"}],"wp:attachment":[{"href":"https:\/\/www.pronal.com\/es\/wp-json\/wp\/v2\/media?parent=9596"}],"wp:term":[{"taxonomy":"product_brand","embeddable":true,"href":"https:\/\/www.pronal.com\/es\/wp-json\/wp\/v2\/product_brand?post=9596"},{"taxonomy":"product_cat","embeddable":true,"href":"https:\/\/www.pronal.com\/es\/wp-json\/wp\/v2\/product_cat?post=9596"},{"taxonomy":"product_tag","embeddable":true,"href":"https:\/\/www.pronal.com\/es\/wp-json\/wp\/v2\/product_tag?post=9596"}],"curies":[{"name":"wp","href":"https:\/\/api.w.org\/{rel}","templated":true}]}}