{"id":9629,"date":"2019-10-18T12:50:58","date_gmt":"2019-10-18T10:50:58","guid":{"rendered":"https:\/\/www.pronal.com\/produit\/sincategorizar\/mpfm-modules-de-pompage-filtration-mesurage\/"},"modified":"2025-10-28T11:08:05","modified_gmt":"2025-10-28T10:08:05","slug":"modulos-de-bombeo-filtracion-y-medicion","status":"publish","type":"product","link":"https:\/\/www.pronal.com\/es\/produit\/flexible-storage-tanks\/hydrocarbons\/modulos-de-bombeo-filtracion-y-medicion\/","title":{"rendered":"M\u00f3dulos de bombeo, filtraci\u00f3n y medici\u00f3n"},"content":{"rendered":"<p style=\"text-align: left;\">Los <strong><span style=\"color: #00a7e1;\">m\u00f3dulos de bombeo, filtraci\u00f3n y medici\u00f3n<\/span><\/strong> son la clave para la log\u00edstica aguas abajo de <strong>gas\u00f3leo<\/strong>, <strong>queroseno<\/strong>, <strong>gasolina<\/strong> o <strong>avgas<\/strong>. En un yacimiento petrol\u00edfero secundario o avanzado, civil o militar, permiten agrupar los dispositivos necesarios para:<\/p>\n<ul>\n<li><strong><span style=\"color: #00a7e1;\">La descarga<\/span><\/strong><\/li>\n<li><strong><span style=\"color: #00a7e1;\"><strong><span style=\"color: #00a7e1;\">La carga (superior o inferior)<\/span><\/strong><\/span><\/strong><\/li>\n<li><strong><span style=\"color: #00a7e1;\"><strong><span style=\"color: #00a7e1;\"><strong><span style=\"color: #00a7e1;\">La microfiltraci\u00f3n de part\u00edculas (hasta 10 micras)<\/span><\/strong><\/span><\/strong><\/span><\/strong><\/li>\n<li><strong><span style=\"color: #00a7e1;\"><strong><span style=\"color: #00a7e1;\"><strong><span style=\"color: #00a7e1;\"><strong><span style=\"color: #00a7e1;\">La separaci\u00f3n del agua del producto<\/span><\/strong><\/span><\/strong><\/span><\/strong><\/span><\/strong><\/li>\n<li><strong><span style=\"color: #00a7e1;\"><strong><span style=\"color: #00a7e1;\"><strong><span style=\"color: #00a7e1;\"><strong><span style=\"color: #00a7e1;\"><strong><span style=\"color: #00a7e1;\">La desgasificaci\u00f3n del combustible antes de su medici\u00f3n<\/span><\/strong><\/span><\/strong><\/span><\/strong><\/span><\/strong><\/span><\/strong><\/li>\n<li><strong><span style=\"color: #00a7e1;\"><strong><span style=\"color: #00a7e1;\"><strong><span style=\"color: #00a7e1;\"><strong><span style=\"color: #00a7e1;\"><strong><span style=\"color: #00a7e1;\"><strong><span style=\"color: #00a7e1;\">La medici\u00f3n del combustible suministrado o recibido<\/span><\/strong><\/span><\/strong><\/span><\/strong><\/span><\/strong><\/span><\/strong><\/span><\/strong><\/li>\n<\/ul>\n<p style=\"text-align: left;\">Con un caudal efectivo de entre 200 y 1000 lpm, la microfiltraci\u00f3n permite almacenar el producto en su descarga sin necesidad de almacenarlo temporalmente en un tanque de almacenamiento. As\u00ed se facilita la gesti\u00f3n y se minimiza el tiempo de inactividad de los camiones. La transici\u00f3n del modo de descarga al modo de carga se centraliza en una v\u00e1lvula mec\u00e1nica de 5 v\u00edas. Para pasar de un modo al otro basta con cambiar la posici\u00f3n manualmente.<\/p>\n<p style=\"text-align: left;\">Estos m\u00f3dulos compactos se pueden instalar en un skid cubierto o cercado, en un contenedor o en un remolque, seg\u00fan la modularidad y movilidad requeridas. Instalados en <strong><span style=\"color: #00a7e1;\">un contenedor mar\u00edtimo ISO 20<\/span><\/strong>, su compacidad permite instalar al otro lado del contenedor <strong><span style=\"color: #00a7e1;\">una cabina de bombeo<\/span><\/strong> o <strong><span style=\"color: #00a7e1;\">un local t\u00e9cnico<\/span><\/strong>.<\/p>\n","protected":false},"excerpt":{"rendered":"<p>Para yacimientos petrol\u00edferos: descarga, carga, microfiltraciones&#8230;<\/p>\n","protected":false},"featured_media":8222,"template":"","meta":{"_acf_changed":false,"inline_featured_image":false},"product_brand":[],"product_cat":[222,247],"product_tag":[446,400,472,390,407,385],"class_list":{"0":"post-9629","1":"product","2":"type-product","3":"status-publish","4":"has-post-thumbnail","6":"product_cat-cisternas-flexibles-de-almacenamiento","7":"product_cat-almacenamiento-de-hidrocarburos","8":"product_tag-almacenar","9":"product_tag-carburant","10":"product_tag-combustibles","11":"product_tag-fuel","12":"product_tag-stocker","13":"product_tag-store","15":"first","16":"instock","17":"shipping-taxable","18":"product-type-simple"},"acf":[],"yoast_head":"<!-- This site is optimized with the Yoast SEO plugin v25.8 - https:\/\/yoast.com\/wordpress\/plugins\/seo\/ -->\n<title>M\u00f3dulos de bombeo, filtraci\u00f3n y medici\u00f3n en contenedor | Pronal<\/title>\n<meta name=\"description\" content=\"Descubra nuestros m\u00f3dulos de bombeo, filtraci\u00f3n y medici\u00f3n en contenedor para las operaciones de descarga, carga, microfiltraciones, etc. en yacimientos petrol\u00edferos.\" \/>\n<meta name=\"robots\" content=\"index, follow, max-snippet:-1, max-image-preview:large, max-video-preview:-1\" \/>\n<link rel=\"canonical\" href=\"https:\/\/www.pronal.com\/es\/produit\/flexible-storage-tanks\/hydrocarbons\/modulos-de-bombeo-filtracion-y-medicion\/\" \/>\n<meta property=\"og:locale\" content=\"es_ES\" \/>\n<meta property=\"og:type\" content=\"article\" \/>\n<meta property=\"og:title\" content=\"M\u00f3dulos de bombeo, filtraci\u00f3n y medici\u00f3n en contenedor | Pronal\" \/>\n<meta property=\"og:description\" content=\"Descubra nuestros m\u00f3dulos de bombeo, filtraci\u00f3n y medici\u00f3n en contenedor para las operaciones de descarga, carga, microfiltraciones, etc. en yacimientos petrol\u00edferos.\" \/>\n<meta property=\"og:url\" content=\"https:\/\/www.pronal.com\/es\/produit\/flexible-storage-tanks\/hydrocarbons\/modulos-de-bombeo-filtracion-y-medicion\/\" \/>\n<meta property=\"og:site_name\" content=\"Pronal - Conception et fabrication de structure flexible\" \/>\n<meta property=\"article:modified_time\" content=\"2025-10-28T10:08:05+00:00\" \/>\n<meta property=\"og:image\" content=\"https:\/\/www.pronal.com\/wp-content\/uploads\/2019\/10\/20190929_160258-1.jpg\" \/>\n\t<meta property=\"og:image:width\" content=\"804\" \/>\n\t<meta property=\"og:image:height\" content=\"639\" \/>\n\t<meta property=\"og:image:type\" content=\"image\/jpeg\" \/>\n<meta name=\"twitter:card\" content=\"summary_large_image\" \/>\n<meta name=\"twitter:label1\" content=\"Tiempo de lectura\" \/>\n\t<meta name=\"twitter:data1\" content=\"2 minutos\" \/>\n<script type=\"application\/ld+json\" class=\"yoast-schema-graph\">{\"@context\":\"https:\/\/schema.org\",\"@graph\":[{\"@type\":\"WebPage\",\"@id\":\"https:\/\/www.pronal.com\/es\/produit\/flexible-storage-tanks\/hydrocarbons\/modulos-de-bombeo-filtracion-y-medicion\/\",\"url\":\"https:\/\/www.pronal.com\/es\/produit\/flexible-storage-tanks\/hydrocarbons\/modulos-de-bombeo-filtracion-y-medicion\/\",\"name\":\"M\u00f3dulos de bombeo, filtraci\u00f3n y medici\u00f3n en contenedor | Pronal\",\"isPartOf\":{\"@id\":\"https:\/\/www.pronal.com\/es\/#website\"},\"primaryImageOfPage\":{\"@id\":\"https:\/\/www.pronal.com\/es\/produit\/flexible-storage-tanks\/hydrocarbons\/modulos-de-bombeo-filtracion-y-medicion\/#primaryimage\"},\"image\":{\"@id\":\"https:\/\/www.pronal.com\/es\/produit\/flexible-storage-tanks\/hydrocarbons\/modulos-de-bombeo-filtracion-y-medicion\/#primaryimage\"},\"thumbnailUrl\":\"https:\/\/www.pronal.com\/wp-content\/uploads\/2019\/10\/20190929_160258-1.jpg\",\"datePublished\":\"2019-10-18T10:50:58+00:00\",\"dateModified\":\"2025-10-28T10:08:05+00:00\",\"description\":\"Descubra nuestros m\u00f3dulos de bombeo, filtraci\u00f3n y medici\u00f3n en contenedor para las operaciones de descarga, carga, microfiltraciones, etc. en yacimientos petrol\u00edferos.\",\"breadcrumb\":{\"@id\":\"https:\/\/www.pronal.com\/es\/produit\/flexible-storage-tanks\/hydrocarbons\/modulos-de-bombeo-filtracion-y-medicion\/#breadcrumb\"},\"inLanguage\":\"es\",\"potentialAction\":[{\"@type\":\"ReadAction\",\"target\":[\"https:\/\/www.pronal.com\/es\/produit\/flexible-storage-tanks\/hydrocarbons\/modulos-de-bombeo-filtracion-y-medicion\/\"]}]},{\"@type\":\"ImageObject\",\"inLanguage\":\"es\",\"@id\":\"https:\/\/www.pronal.com\/es\/produit\/flexible-storage-tanks\/hydrocarbons\/modulos-de-bombeo-filtracion-y-medicion\/#primaryimage\",\"url\":\"https:\/\/www.pronal.com\/wp-content\/uploads\/2019\/10\/20190929_160258-1.jpg\",\"contentUrl\":\"https:\/\/www.pronal.com\/wp-content\/uploads\/2019\/10\/20190929_160258-1.jpg\",\"width\":804,\"height\":639,\"caption\":\"M\u00f3dulo de bombeo para dep\u00f3sito de petr\u00f3leo MPFM\"},{\"@type\":\"BreadcrumbList\",\"@id\":\"https:\/\/www.pronal.com\/es\/produit\/flexible-storage-tanks\/hydrocarbons\/modulos-de-bombeo-filtracion-y-medicion\/#breadcrumb\",\"itemListElement\":[{\"@type\":\"ListItem\",\"position\":1,\"name\":\"Cat\u00e1logo de productos\",\"item\":\"https:\/\/www.pronal.com\/es\/catalogo-de-productos\/\"},{\"@type\":\"ListItem\",\"position\":2,\"name\":\"M\u00f3dulos de bombeo, filtraci\u00f3n y medici\u00f3n\"}]},{\"@type\":\"WebSite\",\"@id\":\"https:\/\/www.pronal.com\/es\/#website\",\"url\":\"https:\/\/www.pronal.com\/es\/\",\"name\":\"Pronal - Conception et fabrication de structure flexible\",\"description\":\"Pronal - Conception et fabrication de structure flexible\",\"publisher\":{\"@id\":\"https:\/\/www.pronal.com\/es\/#organization\"},\"potentialAction\":[{\"@type\":\"SearchAction\",\"target\":{\"@type\":\"EntryPoint\",\"urlTemplate\":\"https:\/\/www.pronal.com\/es\/?s={search_term_string}\"},\"query-input\":{\"@type\":\"PropertyValueSpecification\",\"valueRequired\":true,\"valueName\":\"search_term_string\"}}],\"inLanguage\":\"es\"},{\"@type\":\"Organization\",\"@id\":\"https:\/\/www.pronal.com\/es\/#organization\",\"name\":\"Pronal\",\"url\":\"https:\/\/www.pronal.com\/es\/\",\"logo\":{\"@type\":\"ImageObject\",\"inLanguage\":\"es\",\"@id\":\"https:\/\/www.pronal.com\/es\/#\/schema\/logo\/image\/\",\"url\":\"https:\/\/www.pronal.com\/wp-content\/uploads\/2019\/06\/logo-pronal.png\",\"contentUrl\":\"https:\/\/www.pronal.com\/wp-content\/uploads\/2019\/06\/logo-pronal.png\",\"width\":504,\"height\":80,\"caption\":\"Pronal\"},\"image\":{\"@id\":\"https:\/\/www.pronal.com\/es\/#\/schema\/logo\/image\/\"}}]}<\/script>\n<!-- \/ Yoast SEO plugin. -->","yoast_head_json":{"title":"M\u00f3dulos de bombeo, filtraci\u00f3n y medici\u00f3n en contenedor | Pronal","description":"Descubra nuestros m\u00f3dulos de bombeo, filtraci\u00f3n y medici\u00f3n en contenedor para las operaciones de descarga, carga, microfiltraciones, etc. en yacimientos petrol\u00edferos.","robots":{"index":"index","follow":"follow","max-snippet":"max-snippet:-1","max-image-preview":"max-image-preview:large","max-video-preview":"max-video-preview:-1"},"canonical":"https:\/\/www.pronal.com\/es\/produit\/flexible-storage-tanks\/hydrocarbons\/modulos-de-bombeo-filtracion-y-medicion\/","og_locale":"es_ES","og_type":"article","og_title":"M\u00f3dulos de bombeo, filtraci\u00f3n y medici\u00f3n en contenedor | Pronal","og_description":"Descubra nuestros m\u00f3dulos de bombeo, filtraci\u00f3n y medici\u00f3n en contenedor para las operaciones de descarga, carga, microfiltraciones, etc. en yacimientos petrol\u00edferos.","og_url":"https:\/\/www.pronal.com\/es\/produit\/flexible-storage-tanks\/hydrocarbons\/modulos-de-bombeo-filtracion-y-medicion\/","og_site_name":"Pronal - Conception et fabrication de structure flexible","article_modified_time":"2025-10-28T10:08:05+00:00","og_image":[{"width":804,"height":639,"url":"https:\/\/www.pronal.com\/wp-content\/uploads\/2019\/10\/20190929_160258-1.jpg","type":"image\/jpeg"}],"twitter_card":"summary_large_image","twitter_misc":{"Tiempo de lectura":"2 minutos"},"schema":{"@context":"https:\/\/schema.org","@graph":[{"@type":"WebPage","@id":"https:\/\/www.pronal.com\/es\/produit\/flexible-storage-tanks\/hydrocarbons\/modulos-de-bombeo-filtracion-y-medicion\/","url":"https:\/\/www.pronal.com\/es\/produit\/flexible-storage-tanks\/hydrocarbons\/modulos-de-bombeo-filtracion-y-medicion\/","name":"M\u00f3dulos de bombeo, filtraci\u00f3n y medici\u00f3n en contenedor | Pronal","isPartOf":{"@id":"https:\/\/www.pronal.com\/es\/#website"},"primaryImageOfPage":{"@id":"https:\/\/www.pronal.com\/es\/produit\/flexible-storage-tanks\/hydrocarbons\/modulos-de-bombeo-filtracion-y-medicion\/#primaryimage"},"image":{"@id":"https:\/\/www.pronal.com\/es\/produit\/flexible-storage-tanks\/hydrocarbons\/modulos-de-bombeo-filtracion-y-medicion\/#primaryimage"},"thumbnailUrl":"https:\/\/www.pronal.com\/wp-content\/uploads\/2019\/10\/20190929_160258-1.jpg","datePublished":"2019-10-18T10:50:58+00:00","dateModified":"2025-10-28T10:08:05+00:00","description":"Descubra nuestros m\u00f3dulos de bombeo, filtraci\u00f3n y medici\u00f3n en contenedor para las operaciones de descarga, carga, microfiltraciones, etc. en yacimientos petrol\u00edferos.","breadcrumb":{"@id":"https:\/\/www.pronal.com\/es\/produit\/flexible-storage-tanks\/hydrocarbons\/modulos-de-bombeo-filtracion-y-medicion\/#breadcrumb"},"inLanguage":"es","potentialAction":[{"@type":"ReadAction","target":["https:\/\/www.pronal.com\/es\/produit\/flexible-storage-tanks\/hydrocarbons\/modulos-de-bombeo-filtracion-y-medicion\/"]}]},{"@type":"ImageObject","inLanguage":"es","@id":"https:\/\/www.pronal.com\/es\/produit\/flexible-storage-tanks\/hydrocarbons\/modulos-de-bombeo-filtracion-y-medicion\/#primaryimage","url":"https:\/\/www.pronal.com\/wp-content\/uploads\/2019\/10\/20190929_160258-1.jpg","contentUrl":"https:\/\/www.pronal.com\/wp-content\/uploads\/2019\/10\/20190929_160258-1.jpg","width":804,"height":639,"caption":"M\u00f3dulo de bombeo para dep\u00f3sito de petr\u00f3leo MPFM"},{"@type":"BreadcrumbList","@id":"https:\/\/www.pronal.com\/es\/produit\/flexible-storage-tanks\/hydrocarbons\/modulos-de-bombeo-filtracion-y-medicion\/#breadcrumb","itemListElement":[{"@type":"ListItem","position":1,"name":"Cat\u00e1logo de productos","item":"https:\/\/www.pronal.com\/es\/catalogo-de-productos\/"},{"@type":"ListItem","position":2,"name":"M\u00f3dulos de bombeo, filtraci\u00f3n y medici\u00f3n"}]},{"@type":"WebSite","@id":"https:\/\/www.pronal.com\/es\/#website","url":"https:\/\/www.pronal.com\/es\/","name":"Pronal - Conception et fabrication de structure flexible","description":"Pronal - Conception et fabrication de structure flexible","publisher":{"@id":"https:\/\/www.pronal.com\/es\/#organization"},"potentialAction":[{"@type":"SearchAction","target":{"@type":"EntryPoint","urlTemplate":"https:\/\/www.pronal.com\/es\/?s={search_term_string}"},"query-input":{"@type":"PropertyValueSpecification","valueRequired":true,"valueName":"search_term_string"}}],"inLanguage":"es"},{"@type":"Organization","@id":"https:\/\/www.pronal.com\/es\/#organization","name":"Pronal","url":"https:\/\/www.pronal.com\/es\/","logo":{"@type":"ImageObject","inLanguage":"es","@id":"https:\/\/www.pronal.com\/es\/#\/schema\/logo\/image\/","url":"https:\/\/www.pronal.com\/wp-content\/uploads\/2019\/06\/logo-pronal.png","contentUrl":"https:\/\/www.pronal.com\/wp-content\/uploads\/2019\/06\/logo-pronal.png","width":504,"height":80,"caption":"Pronal"},"image":{"@id":"https:\/\/www.pronal.com\/es\/#\/schema\/logo\/image\/"}}]}},"_links":{"self":[{"href":"https:\/\/www.pronal.com\/es\/wp-json\/wp\/v2\/product\/9629","targetHints":{"allow":["GET"]}}],"collection":[{"href":"https:\/\/www.pronal.com\/es\/wp-json\/wp\/v2\/product"}],"about":[{"href":"https:\/\/www.pronal.com\/es\/wp-json\/wp\/v2\/types\/product"}],"wp:featuredmedia":[{"embeddable":true,"href":"https:\/\/www.pronal.com\/es\/wp-json\/wp\/v2\/media\/8222"}],"wp:attachment":[{"href":"https:\/\/www.pronal.com\/es\/wp-json\/wp\/v2\/media?parent=9629"}],"wp:term":[{"taxonomy":"product_brand","embeddable":true,"href":"https:\/\/www.pronal.com\/es\/wp-json\/wp\/v2\/product_brand?post=9629"},{"taxonomy":"product_cat","embeddable":true,"href":"https:\/\/www.pronal.com\/es\/wp-json\/wp\/v2\/product_cat?post=9629"},{"taxonomy":"product_tag","embeddable":true,"href":"https:\/\/www.pronal.com\/es\/wp-json\/wp\/v2\/product_tag?post=9629"}],"curies":[{"name":"wp","href":"https:\/\/api.w.org\/{rel}","templated":true}]}}