{"id":9630,"date":"2019-10-17T17:08:22","date_gmt":"2019-10-17T15:08:22","guid":{"rendered":"https:\/\/www.pronal.com\/produit\/sincategorizar\/groupes-motopompes\/"},"modified":"2025-09-23T09:51:18","modified_gmt":"2025-09-23T07:51:18","slug":"grupos-motobomba","status":"publish","type":"product","link":"https:\/\/www.pronal.com\/es\/produit\/cisternas-flexibles-de-almacenamiento\/almacenamiento-de-agua-cruda\/grupos-motobomba\/","title":{"rendered":"Grupos motobomba"},"content":{"rendered":"<p style=\"text-align: left;\">Para la log\u00edstica de fluidos, Pronal fabrica <strong><span style=\"color: #00a7e1;\">grupos motobomba en chasis modulares<\/span><\/strong> para el bombeo:<\/p>\n<ul>\n<li><strong><span style=\"color: #00a7e1;\">de agua potable<\/span><\/strong><\/li>\n<li><strong><span style=\"color: #00a7e1;\">de aguas residuales<\/span><\/strong><\/li>\n<li>o de <strong><span style=\"color: #00a7e1;\">combustibles (gas\u00f3leo F54, gasolina F67, queroseno F34, F35, JP8, Jet A1, avgas 100LL F18 o monocombustible F63)<\/span><\/strong>.<\/li>\n<\/ul>\n<p style=\"text-align: left;\">En funci\u00f3n del uso previsto, estos sistemas de bombeo se pueden utilizar en chasis, remolque o contenedor. El motor t\u00e9rmico o el\u00e9ctrico de estas motobombas acciona una bomba volum\u00e9trica o centr\u00edfuga para garantizar el flujo y la presi\u00f3n requeridos.<\/p>\n<p style=\"text-align: left;\">El chasis de acero (o aleaci\u00f3n de aluminio) permite crear grupos ligeros de reabastecimiento, de suministro, de transferencia, de carga o de descarga. Se pueden ajustar en tama\u00f1o y flujo (200, 400, 600, 800 y 1000 Lpm).<\/p>\n<p style=\"text-align: left;\">Estos grupos motobomba se utilizan para realizar:<\/p>\n<ul>\n<li><strong><span style=\"color: #00a7e1;\">dep\u00f3sitos secundarios modulares<\/span><\/strong><\/li>\n<li><strong><span style=\"color: #00a7e1;\">descargas para estaciones de servicio de campo<\/span><\/strong><\/li>\n<li><strong><span style=\"color: #00a7e1;\">soluciones t\u00e1cticas de abastecimiento de tipo FARP<\/span><\/strong> (Forward Area Refueling Equipment) y <strong><span style=\"color: #00a7e1;\">ABFDS<\/span><\/strong> (Air Bulk Fuel Delivery System).<\/li>\n<\/ul>\n<p>Combinados con <strong><span style=\"color: #00a7e1;\">nuestras soluciones flexibles de almacenamiento<\/span><\/strong> y <strong><span style=\"color: #00a7e1;\">transporte de fluidos<\/span><\/strong>, estos grupos aseguran una alta movilidad de despliegue.<\/p>\n","protected":false},"excerpt":{"rendered":"<p>En chasis, contenedor o remolque<\/p>\n","protected":false},"featured_media":7970,"template":"","meta":{"_acf_changed":false,"inline_featured_image":false},"product_brand":[],"product_cat":[222,227],"product_tag":[472],"class_list":{"0":"post-9630","1":"product","2":"type-product","3":"status-publish","4":"has-post-thumbnail","6":"product_cat-cisternas-flexibles-de-almacenamiento","7":"product_cat-almacenamiento-de-agua-cruda","8":"product_tag-combustibles","10":"first","11":"instock","12":"shipping-taxable","13":"product-type-simple"},"acf":[],"yoast_head":"<!-- This site is optimized with the Yoast SEO plugin v25.8 - https:\/\/yoast.com\/wordpress\/plugins\/seo\/ -->\n<title>Grupos motobomba, reabastecimiento y transferencia de combustible | Pronal<\/title>\n<meta name=\"description\" content=\"Grupos motobomba de transferencia de combustible Pronal para las operaciones de reabastecimiento, descarga y suministro de campo.\" \/>\n<meta name=\"robots\" content=\"index, follow, max-snippet:-1, max-image-preview:large, max-video-preview:-1\" \/>\n<link rel=\"canonical\" href=\"https:\/\/www.pronal.com\/es\/produit\/cisternas-flexibles-de-almacenamiento\/almacenamiento-de-agua-cruda\/grupos-motobomba\/\" \/>\n<meta property=\"og:locale\" content=\"es_ES\" \/>\n<meta property=\"og:type\" content=\"article\" \/>\n<meta property=\"og:title\" content=\"Grupos motobomba, reabastecimiento y transferencia de combustible | Pronal\" \/>\n<meta property=\"og:description\" content=\"Grupos motobomba de transferencia de combustible Pronal para las operaciones de reabastecimiento, descarga y suministro de campo.\" \/>\n<meta property=\"og:url\" content=\"https:\/\/www.pronal.com\/es\/produit\/cisternas-flexibles-de-almacenamiento\/almacenamiento-de-agua-cruda\/grupos-motobomba\/\" \/>\n<meta property=\"og:site_name\" content=\"Pronal - Conception et fabrication de structure flexible\" \/>\n<meta property=\"article:modified_time\" content=\"2025-09-23T07:51:18+00:00\" \/>\n<meta property=\"og:image\" content=\"https:\/\/www.pronal.com\/wp-content\/uploads\/2019\/10\/motopompe4.jpg\" \/>\n\t<meta property=\"og:image:width\" content=\"656\" \/>\n\t<meta property=\"og:image:height\" content=\"521\" \/>\n\t<meta property=\"og:image:type\" content=\"image\/jpeg\" \/>\n<meta name=\"twitter:card\" content=\"summary_large_image\" \/>\n<meta name=\"twitter:label1\" content=\"Tiempo de lectura\" \/>\n\t<meta name=\"twitter:data1\" content=\"2 minutos\" \/>\n<script type=\"application\/ld+json\" class=\"yoast-schema-graph\">{\"@context\":\"https:\/\/schema.org\",\"@graph\":[{\"@type\":\"WebPage\",\"@id\":\"https:\/\/www.pronal.com\/es\/produit\/cisternas-flexibles-de-almacenamiento\/almacenamiento-de-agua-cruda\/grupos-motobomba\/\",\"url\":\"https:\/\/www.pronal.com\/es\/produit\/cisternas-flexibles-de-almacenamiento\/almacenamiento-de-agua-cruda\/grupos-motobomba\/\",\"name\":\"Grupos motobomba, reabastecimiento y transferencia de combustible | Pronal\",\"isPartOf\":{\"@id\":\"https:\/\/www.pronal.com\/es\/#website\"},\"primaryImageOfPage\":{\"@id\":\"https:\/\/www.pronal.com\/es\/produit\/cisternas-flexibles-de-almacenamiento\/almacenamiento-de-agua-cruda\/grupos-motobomba\/#primaryimage\"},\"image\":{\"@id\":\"https:\/\/www.pronal.com\/es\/produit\/cisternas-flexibles-de-almacenamiento\/almacenamiento-de-agua-cruda\/grupos-motobomba\/#primaryimage\"},\"thumbnailUrl\":\"https:\/\/www.pronal.com\/wp-content\/uploads\/2019\/10\/motopompe4.jpg\",\"datePublished\":\"2019-10-17T15:08:22+00:00\",\"dateModified\":\"2025-09-23T07:51:18+00:00\",\"description\":\"Grupos motobomba de transferencia de combustible Pronal para las operaciones de reabastecimiento, descarga y suministro de campo.\",\"breadcrumb\":{\"@id\":\"https:\/\/www.pronal.com\/es\/produit\/cisternas-flexibles-de-almacenamiento\/almacenamiento-de-agua-cruda\/grupos-motobomba\/#breadcrumb\"},\"inLanguage\":\"es\",\"potentialAction\":[{\"@type\":\"ReadAction\",\"target\":[\"https:\/\/www.pronal.com\/es\/produit\/cisternas-flexibles-de-almacenamiento\/almacenamiento-de-agua-cruda\/grupos-motobomba\/\"]}]},{\"@type\":\"ImageObject\",\"inLanguage\":\"es\",\"@id\":\"https:\/\/www.pronal.com\/es\/produit\/cisternas-flexibles-de-almacenamiento\/almacenamiento-de-agua-cruda\/grupos-motobomba\/#primaryimage\",\"url\":\"https:\/\/www.pronal.com\/wp-content\/uploads\/2019\/10\/motopompe4.jpg\",\"contentUrl\":\"https:\/\/www.pronal.com\/wp-content\/uploads\/2019\/10\/motopompe4.jpg\",\"width\":656,\"height\":521,\"caption\":\"Motobomba\"},{\"@type\":\"BreadcrumbList\",\"@id\":\"https:\/\/www.pronal.com\/es\/produit\/cisternas-flexibles-de-almacenamiento\/almacenamiento-de-agua-cruda\/grupos-motobomba\/#breadcrumb\",\"itemListElement\":[{\"@type\":\"ListItem\",\"position\":1,\"name\":\"Cat\u00e1logo de productos\",\"item\":\"https:\/\/www.pronal.com\/es\/catalogo-de-productos\/\"},{\"@type\":\"ListItem\",\"position\":2,\"name\":\"Grupos motobomba\"}]},{\"@type\":\"WebSite\",\"@id\":\"https:\/\/www.pronal.com\/es\/#website\",\"url\":\"https:\/\/www.pronal.com\/es\/\",\"name\":\"Pronal - Conception et fabrication de structure flexible\",\"description\":\"Pronal - Conception et fabrication de structure flexible\",\"publisher\":{\"@id\":\"https:\/\/www.pronal.com\/es\/#organization\"},\"potentialAction\":[{\"@type\":\"SearchAction\",\"target\":{\"@type\":\"EntryPoint\",\"urlTemplate\":\"https:\/\/www.pronal.com\/es\/?s={search_term_string}\"},\"query-input\":{\"@type\":\"PropertyValueSpecification\",\"valueRequired\":true,\"valueName\":\"search_term_string\"}}],\"inLanguage\":\"es\"},{\"@type\":\"Organization\",\"@id\":\"https:\/\/www.pronal.com\/es\/#organization\",\"name\":\"Pronal\",\"url\":\"https:\/\/www.pronal.com\/es\/\",\"logo\":{\"@type\":\"ImageObject\",\"inLanguage\":\"es\",\"@id\":\"https:\/\/www.pronal.com\/es\/#\/schema\/logo\/image\/\",\"url\":\"https:\/\/www.pronal.com\/wp-content\/uploads\/2019\/06\/logo-pronal.png\",\"contentUrl\":\"https:\/\/www.pronal.com\/wp-content\/uploads\/2019\/06\/logo-pronal.png\",\"width\":504,\"height\":80,\"caption\":\"Pronal\"},\"image\":{\"@id\":\"https:\/\/www.pronal.com\/es\/#\/schema\/logo\/image\/\"}}]}<\/script>\n<!-- \/ Yoast SEO plugin. -->","yoast_head_json":{"title":"Grupos motobomba, reabastecimiento y transferencia de combustible | Pronal","description":"Grupos motobomba de transferencia de combustible Pronal para las operaciones de reabastecimiento, descarga y suministro de campo.","robots":{"index":"index","follow":"follow","max-snippet":"max-snippet:-1","max-image-preview":"max-image-preview:large","max-video-preview":"max-video-preview:-1"},"canonical":"https:\/\/www.pronal.com\/es\/produit\/cisternas-flexibles-de-almacenamiento\/almacenamiento-de-agua-cruda\/grupos-motobomba\/","og_locale":"es_ES","og_type":"article","og_title":"Grupos motobomba, reabastecimiento y transferencia de combustible | Pronal","og_description":"Grupos motobomba de transferencia de combustible Pronal para las operaciones de reabastecimiento, descarga y suministro de campo.","og_url":"https:\/\/www.pronal.com\/es\/produit\/cisternas-flexibles-de-almacenamiento\/almacenamiento-de-agua-cruda\/grupos-motobomba\/","og_site_name":"Pronal - Conception et fabrication de structure flexible","article_modified_time":"2025-09-23T07:51:18+00:00","og_image":[{"width":656,"height":521,"url":"https:\/\/www.pronal.com\/wp-content\/uploads\/2019\/10\/motopompe4.jpg","type":"image\/jpeg"}],"twitter_card":"summary_large_image","twitter_misc":{"Tiempo de lectura":"2 minutos"},"schema":{"@context":"https:\/\/schema.org","@graph":[{"@type":"WebPage","@id":"https:\/\/www.pronal.com\/es\/produit\/cisternas-flexibles-de-almacenamiento\/almacenamiento-de-agua-cruda\/grupos-motobomba\/","url":"https:\/\/www.pronal.com\/es\/produit\/cisternas-flexibles-de-almacenamiento\/almacenamiento-de-agua-cruda\/grupos-motobomba\/","name":"Grupos motobomba, reabastecimiento y transferencia de combustible | Pronal","isPartOf":{"@id":"https:\/\/www.pronal.com\/es\/#website"},"primaryImageOfPage":{"@id":"https:\/\/www.pronal.com\/es\/produit\/cisternas-flexibles-de-almacenamiento\/almacenamiento-de-agua-cruda\/grupos-motobomba\/#primaryimage"},"image":{"@id":"https:\/\/www.pronal.com\/es\/produit\/cisternas-flexibles-de-almacenamiento\/almacenamiento-de-agua-cruda\/grupos-motobomba\/#primaryimage"},"thumbnailUrl":"https:\/\/www.pronal.com\/wp-content\/uploads\/2019\/10\/motopompe4.jpg","datePublished":"2019-10-17T15:08:22+00:00","dateModified":"2025-09-23T07:51:18+00:00","description":"Grupos motobomba de transferencia de combustible Pronal para las operaciones de reabastecimiento, descarga y suministro de campo.","breadcrumb":{"@id":"https:\/\/www.pronal.com\/es\/produit\/cisternas-flexibles-de-almacenamiento\/almacenamiento-de-agua-cruda\/grupos-motobomba\/#breadcrumb"},"inLanguage":"es","potentialAction":[{"@type":"ReadAction","target":["https:\/\/www.pronal.com\/es\/produit\/cisternas-flexibles-de-almacenamiento\/almacenamiento-de-agua-cruda\/grupos-motobomba\/"]}]},{"@type":"ImageObject","inLanguage":"es","@id":"https:\/\/www.pronal.com\/es\/produit\/cisternas-flexibles-de-almacenamiento\/almacenamiento-de-agua-cruda\/grupos-motobomba\/#primaryimage","url":"https:\/\/www.pronal.com\/wp-content\/uploads\/2019\/10\/motopompe4.jpg","contentUrl":"https:\/\/www.pronal.com\/wp-content\/uploads\/2019\/10\/motopompe4.jpg","width":656,"height":521,"caption":"Motobomba"},{"@type":"BreadcrumbList","@id":"https:\/\/www.pronal.com\/es\/produit\/cisternas-flexibles-de-almacenamiento\/almacenamiento-de-agua-cruda\/grupos-motobomba\/#breadcrumb","itemListElement":[{"@type":"ListItem","position":1,"name":"Cat\u00e1logo de productos","item":"https:\/\/www.pronal.com\/es\/catalogo-de-productos\/"},{"@type":"ListItem","position":2,"name":"Grupos motobomba"}]},{"@type":"WebSite","@id":"https:\/\/www.pronal.com\/es\/#website","url":"https:\/\/www.pronal.com\/es\/","name":"Pronal - Conception et fabrication de structure flexible","description":"Pronal - Conception et fabrication de structure flexible","publisher":{"@id":"https:\/\/www.pronal.com\/es\/#organization"},"potentialAction":[{"@type":"SearchAction","target":{"@type":"EntryPoint","urlTemplate":"https:\/\/www.pronal.com\/es\/?s={search_term_string}"},"query-input":{"@type":"PropertyValueSpecification","valueRequired":true,"valueName":"search_term_string"}}],"inLanguage":"es"},{"@type":"Organization","@id":"https:\/\/www.pronal.com\/es\/#organization","name":"Pronal","url":"https:\/\/www.pronal.com\/es\/","logo":{"@type":"ImageObject","inLanguage":"es","@id":"https:\/\/www.pronal.com\/es\/#\/schema\/logo\/image\/","url":"https:\/\/www.pronal.com\/wp-content\/uploads\/2019\/06\/logo-pronal.png","contentUrl":"https:\/\/www.pronal.com\/wp-content\/uploads\/2019\/06\/logo-pronal.png","width":504,"height":80,"caption":"Pronal"},"image":{"@id":"https:\/\/www.pronal.com\/es\/#\/schema\/logo\/image\/"}}]}},"_links":{"self":[{"href":"https:\/\/www.pronal.com\/es\/wp-json\/wp\/v2\/product\/9630","targetHints":{"allow":["GET"]}}],"collection":[{"href":"https:\/\/www.pronal.com\/es\/wp-json\/wp\/v2\/product"}],"about":[{"href":"https:\/\/www.pronal.com\/es\/wp-json\/wp\/v2\/types\/product"}],"wp:featuredmedia":[{"embeddable":true,"href":"https:\/\/www.pronal.com\/es\/wp-json\/wp\/v2\/media\/7970"}],"wp:attachment":[{"href":"https:\/\/www.pronal.com\/es\/wp-json\/wp\/v2\/media?parent=9630"}],"wp:term":[{"taxonomy":"product_brand","embeddable":true,"href":"https:\/\/www.pronal.com\/es\/wp-json\/wp\/v2\/product_brand?post=9630"},{"taxonomy":"product_cat","embeddable":true,"href":"https:\/\/www.pronal.com\/es\/wp-json\/wp\/v2\/product_cat?post=9630"},{"taxonomy":"product_tag","embeddable":true,"href":"https:\/\/www.pronal.com\/es\/wp-json\/wp\/v2\/product_tag?post=9630"}],"curies":[{"name":"wp","href":"https:\/\/api.w.org\/{rel}","templated":true}]}}