{"id":9633,"date":"2019-03-11T17:35:46","date_gmt":"2019-03-11T16:35:46","guid":{"rendered":"https:\/\/www.pronal.com\/produit\/sincategorizar\/reservoirs-souples-carburants\/"},"modified":"2026-04-01T11:01:06","modified_gmt":"2026-04-01T09:01:06","slug":"tanque-flexible-de-almacenamiento-de-hidrocarburos","status":"publish","type":"product","link":"https:\/\/www.pronal.com\/es\/produit\/flexible-storage-tanks\/hydrocarbons\/tanque-flexible-de-almacenamiento-de-hidrocarburos\/","title":{"rendered":"Tanque flexible de almacenamiento de combustible"},"content":{"rendered":"<p style=\"text-align: left;\">El tanque flexible de combustible es <strong><span style=\"color: #00a7e1;\">la soluci\u00f3n log\u00edstica ideal para el almacenamiento de hidrocarburos<\/span><\/strong>. Su escaso volumen en vac\u00edo y plegado representa casi el 1 % de su capacidad de almacenamiento nominal y permite transportarlos de forma simple y r\u00e1pida en cualquier lugar.<\/p>\n<p style=\"text-align: left;\">Su r\u00e1pido despliegue (menos de 4 horas para un tanque de 300 m3) y su robustez los han convertido en el equipo de almacenamiento de combustible preferido para <strong><span style=\"color: #00a7e1;\">las organizaciones que trabajan en los lugares m\u00e1s rec\u00f3nditos<\/span><\/strong>.<\/p>\n<p style=\"text-align: left;\">Las cisternas flexibles se pueden emplear para <strong><span style=\"color: #00a7e1;\">crear dep\u00f3sitos de combustible principales o secundarios<\/span><\/strong>. Aseguran la continuidad de la cadena petrol\u00edfera:<\/p>\n<ul>\n<li>Almacenamiento de jet para <strong><span style=\"color: #00a7e1;\">reabastecimiento de aviones<\/span><\/strong> o <strong><span style=\"color: #00a7e1;\">veh\u00edculos terrestres,<\/span><\/strong><\/li>\n<li>Suministro de di\u00e9sel para <strong><span style=\"color: #00a7e1;\">centrales el\u00e9ctricas,<\/span><\/strong><\/li>\n<li>Suministro de combustible para <strong><span style=\"color: #00a7e1;\">veh\u00edculos mineros,<\/span><\/strong><\/li>\n<li>Suministro de combustible para <strong><span style=\"color: #00a7e1;\">grupos electr\u00f3genos en bases de vida<\/span><\/strong>&#8230;<\/li>\n<\/ul>\n<p>Para crear un punto de repostaje perfecto, el tanque flexible de alcenamiento de hidrocarburos puede ir acompa\u00f1ado de <a href=\"https:\/\/www.pronal.com\/es\/producto\/cisternas-flexibles-de-almacenamiento\/grupos-motobomba\/\">grupos motobomba<\/a>\u00a0y <a href=\"https:\/\/www.pronal.com\/es\/producto\/cisternas-flexibles-de-almacenamiento\/albercas-colectoras\/\">tanques de retenci\u00f3n<\/a>.<\/p>\n","protected":false},"excerpt":{"rendered":"<p>Est\u00e1ndar 5 &gt; 300 m3 &#8211; A medida<\/p>\n","protected":false},"featured_media":18223,"template":"","meta":{"_acf_changed":false,"inline_featured_image":false},"product_brand":[],"product_cat":[222,247],"product_tag":[446,472],"class_list":{"0":"post-9633","1":"product","2":"type-product","3":"status-publish","4":"has-post-thumbnail","6":"product_cat-cisternas-flexibles-de-almacenamiento","7":"product_cat-almacenamiento-de-hidrocarburos","8":"product_tag-almacenar","9":"product_tag-combustibles","11":"first","12":"instock","13":"shipping-taxable","14":"product-type-simple"},"acf":[],"yoast_head":"<!-- This site is optimized with the Yoast SEO plugin v25.8 - https:\/\/yoast.com\/wordpress\/plugins\/seo\/ -->\n<title>Tanque flexible para almacenamiento de combustible | Pronal<\/title>\n<meta name=\"description\" content=\"Tanque \/Cisterna flexible de combustible dise\u00f1ado para almacenamiento r\u00e1pido de hidrocarburos y para crear o ampliar dep\u00f3sitos de combustible.\" \/>\n<meta name=\"robots\" content=\"index, follow, max-snippet:-1, max-image-preview:large, max-video-preview:-1\" \/>\n<link rel=\"canonical\" href=\"https:\/\/www.pronal.com\/es\/produit\/flexible-storage-tanks\/hydrocarbons\/tanque-flexible-de-almacenamiento-de-hidrocarburos\/\" \/>\n<meta property=\"og:locale\" content=\"es_ES\" \/>\n<meta property=\"og:type\" content=\"article\" \/>\n<meta property=\"og:title\" content=\"Tanque flexible para almacenamiento de combustible | Pronal\" \/>\n<meta property=\"og:description\" content=\"Tanque \/Cisterna flexible de combustible dise\u00f1ado para almacenamiento r\u00e1pido de hidrocarburos y para crear o ampliar dep\u00f3sitos de combustible.\" \/>\n<meta property=\"og:url\" content=\"https:\/\/www.pronal.com\/es\/produit\/flexible-storage-tanks\/hydrocarbons\/tanque-flexible-de-almacenamiento-de-hidrocarburos\/\" \/>\n<meta property=\"og:site_name\" content=\"Pronal - Conception et fabrication de structure flexible\" \/>\n<meta property=\"article:modified_time\" content=\"2026-04-01T09:01:06+00:00\" \/>\n<meta property=\"og:image\" content=\"https:\/\/www.pronal.com\/wp-content\/uploads\/2019\/03\/reservoir-souple-hydrocarbure-compressed.jpg\" \/>\n\t<meta property=\"og:image:width\" content=\"2560\" \/>\n\t<meta property=\"og:image:height\" content=\"1521\" \/>\n\t<meta property=\"og:image:type\" content=\"image\/jpeg\" \/>\n<meta name=\"twitter:card\" content=\"summary_large_image\" \/>\n<meta name=\"twitter:label1\" content=\"Tiempo de lectura\" \/>\n\t<meta name=\"twitter:data1\" content=\"2 minutos\" \/>\n<script type=\"application\/ld+json\" class=\"yoast-schema-graph\">{\"@context\":\"https:\/\/schema.org\",\"@graph\":[{\"@type\":\"WebPage\",\"@id\":\"https:\/\/www.pronal.com\/es\/produit\/flexible-storage-tanks\/hydrocarbons\/tanque-flexible-de-almacenamiento-de-hidrocarburos\/\",\"url\":\"https:\/\/www.pronal.com\/es\/produit\/flexible-storage-tanks\/hydrocarbons\/tanque-flexible-de-almacenamiento-de-hidrocarburos\/\",\"name\":\"Tanque flexible para almacenamiento de combustible | Pronal\",\"isPartOf\":{\"@id\":\"https:\/\/www.pronal.com\/es\/#website\"},\"primaryImageOfPage\":{\"@id\":\"https:\/\/www.pronal.com\/es\/produit\/flexible-storage-tanks\/hydrocarbons\/tanque-flexible-de-almacenamiento-de-hidrocarburos\/#primaryimage\"},\"image\":{\"@id\":\"https:\/\/www.pronal.com\/es\/produit\/flexible-storage-tanks\/hydrocarbons\/tanque-flexible-de-almacenamiento-de-hidrocarburos\/#primaryimage\"},\"thumbnailUrl\":\"https:\/\/www.pronal.com\/wp-content\/uploads\/2019\/03\/reservoir-souple-hydrocarbure-compressed.jpg\",\"datePublished\":\"2019-03-11T16:35:46+00:00\",\"dateModified\":\"2026-04-01T09:01:06+00:00\",\"description\":\"Tanque \/Cisterna flexible de combustible dise\u00f1ado para almacenamiento r\u00e1pido de hidrocarburos y para crear o ampliar dep\u00f3sitos de combustible.\",\"breadcrumb\":{\"@id\":\"https:\/\/www.pronal.com\/es\/produit\/flexible-storage-tanks\/hydrocarbons\/tanque-flexible-de-almacenamiento-de-hidrocarburos\/#breadcrumb\"},\"inLanguage\":\"es\",\"potentialAction\":[{\"@type\":\"ReadAction\",\"target\":[\"https:\/\/www.pronal.com\/es\/produit\/flexible-storage-tanks\/hydrocarbons\/tanque-flexible-de-almacenamiento-de-hidrocarburos\/\"]}]},{\"@type\":\"ImageObject\",\"inLanguage\":\"es\",\"@id\":\"https:\/\/www.pronal.com\/es\/produit\/flexible-storage-tanks\/hydrocarbons\/tanque-flexible-de-almacenamiento-de-hidrocarburos\/#primaryimage\",\"url\":\"https:\/\/www.pronal.com\/wp-content\/uploads\/2019\/03\/reservoir-souple-hydrocarbure-compressed.jpg\",\"contentUrl\":\"https:\/\/www.pronal.com\/wp-content\/uploads\/2019\/03\/reservoir-souple-hydrocarbure-compressed.jpg\",\"width\":2560,\"height\":1521,\"caption\":\"citerne souple carburant\"},{\"@type\":\"BreadcrumbList\",\"@id\":\"https:\/\/www.pronal.com\/es\/produit\/flexible-storage-tanks\/hydrocarbons\/tanque-flexible-de-almacenamiento-de-hidrocarburos\/#breadcrumb\",\"itemListElement\":[{\"@type\":\"ListItem\",\"position\":1,\"name\":\"Cat\u00e1logo de productos\",\"item\":\"https:\/\/www.pronal.com\/es\/catalogo-de-productos\/\"},{\"@type\":\"ListItem\",\"position\":2,\"name\":\"Tanque flexible de almacenamiento de combustible\"}]},{\"@type\":\"WebSite\",\"@id\":\"https:\/\/www.pronal.com\/es\/#website\",\"url\":\"https:\/\/www.pronal.com\/es\/\",\"name\":\"Pronal - Conception et fabrication de structure flexible\",\"description\":\"Pronal - Conception et fabrication de structure flexible\",\"publisher\":{\"@id\":\"https:\/\/www.pronal.com\/es\/#organization\"},\"potentialAction\":[{\"@type\":\"SearchAction\",\"target\":{\"@type\":\"EntryPoint\",\"urlTemplate\":\"https:\/\/www.pronal.com\/es\/?s={search_term_string}\"},\"query-input\":{\"@type\":\"PropertyValueSpecification\",\"valueRequired\":true,\"valueName\":\"search_term_string\"}}],\"inLanguage\":\"es\"},{\"@type\":\"Organization\",\"@id\":\"https:\/\/www.pronal.com\/es\/#organization\",\"name\":\"Pronal\",\"url\":\"https:\/\/www.pronal.com\/es\/\",\"logo\":{\"@type\":\"ImageObject\",\"inLanguage\":\"es\",\"@id\":\"https:\/\/www.pronal.com\/es\/#\/schema\/logo\/image\/\",\"url\":\"https:\/\/www.pronal.com\/wp-content\/uploads\/2019\/06\/logo-pronal.png\",\"contentUrl\":\"https:\/\/www.pronal.com\/wp-content\/uploads\/2019\/06\/logo-pronal.png\",\"width\":504,\"height\":80,\"caption\":\"Pronal\"},\"image\":{\"@id\":\"https:\/\/www.pronal.com\/es\/#\/schema\/logo\/image\/\"}}]}<\/script>\n<!-- \/ Yoast SEO plugin. -->","yoast_head_json":{"title":"Tanque flexible para almacenamiento de combustible | Pronal","description":"Tanque \/Cisterna flexible de combustible dise\u00f1ado para almacenamiento r\u00e1pido de hidrocarburos y para crear o ampliar dep\u00f3sitos de combustible.","robots":{"index":"index","follow":"follow","max-snippet":"max-snippet:-1","max-image-preview":"max-image-preview:large","max-video-preview":"max-video-preview:-1"},"canonical":"https:\/\/www.pronal.com\/es\/produit\/flexible-storage-tanks\/hydrocarbons\/tanque-flexible-de-almacenamiento-de-hidrocarburos\/","og_locale":"es_ES","og_type":"article","og_title":"Tanque flexible para almacenamiento de combustible | Pronal","og_description":"Tanque \/Cisterna flexible de combustible dise\u00f1ado para almacenamiento r\u00e1pido de hidrocarburos y para crear o ampliar dep\u00f3sitos de combustible.","og_url":"https:\/\/www.pronal.com\/es\/produit\/flexible-storage-tanks\/hydrocarbons\/tanque-flexible-de-almacenamiento-de-hidrocarburos\/","og_site_name":"Pronal - Conception et fabrication de structure flexible","article_modified_time":"2026-04-01T09:01:06+00:00","og_image":[{"width":2560,"height":1521,"url":"https:\/\/www.pronal.com\/wp-content\/uploads\/2019\/03\/reservoir-souple-hydrocarbure-compressed.jpg","type":"image\/jpeg"}],"twitter_card":"summary_large_image","twitter_misc":{"Tiempo de lectura":"2 minutos"},"schema":{"@context":"https:\/\/schema.org","@graph":[{"@type":"WebPage","@id":"https:\/\/www.pronal.com\/es\/produit\/flexible-storage-tanks\/hydrocarbons\/tanque-flexible-de-almacenamiento-de-hidrocarburos\/","url":"https:\/\/www.pronal.com\/es\/produit\/flexible-storage-tanks\/hydrocarbons\/tanque-flexible-de-almacenamiento-de-hidrocarburos\/","name":"Tanque flexible para almacenamiento de combustible | Pronal","isPartOf":{"@id":"https:\/\/www.pronal.com\/es\/#website"},"primaryImageOfPage":{"@id":"https:\/\/www.pronal.com\/es\/produit\/flexible-storage-tanks\/hydrocarbons\/tanque-flexible-de-almacenamiento-de-hidrocarburos\/#primaryimage"},"image":{"@id":"https:\/\/www.pronal.com\/es\/produit\/flexible-storage-tanks\/hydrocarbons\/tanque-flexible-de-almacenamiento-de-hidrocarburos\/#primaryimage"},"thumbnailUrl":"https:\/\/www.pronal.com\/wp-content\/uploads\/2019\/03\/reservoir-souple-hydrocarbure-compressed.jpg","datePublished":"2019-03-11T16:35:46+00:00","dateModified":"2026-04-01T09:01:06+00:00","description":"Tanque \/Cisterna flexible de combustible dise\u00f1ado para almacenamiento r\u00e1pido de hidrocarburos y para crear o ampliar dep\u00f3sitos de combustible.","breadcrumb":{"@id":"https:\/\/www.pronal.com\/es\/produit\/flexible-storage-tanks\/hydrocarbons\/tanque-flexible-de-almacenamiento-de-hidrocarburos\/#breadcrumb"},"inLanguage":"es","potentialAction":[{"@type":"ReadAction","target":["https:\/\/www.pronal.com\/es\/produit\/flexible-storage-tanks\/hydrocarbons\/tanque-flexible-de-almacenamiento-de-hidrocarburos\/"]}]},{"@type":"ImageObject","inLanguage":"es","@id":"https:\/\/www.pronal.com\/es\/produit\/flexible-storage-tanks\/hydrocarbons\/tanque-flexible-de-almacenamiento-de-hidrocarburos\/#primaryimage","url":"https:\/\/www.pronal.com\/wp-content\/uploads\/2019\/03\/reservoir-souple-hydrocarbure-compressed.jpg","contentUrl":"https:\/\/www.pronal.com\/wp-content\/uploads\/2019\/03\/reservoir-souple-hydrocarbure-compressed.jpg","width":2560,"height":1521,"caption":"citerne souple carburant"},{"@type":"BreadcrumbList","@id":"https:\/\/www.pronal.com\/es\/produit\/flexible-storage-tanks\/hydrocarbons\/tanque-flexible-de-almacenamiento-de-hidrocarburos\/#breadcrumb","itemListElement":[{"@type":"ListItem","position":1,"name":"Cat\u00e1logo de productos","item":"https:\/\/www.pronal.com\/es\/catalogo-de-productos\/"},{"@type":"ListItem","position":2,"name":"Tanque flexible de almacenamiento de combustible"}]},{"@type":"WebSite","@id":"https:\/\/www.pronal.com\/es\/#website","url":"https:\/\/www.pronal.com\/es\/","name":"Pronal - Conception et fabrication de structure flexible","description":"Pronal - Conception et fabrication de structure flexible","publisher":{"@id":"https:\/\/www.pronal.com\/es\/#organization"},"potentialAction":[{"@type":"SearchAction","target":{"@type":"EntryPoint","urlTemplate":"https:\/\/www.pronal.com\/es\/?s={search_term_string}"},"query-input":{"@type":"PropertyValueSpecification","valueRequired":true,"valueName":"search_term_string"}}],"inLanguage":"es"},{"@type":"Organization","@id":"https:\/\/www.pronal.com\/es\/#organization","name":"Pronal","url":"https:\/\/www.pronal.com\/es\/","logo":{"@type":"ImageObject","inLanguage":"es","@id":"https:\/\/www.pronal.com\/es\/#\/schema\/logo\/image\/","url":"https:\/\/www.pronal.com\/wp-content\/uploads\/2019\/06\/logo-pronal.png","contentUrl":"https:\/\/www.pronal.com\/wp-content\/uploads\/2019\/06\/logo-pronal.png","width":504,"height":80,"caption":"Pronal"},"image":{"@id":"https:\/\/www.pronal.com\/es\/#\/schema\/logo\/image\/"}}]}},"_links":{"self":[{"href":"https:\/\/www.pronal.com\/es\/wp-json\/wp\/v2\/product\/9633","targetHints":{"allow":["GET"]}}],"collection":[{"href":"https:\/\/www.pronal.com\/es\/wp-json\/wp\/v2\/product"}],"about":[{"href":"https:\/\/www.pronal.com\/es\/wp-json\/wp\/v2\/types\/product"}],"wp:featuredmedia":[{"embeddable":true,"href":"https:\/\/www.pronal.com\/es\/wp-json\/wp\/v2\/media\/18223"}],"wp:attachment":[{"href":"https:\/\/www.pronal.com\/es\/wp-json\/wp\/v2\/media?parent=9633"}],"wp:term":[{"taxonomy":"product_brand","embeddable":true,"href":"https:\/\/www.pronal.com\/es\/wp-json\/wp\/v2\/product_brand?post=9633"},{"taxonomy":"product_cat","embeddable":true,"href":"https:\/\/www.pronal.com\/es\/wp-json\/wp\/v2\/product_cat?post=9633"},{"taxonomy":"product_tag","embeddable":true,"href":"https:\/\/www.pronal.com\/es\/wp-json\/wp\/v2\/product_tag?post=9633"}],"curies":[{"name":"wp","href":"https:\/\/api.w.org\/{rel}","templated":true}]}}